{"id":290145,"date":"2021-11-04T15:59:52","date_gmt":"2021-11-04T14:59:52","guid":{"rendered":"https:\/\/www.deltamicroscopies.com\/produit\/em-tec-sc12-clear-styrene-storage-box-for-12x-o9-5mm-jeol-o12-2mm-jeol-or-12-pin-stubs-2\/"},"modified":"2022-03-16T10:28:30","modified_gmt":"2022-03-16T09:28:30","slug":"em-tec-sc12-clear-styrene-storage-box-for-12x-o9-5mm-jeol-o12-2mm-jeol-or-12-pin-stubs-2","status":"publish","type":"product","link":"https:\/\/www.deltamicroscopies.com\/en\/products\/em-tec-sc12-clear-styrene-storage-box-for-12x-o9-5mm-jeol-o12-2mm-jeol-or-12-pin-stubs-2\/","title":{"rendered":"EM-Tec SC12 clear styrene storage box for 12x \u00d89.5mm JEOL\/\u00d812.2mm JEOL or 12 pin stubs"},"content":{"rendered":"<p>The EM-Tec SC12 storage box is made for either 12 of the JEOL \u00d89.5mm cylinder stubs or 12 of the \u00d812.2mm JEOL cylinder stubs or 12 of the standard \u00d812.7mm pin stubs. The EM-Tec SC12 storage box is made from clear polystyrene with an LDPE white insert. The insert can be lifted out of the box for easy access.<\/p>\n","protected":false},"excerpt":{"rendered":"<p>The EM-Tec SC12 storage box is made for either 12 of the JEOL \u00d89.5mm cylinder stubs or 12 of the \u00d812.2mm JEOL cylinder stubs or 12 of the standard \u00d812.7mm pin stubs. The EM-Tec SC12 storage box is made from clear polystyrene with an LDPE white insert. The insert can be lifted out of the [&hellip;]<\/p>\n","protected":false},"featured_media":289723,"comment_status":"open","ping_status":"closed","template":"","meta":{"_et_pb_use_builder":"","_et_pb_old_content":"","_et_gb_content_width":"","inline_featured_image":false},"product_brand":[1915],"product_cat":[1296,1297],"product_tag":[],"class_list":{"0":"post-290145","1":"product","2":"type-product","3":"status-publish","4":"has-post-thumbnail","6":"product_brand-jeol","7":"product_cat-supports-et-adaptateurs-en","8":"product_cat-tubes-cylindres-plots-supports-et-adaptateurs-en","10":"first","11":"instock","12":"taxable","13":"shipping-taxable","14":"purchasable","15":"product-type-simple"},"yoast_head":"<!-- This site is optimized with the Yoast SEO plugin v27.4 - https:\/\/yoast.com\/product\/yoast-seo-wordpress\/ -->\n<title>EM-Tec SC12 clear styrene storage box for 12x \u00d89.5mm JEOL\/\u00d812.2mm JEOL or 12 pin stubs - Delta Microscopies<\/title>\n<meta name=\"robots\" content=\"index, follow, max-snippet:-1, max-image-preview:large, max-video-preview:-1\" \/>\n<link rel=\"canonical\" href=\"https:\/\/www.deltamicroscopies.com\/en\/products\/em-tec-sc12-clear-styrene-storage-box-for-12x-o9-5mm-jeol-o12-2mm-jeol-or-12-pin-stubs-2\/\" \/>\n<meta property=\"og:locale\" content=\"en_US\" \/>\n<meta property=\"og:type\" content=\"article\" \/>\n<meta property=\"og:title\" content=\"EM-Tec SC12 clear styrene storage box for 12x \u00d89.5mm JEOL\/\u00d812.2mm JEOL or 12 pin stubs - Delta Microscopies\" \/>\n<meta property=\"og:description\" content=\"The EM-Tec SC12 storage box is made for either 12 of the JEOL \u00d89.5mm cylinder stubs or 12 of the \u00d812.2mm JEOL cylinder stubs or 12 of the standard \u00d812.7mm pin stubs. The EM-Tec SC12 storage box is made from clear polystyrene with an LDPE white insert. The insert can be lifted out of the [&hellip;]\" \/>\n<meta property=\"og:url\" content=\"https:\/\/www.deltamicroscopies.com\/en\/products\/em-tec-sc12-clear-styrene-storage-box-for-12x-o9-5mm-jeol-o12-2mm-jeol-or-12-pin-stubs-2\/\" \/>\n<meta property=\"og:site_name\" content=\"Delta Microscopies\" \/>\n<meta property=\"article:modified_time\" content=\"2022-03-16T09:28:30+00:00\" \/>\n<meta property=\"og:image\" content=\"https:\/\/www.deltamicroscopies.com\/wp-content\/uploads\/2021\/11\/13-095012-EM-Tec-SC12-clear-combi-styrene-box.jpg\" \/>\n\t<meta property=\"og:image:width\" content=\"358\" \/>\n\t<meta property=\"og:image:height\" content=\"100\" \/>\n\t<meta property=\"og:image:type\" content=\"image\/jpeg\" \/>\n<!-- \/ Yoast SEO plugin. -->","yoast_head_json":{"title":"EM-Tec SC12 clear styrene storage box for 12x \u00d89.5mm JEOL\/\u00d812.2mm JEOL or 12 pin stubs - Delta Microscopies","robots":{"index":"index","follow":"follow","max-snippet":"max-snippet:-1","max-image-preview":"max-image-preview:large","max-video-preview":"max-video-preview:-1"},"canonical":"https:\/\/www.deltamicroscopies.com\/en\/products\/em-tec-sc12-clear-styrene-storage-box-for-12x-o9-5mm-jeol-o12-2mm-jeol-or-12-pin-stubs-2\/","og_locale":"en_US","og_type":"article","og_title":"EM-Tec SC12 clear styrene storage box for 12x \u00d89.5mm JEOL\/\u00d812.2mm JEOL or 12 pin stubs - Delta Microscopies","og_description":"The EM-Tec SC12 storage box is made for either 12 of the JEOL \u00d89.5mm cylinder stubs or 12 of the \u00d812.2mm JEOL cylinder stubs or 12 of the standard \u00d812.7mm pin stubs. The EM-Tec SC12 storage box is made from clear polystyrene with an LDPE white insert. The insert can be lifted out of the [&hellip;]","og_url":"https:\/\/www.deltamicroscopies.com\/en\/products\/em-tec-sc12-clear-styrene-storage-box-for-12x-o9-5mm-jeol-o12-2mm-jeol-or-12-pin-stubs-2\/","og_site_name":"Delta Microscopies","article_modified_time":"2022-03-16T09:28:30+00:00","og_image":[{"width":358,"height":100,"url":"https:\/\/www.deltamicroscopies.com\/wp-content\/uploads\/2021\/11\/13-095012-EM-Tec-SC12-clear-combi-styrene-box.jpg","type":"image\/jpeg"}],"schema":{"@context":"https:\/\/schema.org","@graph":[{"@type":"WebPage","@id":"https:\/\/www.deltamicroscopies.com\/en\/products\/em-tec-sc12-clear-styrene-storage-box-for-12x-o9-5mm-jeol-o12-2mm-jeol-or-12-pin-stubs-2\/","url":"https:\/\/www.deltamicroscopies.com\/en\/products\/em-tec-sc12-clear-styrene-storage-box-for-12x-o9-5mm-jeol-o12-2mm-jeol-or-12-pin-stubs-2\/","name":"EM-Tec SC12 clear styrene storage box for 12x \u00d89.5mm JEOL\/\u00d812.2mm JEOL or 12 pin stubs - Delta Microscopies","isPartOf":{"@id":"https:\/\/www.deltamicroscopies.com\/en\/#website"},"primaryImageOfPage":{"@id":"https:\/\/www.deltamicroscopies.com\/en\/products\/em-tec-sc12-clear-styrene-storage-box-for-12x-o9-5mm-jeol-o12-2mm-jeol-or-12-pin-stubs-2\/#primaryimage"},"image":{"@id":"https:\/\/www.deltamicroscopies.com\/en\/products\/em-tec-sc12-clear-styrene-storage-box-for-12x-o9-5mm-jeol-o12-2mm-jeol-or-12-pin-stubs-2\/#primaryimage"},"thumbnailUrl":"https:\/\/efb7cwj5g4q.exactdn.com\/wp-content\/uploads\/2021\/11\/13-095012-EM-Tec-SC12-clear-combi-styrene-box.jpg?strip=all","datePublished":"2021-11-04T14:59:52+00:00","dateModified":"2022-03-16T09:28:30+00:00","breadcrumb":{"@id":"https:\/\/www.deltamicroscopies.com\/en\/products\/em-tec-sc12-clear-styrene-storage-box-for-12x-o9-5mm-jeol-o12-2mm-jeol-or-12-pin-stubs-2\/#breadcrumb"},"inLanguage":"en-US","potentialAction":[{"@type":"ReadAction","target":["https:\/\/www.deltamicroscopies.com\/en\/products\/em-tec-sc12-clear-styrene-storage-box-for-12x-o9-5mm-jeol-o12-2mm-jeol-or-12-pin-stubs-2\/"]}]},{"@type":"ImageObject","inLanguage":"en-US","@id":"https:\/\/www.deltamicroscopies.com\/en\/products\/em-tec-sc12-clear-styrene-storage-box-for-12x-o9-5mm-jeol-o12-2mm-jeol-or-12-pin-stubs-2\/#primaryimage","url":"https:\/\/efb7cwj5g4q.exactdn.com\/wp-content\/uploads\/2021\/11\/13-095012-EM-Tec-SC12-clear-combi-styrene-box.jpg?strip=all","contentUrl":"https:\/\/efb7cwj5g4q.exactdn.com\/wp-content\/uploads\/2021\/11\/13-095012-EM-Tec-SC12-clear-combi-styrene-box.jpg?strip=all","width":358,"height":100,"caption":"EM-Tec SC12 clear styrene storage box for 12x \u00d89.5mm JEOL\/\u00d812.2mm JEOL or 12 pin stubs"},{"@type":"BreadcrumbList","@id":"https:\/\/www.deltamicroscopies.com\/en\/products\/em-tec-sc12-clear-styrene-storage-box-for-12x-o9-5mm-jeol-o12-2mm-jeol-or-12-pin-stubs-2\/#breadcrumb","itemListElement":[{"@type":"ListItem","position":1,"name":"Accueil","item":"https:\/\/www.deltamicroscopies.com\/en\/home-3\/"},{"@type":"ListItem","position":2,"name":"Our products","item":"https:\/\/www.deltamicroscopies.com\/en\/shop\/"},{"@type":"ListItem","position":3,"name":"EM-Tec SC12 clear styrene storage box for 12x \u00d89.5mm JEOL\/\u00d812.2mm JEOL or 12 pin stubs"}]},{"@type":"WebSite","@id":"https:\/\/www.deltamicroscopies.com\/en\/#website","url":"https:\/\/www.deltamicroscopies.com\/en\/","name":"Delta Microscopies","description":"Des microscopistes \u00e0 votre service.","publisher":{"@id":"https:\/\/www.deltamicroscopies.com\/en\/#organization"},"potentialAction":[{"@type":"SearchAction","target":{"@type":"EntryPoint","urlTemplate":"https:\/\/www.deltamicroscopies.com\/en\/?s={search_term_string}"},"query-input":{"@type":"PropertyValueSpecification","valueRequired":true,"valueName":"search_term_string"}}],"inLanguage":"en-US"},{"@type":"Organization","@id":"https:\/\/www.deltamicroscopies.com\/en\/#organization","name":"Delta Microscopies","url":"https:\/\/www.deltamicroscopies.com\/en\/","logo":{"@type":"ImageObject","inLanguage":"en-US","@id":"https:\/\/www.deltamicroscopies.com\/en\/#\/schema\/logo\/image\/","url":"https:\/\/efb7cwj5g4q.exactdn.com\/wp-content\/uploads\/2019\/09\/DELTAM_LOGO_RVB-1-1.png?strip=all&lossy=1&ssl=1","contentUrl":"https:\/\/efb7cwj5g4q.exactdn.com\/wp-content\/uploads\/2019\/09\/DELTAM_LOGO_RVB-1-1.png?strip=all&lossy=1&ssl=1","width":688,"height":177,"caption":"Delta Microscopies"},"image":{"@id":"https:\/\/www.deltamicroscopies.com\/en\/#\/schema\/logo\/image\/"},"sameAs":["https:\/\/www.instagram.com\/emsdiasum\/","https:\/\/www.youtube.com\/channel\/UCkSsQQq74DhyLXNg_9RPorQ"]}]}},"_links":{"self":[{"href":"https:\/\/www.deltamicroscopies.com\/en\/wp-json\/wp\/v2\/product\/290145","targetHints":{"allow":["GET"]}}],"collection":[{"href":"https:\/\/www.deltamicroscopies.com\/en\/wp-json\/wp\/v2\/product"}],"about":[{"href":"https:\/\/www.deltamicroscopies.com\/en\/wp-json\/wp\/v2\/types\/product"}],"replies":[{"embeddable":true,"href":"https:\/\/www.deltamicroscopies.com\/en\/wp-json\/wp\/v2\/comments?post=290145"}],"wp:featuredmedia":[{"embeddable":true,"href":"https:\/\/www.deltamicroscopies.com\/en\/wp-json\/wp\/v2\/media\/289723"}],"wp:attachment":[{"href":"https:\/\/www.deltamicroscopies.com\/en\/wp-json\/wp\/v2\/media?parent=290145"}],"wp:term":[{"taxonomy":"product_brand","embeddable":true,"href":"https:\/\/www.deltamicroscopies.com\/en\/wp-json\/wp\/v2\/product_brand?post=290145"},{"taxonomy":"product_cat","embeddable":true,"href":"https:\/\/www.deltamicroscopies.com\/en\/wp-json\/wp\/v2\/product_cat?post=290145"},{"taxonomy":"product_tag","embeddable":true,"href":"https:\/\/www.deltamicroscopies.com\/en\/wp-json\/wp\/v2\/product_tag?post=290145"}],"curies":[{"name":"wp","href":"https:\/\/api.w.org\/{rel}","templated":true}]}}