{"id":290152,"date":"2021-10-19T11:15:52","date_gmt":"2021-10-19T10:15:52","guid":{"rendered":"https:\/\/www.deltamicroscopies.com\/produit\/digital-monocular-microscope-with-lcd-screen\/"},"modified":"2023-03-08T12:44:49","modified_gmt":"2023-03-08T11:44:49","slug":"digital-monocular-microscope-with-lcd-screen","status":"publish","type":"product","link":"https:\/\/www.deltamicroscopies.com\/en\/products\/digital-monocular-microscope-with-lcd-screen\/","title":{"rendered":"Microscope \u00e0 \u00e9cran LCD r\u00e9glable de 8.5 pouces"},"content":{"rendered":"<div class=\"detailmodule_text\">\n<p class=\"detail-desc-decorate-content\" data-spm-anchor-id=\"a2g0o.detail.1000023.i7.5bb798f721eqyz\">Caract\u00e9ristiques:<br \/>\nLe produit dispose d&#8217;un \u00e9cran LCD de 8.5 pouces, qui est plus grand et affiche plus clairement.<br \/>\nL&#8217;angle de l&#8217;\u00e9cran du microscope peut \u00eatre ajust\u00e9 pour faciliter l&#8217;observation multi-angle.<br \/>\nLe support m\u00e9tallique peut \u00eatre ajust\u00e9 \u00e0 l&#8217;avant et \u00e0 l&#8217;arri\u00e8re, ce qui peut apporter des effets visuels 3D et un plus grand espace de fonctionnement.<br \/>\nLa plaque de base noire en m\u00e9tal, avec un clip, peut fixer l&#8217;\u00e9l\u00e9ment d&#8217;observation.<br \/>\n2 lumi\u00e8res LED ont \u00e9t\u00e9 ajout\u00e9es \u00e0 la base du support, avec 8 lumi\u00e8res LED int\u00e9gr\u00e9es, ce qui rend l&#8217;interface utilisateur plus nette.<br \/>\nPrend en charge l&#8217;enregistrement et la prise de photos sur carte m\u00e9moire, ce qui est plus pratique \u00e0 utiliser.<br \/>\nPrise en charge de 12 langues: anglais, japonais, fran\u00e7ais, allemand, cor\u00e9en, portugais, espagnol, russe, tha\u00ef, vietnamien\/chinois<br \/>\nCapteur d&#8217;image: capteur HD 2 m\u00e9gapixels<\/p>\n<\/div>\n<div class=\"detailmodule_text\">\n<p class=\"detail-desc-decorate-content\" data-spm-anchor-id=\"a2g0o.detail.1000023.i8.5bb798f721eqyz\">R\u00e9solution vid\u00e9o: FHD 1920&#215;1080 30FPS; 1080P 1440&#215;1080 30FPS;<br \/>\n720P 1280&#215;720 30FPS;<br \/>\nFormat vid\u00e9o: AVI<br \/>\nGrossissement: 5X-260X<br \/>\nR\u00e9solution Photo: Max 12M(4032&#215;3024)<br \/>\nFormat Photo: JPG<br \/>\nPlage de mise au point: 1cm-16cm<br \/>\nFr\u00e9quence d&#8217;images: Max 30f\/s<br \/>\nStockage: carte micro-sd, jusqu&#8217;\u00e0 32 go (non incluse)<br \/>\nSupport Pc: non<br \/>\nSource d&#8217;alimentation: USB 5V DC<br \/>\nSource lumineuse: deux lumi\u00e8res de remplissage et led int\u00e9gr\u00e9es<br \/>\nTaille du support: 20cm x 18cm x 18cm<br \/>\nTaille de la vue: 8.5 pouces<br \/>\nR\u00e9solution de l&#8217;\u00e9cran: 1280&#215;800<br \/>\nPrise en charge de la langue: 12 types, anglais\/japonais\/fran\u00e7ais\/allemand\/cor\u00e9en\/portugais\/espagnol\/russe\/tha\u00ef\/vietnamien\/chinois<br \/>\nCertification:CE\/FCC\/ROHS<\/p>\n<p class=\"detail-desc-decorate-content\"><strong>Contenu de l&#8217;emballage:<\/strong><\/p>\n<p class=\"detail-desc-decorate-content\">Microscope \u00d7 1<br \/>\nSupport m\u00e9tallique (avec lumi\u00e8res de remplissage) \u00d7 1<br \/>\nC\u00e2ble d&#8217;alimentation (avec variateur de lumi\u00e8re) \u00d7 1<br \/>\nClip m\u00e9tallique x 2<br \/>\nInstructions \u00d7 1<\/p>\n<\/div>\n<p>&nbsp;<\/p>\n","protected":false},"excerpt":{"rendered":"<p>Microscope monoculaire num\u00e9rique avec \u00e9cran LCD<\/p>\n<p>pratique pour placer les grilles sur les \u00e9chantillons TEM et SEM sur le support<\/p>\n<p>double \u00e9clairage LED<br \/>\nlogiciel d&#8217;image<br \/>\nenregistrement sur carte SD<br \/>\ngrossissement 100x<\/p>\n","protected":false},"featured_media":306431,"comment_status":"open","ping_status":"closed","template":"","meta":{"_et_pb_use_builder":"","_et_pb_old_content":"","_et_gb_content_width":"","inline_featured_image":false},"product_brand":[],"product_cat":[1300,1299],"product_tag":[1302],"class_list":{"0":"post-290152","1":"product","2":"type-product","3":"status-publish","4":"has-post-thumbnail","6":"product_cat-news-en","7":"product_cat-nouveautes-promotions-en","8":"product_tag-digital-microscope-en","10":"first","11":"instock","12":"taxable","13":"shipping-taxable","14":"purchasable","15":"product-type-simple"},"yoast_head":"<!-- This site is optimized with the Yoast SEO plugin v27.4 - https:\/\/yoast.com\/product\/yoast-seo-wordpress\/ -->\n<title>Microscope \u00e0 \u00e9cran LCD r\u00e9glable de 8.5 pouces - Delta Microscopies<\/title>\n<meta name=\"robots\" content=\"index, follow, max-snippet:-1, max-image-preview:large, max-video-preview:-1\" \/>\n<link rel=\"canonical\" href=\"https:\/\/www.deltamicroscopies.com\/en\/products\/digital-monocular-microscope-with-lcd-screen\/\" \/>\n<meta property=\"og:locale\" content=\"en_US\" \/>\n<meta property=\"og:type\" content=\"article\" \/>\n<meta property=\"og:title\" content=\"Microscope \u00e0 \u00e9cran LCD r\u00e9glable de 8.5 pouces - Delta Microscopies\" \/>\n<meta property=\"og:description\" content=\"Microscope monoculaire num\u00e9rique avec \u00e9cran LCD  pratique pour placer les grilles sur les \u00e9chantillons TEM et SEM sur le support  double \u00e9clairage LED logiciel d&#039;image enregistrement sur carte SD grossissement 100x\" \/>\n<meta property=\"og:url\" content=\"https:\/\/www.deltamicroscopies.com\/en\/products\/digital-monocular-microscope-with-lcd-screen\/\" \/>\n<meta property=\"og:site_name\" content=\"Delta Microscopies\" \/>\n<meta property=\"article:modified_time\" content=\"2023-03-08T11:44:49+00:00\" \/>\n<meta property=\"og:image\" content=\"https:\/\/www.deltamicroscopies.com\/wp-content\/uploads\/2021\/10\/DM2910G3.jpg\" \/>\n\t<meta property=\"og:image:width\" content=\"1920\" \/>\n\t<meta property=\"og:image:height\" content=\"1920\" \/>\n\t<meta property=\"og:image:type\" content=\"image\/jpeg\" \/>\n<meta name=\"twitter:label1\" content=\"Est. reading time\" \/>\n\t<meta name=\"twitter:data1\" content=\"1 minute\" \/>\n<!-- \/ Yoast SEO plugin. -->","yoast_head_json":{"title":"Microscope \u00e0 \u00e9cran LCD r\u00e9glable de 8.5 pouces - Delta Microscopies","robots":{"index":"index","follow":"follow","max-snippet":"max-snippet:-1","max-image-preview":"max-image-preview:large","max-video-preview":"max-video-preview:-1"},"canonical":"https:\/\/www.deltamicroscopies.com\/en\/products\/digital-monocular-microscope-with-lcd-screen\/","og_locale":"en_US","og_type":"article","og_title":"Microscope \u00e0 \u00e9cran LCD r\u00e9glable de 8.5 pouces - Delta Microscopies","og_description":"Microscope monoculaire num\u00e9rique avec \u00e9cran LCD  pratique pour placer les grilles sur les \u00e9chantillons TEM et SEM sur le support  double \u00e9clairage LED logiciel d'image enregistrement sur carte SD grossissement 100x","og_url":"https:\/\/www.deltamicroscopies.com\/en\/products\/digital-monocular-microscope-with-lcd-screen\/","og_site_name":"Delta Microscopies","article_modified_time":"2023-03-08T11:44:49+00:00","og_image":[{"width":1920,"height":1920,"url":"https:\/\/www.deltamicroscopies.com\/wp-content\/uploads\/2021\/10\/DM2910G3.jpg","type":"image\/jpeg"}],"twitter_misc":{"Est. reading time":"1 minute"},"schema":{"@context":"https:\/\/schema.org","@graph":[{"@type":"WebPage","@id":"https:\/\/www.deltamicroscopies.com\/en\/products\/digital-monocular-microscope-with-lcd-screen\/","url":"https:\/\/www.deltamicroscopies.com\/en\/products\/digital-monocular-microscope-with-lcd-screen\/","name":"Microscope \u00e0 \u00e9cran LCD r\u00e9glable de 8.5 pouces - Delta Microscopies","isPartOf":{"@id":"https:\/\/www.deltamicroscopies.com\/en\/#website"},"primaryImageOfPage":{"@id":"https:\/\/www.deltamicroscopies.com\/en\/products\/digital-monocular-microscope-with-lcd-screen\/#primaryimage"},"image":{"@id":"https:\/\/www.deltamicroscopies.com\/en\/products\/digital-monocular-microscope-with-lcd-screen\/#primaryimage"},"thumbnailUrl":"https:\/\/efb7cwj5g4q.exactdn.com\/wp-content\/uploads\/2021\/10\/DM2910G3.jpg?strip=all","datePublished":"2021-10-19T10:15:52+00:00","dateModified":"2023-03-08T11:44:49+00:00","breadcrumb":{"@id":"https:\/\/www.deltamicroscopies.com\/en\/products\/digital-monocular-microscope-with-lcd-screen\/#breadcrumb"},"inLanguage":"en-US","potentialAction":[{"@type":"ReadAction","target":["https:\/\/www.deltamicroscopies.com\/en\/products\/digital-monocular-microscope-with-lcd-screen\/"]}]},{"@type":"ImageObject","inLanguage":"en-US","@id":"https:\/\/www.deltamicroscopies.com\/en\/products\/digital-monocular-microscope-with-lcd-screen\/#primaryimage","url":"https:\/\/efb7cwj5g4q.exactdn.com\/wp-content\/uploads\/2021\/10\/DM2910G3.jpg?strip=all","contentUrl":"https:\/\/efb7cwj5g4q.exactdn.com\/wp-content\/uploads\/2021\/10\/DM2910G3.jpg?strip=all","width":1920,"height":1920},{"@type":"BreadcrumbList","@id":"https:\/\/www.deltamicroscopies.com\/en\/products\/digital-monocular-microscope-with-lcd-screen\/#breadcrumb","itemListElement":[{"@type":"ListItem","position":1,"name":"Accueil","item":"https:\/\/www.deltamicroscopies.com\/en\/home-3\/"},{"@type":"ListItem","position":2,"name":"Our products","item":"https:\/\/www.deltamicroscopies.com\/en\/shop\/"},{"@type":"ListItem","position":3,"name":"Microscope \u00e0 \u00e9cran LCD r\u00e9glable de 8.5 pouces"}]},{"@type":"WebSite","@id":"https:\/\/www.deltamicroscopies.com\/en\/#website","url":"https:\/\/www.deltamicroscopies.com\/en\/","name":"Delta Microscopies","description":"Des microscopistes \u00e0 votre service.","publisher":{"@id":"https:\/\/www.deltamicroscopies.com\/en\/#organization"},"potentialAction":[{"@type":"SearchAction","target":{"@type":"EntryPoint","urlTemplate":"https:\/\/www.deltamicroscopies.com\/en\/?s={search_term_string}"},"query-input":{"@type":"PropertyValueSpecification","valueRequired":true,"valueName":"search_term_string"}}],"inLanguage":"en-US"},{"@type":"Organization","@id":"https:\/\/www.deltamicroscopies.com\/en\/#organization","name":"Delta Microscopies","url":"https:\/\/www.deltamicroscopies.com\/en\/","logo":{"@type":"ImageObject","inLanguage":"en-US","@id":"https:\/\/www.deltamicroscopies.com\/en\/#\/schema\/logo\/image\/","url":"https:\/\/efb7cwj5g4q.exactdn.com\/wp-content\/uploads\/2019\/09\/DELTAM_LOGO_RVB-1-1.png?strip=all&lossy=1&ssl=1","contentUrl":"https:\/\/efb7cwj5g4q.exactdn.com\/wp-content\/uploads\/2019\/09\/DELTAM_LOGO_RVB-1-1.png?strip=all&lossy=1&ssl=1","width":688,"height":177,"caption":"Delta Microscopies"},"image":{"@id":"https:\/\/www.deltamicroscopies.com\/en\/#\/schema\/logo\/image\/"},"sameAs":["https:\/\/www.instagram.com\/emsdiasum\/","https:\/\/www.youtube.com\/channel\/UCkSsQQq74DhyLXNg_9RPorQ"]}]}},"_links":{"self":[{"href":"https:\/\/www.deltamicroscopies.com\/en\/wp-json\/wp\/v2\/product\/290152","targetHints":{"allow":["GET"]}}],"collection":[{"href":"https:\/\/www.deltamicroscopies.com\/en\/wp-json\/wp\/v2\/product"}],"about":[{"href":"https:\/\/www.deltamicroscopies.com\/en\/wp-json\/wp\/v2\/types\/product"}],"replies":[{"embeddable":true,"href":"https:\/\/www.deltamicroscopies.com\/en\/wp-json\/wp\/v2\/comments?post=290152"}],"wp:featuredmedia":[{"embeddable":true,"href":"https:\/\/www.deltamicroscopies.com\/en\/wp-json\/wp\/v2\/media\/306431"}],"wp:attachment":[{"href":"https:\/\/www.deltamicroscopies.com\/en\/wp-json\/wp\/v2\/media?parent=290152"}],"wp:term":[{"taxonomy":"product_brand","embeddable":true,"href":"https:\/\/www.deltamicroscopies.com\/en\/wp-json\/wp\/v2\/product_brand?post=290152"},{"taxonomy":"product_cat","embeddable":true,"href":"https:\/\/www.deltamicroscopies.com\/en\/wp-json\/wp\/v2\/product_cat?post=290152"},{"taxonomy":"product_tag","embeddable":true,"href":"https:\/\/www.deltamicroscopies.com\/en\/wp-json\/wp\/v2\/product_tag?post=290152"}],"curies":[{"name":"wp","href":"https:\/\/api.w.org\/{rel}","templated":true}]}}