{"id":290171,"date":"2021-10-12T15:37:55","date_gmt":"2021-10-12T14:37:55","guid":{"rendered":"https:\/\/www.deltamicroscopies.com\/produit\/coffret-en-bois-porte-pinces\/"},"modified":"2021-10-12T15:37:55","modified_gmt":"2021-10-12T14:37:55","slug":"coffret-en-bois-porte-pinces","status":"publish","type":"product","link":"https:\/\/www.deltamicroscopies.com\/en\/products\/coffret-en-bois-porte-pinces\/","title":{"rendered":"Coffret en Bois  porte-pinces"},"content":{"rendered":"<p>Fabriqu\u00e9 \u00e0 partir de bois\u00a0 avec des charni\u00e8res doubles en laiton et un loquet \u00e9l\u00e9gant. Livr\u00e9 avec un dessus velours et un dessous rembourr\u00e9 en mousse pour prot\u00e9ger les instruments\u00a0 rang\u00e9es. L&#8217;int\u00e9rieur mesure (163x 140 mm) et il contient 7 instruments\u00a0 d&#8217;une longueur maximale de 160 mm<\/p>\n","protected":false},"excerpt":{"rendered":"<p>Fabriqu\u00e9 \u00e0 partir de bois\u00a0 avec des charni\u00e8res doubles en laiton et un loquet \u00e9l\u00e9gant. Livr\u00e9 avec un dessus velours et un dessous rembourr\u00e9 en mousse pour prot\u00e9ger les instruments\u00a0 rang\u00e9es. L&#8217;int\u00e9rieur mesure (163x 140 mm) et il contient 7 instruments\u00a0 d&#8217;une longueur maximale de 160 mm<\/p>\n","protected":false},"featured_media":289628,"comment_status":"open","ping_status":"closed","template":"","meta":{"_et_pb_use_builder":"","_et_pb_old_content":"","_et_gb_content_width":"","inline_featured_image":false},"product_brand":[],"product_cat":[1301],"product_tag":[],"class_list":{"0":"post-290171","1":"product","2":"type-product","3":"status-publish","4":"has-post-thumbnail","6":"product_cat-other-en","8":"first","9":"instock","10":"taxable","11":"shipping-taxable","12":"purchasable","13":"product-type-simple"},"yoast_head":"<!-- This site is optimized with the Yoast SEO plugin v27.3 - https:\/\/yoast.com\/product\/yoast-seo-wordpress\/ -->\n<title>Coffret en Bois porte-pinces - Delta Microscopies<\/title>\n<meta name=\"robots\" content=\"index, follow, max-snippet:-1, max-image-preview:large, max-video-preview:-1\" \/>\n<link rel=\"canonical\" href=\"https:\/\/www.deltamicroscopies.com\/en\/products\/coffret-en-bois-porte-pinces\/\" \/>\n<meta property=\"og:locale\" content=\"en_US\" \/>\n<meta property=\"og:type\" content=\"article\" \/>\n<meta property=\"og:title\" content=\"Coffret en Bois porte-pinces - Delta Microscopies\" \/>\n<meta property=\"og:description\" content=\"Fabriqu\u00e9 \u00e0 partir de bois\u00a0 avec des charni\u00e8res doubles en laiton et un loquet \u00e9l\u00e9gant. Livr\u00e9 avec un dessus velours et un dessous rembourr\u00e9 en mousse pour prot\u00e9ger les instruments\u00a0 rang\u00e9es. L&#8217;int\u00e9rieur mesure (163x 140 mm) et il contient 7 instruments\u00a0 d&#8217;une longueur maximale de 160 mm\" \/>\n<meta property=\"og:url\" content=\"https:\/\/www.deltamicroscopies.com\/en\/products\/coffret-en-bois-porte-pinces\/\" \/>\n<meta property=\"og:site_name\" content=\"Delta Microscopies\" \/>\n<meta property=\"og:image\" content=\"https:\/\/www.deltamicroscopies.com\/wp-content\/uploads\/2021\/10\/Image20.jpg\" \/>\n\t<meta property=\"og:image:width\" content=\"335\" \/>\n\t<meta property=\"og:image:height\" content=\"525\" \/>\n\t<meta property=\"og:image:type\" content=\"image\/jpeg\" \/>\n<!-- \/ Yoast SEO plugin. -->","yoast_head_json":{"title":"Coffret en Bois porte-pinces - Delta Microscopies","robots":{"index":"index","follow":"follow","max-snippet":"max-snippet:-1","max-image-preview":"max-image-preview:large","max-video-preview":"max-video-preview:-1"},"canonical":"https:\/\/www.deltamicroscopies.com\/en\/products\/coffret-en-bois-porte-pinces\/","og_locale":"en_US","og_type":"article","og_title":"Coffret en Bois porte-pinces - Delta Microscopies","og_description":"Fabriqu\u00e9 \u00e0 partir de bois\u00a0 avec des charni\u00e8res doubles en laiton et un loquet \u00e9l\u00e9gant. Livr\u00e9 avec un dessus velours et un dessous rembourr\u00e9 en mousse pour prot\u00e9ger les instruments\u00a0 rang\u00e9es. L&#8217;int\u00e9rieur mesure (163x 140 mm) et il contient 7 instruments\u00a0 d&#8217;une longueur maximale de 160 mm","og_url":"https:\/\/www.deltamicroscopies.com\/en\/products\/coffret-en-bois-porte-pinces\/","og_site_name":"Delta Microscopies","og_image":[{"width":335,"height":525,"url":"https:\/\/www.deltamicroscopies.com\/wp-content\/uploads\/2021\/10\/Image20.jpg","type":"image\/jpeg"}],"schema":{"@context":"https:\/\/schema.org","@graph":[{"@type":"WebPage","@id":"https:\/\/www.deltamicroscopies.com\/en\/products\/coffret-en-bois-porte-pinces\/","url":"https:\/\/www.deltamicroscopies.com\/en\/products\/coffret-en-bois-porte-pinces\/","name":"Coffret en Bois porte-pinces - Delta Microscopies","isPartOf":{"@id":"https:\/\/www.deltamicroscopies.com\/en\/#website"},"primaryImageOfPage":{"@id":"https:\/\/www.deltamicroscopies.com\/en\/products\/coffret-en-bois-porte-pinces\/#primaryimage"},"image":{"@id":"https:\/\/www.deltamicroscopies.com\/en\/products\/coffret-en-bois-porte-pinces\/#primaryimage"},"thumbnailUrl":"https:\/\/efb7cwj5g4q.exactdn.com\/wp-content\/uploads\/2021\/10\/Image20.jpg?strip=all","datePublished":"2021-10-12T14:37:55+00:00","breadcrumb":{"@id":"https:\/\/www.deltamicroscopies.com\/en\/products\/coffret-en-bois-porte-pinces\/#breadcrumb"},"inLanguage":"en-US","potentialAction":[{"@type":"ReadAction","target":["https:\/\/www.deltamicroscopies.com\/en\/products\/coffret-en-bois-porte-pinces\/"]}]},{"@type":"ImageObject","inLanguage":"en-US","@id":"https:\/\/www.deltamicroscopies.com\/en\/products\/coffret-en-bois-porte-pinces\/#primaryimage","url":"https:\/\/efb7cwj5g4q.exactdn.com\/wp-content\/uploads\/2021\/10\/Image20.jpg?strip=all","contentUrl":"https:\/\/efb7cwj5g4q.exactdn.com\/wp-content\/uploads\/2021\/10\/Image20.jpg?strip=all","width":335,"height":525},{"@type":"BreadcrumbList","@id":"https:\/\/www.deltamicroscopies.com\/en\/products\/coffret-en-bois-porte-pinces\/#breadcrumb","itemListElement":[{"@type":"ListItem","position":1,"name":"Accueil","item":"https:\/\/www.deltamicroscopies.com\/en\/home-3\/"},{"@type":"ListItem","position":2,"name":"Our products","item":"https:\/\/www.deltamicroscopies.com\/en\/shop\/"},{"@type":"ListItem","position":3,"name":"Coffret en Bois porte-pinces"}]},{"@type":"WebSite","@id":"https:\/\/www.deltamicroscopies.com\/en\/#website","url":"https:\/\/www.deltamicroscopies.com\/en\/","name":"Delta Microscopies","description":"Des microscopistes \u00e0 votre service.","publisher":{"@id":"https:\/\/www.deltamicroscopies.com\/en\/#organization"},"potentialAction":[{"@type":"SearchAction","target":{"@type":"EntryPoint","urlTemplate":"https:\/\/www.deltamicroscopies.com\/en\/?s={search_term_string}"},"query-input":{"@type":"PropertyValueSpecification","valueRequired":true,"valueName":"search_term_string"}}],"inLanguage":"en-US"},{"@type":"Organization","@id":"https:\/\/www.deltamicroscopies.com\/en\/#organization","name":"Delta Microscopies","url":"https:\/\/www.deltamicroscopies.com\/en\/","logo":{"@type":"ImageObject","inLanguage":"en-US","@id":"https:\/\/www.deltamicroscopies.com\/en\/#\/schema\/logo\/image\/","url":"https:\/\/efb7cwj5g4q.exactdn.com\/wp-content\/uploads\/2019\/09\/DELTAM_LOGO_RVB-1-1.png?strip=all&lossy=1&ssl=1","contentUrl":"https:\/\/efb7cwj5g4q.exactdn.com\/wp-content\/uploads\/2019\/09\/DELTAM_LOGO_RVB-1-1.png?strip=all&lossy=1&ssl=1","width":688,"height":177,"caption":"Delta Microscopies"},"image":{"@id":"https:\/\/www.deltamicroscopies.com\/en\/#\/schema\/logo\/image\/"},"sameAs":["https:\/\/www.instagram.com\/emsdiasum\/","https:\/\/www.youtube.com\/channel\/UCkSsQQq74DhyLXNg_9RPorQ"]}]}},"_links":{"self":[{"href":"https:\/\/www.deltamicroscopies.com\/en\/wp-json\/wp\/v2\/product\/290171","targetHints":{"allow":["GET"]}}],"collection":[{"href":"https:\/\/www.deltamicroscopies.com\/en\/wp-json\/wp\/v2\/product"}],"about":[{"href":"https:\/\/www.deltamicroscopies.com\/en\/wp-json\/wp\/v2\/types\/product"}],"replies":[{"embeddable":true,"href":"https:\/\/www.deltamicroscopies.com\/en\/wp-json\/wp\/v2\/comments?post=290171"}],"wp:featuredmedia":[{"embeddable":true,"href":"https:\/\/www.deltamicroscopies.com\/en\/wp-json\/wp\/v2\/media\/289628"}],"wp:attachment":[{"href":"https:\/\/www.deltamicroscopies.com\/en\/wp-json\/wp\/v2\/media?parent=290171"}],"wp:term":[{"taxonomy":"product_brand","embeddable":true,"href":"https:\/\/www.deltamicroscopies.com\/en\/wp-json\/wp\/v2\/product_brand?post=290171"},{"taxonomy":"product_cat","embeddable":true,"href":"https:\/\/www.deltamicroscopies.com\/en\/wp-json\/wp\/v2\/product_cat?post=290171"},{"taxonomy":"product_tag","embeddable":true,"href":"https:\/\/www.deltamicroscopies.com\/en\/wp-json\/wp\/v2\/product_tag?post=290171"}],"curies":[{"name":"wp","href":"https:\/\/api.w.org\/{rel}","templated":true}]}}