{"id":290180,"date":"2021-09-17T11:36:11","date_gmt":"2021-09-17T10:36:11","guid":{"rendered":"https:\/\/www.deltamicroscopies.com\/produit\/flacon-col-a-vis-gl-45-gradue-en-verre-brun-250ml\/"},"modified":"2021-09-17T11:36:11","modified_gmt":"2021-09-17T10:36:11","slug":"flacon-col-a-vis-gl-45-gradue-en-verre-brun-250ml","status":"publish","type":"product","link":"https:\/\/www.deltamicroscopies.com\/en\/products\/flacon-col-a-vis-gl-45-gradue-en-verre-brun-250ml\/","title":{"rendered":"FLACON COL \u00e0 VIS GL 45 Gradu\u00e9 en verre Brun 250ml"},"content":{"rendered":"<ul>\n<li><span style=\"font-size: 12pt;\">Vendu par lot 12<\/span><\/li>\n<li><span style=\"font-size: 12pt;\">Mat\u00e9riel professionnel id\u00e9al pour tout type de pr\u00e9parations\/solutions.<\/span><\/li>\n<li><span style=\"font-size: 12pt;\">Existe au format 100ml\/500ml<\/span><\/li>\n<\/ul>\n","protected":false},"excerpt":{"rendered":"<p><span style=\"font-size: 12pt;\">Flacon de laboratoire en verre brun sp\u00e9cialement con\u00e7u pour r\u00e9sister \u00e0 des hautes temp\u00e9ratures et des pr\u00e9parations chimiques.<\/span><\/p>\n","protected":false},"featured_media":289589,"comment_status":"open","ping_status":"closed","template":"","meta":{"_et_pb_use_builder":"","_et_pb_old_content":"","_et_gb_content_width":"","inline_featured_image":false},"product_brand":[],"product_cat":[1301],"product_tag":[],"class_list":{"0":"post-290180","1":"product","2":"type-product","3":"status-publish","4":"has-post-thumbnail","6":"product_cat-other-en","8":"first","9":"instock","10":"taxable","11":"shipping-taxable","12":"purchasable","13":"product-type-simple"},"yoast_head":"<!-- This site is optimized with the Yoast SEO plugin v27.3 - https:\/\/yoast.com\/product\/yoast-seo-wordpress\/ -->\n<title>FLACON COL \u00e0 VIS GL 45 Gradu\u00e9 en verre Brun 250ml - Delta Microscopies<\/title>\n<meta name=\"robots\" content=\"index, follow, max-snippet:-1, max-image-preview:large, max-video-preview:-1\" \/>\n<link rel=\"canonical\" href=\"https:\/\/www.deltamicroscopies.com\/en\/products\/flacon-col-a-vis-gl-45-gradue-en-verre-brun-250ml\/\" \/>\n<meta property=\"og:locale\" content=\"en_US\" \/>\n<meta property=\"og:type\" content=\"article\" \/>\n<meta property=\"og:title\" content=\"FLACON COL \u00e0 VIS GL 45 Gradu\u00e9 en verre Brun 250ml - Delta Microscopies\" \/>\n<meta property=\"og:description\" content=\"Flacon de laboratoire en verre brun sp\u00e9cialement con\u00e7u pour r\u00e9sister \u00e0 des hautes temp\u00e9ratures et des pr\u00e9parations chimiques.\" \/>\n<meta property=\"og:url\" content=\"https:\/\/www.deltamicroscopies.com\/en\/products\/flacon-col-a-vis-gl-45-gradue-en-verre-brun-250ml\/\" \/>\n<meta property=\"og:site_name\" content=\"Delta Microscopies\" \/>\n<meta property=\"og:image\" content=\"https:\/\/www.deltamicroscopies.com\/wp-content\/uploads\/2021\/09\/Image1-7.png\" \/>\n\t<meta property=\"og:image:width\" content=\"500\" \/>\n\t<meta property=\"og:image:height\" content=\"761\" \/>\n\t<meta property=\"og:image:type\" content=\"image\/png\" \/>\n<!-- \/ Yoast SEO plugin. -->","yoast_head_json":{"title":"FLACON COL \u00e0 VIS GL 45 Gradu\u00e9 en verre Brun 250ml - Delta Microscopies","robots":{"index":"index","follow":"follow","max-snippet":"max-snippet:-1","max-image-preview":"max-image-preview:large","max-video-preview":"max-video-preview:-1"},"canonical":"https:\/\/www.deltamicroscopies.com\/en\/products\/flacon-col-a-vis-gl-45-gradue-en-verre-brun-250ml\/","og_locale":"en_US","og_type":"article","og_title":"FLACON COL \u00e0 VIS GL 45 Gradu\u00e9 en verre Brun 250ml - Delta Microscopies","og_description":"Flacon de laboratoire en verre brun sp\u00e9cialement con\u00e7u pour r\u00e9sister \u00e0 des hautes temp\u00e9ratures et des pr\u00e9parations chimiques.","og_url":"https:\/\/www.deltamicroscopies.com\/en\/products\/flacon-col-a-vis-gl-45-gradue-en-verre-brun-250ml\/","og_site_name":"Delta Microscopies","og_image":[{"width":500,"height":761,"url":"https:\/\/www.deltamicroscopies.com\/wp-content\/uploads\/2021\/09\/Image1-7.png","type":"image\/png"}],"schema":{"@context":"https:\/\/schema.org","@graph":[{"@type":"WebPage","@id":"https:\/\/www.deltamicroscopies.com\/en\/products\/flacon-col-a-vis-gl-45-gradue-en-verre-brun-250ml\/","url":"https:\/\/www.deltamicroscopies.com\/en\/products\/flacon-col-a-vis-gl-45-gradue-en-verre-brun-250ml\/","name":"FLACON COL \u00e0 VIS GL 45 Gradu\u00e9 en verre Brun 250ml - Delta Microscopies","isPartOf":{"@id":"https:\/\/www.deltamicroscopies.com\/en\/#website"},"primaryImageOfPage":{"@id":"https:\/\/www.deltamicroscopies.com\/en\/products\/flacon-col-a-vis-gl-45-gradue-en-verre-brun-250ml\/#primaryimage"},"image":{"@id":"https:\/\/www.deltamicroscopies.com\/en\/products\/flacon-col-a-vis-gl-45-gradue-en-verre-brun-250ml\/#primaryimage"},"thumbnailUrl":"https:\/\/efb7cwj5g4q.exactdn.com\/wp-content\/uploads\/2021\/09\/Image1-7.png?strip=all","datePublished":"2021-09-17T10:36:11+00:00","breadcrumb":{"@id":"https:\/\/www.deltamicroscopies.com\/en\/products\/flacon-col-a-vis-gl-45-gradue-en-verre-brun-250ml\/#breadcrumb"},"inLanguage":"en-US","potentialAction":[{"@type":"ReadAction","target":["https:\/\/www.deltamicroscopies.com\/en\/products\/flacon-col-a-vis-gl-45-gradue-en-verre-brun-250ml\/"]}]},{"@type":"ImageObject","inLanguage":"en-US","@id":"https:\/\/www.deltamicroscopies.com\/en\/products\/flacon-col-a-vis-gl-45-gradue-en-verre-brun-250ml\/#primaryimage","url":"https:\/\/efb7cwj5g4q.exactdn.com\/wp-content\/uploads\/2021\/09\/Image1-7.png?strip=all","contentUrl":"https:\/\/efb7cwj5g4q.exactdn.com\/wp-content\/uploads\/2021\/09\/Image1-7.png?strip=all","width":500,"height":761,"caption":"FLACON COL \u00e0 VIS GL 45 Gradu\u00e9 en verre Brun 250ml"},{"@type":"BreadcrumbList","@id":"https:\/\/www.deltamicroscopies.com\/en\/products\/flacon-col-a-vis-gl-45-gradue-en-verre-brun-250ml\/#breadcrumb","itemListElement":[{"@type":"ListItem","position":1,"name":"Accueil","item":"https:\/\/www.deltamicroscopies.com\/en\/home-3\/"},{"@type":"ListItem","position":2,"name":"Our products","item":"https:\/\/www.deltamicroscopies.com\/en\/shop\/"},{"@type":"ListItem","position":3,"name":"FLACON COL \u00e0 VIS GL 45 Gradu\u00e9 en verre Brun 250ml"}]},{"@type":"WebSite","@id":"https:\/\/www.deltamicroscopies.com\/en\/#website","url":"https:\/\/www.deltamicroscopies.com\/en\/","name":"Delta Microscopies","description":"Des microscopistes \u00e0 votre service.","publisher":{"@id":"https:\/\/www.deltamicroscopies.com\/en\/#organization"},"potentialAction":[{"@type":"SearchAction","target":{"@type":"EntryPoint","urlTemplate":"https:\/\/www.deltamicroscopies.com\/en\/?s={search_term_string}"},"query-input":{"@type":"PropertyValueSpecification","valueRequired":true,"valueName":"search_term_string"}}],"inLanguage":"en-US"},{"@type":"Organization","@id":"https:\/\/www.deltamicroscopies.com\/en\/#organization","name":"Delta Microscopies","url":"https:\/\/www.deltamicroscopies.com\/en\/","logo":{"@type":"ImageObject","inLanguage":"en-US","@id":"https:\/\/www.deltamicroscopies.com\/en\/#\/schema\/logo\/image\/","url":"https:\/\/efb7cwj5g4q.exactdn.com\/wp-content\/uploads\/2019\/09\/DELTAM_LOGO_RVB-1-1.png?strip=all&lossy=1&ssl=1","contentUrl":"https:\/\/efb7cwj5g4q.exactdn.com\/wp-content\/uploads\/2019\/09\/DELTAM_LOGO_RVB-1-1.png?strip=all&lossy=1&ssl=1","width":688,"height":177,"caption":"Delta Microscopies"},"image":{"@id":"https:\/\/www.deltamicroscopies.com\/en\/#\/schema\/logo\/image\/"},"sameAs":["https:\/\/www.instagram.com\/emsdiasum\/","https:\/\/www.youtube.com\/channel\/UCkSsQQq74DhyLXNg_9RPorQ"]}]}},"_links":{"self":[{"href":"https:\/\/www.deltamicroscopies.com\/en\/wp-json\/wp\/v2\/product\/290180","targetHints":{"allow":["GET"]}}],"collection":[{"href":"https:\/\/www.deltamicroscopies.com\/en\/wp-json\/wp\/v2\/product"}],"about":[{"href":"https:\/\/www.deltamicroscopies.com\/en\/wp-json\/wp\/v2\/types\/product"}],"replies":[{"embeddable":true,"href":"https:\/\/www.deltamicroscopies.com\/en\/wp-json\/wp\/v2\/comments?post=290180"}],"wp:featuredmedia":[{"embeddable":true,"href":"https:\/\/www.deltamicroscopies.com\/en\/wp-json\/wp\/v2\/media\/289589"}],"wp:attachment":[{"href":"https:\/\/www.deltamicroscopies.com\/en\/wp-json\/wp\/v2\/media?parent=290180"}],"wp:term":[{"taxonomy":"product_brand","embeddable":true,"href":"https:\/\/www.deltamicroscopies.com\/en\/wp-json\/wp\/v2\/product_brand?post=290180"},{"taxonomy":"product_cat","embeddable":true,"href":"https:\/\/www.deltamicroscopies.com\/en\/wp-json\/wp\/v2\/product_cat?post=290180"},{"taxonomy":"product_tag","embeddable":true,"href":"https:\/\/www.deltamicroscopies.com\/en\/wp-json\/wp\/v2\/product_tag?post=290180"}],"curies":[{"name":"wp","href":"https:\/\/api.w.org\/{rel}","templated":true}]}}