{"id":290187,"date":"2021-09-16T11:29:16","date_gmt":"2021-09-16T10:29:16","guid":{"rendered":"https:\/\/www.deltamicroscopies.com\/produit\/zoom-flacon-de-laboratoire-100-ml-gradue-en-verre-borosilicate-col-a-vis\/"},"modified":"2021-09-16T11:29:16","modified_gmt":"2021-09-16T10:29:16","slug":"zoom-flacon-de-laboratoire-100-ml-gradue-en-verre-borosilicate-col-a-vis","status":"publish","type":"product","link":"https:\/\/www.deltamicroscopies.com\/en\/products\/zoom-flacon-de-laboratoire-100-ml-gradue-en-verre-borosilicate-col-a-vis\/","title":{"rendered":"Flacon Col \u00e0 Vis GL45  gradu\u00e9 en verre 100 ml"},"content":{"rendered":"<ul>\n<li><span style=\"font-size: 12pt;\">Vendu par carton de 20 bouteilles<\/span><\/li>\n<li><span style=\"font-size: 12pt;\">Existe au Format 250ml \/ 500m<\/span><\/li>\n<\/ul>\n","protected":false},"excerpt":{"rendered":"<ul>\n<li><span style=\"font-size: 12pt;\">Flacon de laboratoire en verre sp\u00e9cialement con\u00e7u pour r\u00e9sister \u00e0 des hautes temp\u00e9ratures et des pr\u00e9parations chimiques.<\/span><\/li>\n<\/ul>\n","protected":false},"featured_media":289568,"comment_status":"open","ping_status":"closed","template":"","meta":{"_et_pb_use_builder":"","_et_pb_old_content":"","_et_gb_content_width":"","inline_featured_image":false},"product_brand":[],"product_cat":[1301],"product_tag":[],"class_list":{"0":"post-290187","1":"product","2":"type-product","3":"status-publish","4":"has-post-thumbnail","6":"product_cat-other-en","8":"first","9":"instock","10":"taxable","11":"shipping-taxable","12":"purchasable","13":"product-type-simple"},"yoast_head":"<!-- This site is optimized with the Yoast SEO plugin v27.3 - https:\/\/yoast.com\/product\/yoast-seo-wordpress\/ -->\n<title>Flacon Col \u00e0 Vis GL45 gradu\u00e9 en verre 100 ml - Delta Microscopies<\/title>\n<meta name=\"robots\" content=\"index, follow, max-snippet:-1, max-image-preview:large, max-video-preview:-1\" \/>\n<link rel=\"canonical\" href=\"https:\/\/www.deltamicroscopies.com\/en\/products\/zoom-flacon-de-laboratoire-100-ml-gradue-en-verre-borosilicate-col-a-vis\/\" \/>\n<meta property=\"og:locale\" content=\"en_US\" \/>\n<meta property=\"og:type\" content=\"article\" \/>\n<meta property=\"og:title\" content=\"Flacon Col \u00e0 Vis GL45 gradu\u00e9 en verre 100 ml - Delta Microscopies\" \/>\n<meta property=\"og:description\" content=\"Flacon de laboratoire en verre sp\u00e9cialement con\u00e7u pour r\u00e9sister \u00e0 des hautes temp\u00e9ratures et des pr\u00e9parations chimiques.\" \/>\n<meta property=\"og:url\" content=\"https:\/\/www.deltamicroscopies.com\/en\/products\/zoom-flacon-de-laboratoire-100-ml-gradue-en-verre-borosilicate-col-a-vis\/\" \/>\n<meta property=\"og:site_name\" content=\"Delta Microscopies\" \/>\n<meta property=\"og:image\" content=\"https:\/\/efb7cwj5g4q.exactdn.com\/wp-content\/uploads\/2021\/09\/20161110_102302-scaled.jpg?strip=all&lossy=1&ssl=1\" \/>\n\t<meta property=\"og:image:width\" content=\"1920\" \/>\n\t<meta property=\"og:image:height\" content=\"2560\" \/>\n\t<meta property=\"og:image:type\" content=\"image\/jpeg\" \/>\n<!-- \/ Yoast SEO plugin. -->","yoast_head_json":{"title":"Flacon Col \u00e0 Vis GL45 gradu\u00e9 en verre 100 ml - Delta Microscopies","robots":{"index":"index","follow":"follow","max-snippet":"max-snippet:-1","max-image-preview":"max-image-preview:large","max-video-preview":"max-video-preview:-1"},"canonical":"https:\/\/www.deltamicroscopies.com\/en\/products\/zoom-flacon-de-laboratoire-100-ml-gradue-en-verre-borosilicate-col-a-vis\/","og_locale":"en_US","og_type":"article","og_title":"Flacon Col \u00e0 Vis GL45 gradu\u00e9 en verre 100 ml - Delta Microscopies","og_description":"Flacon de laboratoire en verre sp\u00e9cialement con\u00e7u pour r\u00e9sister \u00e0 des hautes temp\u00e9ratures et des pr\u00e9parations chimiques.","og_url":"https:\/\/www.deltamicroscopies.com\/en\/products\/zoom-flacon-de-laboratoire-100-ml-gradue-en-verre-borosilicate-col-a-vis\/","og_site_name":"Delta Microscopies","og_image":[{"width":1920,"height":2560,"url":"https:\/\/efb7cwj5g4q.exactdn.com\/wp-content\/uploads\/2021\/09\/20161110_102302-scaled.jpg?strip=all&lossy=1&ssl=1","type":"image\/jpeg"}],"schema":{"@context":"https:\/\/schema.org","@graph":[{"@type":"WebPage","@id":"https:\/\/www.deltamicroscopies.com\/en\/products\/zoom-flacon-de-laboratoire-100-ml-gradue-en-verre-borosilicate-col-a-vis\/","url":"https:\/\/www.deltamicroscopies.com\/en\/products\/zoom-flacon-de-laboratoire-100-ml-gradue-en-verre-borosilicate-col-a-vis\/","name":"Flacon Col \u00e0 Vis GL45 gradu\u00e9 en verre 100 ml - Delta Microscopies","isPartOf":{"@id":"https:\/\/www.deltamicroscopies.com\/en\/#website"},"primaryImageOfPage":{"@id":"https:\/\/www.deltamicroscopies.com\/en\/products\/zoom-flacon-de-laboratoire-100-ml-gradue-en-verre-borosilicate-col-a-vis\/#primaryimage"},"image":{"@id":"https:\/\/www.deltamicroscopies.com\/en\/products\/zoom-flacon-de-laboratoire-100-ml-gradue-en-verre-borosilicate-col-a-vis\/#primaryimage"},"thumbnailUrl":"https:\/\/efb7cwj5g4q.exactdn.com\/wp-content\/uploads\/2021\/09\/20161110_102302-scaled.jpg?strip=all","datePublished":"2021-09-16T10:29:16+00:00","breadcrumb":{"@id":"https:\/\/www.deltamicroscopies.com\/en\/products\/zoom-flacon-de-laboratoire-100-ml-gradue-en-verre-borosilicate-col-a-vis\/#breadcrumb"},"inLanguage":"en-US","potentialAction":[{"@type":"ReadAction","target":["https:\/\/www.deltamicroscopies.com\/en\/products\/zoom-flacon-de-laboratoire-100-ml-gradue-en-verre-borosilicate-col-a-vis\/"]}]},{"@type":"ImageObject","inLanguage":"en-US","@id":"https:\/\/www.deltamicroscopies.com\/en\/products\/zoom-flacon-de-laboratoire-100-ml-gradue-en-verre-borosilicate-col-a-vis\/#primaryimage","url":"https:\/\/efb7cwj5g4q.exactdn.com\/wp-content\/uploads\/2021\/09\/20161110_102302-scaled.jpg?strip=all","contentUrl":"https:\/\/efb7cwj5g4q.exactdn.com\/wp-content\/uploads\/2021\/09\/20161110_102302-scaled.jpg?strip=all","width":1920,"height":2560,"caption":"Flacon Col \u00e0 Vis GL45 Gradu\u00e9 en verre 100 ml"},{"@type":"BreadcrumbList","@id":"https:\/\/www.deltamicroscopies.com\/en\/products\/zoom-flacon-de-laboratoire-100-ml-gradue-en-verre-borosilicate-col-a-vis\/#breadcrumb","itemListElement":[{"@type":"ListItem","position":1,"name":"Accueil","item":"https:\/\/www.deltamicroscopies.com\/en\/home-3\/"},{"@type":"ListItem","position":2,"name":"Our products","item":"https:\/\/www.deltamicroscopies.com\/en\/shop\/"},{"@type":"ListItem","position":3,"name":"Flacon Col \u00e0 Vis GL45 gradu\u00e9 en verre 100 ml"}]},{"@type":"WebSite","@id":"https:\/\/www.deltamicroscopies.com\/en\/#website","url":"https:\/\/www.deltamicroscopies.com\/en\/","name":"Delta Microscopies","description":"Des microscopistes \u00e0 votre service.","publisher":{"@id":"https:\/\/www.deltamicroscopies.com\/en\/#organization"},"potentialAction":[{"@type":"SearchAction","target":{"@type":"EntryPoint","urlTemplate":"https:\/\/www.deltamicroscopies.com\/en\/?s={search_term_string}"},"query-input":{"@type":"PropertyValueSpecification","valueRequired":true,"valueName":"search_term_string"}}],"inLanguage":"en-US"},{"@type":"Organization","@id":"https:\/\/www.deltamicroscopies.com\/en\/#organization","name":"Delta Microscopies","url":"https:\/\/www.deltamicroscopies.com\/en\/","logo":{"@type":"ImageObject","inLanguage":"en-US","@id":"https:\/\/www.deltamicroscopies.com\/en\/#\/schema\/logo\/image\/","url":"https:\/\/efb7cwj5g4q.exactdn.com\/wp-content\/uploads\/2019\/09\/DELTAM_LOGO_RVB-1-1.png?strip=all&lossy=1&ssl=1","contentUrl":"https:\/\/efb7cwj5g4q.exactdn.com\/wp-content\/uploads\/2019\/09\/DELTAM_LOGO_RVB-1-1.png?strip=all&lossy=1&ssl=1","width":688,"height":177,"caption":"Delta Microscopies"},"image":{"@id":"https:\/\/www.deltamicroscopies.com\/en\/#\/schema\/logo\/image\/"},"sameAs":["https:\/\/www.instagram.com\/emsdiasum\/","https:\/\/www.youtube.com\/channel\/UCkSsQQq74DhyLXNg_9RPorQ"]}]}},"_links":{"self":[{"href":"https:\/\/www.deltamicroscopies.com\/en\/wp-json\/wp\/v2\/product\/290187","targetHints":{"allow":["GET"]}}],"collection":[{"href":"https:\/\/www.deltamicroscopies.com\/en\/wp-json\/wp\/v2\/product"}],"about":[{"href":"https:\/\/www.deltamicroscopies.com\/en\/wp-json\/wp\/v2\/types\/product"}],"replies":[{"embeddable":true,"href":"https:\/\/www.deltamicroscopies.com\/en\/wp-json\/wp\/v2\/comments?post=290187"}],"wp:featuredmedia":[{"embeddable":true,"href":"https:\/\/www.deltamicroscopies.com\/en\/wp-json\/wp\/v2\/media\/289568"}],"wp:attachment":[{"href":"https:\/\/www.deltamicroscopies.com\/en\/wp-json\/wp\/v2\/media?parent=290187"}],"wp:term":[{"taxonomy":"product_brand","embeddable":true,"href":"https:\/\/www.deltamicroscopies.com\/en\/wp-json\/wp\/v2\/product_brand?post=290187"},{"taxonomy":"product_cat","embeddable":true,"href":"https:\/\/www.deltamicroscopies.com\/en\/wp-json\/wp\/v2\/product_cat?post=290187"},{"taxonomy":"product_tag","embeddable":true,"href":"https:\/\/www.deltamicroscopies.com\/en\/wp-json\/wp\/v2\/product_tag?post=290187"}],"curies":[{"name":"wp","href":"https:\/\/api.w.org\/{rel}","templated":true}]}}