{"id":290241,"date":"2020-09-29T09:23:52","date_gmt":"2020-09-29T08:23:52","guid":{"rendered":"https:\/\/www.deltamicroscopies.com\/produit\/pad-grids-47mm-petri-slide\/"},"modified":"2023-11-22T11:11:49","modified_gmt":"2023-11-22T10:11:49","slug":"pad-grids-47mm-petri-slide","status":"publish","type":"product","link":"https:\/\/www.deltamicroscopies.com\/en\/products\/pad-grids-47mm-petri-slide\/","title":{"rendered":"PAD Grids &#8211; 47mm Petri Slide."},"content":{"rendered":"<p>Le PAD vous permet d&#8217;immobiliser vos EM Grids et de les isoler parfaitement gr\u00e2ce aux 9 compartiments s\u00e9par\u00e9s et num\u00e9rot\u00e9s.<br \/>\nVous pouvez \u00e9galement utiliser le PAD pour ranger et prot\u00e9ger vos petits sp\u00e9cimens.<\/p>\n","protected":false},"excerpt":{"rendered":"<p>Grids Box (petri-Slide dia.47mm) for Electron Microscopy with PAD, 9 COMPARTMENTS NUMBERED<\/p>\n<p><span style=\"color: #ff0000;\"><em><span style=\"font-size: 12pt;\"><strong>Applications :<\/strong><\/span><\/em><\/span><br \/>\n\u203a Ultramicrotomy<br \/>\n\u203a EM Staining,<br \/>\n\u203a Incubation<br \/>\n\u203a <strong>Storage long time for Asbestos or other\u00a0 small Sample<\/strong><\/p>\n<p>Sold by 1unit or 24 units in Rack. or box of 96 units.<br \/>\n<em>Choose below options as you need.<\/em><\/p>\n<p><iframe title=\"YouTube video player\" src=\"https:\/\/www.youtube-nocookie.com\/embed\/0uj1Uus-JqA\" width=\"560\" height=\"315\" frameborder=\"0\" allowfullscreen=\"allowfullscreen\"><\/iframe><\/p>\n","protected":false},"featured_media":289332,"comment_status":"open","ping_status":"closed","template":"","meta":{"_et_pb_use_builder":"","_et_pb_old_content":"","_et_gb_content_width":"","inline_featured_image":false},"product_brand":[],"product_cat":[1084,1120,1246,1087,1300],"product_tag":[],"class_list":{"0":"post-290241","1":"product","2":"type-product","3":"status-publish","4":"has-post-thumbnail","6":"product_cat-asbestos","7":"product_cat-grilles-et-accessoires-en","8":"product_cat-stockage-accessoires-en","9":"product_cat-grids-storage-boxes-en","10":"product_cat-news-en","12":"first","13":"instock","14":"taxable","15":"shipping-taxable","16":"purchasable","17":"product-type-variable"},"yoast_head":"<!-- This site is optimized with the Yoast SEO plugin v27.4 - https:\/\/yoast.com\/product\/yoast-seo-wordpress\/ -->\n<title>PAD Grids - 47mm Petri Slide. - Delta Microscopies<\/title>\n<meta name=\"robots\" content=\"index, follow, max-snippet:-1, max-image-preview:large, max-video-preview:-1\" \/>\n<link rel=\"canonical\" href=\"https:\/\/www.deltamicroscopies.com\/en\/products\/pad-grids-47mm-petri-slide\/\" \/>\n<meta property=\"og:locale\" content=\"en_US\" \/>\n<meta property=\"og:type\" content=\"article\" \/>\n<meta property=\"og:title\" content=\"PAD Grids - 47mm Petri Slide. - Delta Microscopies\" \/>\n<meta property=\"og:description\" content=\"Grids Box (petri-Slide dia.47mm) for Electron Microscopy with PAD, 9 COMPARTMENTS NUMBERED  Applications : \u203a Ultramicrotomy \u203a EM Staining, \u203a Incubation \u203a Storage long time for Asbestos or other\u00a0 small Sample  Sold by 1unit or 24 units in Rack. or box of 96 units. Choose below options as you need.\" \/>\n<meta property=\"og:url\" content=\"https:\/\/www.deltamicroscopies.com\/en\/products\/pad-grids-47mm-petri-slide\/\" \/>\n<meta property=\"og:site_name\" content=\"Delta Microscopies\" \/>\n<meta property=\"article:modified_time\" content=\"2023-11-22T10:11:49+00:00\" \/>\n<meta property=\"og:image\" content=\"https:\/\/www.deltamicroscopies.com\/wp-content\/uploads\/2020\/09\/pag2-gripper-grille-et-boite-hd.png\" \/>\n\t<meta property=\"og:image:width\" content=\"2591\" \/>\n\t<meta property=\"og:image:height\" content=\"3007\" \/>\n\t<meta property=\"og:image:type\" content=\"image\/png\" \/>\n<!-- \/ Yoast SEO plugin. -->","yoast_head_json":{"title":"PAD Grids - 47mm Petri Slide. - Delta Microscopies","robots":{"index":"index","follow":"follow","max-snippet":"max-snippet:-1","max-image-preview":"max-image-preview:large","max-video-preview":"max-video-preview:-1"},"canonical":"https:\/\/www.deltamicroscopies.com\/en\/products\/pad-grids-47mm-petri-slide\/","og_locale":"en_US","og_type":"article","og_title":"PAD Grids - 47mm Petri Slide. - Delta Microscopies","og_description":"Grids Box (petri-Slide dia.47mm) for Electron Microscopy with PAD, 9 COMPARTMENTS NUMBERED  Applications : \u203a Ultramicrotomy \u203a EM Staining, \u203a Incubation \u203a Storage long time for Asbestos or other\u00a0 small Sample  Sold by 1unit or 24 units in Rack. or box of 96 units. Choose below options as you need.","og_url":"https:\/\/www.deltamicroscopies.com\/en\/products\/pad-grids-47mm-petri-slide\/","og_site_name":"Delta Microscopies","article_modified_time":"2023-11-22T10:11:49+00:00","og_image":[{"width":2591,"height":3007,"url":"https:\/\/www.deltamicroscopies.com\/wp-content\/uploads\/2020\/09\/pag2-gripper-grille-et-boite-hd.png","type":"image\/png"}],"schema":{"@context":"https:\/\/schema.org","@graph":[{"@type":"WebPage","@id":"https:\/\/www.deltamicroscopies.com\/en\/products\/pad-grids-47mm-petri-slide\/","url":"https:\/\/www.deltamicroscopies.com\/en\/products\/pad-grids-47mm-petri-slide\/","name":"PAD Grids - 47mm Petri Slide. - Delta Microscopies","isPartOf":{"@id":"https:\/\/www.deltamicroscopies.com\/en\/#website"},"primaryImageOfPage":{"@id":"https:\/\/www.deltamicroscopies.com\/en\/products\/pad-grids-47mm-petri-slide\/#primaryimage"},"image":{"@id":"https:\/\/www.deltamicroscopies.com\/en\/products\/pad-grids-47mm-petri-slide\/#primaryimage"},"thumbnailUrl":"https:\/\/efb7cwj5g4q.exactdn.com\/wp-content\/uploads\/2020\/09\/pag2-gripper-grille-et-boite-hd.png?strip=all","datePublished":"2020-09-29T08:23:52+00:00","dateModified":"2023-11-22T10:11:49+00:00","breadcrumb":{"@id":"https:\/\/www.deltamicroscopies.com\/en\/products\/pad-grids-47mm-petri-slide\/#breadcrumb"},"inLanguage":"en-US","potentialAction":[{"@type":"ReadAction","target":["https:\/\/www.deltamicroscopies.com\/en\/products\/pad-grids-47mm-petri-slide\/"]}]},{"@type":"ImageObject","inLanguage":"en-US","@id":"https:\/\/www.deltamicroscopies.com\/en\/products\/pad-grids-47mm-petri-slide\/#primaryimage","url":"https:\/\/efb7cwj5g4q.exactdn.com\/wp-content\/uploads\/2020\/09\/pag2-gripper-grille-et-boite-hd.png?strip=all","contentUrl":"https:\/\/efb7cwj5g4q.exactdn.com\/wp-content\/uploads\/2020\/09\/pag2-gripper-grille-et-boite-hd.png?strip=all","width":2591,"height":3007},{"@type":"BreadcrumbList","@id":"https:\/\/www.deltamicroscopies.com\/en\/products\/pad-grids-47mm-petri-slide\/#breadcrumb","itemListElement":[{"@type":"ListItem","position":1,"name":"Accueil","item":"https:\/\/www.deltamicroscopies.com\/en\/home-3\/"},{"@type":"ListItem","position":2,"name":"Our products","item":"https:\/\/www.deltamicroscopies.com\/en\/shop\/"},{"@type":"ListItem","position":3,"name":"PAD Grids &#8211; 47mm Petri Slide."}]},{"@type":"WebSite","@id":"https:\/\/www.deltamicroscopies.com\/en\/#website","url":"https:\/\/www.deltamicroscopies.com\/en\/","name":"Delta Microscopies","description":"Des microscopistes \u00e0 votre service.","publisher":{"@id":"https:\/\/www.deltamicroscopies.com\/en\/#organization"},"potentialAction":[{"@type":"SearchAction","target":{"@type":"EntryPoint","urlTemplate":"https:\/\/www.deltamicroscopies.com\/en\/?s={search_term_string}"},"query-input":{"@type":"PropertyValueSpecification","valueRequired":true,"valueName":"search_term_string"}}],"inLanguage":"en-US"},{"@type":"Organization","@id":"https:\/\/www.deltamicroscopies.com\/en\/#organization","name":"Delta Microscopies","url":"https:\/\/www.deltamicroscopies.com\/en\/","logo":{"@type":"ImageObject","inLanguage":"en-US","@id":"https:\/\/www.deltamicroscopies.com\/en\/#\/schema\/logo\/image\/","url":"https:\/\/efb7cwj5g4q.exactdn.com\/wp-content\/uploads\/2019\/09\/DELTAM_LOGO_RVB-1-1.png?strip=all&lossy=1&ssl=1","contentUrl":"https:\/\/efb7cwj5g4q.exactdn.com\/wp-content\/uploads\/2019\/09\/DELTAM_LOGO_RVB-1-1.png?strip=all&lossy=1&ssl=1","width":688,"height":177,"caption":"Delta Microscopies"},"image":{"@id":"https:\/\/www.deltamicroscopies.com\/en\/#\/schema\/logo\/image\/"},"sameAs":["https:\/\/www.instagram.com\/emsdiasum\/","https:\/\/www.youtube.com\/channel\/UCkSsQQq74DhyLXNg_9RPorQ"]}]}},"_links":{"self":[{"href":"https:\/\/www.deltamicroscopies.com\/en\/wp-json\/wp\/v2\/product\/290241","targetHints":{"allow":["GET"]}}],"collection":[{"href":"https:\/\/www.deltamicroscopies.com\/en\/wp-json\/wp\/v2\/product"}],"about":[{"href":"https:\/\/www.deltamicroscopies.com\/en\/wp-json\/wp\/v2\/types\/product"}],"replies":[{"embeddable":true,"href":"https:\/\/www.deltamicroscopies.com\/en\/wp-json\/wp\/v2\/comments?post=290241"}],"wp:featuredmedia":[{"embeddable":true,"href":"https:\/\/www.deltamicroscopies.com\/en\/wp-json\/wp\/v2\/media\/289332"}],"wp:attachment":[{"href":"https:\/\/www.deltamicroscopies.com\/en\/wp-json\/wp\/v2\/media?parent=290241"}],"wp:term":[{"taxonomy":"product_brand","embeddable":true,"href":"https:\/\/www.deltamicroscopies.com\/en\/wp-json\/wp\/v2\/product_brand?post=290241"},{"taxonomy":"product_cat","embeddable":true,"href":"https:\/\/www.deltamicroscopies.com\/en\/wp-json\/wp\/v2\/product_cat?post=290241"},{"taxonomy":"product_tag","embeddable":true,"href":"https:\/\/www.deltamicroscopies.com\/en\/wp-json\/wp\/v2\/product_tag?post=290241"}],"curies":[{"name":"wp","href":"https:\/\/api.w.org\/{rel}","templated":true}]}}