{"id":290686,"date":"2020-03-30T08:38:19","date_gmt":"2020-03-30T07:38:19","guid":{"rendered":"https:\/\/www.deltamicroscopies.com\/produit\/ehrlichs-hematoxylin\/"},"modified":"2025-10-18T06:08:28","modified_gmt":"2025-10-18T05:08:28","slug":"ehrlichs-hematoxylin","status":"publish","type":"product","link":"https:\/\/www.deltamicroscopies.com\/en\/products\/ehrlichs-hematoxylin\/","title":{"rendered":"Ehrlich&#8217;s Hematoxylin"},"content":{"rendered":"<p><span style=\"font-size: 14pt;\"><strong>Haematoxylin (Ehrlich) S059<\/strong><\/span><br \/><strong>Composition<\/strong><br \/>2.0gm<br \/>100.0ml<br \/>100.0ml<br \/>3.0gm<br \/><strong>Ingredients<\/strong><br \/>Haematoxylin<br \/>Alcohol 95%<br \/>Glycerine<br \/>Aluminium potassium sulfate (Alum)<br \/>Glacial acetic acid<br \/>Sodium iodate<br \/>10.0ml<br \/>0.1gm<br \/>100.0ml<\/p>\n<p><strong>A.Hematoxylin staining (H&amp;E staining):<\/strong><br \/>1. Flame the slide and place in xylene for 3-4 minutes. Repeat xylene treatment with agitation.<br \/>2. Dip in 100% absolute alcohol for 30-60 seconds. Next dip in 90%, 80% and in 70% absolute alcohol. Wash in tap water<br \/>and rinse in distilled water.<br \/>3.Stain tissue section or cell preparation for 2-5min. with hematoxylin (Ehrlich) (S059).<br \/>4. Rinse with water to remove excess reagent.<br \/>5. Place in 0.5%9V\/V) Hydrochloric acid<br \/>6. Rinse in distilled water for 30-60 seconds<br \/>7. Dip in dilute ammonia water till section appears blue.<br \/>8. Wash in tap water and place slide in 95% alcohol for 30 sec.<br \/>9. Place eosin counter stain for 30-60 sec. Drain the solution<br \/>10.Dip slide in 70% alcohol for 30-60 seconds.<br \/>11.Place in 95% alcohol for 30-60 seconds.<br \/>12.Place in absolute alcohol (2 changes, 30-60 seconds each).<br \/>13.Place the slide twice in xylene for 30-60 seconds.<br \/>14.Drain excess xylene and mount on DPX or Canada balsam with a coverslip.<br \/>The first 2 steps of the procedure are collectively referred to in all staining procedures as \u2018deparaffinize.\u2019 Steps 3-9 are referred<br \/>to as \u2018staining\u2019. The last 5 steps are referred to in all staining methods as \u2018dehydrate, clear, and mount.\u2019<br \/>B.Hematoxylin Nuclear counter staining:<br \/>1. Deparafinize the section.<br \/>2. Carry out the individual staining procedure (as desired).<br \/>3. Rinse the slide with deionized water.<br \/>4.Counter stain the tissue section with hematoxylin (Ehrlich) (S059) for 2-5 min.<br \/>5. Rinse with water to remove excess reagent.<br \/>6. Place in bluing reagent (alkaline solution such as a weak ammonia solution, 0.08% in water) until stain is blue (approximately<br \/>30 sec.).<br \/>7. Rinse in distilled water.<br \/>8. Section can be mounted in aqueous mounting media.<br \/>Distilled water<br \/>Intended Use:<br \/>Haematoxylin (Ehrlich) is used for nuclear stain for Immunohistochemical and cytochemical staining. It may also be used<br \/>for the routine Hematoxylin and Eosin staining.<\/p>\n<p><strong>Principle And Interpretation<\/strong><br \/>Hematoxylin is extracted from the heartwood of the logwood tree, Hemtoxylin campechianum. Hematoxylin (Ehrlich) solution<br \/>contains the dye, hematin and the Aluminum potassium sulfate as a mordant which provides the stain colour (blue) glacial<br \/>acetic acid controls the pH of the Solution. It can be used as nuclear counter stain (as in PAS staining etc.)<br \/>Hematoxylin (Ehrlich) reagent is suitable for immunohisto chemical application. It is the slowest of progressive stains. For<br \/>histochemical purposes, the progressive staining is commonly used in which dye selectively stains the nuclear chromatin<br \/>without staining cytoplasmic structures. Slides are left in the hematoxylin solution only long enough to stain the nuclei. The<br \/>excess dye should be removed by \u2018blueing\u2019 of the tissue. Initially the tissue sections are coloured either purple or reddish purple,<br \/>on exposure to alkaline solution, the tissue section takes on the characteristic blue colour.<br \/>Hematoxylin-Eosin is the commonly used stain, which is specific for certain substances of diagnostic importance. Here, acid<br \/>reacting components of the cell combine with alkaline dyes and the alkaline area react with acid dyes. The stain is available<br \/>for amyloid, lipids, inorganic substances such as iron and calcium, pigments like melanin and hemosiderin, carbohydrates and<br \/>mucopolysaccharides.<br \/>Quality Control<br \/>Appearance\u00a0 Wine red coloured solution.<br \/>Clarity Clear without any particles.<br \/>Microscopic Examination Immunohistochemical \/ cytochemical staining is carried out and staining characteristic is observed under microscope.<br \/><strong>Results<\/strong><br \/>A)Haematoxylin Stainig (H&amp;E staining):<br \/>Nuclei : Blue colour<br \/>Cytoplasm : Pink colour<br \/>B)Haematoxylin Nuclear counter staining: Nuclei : Blue colour<br \/><strong>Reference<\/strong><br \/>1) Clark G (Ed) 1981, Staining Procedures, 4th edition, Published for the Biological Stain Commission by Williams &amp; Wilkins,<br \/>London.<br \/>2)Bauer J.D., Ackermann P.G. and Toro G. (Eds.), 1974, Clinical Laboratory Methods, 8th ed., The C.V. Mosby Co., St.<br \/>Louis.<br \/>3) Ehrlich, P. 1886. Die von mir herr\u00fchrende H\u00e4matoxylinl\u00f6sung. Z. Wiss. Mikrosk. 3: 150<\/p>\n","protected":false},"excerpt":{"rendered":"<p><strong>Stain selectivity for nuclei. Ready-to-use.<\/strong><\/p>\n<p><a href=\"https:\/\/www.emsdiasum.com\/microscopy\/technical\/msds\/26040.pdf\">MSDS 26040<\/a><\/p>\n<p>Storage RT<\/p>\n<p>&nbsp;<\/p>\n","protected":false},"featured_media":289254,"comment_status":"open","ping_status":"closed","template":"","meta":{"_et_pb_use_builder":"","_et_pb_old_content":"","_et_gb_content_width":"","inline_featured_image":false},"product_brand":[],"product_cat":[1259,1279,1478],"product_tag":[1493],"class_list":{"0":"post-290686","1":"product","2":"type-product","3":"status-publish","4":"has-post-thumbnail","6":"product_cat-histology","7":"product_cat-prepared-staining-kits-histo","8":"product_cat-various-en","9":"product_tag-ehrlich-en","11":"first","12":"instock","13":"taxable","14":"shipping-taxable","15":"purchasable","16":"product-type-variable"},"yoast_head":"<!-- This site is optimized with the Yoast SEO plugin v27.4 - https:\/\/yoast.com\/product\/yoast-seo-wordpress\/ -->\n<title>Ehrlich&#039;s Hematoxylin - Delta Microscopies<\/title>\n<meta name=\"robots\" content=\"index, follow, max-snippet:-1, max-image-preview:large, max-video-preview:-1\" \/>\n<link rel=\"canonical\" href=\"https:\/\/www.deltamicroscopies.com\/en\/products\/ehrlichs-hematoxylin\/\" \/>\n<meta property=\"og:locale\" content=\"en_US\" \/>\n<meta property=\"og:type\" content=\"article\" \/>\n<meta property=\"og:title\" content=\"Ehrlich&#039;s Hematoxylin - Delta Microscopies\" \/>\n<meta property=\"og:description\" content=\"Stain selectivity for nuclei. Ready-to-use.MSDS 26040Storage RT&nbsp;\" \/>\n<meta property=\"og:url\" content=\"https:\/\/www.deltamicroscopies.com\/en\/products\/ehrlichs-hematoxylin\/\" \/>\n<meta property=\"og:site_name\" content=\"Delta Microscopies\" \/>\n<meta property=\"article:modified_time\" content=\"2025-10-18T05:08:28+00:00\" \/>\n<meta property=\"og:image\" content=\"https:\/\/efb7cwj5g4q.exactdn.com\/wp-content\/uploads\/2020\/03\/SMCpolyhydroxysmall1.jpg?strip=all&lossy=1&ssl=1\" \/>\n\t<meta property=\"og:image:width\" content=\"885\" \/>\n\t<meta property=\"og:image:height\" content=\"682\" \/>\n\t<meta property=\"og:image:type\" content=\"image\/jpeg\" \/>\n<meta name=\"twitter:label1\" content=\"Est. reading time\" \/>\n\t<meta name=\"twitter:data1\" content=\"3 minutes\" \/>\n<!-- \/ Yoast SEO plugin. -->","yoast_head_json":{"title":"Ehrlich's Hematoxylin - Delta Microscopies","robots":{"index":"index","follow":"follow","max-snippet":"max-snippet:-1","max-image-preview":"max-image-preview:large","max-video-preview":"max-video-preview:-1"},"canonical":"https:\/\/www.deltamicroscopies.com\/en\/products\/ehrlichs-hematoxylin\/","og_locale":"en_US","og_type":"article","og_title":"Ehrlich's Hematoxylin - Delta Microscopies","og_description":"Stain selectivity for nuclei. Ready-to-use.MSDS 26040Storage RT&nbsp;","og_url":"https:\/\/www.deltamicroscopies.com\/en\/products\/ehrlichs-hematoxylin\/","og_site_name":"Delta Microscopies","article_modified_time":"2025-10-18T05:08:28+00:00","og_image":[{"width":885,"height":682,"url":"https:\/\/efb7cwj5g4q.exactdn.com\/wp-content\/uploads\/2020\/03\/SMCpolyhydroxysmall1.jpg?strip=all&lossy=1&ssl=1","type":"image\/jpeg"}],"twitter_misc":{"Est. reading time":"3 minutes"},"schema":{"@context":"https:\/\/schema.org","@graph":[{"@type":"WebPage","@id":"https:\/\/www.deltamicroscopies.com\/en\/products\/ehrlichs-hematoxylin\/","url":"https:\/\/www.deltamicroscopies.com\/en\/products\/ehrlichs-hematoxylin\/","name":"Ehrlich's Hematoxylin - Delta Microscopies","isPartOf":{"@id":"https:\/\/www.deltamicroscopies.com\/en\/#website"},"primaryImageOfPage":{"@id":"https:\/\/www.deltamicroscopies.com\/en\/products\/ehrlichs-hematoxylin\/#primaryimage"},"image":{"@id":"https:\/\/www.deltamicroscopies.com\/en\/products\/ehrlichs-hematoxylin\/#primaryimage"},"thumbnailUrl":"https:\/\/efb7cwj5g4q.exactdn.com\/wp-content\/uploads\/2020\/03\/SMCpolyhydroxysmall1.jpg?strip=all","datePublished":"2020-03-30T07:38:19+00:00","dateModified":"2025-10-18T05:08:28+00:00","breadcrumb":{"@id":"https:\/\/www.deltamicroscopies.com\/en\/products\/ehrlichs-hematoxylin\/#breadcrumb"},"inLanguage":"en-US","potentialAction":[{"@type":"ReadAction","target":["https:\/\/www.deltamicroscopies.com\/en\/products\/ehrlichs-hematoxylin\/"]}]},{"@type":"ImageObject","inLanguage":"en-US","@id":"https:\/\/www.deltamicroscopies.com\/en\/products\/ehrlichs-hematoxylin\/#primaryimage","url":"https:\/\/efb7cwj5g4q.exactdn.com\/wp-content\/uploads\/2020\/03\/SMCpolyhydroxysmall1.jpg?strip=all","contentUrl":"https:\/\/efb7cwj5g4q.exactdn.com\/wp-content\/uploads\/2020\/03\/SMCpolyhydroxysmall1.jpg?strip=all","width":885,"height":682,"caption":"Ehrlich's Hematoxylin"},{"@type":"BreadcrumbList","@id":"https:\/\/www.deltamicroscopies.com\/en\/products\/ehrlichs-hematoxylin\/#breadcrumb","itemListElement":[{"@type":"ListItem","position":1,"name":"Accueil","item":"https:\/\/www.deltamicroscopies.com\/en\/home-3\/"},{"@type":"ListItem","position":2,"name":"Our products","item":"https:\/\/www.deltamicroscopies.com\/en\/shop\/"},{"@type":"ListItem","position":3,"name":"Ehrlich&#8217;s Hematoxylin"}]},{"@type":"WebSite","@id":"https:\/\/www.deltamicroscopies.com\/en\/#website","url":"https:\/\/www.deltamicroscopies.com\/en\/","name":"Delta Microscopies","description":"Des microscopistes \u00e0 votre service.","publisher":{"@id":"https:\/\/www.deltamicroscopies.com\/en\/#organization"},"potentialAction":[{"@type":"SearchAction","target":{"@type":"EntryPoint","urlTemplate":"https:\/\/www.deltamicroscopies.com\/en\/?s={search_term_string}"},"query-input":{"@type":"PropertyValueSpecification","valueRequired":true,"valueName":"search_term_string"}}],"inLanguage":"en-US"},{"@type":"Organization","@id":"https:\/\/www.deltamicroscopies.com\/en\/#organization","name":"Delta Microscopies","url":"https:\/\/www.deltamicroscopies.com\/en\/","logo":{"@type":"ImageObject","inLanguage":"en-US","@id":"https:\/\/www.deltamicroscopies.com\/en\/#\/schema\/logo\/image\/","url":"https:\/\/efb7cwj5g4q.exactdn.com\/wp-content\/uploads\/2019\/09\/DELTAM_LOGO_RVB-1-1.png?strip=all&lossy=1&ssl=1","contentUrl":"https:\/\/efb7cwj5g4q.exactdn.com\/wp-content\/uploads\/2019\/09\/DELTAM_LOGO_RVB-1-1.png?strip=all&lossy=1&ssl=1","width":688,"height":177,"caption":"Delta Microscopies"},"image":{"@id":"https:\/\/www.deltamicroscopies.com\/en\/#\/schema\/logo\/image\/"},"sameAs":["https:\/\/www.instagram.com\/emsdiasum\/","https:\/\/www.youtube.com\/channel\/UCkSsQQq74DhyLXNg_9RPorQ"]}]}},"_links":{"self":[{"href":"https:\/\/www.deltamicroscopies.com\/en\/wp-json\/wp\/v2\/product\/290686","targetHints":{"allow":["GET"]}}],"collection":[{"href":"https:\/\/www.deltamicroscopies.com\/en\/wp-json\/wp\/v2\/product"}],"about":[{"href":"https:\/\/www.deltamicroscopies.com\/en\/wp-json\/wp\/v2\/types\/product"}],"replies":[{"embeddable":true,"href":"https:\/\/www.deltamicroscopies.com\/en\/wp-json\/wp\/v2\/comments?post=290686"}],"wp:featuredmedia":[{"embeddable":true,"href":"https:\/\/www.deltamicroscopies.com\/en\/wp-json\/wp\/v2\/media\/289254"}],"wp:attachment":[{"href":"https:\/\/www.deltamicroscopies.com\/en\/wp-json\/wp\/v2\/media?parent=290686"}],"wp:term":[{"taxonomy":"product_brand","embeddable":true,"href":"https:\/\/www.deltamicroscopies.com\/en\/wp-json\/wp\/v2\/product_brand?post=290686"},{"taxonomy":"product_cat","embeddable":true,"href":"https:\/\/www.deltamicroscopies.com\/en\/wp-json\/wp\/v2\/product_cat?post=290686"},{"taxonomy":"product_tag","embeddable":true,"href":"https:\/\/www.deltamicroscopies.com\/en\/wp-json\/wp\/v2\/product_tag?post=290686"}],"curies":[{"name":"wp","href":"https:\/\/api.w.org\/{rel}","templated":true}]}}