{"id":291304,"date":"2018-11-06T10:49:36","date_gmt":"2018-11-06T09:49:36","guid":{"rendered":"https:\/\/www.deltamicroscopies.com\/product\/em-tec-pj12-pin-stub-adapter-for-o12-2mm-and-o9-5mm-jeol-stubs\/"},"modified":"2022-03-16T12:25:05","modified_gmt":"2022-03-16T11:25:05","slug":"em-tec-pj12-pin-stub-adapter-for-o12-2mm-and-o9-5mm-jeol-stubs","status":"publish","type":"product","link":"https:\/\/www.deltamicroscopies.com\/en\/products\/em-tec-pj12-pin-stub-adapter-for-o12-2mm-and-o9-5mm-jeol-stubs\/","title":{"rendered":"EM-Tec PJ12 pin stub adapter for \u00d812.2mm and \u00d89.5mm JEOL stubs"},"content":{"rendered":"<p>EM-Tec PJ12 Pin stub adapter for for \u00d812.2mm and \u00d89.5mm JEOL stubs. This stub adapter accepts up to \u00d816mm cylinder stubs. Can also be used for the Hitachi \u00d815mm and the \u00d815mm ISI\/ABT\/Topcon stubs. Set screw is used to secure the SEM stubs. Overall size \u00d825&#215;19.5mm. Includes allen key.<\/p>\n<p>EM-Tec stub adapters based on standard pin stubs for FEI, Philips, Tescan, Phenom, Aspex, Cambridge Instr.<\/p>\n","protected":false},"excerpt":{"rendered":"<h3><\/h3>\n<h4><strong>each<\/strong><\/h4>\n","protected":false},"featured_media":284813,"comment_status":"open","ping_status":"closed","template":"","meta":{"_et_pb_use_builder":"","_et_pb_old_content":"","_et_gb_content_width":"","inline_featured_image":false},"product_brand":[1914,1915],"product_cat":[1376,1435,1296,1439,1365],"product_tag":[1506,1507],"class_list":{"0":"post-291304","1":"product","2":"type-product","3":"status-publish","4":"has-post-thumbnail","6":"product_brand-hitachi","7":"product_brand-jeol","8":"product_cat-accessoires-par-marque-de-microscope-en","9":"product_cat-adaptateurs-en","10":"product_cat-supports-et-adaptateurs-en","11":"product_cat-jeol-et-neoscope-en","12":"product_cat-meb-sem-en","13":"product_tag-adapter-en","14":"product_tag-jeol-en","16":"first","17":"instock","18":"taxable","19":"shipping-taxable","20":"purchasable","21":"product-type-simple"},"yoast_head":"<!-- This site is optimized with the Yoast SEO plugin v27.4 - https:\/\/yoast.com\/product\/yoast-seo-wordpress\/ -->\n<title>EM-Tec PJ12 pin stub adapter for \u00d812.2mm and \u00d89.5mm JEOL stubs - Delta Microscopies<\/title>\n<meta name=\"robots\" content=\"index, follow, max-snippet:-1, max-image-preview:large, max-video-preview:-1\" \/>\n<link rel=\"canonical\" href=\"https:\/\/www.deltamicroscopies.com\/en\/products\/em-tec-pj12-pin-stub-adapter-for-o12-2mm-and-o9-5mm-jeol-stubs\/\" \/>\n<meta property=\"og:locale\" content=\"en_US\" \/>\n<meta property=\"og:type\" content=\"article\" \/>\n<meta property=\"og:title\" content=\"EM-Tec PJ12 pin stub adapter for \u00d812.2mm and \u00d89.5mm JEOL stubs - Delta Microscopies\" \/>\n<meta property=\"og:description\" content=\"each\" \/>\n<meta property=\"og:url\" content=\"https:\/\/www.deltamicroscopies.com\/en\/products\/em-tec-pj12-pin-stub-adapter-for-o12-2mm-and-o9-5mm-jeol-stubs\/\" \/>\n<meta property=\"og:site_name\" content=\"Delta Microscopies\" \/>\n<meta property=\"article:modified_time\" content=\"2022-03-16T11:25:05+00:00\" \/>\n<meta property=\"og:image\" content=\"https:\/\/www.deltamicroscopies.com\/wp-content\/uploads\/2018\/11\/D11-000216_EM-Tec_PJ12_Pin_stub_adapter_for_12.jpg\" \/>\n\t<meta property=\"og:image:width\" content=\"300\" \/>\n\t<meta property=\"og:image:height\" content=\"300\" \/>\n\t<meta property=\"og:image:type\" content=\"image\/jpeg\" \/>\n<!-- \/ Yoast SEO plugin. -->","yoast_head_json":{"title":"EM-Tec PJ12 pin stub adapter for \u00d812.2mm and \u00d89.5mm JEOL stubs - Delta Microscopies","robots":{"index":"index","follow":"follow","max-snippet":"max-snippet:-1","max-image-preview":"max-image-preview:large","max-video-preview":"max-video-preview:-1"},"canonical":"https:\/\/www.deltamicroscopies.com\/en\/products\/em-tec-pj12-pin-stub-adapter-for-o12-2mm-and-o9-5mm-jeol-stubs\/","og_locale":"en_US","og_type":"article","og_title":"EM-Tec PJ12 pin stub adapter for \u00d812.2mm and \u00d89.5mm JEOL stubs - Delta Microscopies","og_description":"each","og_url":"https:\/\/www.deltamicroscopies.com\/en\/products\/em-tec-pj12-pin-stub-adapter-for-o12-2mm-and-o9-5mm-jeol-stubs\/","og_site_name":"Delta Microscopies","article_modified_time":"2022-03-16T11:25:05+00:00","og_image":[{"width":300,"height":300,"url":"https:\/\/www.deltamicroscopies.com\/wp-content\/uploads\/2018\/11\/D11-000216_EM-Tec_PJ12_Pin_stub_adapter_for_12.jpg","type":"image\/jpeg"}],"schema":{"@context":"https:\/\/schema.org","@graph":[{"@type":"WebPage","@id":"https:\/\/www.deltamicroscopies.com\/en\/products\/em-tec-pj12-pin-stub-adapter-for-o12-2mm-and-o9-5mm-jeol-stubs\/","url":"https:\/\/www.deltamicroscopies.com\/en\/products\/em-tec-pj12-pin-stub-adapter-for-o12-2mm-and-o9-5mm-jeol-stubs\/","name":"EM-Tec PJ12 pin stub adapter for \u00d812.2mm and \u00d89.5mm JEOL stubs - Delta Microscopies","isPartOf":{"@id":"https:\/\/www.deltamicroscopies.com\/en\/#website"},"primaryImageOfPage":{"@id":"https:\/\/www.deltamicroscopies.com\/en\/products\/em-tec-pj12-pin-stub-adapter-for-o12-2mm-and-o9-5mm-jeol-stubs\/#primaryimage"},"image":{"@id":"https:\/\/www.deltamicroscopies.com\/en\/products\/em-tec-pj12-pin-stub-adapter-for-o12-2mm-and-o9-5mm-jeol-stubs\/#primaryimage"},"thumbnailUrl":"https:\/\/efb7cwj5g4q.exactdn.com\/wp-content\/uploads\/2018\/11\/D11-000216_EM-Tec_PJ12_Pin_stub_adapter_for_12.jpg?strip=all","datePublished":"2018-11-06T09:49:36+00:00","dateModified":"2022-03-16T11:25:05+00:00","breadcrumb":{"@id":"https:\/\/www.deltamicroscopies.com\/en\/products\/em-tec-pj12-pin-stub-adapter-for-o12-2mm-and-o9-5mm-jeol-stubs\/#breadcrumb"},"inLanguage":"en-US","potentialAction":[{"@type":"ReadAction","target":["https:\/\/www.deltamicroscopies.com\/en\/products\/em-tec-pj12-pin-stub-adapter-for-o12-2mm-and-o9-5mm-jeol-stubs\/"]}]},{"@type":"ImageObject","inLanguage":"en-US","@id":"https:\/\/www.deltamicroscopies.com\/en\/products\/em-tec-pj12-pin-stub-adapter-for-o12-2mm-and-o9-5mm-jeol-stubs\/#primaryimage","url":"https:\/\/efb7cwj5g4q.exactdn.com\/wp-content\/uploads\/2018\/11\/D11-000216_EM-Tec_PJ12_Pin_stub_adapter_for_12.jpg?strip=all","contentUrl":"https:\/\/efb7cwj5g4q.exactdn.com\/wp-content\/uploads\/2018\/11\/D11-000216_EM-Tec_PJ12_Pin_stub_adapter_for_12.jpg?strip=all","width":300,"height":300},{"@type":"BreadcrumbList","@id":"https:\/\/www.deltamicroscopies.com\/en\/products\/em-tec-pj12-pin-stub-adapter-for-o12-2mm-and-o9-5mm-jeol-stubs\/#breadcrumb","itemListElement":[{"@type":"ListItem","position":1,"name":"Accueil","item":"https:\/\/www.deltamicroscopies.com\/en\/home-3\/"},{"@type":"ListItem","position":2,"name":"Our products","item":"https:\/\/www.deltamicroscopies.com\/en\/shop\/"},{"@type":"ListItem","position":3,"name":"EM-Tec PJ12 pin stub adapter for \u00d812.2mm and \u00d89.5mm JEOL stubs"}]},{"@type":"WebSite","@id":"https:\/\/www.deltamicroscopies.com\/en\/#website","url":"https:\/\/www.deltamicroscopies.com\/en\/","name":"Delta Microscopies","description":"Des microscopistes \u00e0 votre service.","publisher":{"@id":"https:\/\/www.deltamicroscopies.com\/en\/#organization"},"potentialAction":[{"@type":"SearchAction","target":{"@type":"EntryPoint","urlTemplate":"https:\/\/www.deltamicroscopies.com\/en\/?s={search_term_string}"},"query-input":{"@type":"PropertyValueSpecification","valueRequired":true,"valueName":"search_term_string"}}],"inLanguage":"en-US"},{"@type":"Organization","@id":"https:\/\/www.deltamicroscopies.com\/en\/#organization","name":"Delta Microscopies","url":"https:\/\/www.deltamicroscopies.com\/en\/","logo":{"@type":"ImageObject","inLanguage":"en-US","@id":"https:\/\/www.deltamicroscopies.com\/en\/#\/schema\/logo\/image\/","url":"https:\/\/efb7cwj5g4q.exactdn.com\/wp-content\/uploads\/2019\/09\/DELTAM_LOGO_RVB-1-1.png?strip=all&lossy=1&ssl=1","contentUrl":"https:\/\/efb7cwj5g4q.exactdn.com\/wp-content\/uploads\/2019\/09\/DELTAM_LOGO_RVB-1-1.png?strip=all&lossy=1&ssl=1","width":688,"height":177,"caption":"Delta Microscopies"},"image":{"@id":"https:\/\/www.deltamicroscopies.com\/en\/#\/schema\/logo\/image\/"},"sameAs":["https:\/\/www.instagram.com\/emsdiasum\/","https:\/\/www.youtube.com\/channel\/UCkSsQQq74DhyLXNg_9RPorQ"]}]}},"_links":{"self":[{"href":"https:\/\/www.deltamicroscopies.com\/en\/wp-json\/wp\/v2\/product\/291304","targetHints":{"allow":["GET"]}}],"collection":[{"href":"https:\/\/www.deltamicroscopies.com\/en\/wp-json\/wp\/v2\/product"}],"about":[{"href":"https:\/\/www.deltamicroscopies.com\/en\/wp-json\/wp\/v2\/types\/product"}],"replies":[{"embeddable":true,"href":"https:\/\/www.deltamicroscopies.com\/en\/wp-json\/wp\/v2\/comments?post=291304"}],"wp:featuredmedia":[{"embeddable":true,"href":"https:\/\/www.deltamicroscopies.com\/en\/wp-json\/wp\/v2\/media\/284813"}],"wp:attachment":[{"href":"https:\/\/www.deltamicroscopies.com\/en\/wp-json\/wp\/v2\/media?parent=291304"}],"wp:term":[{"taxonomy":"product_brand","embeddable":true,"href":"https:\/\/www.deltamicroscopies.com\/en\/wp-json\/wp\/v2\/product_brand?post=291304"},{"taxonomy":"product_cat","embeddable":true,"href":"https:\/\/www.deltamicroscopies.com\/en\/wp-json\/wp\/v2\/product_cat?post=291304"},{"taxonomy":"product_tag","embeddable":true,"href":"https:\/\/www.deltamicroscopies.com\/en\/wp-json\/wp\/v2\/product_tag?post=291304"}],"curies":[{"name":"wp","href":"https:\/\/api.w.org\/{rel}","templated":true}]}}