{"id":291653,"date":"2020-02-28T14:40:15","date_gmt":"2020-02-28T13:40:15","guid":{"rendered":"https:\/\/www.deltamicroscopies.com\/product\/qfm330-o2-deficiency-monitor\/"},"modified":"2023-03-13T11:34:26","modified_gmt":"2023-03-13T10:34:26","slug":"qfm330-o2-deficiency-monitor","status":"publish","type":"product","link":"https:\/\/www.deltamicroscopies.com\/en\/products\/qfm330-o2-deficiency-monitor\/","title":{"rendered":"AIRSAFE O2"},"content":{"rendered":"<p><strong>CARACT\u00c9RISTIQUES PRINCIPALES<\/strong><br \/>\n&gt; L&#8217;unit\u00e9 de surveillance de l&#8217;oxyg\u00e8ne fonctionne en continu pendant trois ans et ne peut pas s&#8217;\u00e9teindre, ce qui garantit une protection maximale de l&#8217;utilisateur.<br \/>\nL&#8217;unit\u00e9 de surveillance de l&#8217;oxyg\u00e8ne fonctionne en continu pendant trois ans et ne peut pas \u00eatre \u00e9teinte, ce qui garantit une protection maximale de l&#8217;utilisateur.<br \/>\n&gt; Alarmes visuelles et sonores int\u00e9gr\u00e9es, avec des \u00e9tats d&#8217;alarme &#8220;bas&#8221; et &#8220;critique&#8221; distincts.<br \/>\nAlarmes visuelles et sonores int\u00e9gr\u00e9es avec des \u00e9tats d&#8217;alarme distincts &#8220;faible&#8221; et &#8220;critique&#8221;.<br \/>\n&gt; L&#8217;alarme sonore interne est de 85 dB(A) \u00e0 30 cm.<br \/>\n&gt; Les capteurs d&#8217;oxyg\u00e8ne \u00e0 longue dur\u00e9e de vie assurent un fonctionnement de 36 mois dans des conditions normales d&#8217;utilisation.<br \/>\nLes capteurs d&#8217;oxyg\u00e8ne \u00e0 longue dur\u00e9e de vie assurent 36 mois de fonctionnement dans des conditions normales d&#8217;utilisation.<br \/>\n&gt; Alarmes sonores et visuelles au point de surveillance et pas seulement \u00e0 distance.<br \/>\nAlarmes sonores\/visuelles au point de surveillance et pas seulement \u00e0 distance.<br \/>\n&gt; Alarmes sonores et visuelles au point de surveillance et pas seulement \u00e0 distance.<br \/>\nOptions de surveillance de l&#8217;enrichissement en oxyg\u00e8ne, de l&#8217;insuffisance d&#8217;oxyg\u00e8ne et du niveau haut\/bas<br \/>\n&gt; Connexions simples et s\u00fbres aux modules r\u00e9p\u00e9titeurs \u00e0 l&#8217;aide d&#8217;un<br \/>\nConnexions simples et s\u00fbres aux modules r\u00e9p\u00e9teurs \u00e0 l&#8217;aide d&#8217;un connecteur pr\u00e9-c\u00e2bl\u00e9 (jusqu&#8217;\u00e0 un maximum de 100m).<br \/>\n&gt; Syst\u00e8me modulaire qui permet aux utilisateurs de concevoir et de personnaliser enti\u00e8rement le syst\u00e8me pour qu&#8217;il corresponde exactement \u00e0 leurs besoins.<br \/>\nSyst\u00e8me modulaire qui permet aux utilisateurs de concevoir et de personnaliser enti\u00e8rement le syst\u00e8me pour r\u00e9pondre \u00e0 leurs besoins exacts.<br \/>\n&gt; Le clignotement de confiance sur le moniteur d&#8217;oxyg\u00e8ne confirme l&#8217;\u00e9tat op\u00e9rationnel du syst\u00e8me.<br \/>\nL&#8217;indicateur d&#8217;oxyg\u00e8ne confirme l&#8217;\u00e9tat de fonctionnement du syst\u00e8me.<br \/>\n&gt; Alimentation par batterie pour un fonctionnement continu en cas de panne de courant.<br \/>\nAlimentation par batterie pour un fonctionnement continu en cas de panne de courant.<\/p>\n<p><strong>APPLICATIONS<\/strong><\/p>\n<p>Le moniteur d&#8217;oxyg\u00e8ne AirSafe O2 peut \u00eatre utilis\u00e9 comme<br \/>\nautonome avec ses propres alarmes sonores et visuelles<br \/>\nsonores et visuelles, ou reli\u00e9 \u00e0 d&#8217;autres modules r\u00e9p\u00e9titeurs<br \/>\npour reproduire l&#8217;\u00e9tat du moniteur. Les modules r\u00e9p\u00e9teurs<br \/>\npeuvent \u00eatre connect\u00e9s \u00e0 l&#8217;AirSafe O2 et plac\u00e9s \u00e0 l&#8217;ext\u00e9rieur de la zone surveill\u00e9e pour avertir les utilisateurs.<br \/>\nen dehors de la zone surveill\u00e9e pour avertir les utilisateurs<br \/>\nau point d&#8217;entr\u00e9e. Le syst\u00e8me peut \u00eatre enti\u00e8rement<br \/>\npersonnalis\u00e9 pour permettre la surveillance de plusieurs sites<br \/>\net d&#8217;autres modules peuvent \u00eatre facilement ajout\u00e9s ult\u00e9rieurement<br \/>\nd&#8217;autres modules peuvent \u00eatre ajout\u00e9s ult\u00e9rieurement pour \u00e9tendre la port\u00e9e du syst\u00e8me.<br \/>\nNB Les d\u00e9tecteurs de manque d&#8217;oxyg\u00e8ne ne doivent pas \u00eatre utilis\u00e9s pour la d\u00e9tection du gaz carbonique.<\/p>\n<p><a href=\"https:\/\/www.deltamicroscopies.com\/wp-content\/uploads\/2020\/02\/AirSafe-O2-datasheet_28.04.21.pdf\">Fiche Technique AirSafe O2\u00a0<\/a><\/p>\n","protected":false},"excerpt":{"rendered":"<p>Le moniteur et alarme d&#8217;oxyg\u00e8ne AirSafe O2 est un moniteur de manque d&#8217;oxyg\u00e8ne modulaire, facile \u00e0 installer, \u00e0 montage mural et un syst\u00e8me d&#8217;alarme d&#8217;avertissement, fournissant une surveillance continue de la concentration d&#8217;oxyg\u00e8ne dans l&#8217;air ambiant et des alarmes visuelles et sonores lorsque celles-ci tombent en dehors de pr\u00e9- d\u00e9finir des niveaux.<\/p>\n","protected":false},"featured_media":306447,"comment_status":"open","ping_status":"closed","template":"","meta":{"_et_pb_use_builder":"","_et_pb_old_content":"","_et_gb_content_width":"","inline_featured_image":false},"product_brand":[],"product_cat":[1099,1100],"product_tag":[],"class_list":{"0":"post-291653","1":"product","2":"type-product","3":"status-publish","4":"has-post-thumbnail","6":"product_cat-alarm-safety-ln2-en","7":"product_cat-cryo-methodes-en","9":"first","10":"instock","11":"taxable","12":"shipping-taxable","13":"purchasable","14":"product-type-simple"},"yoast_head":"<!-- This site is optimized with the Yoast SEO plugin v27.4 - https:\/\/yoast.com\/product\/yoast-seo-wordpress\/ -->\n<title>AIRSAFE O2 - Delta Microscopies<\/title>\n<meta name=\"robots\" content=\"index, follow, max-snippet:-1, max-image-preview:large, max-video-preview:-1\" \/>\n<link rel=\"canonical\" href=\"https:\/\/www.deltamicroscopies.com\/en\/products\/qfm330-o2-deficiency-monitor\/\" \/>\n<meta property=\"og:locale\" content=\"en_US\" \/>\n<meta property=\"og:type\" content=\"article\" \/>\n<meta property=\"og:title\" content=\"AIRSAFE O2 - Delta Microscopies\" \/>\n<meta property=\"og:description\" content=\"Le moniteur et alarme d&#039;oxyg\u00e8ne AirSafe O2 est un moniteur de manque d&#039;oxyg\u00e8ne modulaire, facile \u00e0 installer, \u00e0 montage mural et un syst\u00e8me d&#039;alarme d&#039;avertissement, fournissant une surveillance continue de la concentration d&#039;oxyg\u00e8ne dans l&#039;air ambiant et des alarmes visuelles et sonores lorsque celles-ci tombent en dehors de pr\u00e9- d\u00e9finir des niveaux.\" \/>\n<meta property=\"og:url\" content=\"https:\/\/www.deltamicroscopies.com\/en\/products\/qfm330-o2-deficiency-monitor\/\" \/>\n<meta property=\"og:site_name\" content=\"Delta Microscopies\" \/>\n<meta property=\"article:modified_time\" content=\"2023-03-13T10:34:26+00:00\" \/>\n<meta property=\"og:image\" content=\"https:\/\/www.deltamicroscopies.com\/wp-content\/uploads\/2020\/02\/airsafeO2.jpg\" \/>\n\t<meta property=\"og:image:width\" content=\"257\" \/>\n\t<meta property=\"og:image:height\" content=\"257\" \/>\n\t<meta property=\"og:image:type\" content=\"image\/jpeg\" \/>\n<meta name=\"twitter:label1\" content=\"Est. reading time\" \/>\n\t<meta name=\"twitter:data1\" content=\"2 minutes\" \/>\n<!-- \/ Yoast SEO plugin. -->","yoast_head_json":{"title":"AIRSAFE O2 - Delta Microscopies","robots":{"index":"index","follow":"follow","max-snippet":"max-snippet:-1","max-image-preview":"max-image-preview:large","max-video-preview":"max-video-preview:-1"},"canonical":"https:\/\/www.deltamicroscopies.com\/en\/products\/qfm330-o2-deficiency-monitor\/","og_locale":"en_US","og_type":"article","og_title":"AIRSAFE O2 - Delta Microscopies","og_description":"Le moniteur et alarme d'oxyg\u00e8ne AirSafe O2 est un moniteur de manque d'oxyg\u00e8ne modulaire, facile \u00e0 installer, \u00e0 montage mural et un syst\u00e8me d'alarme d'avertissement, fournissant une surveillance continue de la concentration d'oxyg\u00e8ne dans l'air ambiant et des alarmes visuelles et sonores lorsque celles-ci tombent en dehors de pr\u00e9- d\u00e9finir des niveaux.","og_url":"https:\/\/www.deltamicroscopies.com\/en\/products\/qfm330-o2-deficiency-monitor\/","og_site_name":"Delta Microscopies","article_modified_time":"2023-03-13T10:34:26+00:00","og_image":[{"width":257,"height":257,"url":"https:\/\/www.deltamicroscopies.com\/wp-content\/uploads\/2020\/02\/airsafeO2.jpg","type":"image\/jpeg"}],"twitter_misc":{"Est. reading time":"2 minutes"},"schema":{"@context":"https:\/\/schema.org","@graph":[{"@type":"WebPage","@id":"https:\/\/www.deltamicroscopies.com\/en\/products\/qfm330-o2-deficiency-monitor\/","url":"https:\/\/www.deltamicroscopies.com\/en\/products\/qfm330-o2-deficiency-monitor\/","name":"AIRSAFE O2 - Delta Microscopies","isPartOf":{"@id":"https:\/\/www.deltamicroscopies.com\/en\/#website"},"primaryImageOfPage":{"@id":"https:\/\/www.deltamicroscopies.com\/en\/products\/qfm330-o2-deficiency-monitor\/#primaryimage"},"image":{"@id":"https:\/\/www.deltamicroscopies.com\/en\/products\/qfm330-o2-deficiency-monitor\/#primaryimage"},"thumbnailUrl":"https:\/\/efb7cwj5g4q.exactdn.com\/wp-content\/uploads\/2020\/02\/airsafeO2.jpg?strip=all","datePublished":"2020-02-28T13:40:15+00:00","dateModified":"2023-03-13T10:34:26+00:00","breadcrumb":{"@id":"https:\/\/www.deltamicroscopies.com\/en\/products\/qfm330-o2-deficiency-monitor\/#breadcrumb"},"inLanguage":"en-US","potentialAction":[{"@type":"ReadAction","target":["https:\/\/www.deltamicroscopies.com\/en\/products\/qfm330-o2-deficiency-monitor\/"]}]},{"@type":"ImageObject","inLanguage":"en-US","@id":"https:\/\/www.deltamicroscopies.com\/en\/products\/qfm330-o2-deficiency-monitor\/#primaryimage","url":"https:\/\/efb7cwj5g4q.exactdn.com\/wp-content\/uploads\/2020\/02\/airsafeO2.jpg?strip=all","contentUrl":"https:\/\/efb7cwj5g4q.exactdn.com\/wp-content\/uploads\/2020\/02\/airsafeO2.jpg?strip=all","width":257,"height":257},{"@type":"BreadcrumbList","@id":"https:\/\/www.deltamicroscopies.com\/en\/products\/qfm330-o2-deficiency-monitor\/#breadcrumb","itemListElement":[{"@type":"ListItem","position":1,"name":"Accueil","item":"https:\/\/www.deltamicroscopies.com\/en\/home-3\/"},{"@type":"ListItem","position":2,"name":"Our products","item":"https:\/\/www.deltamicroscopies.com\/en\/shop\/"},{"@type":"ListItem","position":3,"name":"AIRSAFE O2"}]},{"@type":"WebSite","@id":"https:\/\/www.deltamicroscopies.com\/en\/#website","url":"https:\/\/www.deltamicroscopies.com\/en\/","name":"Delta Microscopies","description":"Des microscopistes \u00e0 votre service.","publisher":{"@id":"https:\/\/www.deltamicroscopies.com\/en\/#organization"},"potentialAction":[{"@type":"SearchAction","target":{"@type":"EntryPoint","urlTemplate":"https:\/\/www.deltamicroscopies.com\/en\/?s={search_term_string}"},"query-input":{"@type":"PropertyValueSpecification","valueRequired":true,"valueName":"search_term_string"}}],"inLanguage":"en-US"},{"@type":"Organization","@id":"https:\/\/www.deltamicroscopies.com\/en\/#organization","name":"Delta Microscopies","url":"https:\/\/www.deltamicroscopies.com\/en\/","logo":{"@type":"ImageObject","inLanguage":"en-US","@id":"https:\/\/www.deltamicroscopies.com\/en\/#\/schema\/logo\/image\/","url":"https:\/\/efb7cwj5g4q.exactdn.com\/wp-content\/uploads\/2019\/09\/DELTAM_LOGO_RVB-1-1.png?strip=all&lossy=1&ssl=1","contentUrl":"https:\/\/efb7cwj5g4q.exactdn.com\/wp-content\/uploads\/2019\/09\/DELTAM_LOGO_RVB-1-1.png?strip=all&lossy=1&ssl=1","width":688,"height":177,"caption":"Delta Microscopies"},"image":{"@id":"https:\/\/www.deltamicroscopies.com\/en\/#\/schema\/logo\/image\/"},"sameAs":["https:\/\/www.instagram.com\/emsdiasum\/","https:\/\/www.youtube.com\/channel\/UCkSsQQq74DhyLXNg_9RPorQ"]}]}},"_links":{"self":[{"href":"https:\/\/www.deltamicroscopies.com\/en\/wp-json\/wp\/v2\/product\/291653","targetHints":{"allow":["GET"]}}],"collection":[{"href":"https:\/\/www.deltamicroscopies.com\/en\/wp-json\/wp\/v2\/product"}],"about":[{"href":"https:\/\/www.deltamicroscopies.com\/en\/wp-json\/wp\/v2\/types\/product"}],"replies":[{"embeddable":true,"href":"https:\/\/www.deltamicroscopies.com\/en\/wp-json\/wp\/v2\/comments?post=291653"}],"wp:featuredmedia":[{"embeddable":true,"href":"https:\/\/www.deltamicroscopies.com\/en\/wp-json\/wp\/v2\/media\/306447"}],"wp:attachment":[{"href":"https:\/\/www.deltamicroscopies.com\/en\/wp-json\/wp\/v2\/media?parent=291653"}],"wp:term":[{"taxonomy":"product_brand","embeddable":true,"href":"https:\/\/www.deltamicroscopies.com\/en\/wp-json\/wp\/v2\/product_brand?post=291653"},{"taxonomy":"product_cat","embeddable":true,"href":"https:\/\/www.deltamicroscopies.com\/en\/wp-json\/wp\/v2\/product_cat?post=291653"},{"taxonomy":"product_tag","embeddable":true,"href":"https:\/\/www.deltamicroscopies.com\/en\/wp-json\/wp\/v2\/product_tag?post=291653"}],"curies":[{"name":"wp","href":"https:\/\/api.w.org\/{rel}","templated":true}]}}