{"id":293761,"date":"2018-11-06T12:03:23","date_gmt":"2018-11-06T11:03:23","guid":{"rendered":"https:\/\/www.deltamicroscopies.com\/produit\/em-tec-j10p-jeol-o9-5mm-adapter-for-pin-stubs-o9-5x9-5mm\/"},"modified":"2023-06-26T14:56:08","modified_gmt":"2023-06-26T13:56:08","slug":"em-tec-j10p-jeol-o9-5mm-adapter-for-pin-stubs-o9-5x9-5mm","status":"publish","type":"product","link":"https:\/\/www.deltamicroscopies.com\/en\/products\/em-tec-j10p-jeol-o9-5mm-adapter-for-pin-stubs-o9-5x9-5mm\/","title":{"rendered":"EM-Tec J10P JEOL \u00d89.5mm adapter for pin stubs, \u00d89.5&#215;9.5mm"},"content":{"rendered":"<p>EM-Tec J10P JEOL \u00d89.5&#215;9.5 mm adapter for pin stubs with \u00d83.2mm diameter standard and short pins. Enables the use of the popular pin stubs on JEOL SEMs. Set screw is used to secure stem of the pin stub. Machined from vacuum grade aluminium. Overall size is \u00d89.5&#215;9.5mm. Includes allen key.<\/p>\n<p>For JEOL stub adapters for using different stubs in JEOL SEMs and the JEOL Neoscope table op SEMs<\/p>\n","protected":false},"excerpt":{"rendered":"<h3><\/h3>\n<h4><strong>each<\/strong><\/h4>\n","protected":false},"featured_media":284824,"comment_status":"open","ping_status":"closed","template":"","meta":{"_et_pb_use_builder":"","_et_pb_old_content":"","_et_gb_content_width":"","inline_featured_image":false},"product_brand":[1915],"product_cat":[1376,1435,1296,1439,1365],"product_tag":[1506,1507],"class_list":{"0":"post-293761","1":"product","2":"type-product","3":"status-publish","4":"has-post-thumbnail","6":"product_brand-jeol","7":"product_cat-accessoires-par-marque-de-microscope-en","8":"product_cat-adaptateurs-en","9":"product_cat-supports-et-adaptateurs-en","10":"product_cat-jeol-et-neoscope-en","11":"product_cat-meb-sem-en","12":"product_tag-adapter-en","13":"product_tag-jeol-en","15":"first","16":"instock","17":"taxable","18":"shipping-taxable","19":"purchasable","20":"product-type-simple"},"yoast_head":"<!-- This site is optimized with the Yoast SEO plugin v27.4 - https:\/\/yoast.com\/product\/yoast-seo-wordpress\/ -->\n<title>EM-Tec J10P JEOL \u00d89.5mm adapter for pin stubs, \u00d89.5x9.5mm - Delta Microscopies<\/title>\n<meta name=\"robots\" content=\"index, follow, max-snippet:-1, max-image-preview:large, max-video-preview:-1\" \/>\n<link rel=\"canonical\" href=\"https:\/\/www.deltamicroscopies.com\/en\/products\/em-tec-j10p-jeol-o9-5mm-adapter-for-pin-stubs-o9-5x9-5mm\/\" \/>\n<meta property=\"og:locale\" content=\"en_US\" \/>\n<meta property=\"og:type\" content=\"article\" \/>\n<meta property=\"og:title\" content=\"EM-Tec J10P JEOL \u00d89.5mm adapter for pin stubs, \u00d89.5x9.5mm - Delta Microscopies\" \/>\n<meta property=\"og:description\" content=\"each\" \/>\n<meta property=\"og:url\" content=\"https:\/\/www.deltamicroscopies.com\/en\/products\/em-tec-j10p-jeol-o9-5mm-adapter-for-pin-stubs-o9-5x9-5mm\/\" \/>\n<meta property=\"og:site_name\" content=\"Delta Microscopies\" \/>\n<meta property=\"article:modified_time\" content=\"2023-06-26T13:56:08+00:00\" \/>\n<meta property=\"og:image\" content=\"https:\/\/www.deltamicroscopies.com\/wp-content\/uploads\/2018\/11\/D11-000503-EM-Tec_J10P_JEOL-9mm-adapter-for-pin-stubs-9x9mm-small.jpg\" \/>\n\t<meta property=\"og:image:width\" content=\"300\" \/>\n\t<meta property=\"og:image:height\" content=\"300\" \/>\n\t<meta property=\"og:image:type\" content=\"image\/jpeg\" \/>\n<!-- \/ Yoast SEO plugin. -->","yoast_head_json":{"title":"EM-Tec J10P JEOL \u00d89.5mm adapter for pin stubs, \u00d89.5x9.5mm - Delta Microscopies","robots":{"index":"index","follow":"follow","max-snippet":"max-snippet:-1","max-image-preview":"max-image-preview:large","max-video-preview":"max-video-preview:-1"},"canonical":"https:\/\/www.deltamicroscopies.com\/en\/products\/em-tec-j10p-jeol-o9-5mm-adapter-for-pin-stubs-o9-5x9-5mm\/","og_locale":"en_US","og_type":"article","og_title":"EM-Tec J10P JEOL \u00d89.5mm adapter for pin stubs, \u00d89.5x9.5mm - Delta Microscopies","og_description":"each","og_url":"https:\/\/www.deltamicroscopies.com\/en\/products\/em-tec-j10p-jeol-o9-5mm-adapter-for-pin-stubs-o9-5x9-5mm\/","og_site_name":"Delta Microscopies","article_modified_time":"2023-06-26T13:56:08+00:00","og_image":[{"width":300,"height":300,"url":"https:\/\/www.deltamicroscopies.com\/wp-content\/uploads\/2018\/11\/D11-000503-EM-Tec_J10P_JEOL-9mm-adapter-for-pin-stubs-9x9mm-small.jpg","type":"image\/jpeg"}],"schema":{"@context":"https:\/\/schema.org","@graph":[{"@type":"WebPage","@id":"https:\/\/www.deltamicroscopies.com\/en\/products\/em-tec-j10p-jeol-o9-5mm-adapter-for-pin-stubs-o9-5x9-5mm\/","url":"https:\/\/www.deltamicroscopies.com\/en\/products\/em-tec-j10p-jeol-o9-5mm-adapter-for-pin-stubs-o9-5x9-5mm\/","name":"EM-Tec J10P JEOL \u00d89.5mm adapter for pin stubs, \u00d89.5x9.5mm - Delta Microscopies","isPartOf":{"@id":"https:\/\/www.deltamicroscopies.com\/en\/#website"},"primaryImageOfPage":{"@id":"https:\/\/www.deltamicroscopies.com\/en\/products\/em-tec-j10p-jeol-o9-5mm-adapter-for-pin-stubs-o9-5x9-5mm\/#primaryimage"},"image":{"@id":"https:\/\/www.deltamicroscopies.com\/en\/products\/em-tec-j10p-jeol-o9-5mm-adapter-for-pin-stubs-o9-5x9-5mm\/#primaryimage"},"thumbnailUrl":"https:\/\/efb7cwj5g4q.exactdn.com\/wp-content\/uploads\/2018\/11\/D11-000503-EM-Tec_J10P_JEOL-9mm-adapter-for-pin-stubs-9x9mm-small.jpg?strip=all","datePublished":"2018-11-06T11:03:23+00:00","dateModified":"2023-06-26T13:56:08+00:00","breadcrumb":{"@id":"https:\/\/www.deltamicroscopies.com\/en\/products\/em-tec-j10p-jeol-o9-5mm-adapter-for-pin-stubs-o9-5x9-5mm\/#breadcrumb"},"inLanguage":"en-US","potentialAction":[{"@type":"ReadAction","target":["https:\/\/www.deltamicroscopies.com\/en\/products\/em-tec-j10p-jeol-o9-5mm-adapter-for-pin-stubs-o9-5x9-5mm\/"]}]},{"@type":"ImageObject","inLanguage":"en-US","@id":"https:\/\/www.deltamicroscopies.com\/en\/products\/em-tec-j10p-jeol-o9-5mm-adapter-for-pin-stubs-o9-5x9-5mm\/#primaryimage","url":"https:\/\/efb7cwj5g4q.exactdn.com\/wp-content\/uploads\/2018\/11\/D11-000503-EM-Tec_J10P_JEOL-9mm-adapter-for-pin-stubs-9x9mm-small.jpg?strip=all","contentUrl":"https:\/\/efb7cwj5g4q.exactdn.com\/wp-content\/uploads\/2018\/11\/D11-000503-EM-Tec_J10P_JEOL-9mm-adapter-for-pin-stubs-9x9mm-small.jpg?strip=all","width":300,"height":300},{"@type":"BreadcrumbList","@id":"https:\/\/www.deltamicroscopies.com\/en\/products\/em-tec-j10p-jeol-o9-5mm-adapter-for-pin-stubs-o9-5x9-5mm\/#breadcrumb","itemListElement":[{"@type":"ListItem","position":1,"name":"Accueil","item":"https:\/\/www.deltamicroscopies.com\/en\/home-3\/"},{"@type":"ListItem","position":2,"name":"Our products","item":"https:\/\/www.deltamicroscopies.com\/en\/shop\/"},{"@type":"ListItem","position":3,"name":"EM-Tec J10P JEOL \u00d89.5mm adapter for pin stubs, \u00d89.5&#215;9.5mm"}]},{"@type":"WebSite","@id":"https:\/\/www.deltamicroscopies.com\/en\/#website","url":"https:\/\/www.deltamicroscopies.com\/en\/","name":"Delta Microscopies","description":"Des microscopistes \u00e0 votre service.","publisher":{"@id":"https:\/\/www.deltamicroscopies.com\/en\/#organization"},"potentialAction":[{"@type":"SearchAction","target":{"@type":"EntryPoint","urlTemplate":"https:\/\/www.deltamicroscopies.com\/en\/?s={search_term_string}"},"query-input":{"@type":"PropertyValueSpecification","valueRequired":true,"valueName":"search_term_string"}}],"inLanguage":"en-US"},{"@type":"Organization","@id":"https:\/\/www.deltamicroscopies.com\/en\/#organization","name":"Delta Microscopies","url":"https:\/\/www.deltamicroscopies.com\/en\/","logo":{"@type":"ImageObject","inLanguage":"en-US","@id":"https:\/\/www.deltamicroscopies.com\/en\/#\/schema\/logo\/image\/","url":"https:\/\/efb7cwj5g4q.exactdn.com\/wp-content\/uploads\/2019\/09\/DELTAM_LOGO_RVB-1-1.png?strip=all&lossy=1&ssl=1","contentUrl":"https:\/\/efb7cwj5g4q.exactdn.com\/wp-content\/uploads\/2019\/09\/DELTAM_LOGO_RVB-1-1.png?strip=all&lossy=1&ssl=1","width":688,"height":177,"caption":"Delta Microscopies"},"image":{"@id":"https:\/\/www.deltamicroscopies.com\/en\/#\/schema\/logo\/image\/"},"sameAs":["https:\/\/www.instagram.com\/emsdiasum\/","https:\/\/www.youtube.com\/channel\/UCkSsQQq74DhyLXNg_9RPorQ"]}]}},"_links":{"self":[{"href":"https:\/\/www.deltamicroscopies.com\/en\/wp-json\/wp\/v2\/product\/293761","targetHints":{"allow":["GET"]}}],"collection":[{"href":"https:\/\/www.deltamicroscopies.com\/en\/wp-json\/wp\/v2\/product"}],"about":[{"href":"https:\/\/www.deltamicroscopies.com\/en\/wp-json\/wp\/v2\/types\/product"}],"replies":[{"embeddable":true,"href":"https:\/\/www.deltamicroscopies.com\/en\/wp-json\/wp\/v2\/comments?post=293761"}],"wp:featuredmedia":[{"embeddable":true,"href":"https:\/\/www.deltamicroscopies.com\/en\/wp-json\/wp\/v2\/media\/284824"}],"wp:attachment":[{"href":"https:\/\/www.deltamicroscopies.com\/en\/wp-json\/wp\/v2\/media?parent=293761"}],"wp:term":[{"taxonomy":"product_brand","embeddable":true,"href":"https:\/\/www.deltamicroscopies.com\/en\/wp-json\/wp\/v2\/product_brand?post=293761"},{"taxonomy":"product_cat","embeddable":true,"href":"https:\/\/www.deltamicroscopies.com\/en\/wp-json\/wp\/v2\/product_cat?post=293761"},{"taxonomy":"product_tag","embeddable":true,"href":"https:\/\/www.deltamicroscopies.com\/en\/wp-json\/wp\/v2\/product_tag?post=293761"}],"curies":[{"name":"wp","href":"https:\/\/api.w.org\/{rel}","templated":true}]}}