{"id":293908,"date":"2019-10-15T15:36:42","date_gmt":"2019-10-15T14:36:42","guid":{"rendered":"https:\/\/www.deltamicroscopies.com\/produit\/grids-grilles-200-mesh-cu-ni-alphanumeric-code-finder-gilder\/"},"modified":"2023-02-03T16:49:11","modified_gmt":"2023-02-03T15:49:11","slug":"grids-grilles-200-mesh-cu-ni-alphanumeric-code-finder-gilder","status":"publish","type":"product","link":"https:\/\/www.deltamicroscopies.com\/en\/products\/grids-grilles-200-mesh-cu-ni-alphanumeric-code-finder-gilder\/","title":{"rendered":"Grids \/ grilles 200 Mesh ( Cu, Ni&#8230;) alphanumeric code- Finder &#8211; Gilder"},"content":{"rendered":"<p>A reliable support specimen grid source. Features: well-defined grid bars, maximum open area, and a matte\/shiny side. Each grid is individually inspected. Newly introduced are copper grids with palladium plating. This plating offers better grid strength and avoids tarnishing. Also new are Copper-Rhodium (Cu-Rh) grids in mesh sizes 200 and 300.<\/p>\n<p>Gilder Finder Grids<br \/>\n3.05mm diameter, 0.7 mil (18\u00b5m) thickness<br \/>\nMaterial: Copper (Cu), Nickel (Ni), Gold (Au),<\/p>\n<p>\u2074\u00a0Thick bars dividing regions into 6 thin bar areas, which are identified by a numeric system.<br \/>\n\u2075 Thick bars dividing regions into 9 thin bar areas, which are identified by alphabetical letters located in the center of the grid.<br \/>\n\u2076\u00a0Each of the 322 grids squares, can be identified by reference to its unique combination of base 2 binary number and alphabet symbol (A-T). 0 is a short rounded solid pillar and 1 is a longer rounded solid pillar.<br \/>\n\u2077\u00a0The block of 625 (25&#215;25) individual cells is divided into smaller blocks bounded by thicker crenellated bars. Each small block of 25 cells has a central alphabet letter from A to Y for identification purposes.<br \/>\n\u2078\u00a0The block of 1152 (32&#215;36) individual cells is divided into smaller blocks bounded by thicker crenellated bars. Each small block of 36 (6&#215;6) cells has a central number from 1 to 32 for identification purposes..<\/p>\n<p>&nbsp;<\/p>\n<table style=\"border-style: solid; border-color: #000000; width: 489px; height: 561px;\">\n<tbody>\n<tr style=\"height: 23px;\">\n<td style=\"border-style: solid; border-color: #000000; width: 55.5px; height: 23px; text-align: center;\">Mesh<\/td>\n<td style=\"border-style: solid; border-color: #000000; width: 105.93px; height: 23px; text-align: center;\">Cat#<\/td>\n<td style=\"border-style: solid; border-color: #000000; width: 71.64px; height: 23px; text-align: center;\">Packed<\/td>\n<td style=\"border-style: solid; border-color: #000000; width: 67.61px; height: 23px; text-align: center;\">Pitch (\u00b5m)<\/td>\n<td style=\"border-style: solid; border-color: #000000; width: 70.63px; height: 23px; text-align: center;\">Hole (\u00b5m)<\/td>\n<td style=\"border-style: solid; border-color: #000000; width: 77.69px; height: 23px; text-align: center;\">Bar (\u00b5m)<\/td>\n<\/tr>\n<tr style=\"height: 23px;\">\n<td style=\"border-style: solid; border-color: #000000; width: 55.5px; height: 91px;\" rowspan=\"4\">200 mesh\u2074<\/td>\n<td style=\"border-style: solid; border-color: #000000; width: 105.93px; height: 23px;\">DG200F1-Cu<\/td>\n<td style=\"border-style: solid; border-color: #000000; width: 71.64px; height: 23px;\">100\/vial<\/td>\n<td style=\"border-style: solid; border-color: #000000; width: 67.61px; height: 23px;\">125<\/td>\n<td style=\"border-style: solid; border-color: #000000; width: 70.63px; height: 23px;\">90-100<\/td>\n<td style=\"border-style: solid; border-color: #000000; width: 77.69px; height: 23px;\">35-12<\/td>\n<\/tr>\n<tr style=\"height: 22px;\">\n<td style=\"border-style: solid; border-color: #000000; width: 105.93px; height: 22px;\">DG200F1-Ni<\/td>\n<td style=\"border-style: solid; border-color: #000000; width: 71.64px; height: 22px;\">100\/vial<\/td>\n<td style=\"border-style: solid; border-color: #000000; width: 67.61px; height: 22px;\">125<\/td>\n<td style=\"border-style: solid; border-color: #000000; width: 70.63px; height: 22px;\">90-100<\/td>\n<td style=\"border-style: solid; border-color: #000000; width: 77.69px; height: 22px;\">35-12<\/td>\n<\/tr>\n<tr style=\"height: 23px;\">\n<td style=\"border-style: solid; border-color: #000000; width: 105.93px; height: 23px;\"><\/td>\n<td style=\"border-style: solid; border-color: #000000; width: 71.64px; height: 23px;\"><\/td>\n<td style=\"border-style: solid; border-color: #000000; width: 67.61px; height: 23px;\"><\/td>\n<td style=\"border-style: solid; border-color: #000000; width: 70.63px; height: 23px;\"><\/td>\n<td style=\"border-style: solid; border-color: #000000; width: 77.69px; height: 23px;\"><\/td>\n<\/tr>\n<tr style=\"height: 23px;\">\n<td style=\"border-style: solid; border-color: #000000; width: 105.93px; height: 23px;\">DG200F1-Au<\/td>\n<td style=\"border-style: solid; border-color: #000000; width: 71.64px; height: 23px;\">50\/vial<\/td>\n<td style=\"border-style: solid; border-color: #000000; width: 67.61px; height: 23px;\">125<\/td>\n<td style=\"border-style: solid; border-color: #000000; width: 70.63px; height: 23px;\">90-100<\/td>\n<td style=\"border-style: solid; border-color: #000000; width: 77.69px; height: 23px;\">35-12<\/td>\n<\/tr>\n<tr style=\"height: 23px;\">\n<td style=\"border-style: solid; border-color: #000000; width: 55.5px; height: 92px;\" rowspan=\"4\"><span style=\"display: inline !important; float: none; background-color: transparent; color: #666666; cursor: text; font-family: 'Open Sans',Arial,sans-serif; font-size: 14px; font-style: normal; font-variant: normal; font-weight: 500; letter-spacing: normal; orphans: 2; text-align: left; text-decoration: none; text-indent: 0px; text-transform: none; -webkit-text-stroke-width: 0px; white-space: normal; word-spacing: 0px;\">200 mesh\u2075<\/span><\/td>\n<td style=\"border-style: solid; border-color: #000000; width: 105.93px; height: 23px;\">DG200F2-Cu<\/td>\n<td style=\"border-style: solid; border-color: #000000; width: 71.64px; height: 23px;\">100\/vial<\/td>\n<td style=\"border-style: solid; border-color: #000000; width: 67.61px; height: 23px;\">125<\/td>\n<td style=\"border-style: solid; border-color: #000000; width: 70.63px; height: 23px;\">106<\/td>\n<td style=\"border-style: solid; border-color: #000000; width: 77.69px; height: 23px;\">25-12<\/td>\n<\/tr>\n<tr style=\"height: 23px;\">\n<td style=\"border-style: solid; border-color: #000000; width: 105.93px; height: 23px;\">DG200F2-Ni<\/td>\n<td style=\"border-style: solid; border-color: #000000; width: 71.64px; height: 23px;\">100\/vial<\/td>\n<td style=\"border-style: solid; border-color: #000000; width: 67.61px; height: 23px;\">125<\/td>\n<td style=\"border-style: solid; border-color: #000000; width: 70.63px; height: 23px;\">106<\/td>\n<td style=\"border-style: solid; border-color: #000000; width: 77.69px; height: 23px;\">25-12<\/td>\n<\/tr>\n<tr style=\"height: 23px;\">\n<td style=\"border-style: solid; border-color: #000000; width: 105.93px; height: 23px;\"><\/td>\n<td style=\"border-style: solid; border-color: #000000; width: 71.64px; height: 23px;\"><\/td>\n<td style=\"border-style: solid; border-color: #000000; width: 67.61px; height: 23px;\"><\/td>\n<td style=\"border-style: solid; border-color: #000000; width: 70.63px; height: 23px;\"><\/td>\n<td style=\"border-style: solid; border-color: #000000; width: 77.69px; height: 23px;\"><\/td>\n<\/tr>\n<tr style=\"height: 23px;\">\n<td style=\"border-style: solid; border-color: #000000; width: 105.93px; height: 23px;\">DG200F2-Au<\/td>\n<td style=\"border-style: solid; border-color: #000000; width: 71.64px; height: 23px;\">50\/vial<\/td>\n<td style=\"border-style: solid; border-color: #000000; width: 67.61px; height: 23px;\">125<\/td>\n<td style=\"border-style: solid; border-color: #000000; width: 70.63px; height: 23px;\">106<\/td>\n<td style=\"border-style: solid; border-color: #000000; width: 77.69px; height: 23px;\">25-12<\/td>\n<\/tr>\n<tr style=\"height: 23px;\">\n<td style=\"border-style: solid; border-color: #000000; width: 55.5px; height: 46px;\" rowspan=\"2\">200 mesh<span style=\"display: inline !important; float: none; background-color: transparent; color: #666666; cursor: text; font-family: 'Open Sans',Arial,sans-serif; font-size: 14px; font-style: normal; font-variant: normal; font-weight: 500; letter-spacing: normal; orphans: 2; text-align: left; text-decoration: none; text-indent: 0px; text-transform: none; -webkit-text-stroke-width: 0px; white-space: normal; word-spacing: 0px;\">\u2076\u00a0<\/span><\/td>\n<td style=\"border-style: solid; border-color: #000000; width: 105.93px; height: 23px;\">DG200HF3-Cu<\/td>\n<td style=\"border-style: solid; border-color: #000000; width: 71.64px; height: 23px;\">25\/vial<\/td>\n<td style=\"border-style: solid; border-color: #000000; width: 67.61px; height: 23px;\">125<\/td>\n<td style=\"border-style: solid; border-color: #000000; width: 70.63px; height: 23px;\">&#8211;<\/td>\n<td style=\"border-style: solid; border-color: #000000; width: 77.69px; height: 23px;\">&#8211;<\/td>\n<\/tr>\n<tr style=\"height: 23px;\">\n<td style=\"border-style: solid; border-color: #000000; width: 105.93px; height: 23px;\">DG200HF3-Ni<\/td>\n<td style=\"border-style: solid; border-color: #000000; width: 71.64px; height: 23px;\">25\/vial<\/td>\n<td style=\"border-style: solid; border-color: #000000; width: 67.61px; height: 23px;\">125<\/td>\n<td style=\"border-style: solid; border-color: #000000; width: 70.63px; height: 23px;\">&#8211;<\/td>\n<td style=\"border-style: solid; border-color: #000000; width: 77.69px; height: 23px;\">&#8211;<\/td>\n<\/tr>\n<tr style=\"height: 10px;\">\n<td style=\"border-style: solid; border-color: #000000; width: 55.5px; height: 56px;\" rowspan=\"3\">3<span style=\"display: inline !important; float: none; background-color: transparent; color: #666666; cursor: text; font-family: 'Open Sans',Arial,sans-serif; font-size: 14px; font-style: normal; font-variant: normal; font-weight: 500; letter-spacing: normal; orphans: 2; text-align: left; text-decoration: none; text-indent: 0px; text-transform: none; -webkit-text-stroke-width: 0px; white-space: normal; word-spacing: 0px;\">00 mesh\u2077<\/span><\/td>\n<td style=\"border-style: solid; border-color: #000000; width: 105.93px; height: 10px;\">DG300F1-Cu<\/td>\n<td style=\"border-style: solid; border-color: #000000; width: 71.64px; height: 10px;\"><span style=\"font-family: 'Open Sans',Arial,sans-serif;\">100<span style=\"display: inline !important; float: none; background-color: transparent; color: #666666; cursor: text; font-family: 'Open Sans',Arial,sans-serif; font-size: 14px; font-style: normal; font-variant: normal; font-weight: 500; letter-spacing: normal; orphans: 2; text-align: left; text-decoration: none; text-indent: 0px; text-transform: none; -webkit-text-stroke-width: 0px; white-space: normal; word-spacing: 0px;\">\/vial<\/span><\/span><\/td>\n<td style=\"border-style: solid; border-color: #000000; width: 67.61px; height: 10px;\"><span style=\"font-family: 'Open Sans',Arial,sans-serif;\">83<\/span><\/td>\n<td style=\"border-style: solid; border-color: #000000; width: 70.63px; height: 10px;\">63<\/td>\n<td style=\"border-style: solid; border-color: #000000; width: 77.69px; height: 10px;\">20<\/td>\n<\/tr>\n<tr style=\"height: 23px;\">\n<td style=\"border-style: solid; border-color: #000000; width: 105.93px; height: 23px;\">DG300F1-Ni<\/td>\n<td style=\"border-style: solid; border-color: #000000; width: 71.64px; height: 23px;\"><span style=\"font-family: 'Open Sans',Arial,sans-serif;\">100<span style=\"display: inline !important; float: none; background-color: transparent; color: #666666; cursor: text; font-family: 'Open Sans',Arial,sans-serif; font-size: 14px; font-style: normal; font-variant: normal; font-weight: 500; letter-spacing: normal; orphans: 2; text-align: left; text-decoration: none; text-indent: 0px; text-transform: none; -webkit-text-stroke-width: 0px; white-space: normal; word-spacing: 0px;\">\/vial<\/span><\/span><\/td>\n<td style=\"border-style: solid; border-color: #000000; width: 67.61px; height: 23px;\">83<\/td>\n<td style=\"border-style: solid; border-color: #000000; width: 70.63px; height: 23px;\">63<\/td>\n<td style=\"border-style: solid; border-color: #000000; width: 77.69px; height: 23px;\">20<\/td>\n<\/tr>\n<tr style=\"height: 23px;\">\n<td style=\"border-style: solid; border-color: #000000; width: 105.93px; height: 23px;\">DG300F1-Au<\/td>\n<td style=\"border-style: solid; border-color: #000000; width: 71.64px; height: 23px;\"><span style=\"font-family: 'Open Sans',Arial,sans-serif;\">50<span style=\"display: inline !important; float: none; background-color: transparent; color: #666666; cursor: text; font-family: 'Open Sans',Arial,sans-serif; font-size: 14px; font-style: normal; font-variant: normal; font-weight: 500; letter-spacing: normal; orphans: 2; text-align: left; text-decoration: none; text-indent: 0px; text-transform: none; -webkit-text-stroke-width: 0px; white-space: normal; word-spacing: 0px;\">\/vial<\/span><\/span><\/td>\n<td style=\"border-style: solid; border-color: #000000; width: 67.61px; height: 23px;\">83<\/td>\n<td style=\"border-style: solid; border-color: #000000; width: 70.63px; height: 23px;\">63<\/td>\n<td style=\"border-style: solid; border-color: #000000; width: 77.69px; height: 23px;\">20<\/td>\n<\/tr>\n<tr style=\"height: 23px;\">\n<td style=\"border-style: solid; border-color: #000000; width: 55.5px; height: 69px;\" rowspan=\"3\"><span style=\"font-family: 'Open Sans',Arial,sans-serif;\">4<\/span>00 mesh\u2078<\/td>\n<td style=\"border-style: solid; border-color: #000000; width: 105.93px; height: 23px;\">DG400F1-Cu<\/td>\n<td style=\"border-style: solid; border-color: #000000; width: 71.64px; height: 23px;\">100\/vial<\/td>\n<td style=\"border-style: solid; border-color: #000000; width: 67.61px; height: 23px;\">62<\/td>\n<td style=\"border-style: solid; border-color: #000000; width: 70.63px; height: 23px;\">47<\/td>\n<td style=\"border-style: solid; border-color: #000000; width: 77.69px; height: 23px;\">15<\/td>\n<\/tr>\n<tr style=\"height: 23px;\">\n<td style=\"border-style: solid; border-color: #000000; width: 105.93px; height: 23px;\">DG400F1-Ni<\/td>\n<td style=\"border-style: solid; border-color: #000000; width: 71.64px; height: 23px;\">100\/vial<\/td>\n<td style=\"border-style: solid; border-color: #000000; width: 67.61px; height: 23px;\">62<\/td>\n<td style=\"border-style: solid; border-color: #000000; width: 70.63px; height: 23px;\">47<\/td>\n<td style=\"border-style: solid; border-color: #000000; width: 77.69px; height: 23px;\">15<\/td>\n<\/tr>\n<tr style=\"height: 23px;\">\n<td style=\"border-style: solid; border-color: #000000; width: 105.93px; height: 23px;\">DG400F1-Au<\/td>\n<td style=\"border-style: solid; border-color: #000000; width: 71.64px; height: 23px;\">50\/vial<\/td>\n<td style=\"border-style: solid; border-color: #000000; width: 67.61px; height: 23px;\">62<\/td>\n<td style=\"border-style: solid; border-color: #000000; width: 70.63px; height: 23px;\">47<\/td>\n<td style=\"border-style: solid; border-color: #000000; width: 77.69px; height: 23px;\">15<\/td>\n<\/tr>\n<\/tbody>\n<\/table>\n<p>&nbsp;<\/p>\n<p>La liste est non exhaustive.<br \/>\nN&#8217;h\u00e9sitez pas \u00e0 nous contacter si vous souhaitez des informations suppl\u00e9mentaires ou un autre produit.<\/p>\n<p>&nbsp;<\/p>\n","protected":false},"excerpt":{"rendered":"<p><span style=\"display: inline !important; float: none; background-color: transparent; color: #666666; cursor: text; font-family: 'Open Sans',Arial,sans-serif; font-size: 14px; font-style: normal; font-variant: normal; font-weight: 500; letter-spacing: normal; orphans: 2; text-align: left; text-decoration: none; text-indent: 0px; text-transform: none; -webkit-text-stroke-width: 0px; white-space: normal; word-spacing: 0px;\">3.05mm diameter, see chart for thickness<\/span><br \/>\n<span style=\"display: inline !important; float: none; background-color: transparent; color: #666666; cursor: text; font-family: 'Open Sans',Arial,sans-serif; font-size: 14px; font-style: normal; font-variant: normal; font-weight: 500; letter-spacing: normal; orphans: 2; text-align: left; text-decoration: none; text-indent: 0px; text-transform: none; -webkit-text-stroke-width: 0px; white-space: normal; word-spacing: 0px;\">Material: Copper (Cu), Copper-Rhodium (Cu-Rh), Nickel (Ni), Gold (Au), Molybdenum (Mo)<\/span><\/p>\n","protected":false},"featured_media":288003,"comment_status":"open","ping_status":"closed","template":"","meta":{"_et_pb_use_builder":"off","_et_pb_old_content":"","_et_gb_content_width":"","inline_featured_image":false},"product_brand":[],"product_cat":[1142,1145],"product_tag":[1520],"class_list":{"0":"post-293908","1":"product","2":"type-product","3":"status-publish","4":"has-post-thumbnail","6":"product_cat-finder-en-2","7":"product_cat-gilder-en","8":"product_tag-grid-en","10":"first","11":"instock","12":"taxable","13":"shipping-taxable","14":"purchasable","15":"product-type-variable"},"yoast_head":"<!-- This site is optimized with the Yoast SEO plugin v27.4 - https:\/\/yoast.com\/product\/yoast-seo-wordpress\/ -->\n<title>Grids \/ grilles 200 Mesh ( Cu, Ni...) alphanumeric code- Finder - Gilder - Delta Microscopies<\/title>\n<meta name=\"robots\" content=\"index, follow, max-snippet:-1, max-image-preview:large, max-video-preview:-1\" \/>\n<link rel=\"canonical\" href=\"https:\/\/www.deltamicroscopies.com\/en\/products\/grids-grilles-200-mesh-cu-ni-alphanumeric-code-finder-gilder\/\" \/>\n<meta property=\"og:locale\" content=\"en_US\" \/>\n<meta property=\"og:type\" content=\"article\" \/>\n<meta property=\"og:title\" content=\"Grids \/ grilles 200 Mesh ( Cu, Ni...) alphanumeric code- Finder - Gilder - Delta Microscopies\" \/>\n<meta property=\"og:description\" content=\"3.05mm diameter, see chart for thickness Material: Copper (Cu), Copper-Rhodium (Cu-Rh), Nickel (Ni), Gold (Au), Molybdenum (Mo)\" \/>\n<meta property=\"og:url\" content=\"https:\/\/www.deltamicroscopies.com\/en\/products\/grids-grilles-200-mesh-cu-ni-alphanumeric-code-finder-gilder\/\" \/>\n<meta property=\"og:site_name\" content=\"Delta Microscopies\" \/>\n<meta property=\"article:modified_time\" content=\"2023-02-03T15:49:11+00:00\" \/>\n<meta property=\"og:image\" content=\"https:\/\/www.deltamicroscopies.com\/wp-content\/uploads\/2019\/10\/g200hf3_ss.gif\" \/>\n\t<meta property=\"og:image:width\" content=\"200\" \/>\n\t<meta property=\"og:image:height\" content=\"200\" \/>\n\t<meta property=\"og:image:type\" content=\"image\/gif\" \/>\n<meta name=\"twitter:label1\" content=\"Est. reading time\" \/>\n\t<meta name=\"twitter:data1\" content=\"2 minutes\" \/>\n<!-- \/ Yoast SEO plugin. -->","yoast_head_json":{"title":"Grids \/ grilles 200 Mesh ( Cu, Ni...) alphanumeric code- Finder - Gilder - Delta Microscopies","robots":{"index":"index","follow":"follow","max-snippet":"max-snippet:-1","max-image-preview":"max-image-preview:large","max-video-preview":"max-video-preview:-1"},"canonical":"https:\/\/www.deltamicroscopies.com\/en\/products\/grids-grilles-200-mesh-cu-ni-alphanumeric-code-finder-gilder\/","og_locale":"en_US","og_type":"article","og_title":"Grids \/ grilles 200 Mesh ( Cu, Ni...) alphanumeric code- Finder - Gilder - Delta Microscopies","og_description":"3.05mm diameter, see chart for thickness Material: Copper (Cu), Copper-Rhodium (Cu-Rh), Nickel (Ni), Gold (Au), Molybdenum (Mo)","og_url":"https:\/\/www.deltamicroscopies.com\/en\/products\/grids-grilles-200-mesh-cu-ni-alphanumeric-code-finder-gilder\/","og_site_name":"Delta Microscopies","article_modified_time":"2023-02-03T15:49:11+00:00","og_image":[{"width":200,"height":200,"url":"https:\/\/www.deltamicroscopies.com\/wp-content\/uploads\/2019\/10\/g200hf3_ss.gif","type":"image\/gif"}],"twitter_misc":{"Est. reading time":"2 minutes"},"schema":{"@context":"https:\/\/schema.org","@graph":[{"@type":"WebPage","@id":"https:\/\/www.deltamicroscopies.com\/en\/products\/grids-grilles-200-mesh-cu-ni-alphanumeric-code-finder-gilder\/","url":"https:\/\/www.deltamicroscopies.com\/en\/products\/grids-grilles-200-mesh-cu-ni-alphanumeric-code-finder-gilder\/","name":"Grids \/ grilles 200 Mesh ( Cu, Ni...) alphanumeric code- Finder - Gilder - Delta Microscopies","isPartOf":{"@id":"https:\/\/www.deltamicroscopies.com\/en\/#website"},"primaryImageOfPage":{"@id":"https:\/\/www.deltamicroscopies.com\/en\/products\/grids-grilles-200-mesh-cu-ni-alphanumeric-code-finder-gilder\/#primaryimage"},"image":{"@id":"https:\/\/www.deltamicroscopies.com\/en\/products\/grids-grilles-200-mesh-cu-ni-alphanumeric-code-finder-gilder\/#primaryimage"},"thumbnailUrl":"https:\/\/efb7cwj5g4q.exactdn.com\/wp-content\/uploads\/2019\/10\/g200hf3_ss.gif?strip=all","datePublished":"2019-10-15T14:36:42+00:00","dateModified":"2023-02-03T15:49:11+00:00","breadcrumb":{"@id":"https:\/\/www.deltamicroscopies.com\/en\/products\/grids-grilles-200-mesh-cu-ni-alphanumeric-code-finder-gilder\/#breadcrumb"},"inLanguage":"en-US","potentialAction":[{"@type":"ReadAction","target":["https:\/\/www.deltamicroscopies.com\/en\/products\/grids-grilles-200-mesh-cu-ni-alphanumeric-code-finder-gilder\/"]}]},{"@type":"ImageObject","inLanguage":"en-US","@id":"https:\/\/www.deltamicroscopies.com\/en\/products\/grids-grilles-200-mesh-cu-ni-alphanumeric-code-finder-gilder\/#primaryimage","url":"https:\/\/efb7cwj5g4q.exactdn.com\/wp-content\/uploads\/2019\/10\/g200hf3_ss.gif?strip=all","contentUrl":"https:\/\/efb7cwj5g4q.exactdn.com\/wp-content\/uploads\/2019\/10\/g200hf3_ss.gif?strip=all","width":200,"height":200,"caption":"Grids \/ grilles 200 Mesh ( Cu, Ni...) alphanumeric code- Finder - Gilder"},{"@type":"BreadcrumbList","@id":"https:\/\/www.deltamicroscopies.com\/en\/products\/grids-grilles-200-mesh-cu-ni-alphanumeric-code-finder-gilder\/#breadcrumb","itemListElement":[{"@type":"ListItem","position":1,"name":"Accueil","item":"https:\/\/www.deltamicroscopies.com\/en\/home-3\/"},{"@type":"ListItem","position":2,"name":"Our products","item":"https:\/\/www.deltamicroscopies.com\/en\/shop\/"},{"@type":"ListItem","position":3,"name":"Grids \/ grilles 200 Mesh ( Cu, Ni&#8230;) alphanumeric code- Finder &#8211; Gilder"}]},{"@type":"WebSite","@id":"https:\/\/www.deltamicroscopies.com\/en\/#website","url":"https:\/\/www.deltamicroscopies.com\/en\/","name":"Delta Microscopies","description":"Des microscopistes \u00e0 votre service.","publisher":{"@id":"https:\/\/www.deltamicroscopies.com\/en\/#organization"},"potentialAction":[{"@type":"SearchAction","target":{"@type":"EntryPoint","urlTemplate":"https:\/\/www.deltamicroscopies.com\/en\/?s={search_term_string}"},"query-input":{"@type":"PropertyValueSpecification","valueRequired":true,"valueName":"search_term_string"}}],"inLanguage":"en-US"},{"@type":"Organization","@id":"https:\/\/www.deltamicroscopies.com\/en\/#organization","name":"Delta Microscopies","url":"https:\/\/www.deltamicroscopies.com\/en\/","logo":{"@type":"ImageObject","inLanguage":"en-US","@id":"https:\/\/www.deltamicroscopies.com\/en\/#\/schema\/logo\/image\/","url":"https:\/\/efb7cwj5g4q.exactdn.com\/wp-content\/uploads\/2019\/09\/DELTAM_LOGO_RVB-1-1.png?strip=all&lossy=1&ssl=1","contentUrl":"https:\/\/efb7cwj5g4q.exactdn.com\/wp-content\/uploads\/2019\/09\/DELTAM_LOGO_RVB-1-1.png?strip=all&lossy=1&ssl=1","width":688,"height":177,"caption":"Delta Microscopies"},"image":{"@id":"https:\/\/www.deltamicroscopies.com\/en\/#\/schema\/logo\/image\/"},"sameAs":["https:\/\/www.instagram.com\/emsdiasum\/","https:\/\/www.youtube.com\/channel\/UCkSsQQq74DhyLXNg_9RPorQ"]}]}},"_links":{"self":[{"href":"https:\/\/www.deltamicroscopies.com\/en\/wp-json\/wp\/v2\/product\/293908","targetHints":{"allow":["GET"]}}],"collection":[{"href":"https:\/\/www.deltamicroscopies.com\/en\/wp-json\/wp\/v2\/product"}],"about":[{"href":"https:\/\/www.deltamicroscopies.com\/en\/wp-json\/wp\/v2\/types\/product"}],"replies":[{"embeddable":true,"href":"https:\/\/www.deltamicroscopies.com\/en\/wp-json\/wp\/v2\/comments?post=293908"}],"wp:featuredmedia":[{"embeddable":true,"href":"https:\/\/www.deltamicroscopies.com\/en\/wp-json\/wp\/v2\/media\/288003"}],"wp:attachment":[{"href":"https:\/\/www.deltamicroscopies.com\/en\/wp-json\/wp\/v2\/media?parent=293908"}],"wp:term":[{"taxonomy":"product_brand","embeddable":true,"href":"https:\/\/www.deltamicroscopies.com\/en\/wp-json\/wp\/v2\/product_brand?post=293908"},{"taxonomy":"product_cat","embeddable":true,"href":"https:\/\/www.deltamicroscopies.com\/en\/wp-json\/wp\/v2\/product_cat?post=293908"},{"taxonomy":"product_tag","embeddable":true,"href":"https:\/\/www.deltamicroscopies.com\/en\/wp-json\/wp\/v2\/product_tag?post=293908"}],"curies":[{"name":"wp","href":"https:\/\/api.w.org\/{rel}","templated":true}]}}