{"id":295552,"date":"2019-07-12T08:12:55","date_gmt":"2019-07-12T07:12:55","guid":{"rendered":"https:\/\/www.deltamicroscopies.com\/produit\/standard-tweezers-style-aa-inox-02-each-2\/"},"modified":"2022-03-14T16:15:31","modified_gmt":"2022-03-14T15:15:31","slug":"standard-tweezers-style-aa-inox-02-each-2","status":"publish","type":"product","link":"https:\/\/www.deltamicroscopies.com\/en\/products\/standard-tweezers-style-aa-inox-02-each-2\/","title":{"rendered":"Standard Tweezers &#8211; Style AA &#8211; Inox 02 &#8211; each"},"content":{"rendered":"<p><img decoding=\"async\" src=\"https:\/\/www.dumonttweezers.com\/Content\/Images\/Styles\/AA.png\" alt=\"Style AA\" \/> A 0.2 mm B 0.4 mm Length 125 mm<\/p>\n<div class=\"toolTipMid\">Inox 02 is a standard magnetic stainless steel composed of C, Mn, Cr and Si. This alloy is not as hard as carbon steels because it contains Chromium. lnox 02 will resist temperatures of around 400\u00b0C (DIN 50 914), but cannot be sterilized.<\/div>\n<p>N&#8217;h\u00e9sitez pas \u00e0 nous contacter si vous souhaitez des informations suppl\u00e9mentaires ou un autre produit. \u00a0<\/p>\n","protected":false},"excerpt":{"rendered":"<p><img decoding=\"async\" src=\"https:\/\/www.dumonttweezers.com\/Content\/Images\/Styles\/AA.png\" alt=\"Style AA\" \/> A 0.2 mm B 0.4 mm Length 125 mm<\/p>\n<div class=\"toolTipMid\">Inox 02 is a standard magnetic stainless steel composed of C, Mn, Cr and Si. This alloy is not as hard as carbon steels because it contains Chromium. lnox 02 will resist temperatures of around 400\u00b0C (DIN 50 914), but cannot be sterilized.<\/div>\n<p>N&#8217;h\u00e9sitez pas \u00e0 nous contacter si vous souhaitez des informations suppl\u00e9mentaires ou un autre produit. \u00a0<\/p>\n","protected":false},"featured_media":288351,"comment_status":"open","ping_status":"closed","template":"","meta":{"_et_pb_use_builder":"off","_et_pb_old_content":"","_et_gb_content_width":"","inline_featured_image":false},"product_brand":[1911],"product_cat":[1399,1410,1295],"product_tag":[1536],"class_list":{"0":"post-295552","1":"product","2":"type-product","3":"status-publish","4":"has-post-thumbnail","6":"product_brand-dumont","7":"product_cat-dumont-en","8":"product_cat-straight-en","9":"product_cat-pinces-en","10":"product_tag-tweezers-en","12":"first","13":"instock","14":"taxable","15":"shipping-taxable","16":"purchasable","17":"product-type-simple"},"yoast_head":"<!-- This site is optimized with the Yoast SEO plugin v27.4 - https:\/\/yoast.com\/product\/yoast-seo-wordpress\/ -->\n<title>Standard Tweezers - Style AA - Inox 02 - each - Delta Microscopies<\/title>\n<meta name=\"robots\" content=\"index, follow, max-snippet:-1, max-image-preview:large, max-video-preview:-1\" \/>\n<link rel=\"canonical\" href=\"https:\/\/www.deltamicroscopies.com\/en\/products\/standard-tweezers-style-aa-inox-02-each-2\/\" \/>\n<meta property=\"og:locale\" content=\"en_US\" \/>\n<meta property=\"og:type\" content=\"article\" \/>\n<meta property=\"og:title\" content=\"Standard Tweezers - Style AA - Inox 02 - each - Delta Microscopies\" \/>\n<meta property=\"og:description\" content=\"A 0.2 mm B 0.4 mm Length 125 mmInox 02 is a standard magnetic stainless steel composed of C, Mn, Cr and Si. This alloy is not as hard as carbon steels because it contains Chromium. lnox 02 will resist temperatures of around 400\u00b0C (DIN 50 914), but cannot be sterilized.N&#039;h\u00e9sitez pas \u00e0 nous contacter si vous souhaitez des informations suppl\u00e9mentaires ou un autre produit. \u00a0\" \/>\n<meta property=\"og:url\" content=\"https:\/\/www.deltamicroscopies.com\/en\/products\/standard-tweezers-style-aa-inox-02-each-2\/\" \/>\n<meta property=\"og:site_name\" content=\"Delta Microscopies\" \/>\n<meta property=\"article:modified_time\" content=\"2022-03-14T15:15:31+00:00\" \/>\n<meta property=\"og:image\" content=\"https:\/\/www.deltamicroscopies.com\/wp-content\/uploads\/2019\/07\/AA-1.jpg\" \/>\n\t<meta property=\"og:image:width\" content=\"308\" \/>\n\t<meta property=\"og:image:height\" content=\"29\" \/>\n\t<meta property=\"og:image:type\" content=\"image\/jpeg\" \/>\n<!-- \/ Yoast SEO plugin. -->","yoast_head_json":{"title":"Standard Tweezers - Style AA - Inox 02 - each - Delta Microscopies","robots":{"index":"index","follow":"follow","max-snippet":"max-snippet:-1","max-image-preview":"max-image-preview:large","max-video-preview":"max-video-preview:-1"},"canonical":"https:\/\/www.deltamicroscopies.com\/en\/products\/standard-tweezers-style-aa-inox-02-each-2\/","og_locale":"en_US","og_type":"article","og_title":"Standard Tweezers - Style AA - Inox 02 - each - Delta Microscopies","og_description":"A 0.2 mm B 0.4 mm Length 125 mmInox 02 is a standard magnetic stainless steel composed of C, Mn, Cr and Si. This alloy is not as hard as carbon steels because it contains Chromium. lnox 02 will resist temperatures of around 400\u00b0C (DIN 50 914), but cannot be sterilized.N'h\u00e9sitez pas \u00e0 nous contacter si vous souhaitez des informations suppl\u00e9mentaires ou un autre produit. \u00a0","og_url":"https:\/\/www.deltamicroscopies.com\/en\/products\/standard-tweezers-style-aa-inox-02-each-2\/","og_site_name":"Delta Microscopies","article_modified_time":"2022-03-14T15:15:31+00:00","og_image":[{"width":308,"height":29,"url":"https:\/\/www.deltamicroscopies.com\/wp-content\/uploads\/2019\/07\/AA-1.jpg","type":"image\/jpeg"}],"schema":{"@context":"https:\/\/schema.org","@graph":[{"@type":"WebPage","@id":"https:\/\/www.deltamicroscopies.com\/en\/products\/standard-tweezers-style-aa-inox-02-each-2\/","url":"https:\/\/www.deltamicroscopies.com\/en\/products\/standard-tweezers-style-aa-inox-02-each-2\/","name":"Standard Tweezers - Style AA - Inox 02 - each - Delta Microscopies","isPartOf":{"@id":"https:\/\/www.deltamicroscopies.com\/en\/#website"},"primaryImageOfPage":{"@id":"https:\/\/www.deltamicroscopies.com\/en\/products\/standard-tweezers-style-aa-inox-02-each-2\/#primaryimage"},"image":{"@id":"https:\/\/www.deltamicroscopies.com\/en\/products\/standard-tweezers-style-aa-inox-02-each-2\/#primaryimage"},"thumbnailUrl":"https:\/\/efb7cwj5g4q.exactdn.com\/wp-content\/uploads\/2019\/07\/AA-1.jpg?strip=all","datePublished":"2019-07-12T07:12:55+00:00","dateModified":"2022-03-14T15:15:31+00:00","breadcrumb":{"@id":"https:\/\/www.deltamicroscopies.com\/en\/products\/standard-tweezers-style-aa-inox-02-each-2\/#breadcrumb"},"inLanguage":"en-US","potentialAction":[{"@type":"ReadAction","target":["https:\/\/www.deltamicroscopies.com\/en\/products\/standard-tweezers-style-aa-inox-02-each-2\/"]}]},{"@type":"ImageObject","inLanguage":"en-US","@id":"https:\/\/www.deltamicroscopies.com\/en\/products\/standard-tweezers-style-aa-inox-02-each-2\/#primaryimage","url":"https:\/\/efb7cwj5g4q.exactdn.com\/wp-content\/uploads\/2019\/07\/AA-1.jpg?strip=all","contentUrl":"https:\/\/efb7cwj5g4q.exactdn.com\/wp-content\/uploads\/2019\/07\/AA-1.jpg?strip=all","width":308,"height":29,"caption":"Standard Tweezers - Style AA - Inox 02 - each"},{"@type":"BreadcrumbList","@id":"https:\/\/www.deltamicroscopies.com\/en\/products\/standard-tweezers-style-aa-inox-02-each-2\/#breadcrumb","itemListElement":[{"@type":"ListItem","position":1,"name":"Accueil","item":"https:\/\/www.deltamicroscopies.com\/en\/home-3\/"},{"@type":"ListItem","position":2,"name":"Our products","item":"https:\/\/www.deltamicroscopies.com\/en\/shop\/"},{"@type":"ListItem","position":3,"name":"Standard Tweezers &#8211; Style AA &#8211; Inox 02 &#8211; each"}]},{"@type":"WebSite","@id":"https:\/\/www.deltamicroscopies.com\/en\/#website","url":"https:\/\/www.deltamicroscopies.com\/en\/","name":"Delta Microscopies","description":"Des microscopistes \u00e0 votre service.","publisher":{"@id":"https:\/\/www.deltamicroscopies.com\/en\/#organization"},"potentialAction":[{"@type":"SearchAction","target":{"@type":"EntryPoint","urlTemplate":"https:\/\/www.deltamicroscopies.com\/en\/?s={search_term_string}"},"query-input":{"@type":"PropertyValueSpecification","valueRequired":true,"valueName":"search_term_string"}}],"inLanguage":"en-US"},{"@type":"Organization","@id":"https:\/\/www.deltamicroscopies.com\/en\/#organization","name":"Delta Microscopies","url":"https:\/\/www.deltamicroscopies.com\/en\/","logo":{"@type":"ImageObject","inLanguage":"en-US","@id":"https:\/\/www.deltamicroscopies.com\/en\/#\/schema\/logo\/image\/","url":"https:\/\/efb7cwj5g4q.exactdn.com\/wp-content\/uploads\/2019\/09\/DELTAM_LOGO_RVB-1-1.png?strip=all&lossy=1&ssl=1","contentUrl":"https:\/\/efb7cwj5g4q.exactdn.com\/wp-content\/uploads\/2019\/09\/DELTAM_LOGO_RVB-1-1.png?strip=all&lossy=1&ssl=1","width":688,"height":177,"caption":"Delta Microscopies"},"image":{"@id":"https:\/\/www.deltamicroscopies.com\/en\/#\/schema\/logo\/image\/"},"sameAs":["https:\/\/www.instagram.com\/emsdiasum\/","https:\/\/www.youtube.com\/channel\/UCkSsQQq74DhyLXNg_9RPorQ"]}]}},"_links":{"self":[{"href":"https:\/\/www.deltamicroscopies.com\/en\/wp-json\/wp\/v2\/product\/295552","targetHints":{"allow":["GET"]}}],"collection":[{"href":"https:\/\/www.deltamicroscopies.com\/en\/wp-json\/wp\/v2\/product"}],"about":[{"href":"https:\/\/www.deltamicroscopies.com\/en\/wp-json\/wp\/v2\/types\/product"}],"replies":[{"embeddable":true,"href":"https:\/\/www.deltamicroscopies.com\/en\/wp-json\/wp\/v2\/comments?post=295552"}],"wp:featuredmedia":[{"embeddable":true,"href":"https:\/\/www.deltamicroscopies.com\/en\/wp-json\/wp\/v2\/media\/288351"}],"wp:attachment":[{"href":"https:\/\/www.deltamicroscopies.com\/en\/wp-json\/wp\/v2\/media?parent=295552"}],"wp:term":[{"taxonomy":"product_brand","embeddable":true,"href":"https:\/\/www.deltamicroscopies.com\/en\/wp-json\/wp\/v2\/product_brand?post=295552"},{"taxonomy":"product_cat","embeddable":true,"href":"https:\/\/www.deltamicroscopies.com\/en\/wp-json\/wp\/v2\/product_cat?post=295552"},{"taxonomy":"product_tag","embeddable":true,"href":"https:\/\/www.deltamicroscopies.com\/en\/wp-json\/wp\/v2\/product_tag?post=295552"}],"curies":[{"name":"wp","href":"https:\/\/api.w.org\/{rel}","templated":true}]}}