{"id":298025,"date":"2019-04-11T13:10:26","date_gmt":"2019-04-11T12:10:26","guid":{"rendered":"https:\/\/www.deltamicroscopies.com\/produit\/scotts-tap-water-substitute\/"},"modified":"2019-04-11T13:10:26","modified_gmt":"2019-04-11T12:10:26","slug":"scotts-tap-water-substitute","status":"publish","type":"product","link":"https:\/\/www.deltamicroscopies.com\/en\/products\/scotts-tap-water-substitute\/","title":{"rendered":"Scott&#8217;s Tap Water Substitute"},"content":{"rendered":"","protected":false},"excerpt":{"rendered":"<p>Magnesium sulfate buffered with sodium bicarbonate. Ready-to-use.<\/p>\n<p><span style=\"color: #ff0000;\"><em><strong>compl\u00e9ments d&#8217;information:<\/strong><\/em><\/span>\u00a0Le substitut d&#8217;eau du robinet de Scott est un r\u00e9actif de &#8220;bleuissement&#8221; con\u00e7u pour l&#8217;histologie et la cytologie. Il bleuit l\u00e9g\u00e8rement l&#8217;h\u00e9matoxyline et <strong><em>minimise la perte des coupes de tissus et des cellules des lames en verre<\/em><\/strong>.Le substitut d&#8217;eau du robinet de Scott est pr\u00e9par\u00e9 pour fournir une solution &#8220;bleuissante&#8221; douce mais appropri\u00e9e pour la coloration. Cette formule assure un &#8220;bleuissement&#8221; rapide et pr\u00e9cis de la chromatine et des membranes nucl\u00e9aires. Le substitut d&#8217;eau du robinet de Scott r\u00e9duit la perte d&#8217;adh\u00e9sion des coupes aux lames en verre en comparaison avec d&#8217;autres r\u00e9actifs de bleuissement.<\/p>\n<p><a href=\"https:\/\/www.deltamicroscopies.com\/wp-content\/uploads\/2019\/04\/MSDS_26070.pdf\">MSDS<\/a><\/p>\n<p>Storage : RT<\/p>\n","protected":false},"featured_media":0,"comment_status":"open","ping_status":"closed","template":"","meta":{"_et_pb_use_builder":"off","_et_pb_old_content":"","_et_gb_content_width":"","inline_featured_image":false},"product_brand":[],"product_cat":[1356,1354],"product_tag":[],"class_list":{"0":"post-298025","1":"product","2":"type-product","3":"status-publish","5":"product_cat-reactifs-divers-de-labo-en","6":"product_cat-reactifs-en","8":"first","9":"outofstock","10":"taxable","11":"shipping-taxable","12":"purchasable","13":"product-type-variable"},"yoast_head":"<!-- This site is optimized with the Yoast SEO plugin v27.3 - https:\/\/yoast.com\/product\/yoast-seo-wordpress\/ -->\n<title>Scott&#039;s Tap Water Substitute - Delta Microscopies<\/title>\n<meta name=\"robots\" content=\"index, follow, max-snippet:-1, max-image-preview:large, max-video-preview:-1\" \/>\n<link rel=\"canonical\" href=\"https:\/\/www.deltamicroscopies.com\/en\/products\/scotts-tap-water-substitute\/\" \/>\n<meta property=\"og:locale\" content=\"en_US\" \/>\n<meta property=\"og:type\" content=\"article\" \/>\n<meta property=\"og:title\" content=\"Scott&#039;s Tap Water Substitute - Delta Microscopies\" \/>\n<meta property=\"og:description\" content=\"Magnesium sulfate buffered with sodium bicarbonate. Ready-to-use.  compl\u00e9ments d&#039;information:\u00a0Le substitut d&#039;eau du robinet de Scott est un r\u00e9actif de &quot;bleuissement&quot; con\u00e7u pour l&#039;histologie et la cytologie. Il bleuit l\u00e9g\u00e8rement l&#039;h\u00e9matoxyline et minimise la perte des coupes de tissus et des cellules des lames en verre.Le substitut d&#039;eau du robinet de Scott est pr\u00e9par\u00e9 pour fournir une solution &quot;bleuissante&quot; douce mais appropri\u00e9e pour la coloration. Cette formule assure un &quot;bleuissement&quot; rapide et pr\u00e9cis de la chromatine et des membranes nucl\u00e9aires. Le substitut d&#039;eau du robinet de Scott r\u00e9duit la perte d&#039;adh\u00e9sion des coupes aux lames en verre en comparaison avec d&#039;autres r\u00e9actifs de bleuissement.  MSDS  Storage : RT\" \/>\n<meta property=\"og:url\" content=\"https:\/\/www.deltamicroscopies.com\/en\/products\/scotts-tap-water-substitute\/\" \/>\n<meta property=\"og:site_name\" content=\"Delta Microscopies\" \/>\n<!-- \/ Yoast SEO plugin. -->","yoast_head_json":{"title":"Scott's Tap Water Substitute - Delta Microscopies","robots":{"index":"index","follow":"follow","max-snippet":"max-snippet:-1","max-image-preview":"max-image-preview:large","max-video-preview":"max-video-preview:-1"},"canonical":"https:\/\/www.deltamicroscopies.com\/en\/products\/scotts-tap-water-substitute\/","og_locale":"en_US","og_type":"article","og_title":"Scott's Tap Water Substitute - Delta Microscopies","og_description":"Magnesium sulfate buffered with sodium bicarbonate. Ready-to-use.  compl\u00e9ments d'information:\u00a0Le substitut d'eau du robinet de Scott est un r\u00e9actif de \"bleuissement\" con\u00e7u pour l'histologie et la cytologie. Il bleuit l\u00e9g\u00e8rement l'h\u00e9matoxyline et minimise la perte des coupes de tissus et des cellules des lames en verre.Le substitut d'eau du robinet de Scott est pr\u00e9par\u00e9 pour fournir une solution \"bleuissante\" douce mais appropri\u00e9e pour la coloration. Cette formule assure un \"bleuissement\" rapide et pr\u00e9cis de la chromatine et des membranes nucl\u00e9aires. Le substitut d'eau du robinet de Scott r\u00e9duit la perte d'adh\u00e9sion des coupes aux lames en verre en comparaison avec d'autres r\u00e9actifs de bleuissement.  MSDS  Storage : RT","og_url":"https:\/\/www.deltamicroscopies.com\/en\/products\/scotts-tap-water-substitute\/","og_site_name":"Delta Microscopies","schema":{"@context":"https:\/\/schema.org","@graph":[{"@type":"WebPage","@id":"https:\/\/www.deltamicroscopies.com\/en\/products\/scotts-tap-water-substitute\/","url":"https:\/\/www.deltamicroscopies.com\/en\/products\/scotts-tap-water-substitute\/","name":"Scott's Tap Water Substitute - Delta Microscopies","isPartOf":{"@id":"https:\/\/www.deltamicroscopies.com\/en\/#website"},"datePublished":"2019-04-11T12:10:26+00:00","breadcrumb":{"@id":"https:\/\/www.deltamicroscopies.com\/en\/products\/scotts-tap-water-substitute\/#breadcrumb"},"inLanguage":"en-US","potentialAction":[{"@type":"ReadAction","target":["https:\/\/www.deltamicroscopies.com\/en\/products\/scotts-tap-water-substitute\/"]}]},{"@type":"BreadcrumbList","@id":"https:\/\/www.deltamicroscopies.com\/en\/products\/scotts-tap-water-substitute\/#breadcrumb","itemListElement":[{"@type":"ListItem","position":1,"name":"Accueil","item":"https:\/\/www.deltamicroscopies.com\/en\/home-3\/"},{"@type":"ListItem","position":2,"name":"Our products","item":"https:\/\/www.deltamicroscopies.com\/en\/shop\/"},{"@type":"ListItem","position":3,"name":"Scott&#8217;s Tap Water Substitute"}]},{"@type":"WebSite","@id":"https:\/\/www.deltamicroscopies.com\/en\/#website","url":"https:\/\/www.deltamicroscopies.com\/en\/","name":"Delta Microscopies","description":"Des microscopistes \u00e0 votre service.","publisher":{"@id":"https:\/\/www.deltamicroscopies.com\/en\/#organization"},"potentialAction":[{"@type":"SearchAction","target":{"@type":"EntryPoint","urlTemplate":"https:\/\/www.deltamicroscopies.com\/en\/?s={search_term_string}"},"query-input":{"@type":"PropertyValueSpecification","valueRequired":true,"valueName":"search_term_string"}}],"inLanguage":"en-US"},{"@type":"Organization","@id":"https:\/\/www.deltamicroscopies.com\/en\/#organization","name":"Delta Microscopies","url":"https:\/\/www.deltamicroscopies.com\/en\/","logo":{"@type":"ImageObject","inLanguage":"en-US","@id":"https:\/\/www.deltamicroscopies.com\/en\/#\/schema\/logo\/image\/","url":"https:\/\/efb7cwj5g4q.exactdn.com\/wp-content\/uploads\/2019\/09\/DELTAM_LOGO_RVB-1-1.png?strip=all&lossy=1&ssl=1","contentUrl":"https:\/\/efb7cwj5g4q.exactdn.com\/wp-content\/uploads\/2019\/09\/DELTAM_LOGO_RVB-1-1.png?strip=all&lossy=1&ssl=1","width":688,"height":177,"caption":"Delta Microscopies"},"image":{"@id":"https:\/\/www.deltamicroscopies.com\/en\/#\/schema\/logo\/image\/"},"sameAs":["https:\/\/www.instagram.com\/emsdiasum\/","https:\/\/www.youtube.com\/channel\/UCkSsQQq74DhyLXNg_9RPorQ"]}]}},"_links":{"self":[{"href":"https:\/\/www.deltamicroscopies.com\/en\/wp-json\/wp\/v2\/product\/298025","targetHints":{"allow":["GET"]}}],"collection":[{"href":"https:\/\/www.deltamicroscopies.com\/en\/wp-json\/wp\/v2\/product"}],"about":[{"href":"https:\/\/www.deltamicroscopies.com\/en\/wp-json\/wp\/v2\/types\/product"}],"replies":[{"embeddable":true,"href":"https:\/\/www.deltamicroscopies.com\/en\/wp-json\/wp\/v2\/comments?post=298025"}],"wp:attachment":[{"href":"https:\/\/www.deltamicroscopies.com\/en\/wp-json\/wp\/v2\/media?parent=298025"}],"wp:term":[{"taxonomy":"product_brand","embeddable":true,"href":"https:\/\/www.deltamicroscopies.com\/en\/wp-json\/wp\/v2\/product_brand?post=298025"},{"taxonomy":"product_cat","embeddable":true,"href":"https:\/\/www.deltamicroscopies.com\/en\/wp-json\/wp\/v2\/product_cat?post=298025"},{"taxonomy":"product_tag","embeddable":true,"href":"https:\/\/www.deltamicroscopies.com\/en\/wp-json\/wp\/v2\/product_tag?post=298025"}],"curies":[{"name":"wp","href":"https:\/\/api.w.org\/{rel}","templated":true}]}}