{"id":298088,"date":"2019-04-10T09:04:27","date_gmt":"2019-04-10T08:04:27","guid":{"rendered":"https:\/\/www.deltamicroscopies.com\/produit\/ninhydrin-crystal-reagent\/"},"modified":"2019-04-10T09:04:27","modified_gmt":"2019-04-10T08:04:27","slug":"ninhydrin-crystal-reagent","status":"publish","type":"product","link":"https:\/\/www.deltamicroscopies.com\/en\/products\/ninhydrin-crystal-reagent\/","title":{"rendered":"Ninhydrin, Crystal, Reagent"},"content":{"rendered":"<p><span style=\"color: #ff0000;\"><strong>\u00a0INFO +<\/strong> <\/span>:\u00a0 \u00a0<strong>La ninhydrine (2,2-dihydroxyindane-1,3-dione)<\/strong> est un produit chimique utilis\u00e9 pour d\u00e9tecter l&#8217; ammoniac ou les amines primaires et secondaires. Lors de la r\u00e9action avec ces amines libres, <strong><span style=\"color: #333399;\">une couleur bleu fonc\u00e9 ou pourpre<\/span><\/strong> connue sous le nom de <strong><span style=\"color: #333399;\">violet de Ruhemann<\/span><\/strong> est produite.<\/p>\n<p><strong>La ninhydrine<\/strong> est le plus souvent utilis\u00e9e pour <strong>d\u00e9tecter les empreintes digitales<\/strong> , car les amines terminales des r\u00e9sidus de lysine dans les peptides et les prot\u00e9ines \u00e9limin\u00e9es par les empreintes digitales r\u00e9agissent avec la ninhydrine.<\/p>\n","protected":false},"excerpt":{"rendered":"<p>(1,2,3-Triketohydrindene Monohydrate)<br \/>\nC9O4\u00b7H2O F.W. 178.15 CAS #485-47-2<\/p>\n<p><a href=\"https:\/\/www.deltamicroscopies.com\/wp-content\/uploads\/2019\/04\/MSDS_19030.pdf\">MSDS<\/a><\/p>\n<p>Storage : RT<\/p>\n<p>Unit : 25g<\/p>\n","protected":false},"featured_media":0,"comment_status":"open","ping_status":"closed","template":"","meta":{"_et_pb_use_builder":"off","_et_pb_old_content":"","_et_gb_content_width":"","inline_featured_image":false},"product_brand":[],"product_cat":[1476,1396,1354],"product_tag":[],"class_list":{"0":"post-298088","1":"product","2":"type-product","3":"status-publish","5":"product_cat-colorants-en","6":"product_cat-contrastants-colorants-en","7":"product_cat-reactifs-en","9":"first","10":"instock","11":"taxable","12":"shipping-taxable","13":"purchasable","14":"product-type-simple"},"yoast_head":"<!-- This site is optimized with the Yoast SEO plugin v27.4 - https:\/\/yoast.com\/product\/yoast-seo-wordpress\/ -->\n<title>Ninhydrin, Crystal, Reagent - Delta Microscopies<\/title>\n<meta name=\"robots\" content=\"index, follow, max-snippet:-1, max-image-preview:large, max-video-preview:-1\" \/>\n<link rel=\"canonical\" href=\"https:\/\/www.deltamicroscopies.com\/en\/products\/ninhydrin-crystal-reagent\/\" \/>\n<meta property=\"og:locale\" content=\"en_US\" \/>\n<meta property=\"og:type\" content=\"article\" \/>\n<meta property=\"og:title\" content=\"Ninhydrin, Crystal, Reagent - Delta Microscopies\" \/>\n<meta property=\"og:description\" content=\"(1,2,3-Triketohydrindene Monohydrate) C9O4\u00b7H2O F.W. 178.15 CAS #485-47-2  MSDS  Storage : RT  Unit : 25g\" \/>\n<meta property=\"og:url\" content=\"https:\/\/www.deltamicroscopies.com\/en\/products\/ninhydrin-crystal-reagent\/\" \/>\n<meta property=\"og:site_name\" content=\"Delta Microscopies\" \/>\n<!-- \/ Yoast SEO plugin. -->","yoast_head_json":{"title":"Ninhydrin, Crystal, Reagent - Delta Microscopies","robots":{"index":"index","follow":"follow","max-snippet":"max-snippet:-1","max-image-preview":"max-image-preview:large","max-video-preview":"max-video-preview:-1"},"canonical":"https:\/\/www.deltamicroscopies.com\/en\/products\/ninhydrin-crystal-reagent\/","og_locale":"en_US","og_type":"article","og_title":"Ninhydrin, Crystal, Reagent - Delta Microscopies","og_description":"(1,2,3-Triketohydrindene Monohydrate) C9O4\u00b7H2O F.W. 178.15 CAS #485-47-2  MSDS  Storage : RT  Unit : 25g","og_url":"https:\/\/www.deltamicroscopies.com\/en\/products\/ninhydrin-crystal-reagent\/","og_site_name":"Delta Microscopies","schema":{"@context":"https:\/\/schema.org","@graph":[{"@type":"WebPage","@id":"https:\/\/www.deltamicroscopies.com\/en\/products\/ninhydrin-crystal-reagent\/","url":"https:\/\/www.deltamicroscopies.com\/en\/products\/ninhydrin-crystal-reagent\/","name":"Ninhydrin, Crystal, Reagent - Delta Microscopies","isPartOf":{"@id":"https:\/\/www.deltamicroscopies.com\/en\/#website"},"datePublished":"2019-04-10T08:04:27+00:00","breadcrumb":{"@id":"https:\/\/www.deltamicroscopies.com\/en\/products\/ninhydrin-crystal-reagent\/#breadcrumb"},"inLanguage":"en-US","potentialAction":[{"@type":"ReadAction","target":["https:\/\/www.deltamicroscopies.com\/en\/products\/ninhydrin-crystal-reagent\/"]}]},{"@type":"BreadcrumbList","@id":"https:\/\/www.deltamicroscopies.com\/en\/products\/ninhydrin-crystal-reagent\/#breadcrumb","itemListElement":[{"@type":"ListItem","position":1,"name":"Accueil","item":"https:\/\/www.deltamicroscopies.com\/en\/home-3\/"},{"@type":"ListItem","position":2,"name":"Our products","item":"https:\/\/www.deltamicroscopies.com\/en\/shop\/"},{"@type":"ListItem","position":3,"name":"Ninhydrin, Crystal, Reagent"}]},{"@type":"WebSite","@id":"https:\/\/www.deltamicroscopies.com\/en\/#website","url":"https:\/\/www.deltamicroscopies.com\/en\/","name":"Delta Microscopies","description":"Des microscopistes \u00e0 votre service.","publisher":{"@id":"https:\/\/www.deltamicroscopies.com\/en\/#organization"},"potentialAction":[{"@type":"SearchAction","target":{"@type":"EntryPoint","urlTemplate":"https:\/\/www.deltamicroscopies.com\/en\/?s={search_term_string}"},"query-input":{"@type":"PropertyValueSpecification","valueRequired":true,"valueName":"search_term_string"}}],"inLanguage":"en-US"},{"@type":"Organization","@id":"https:\/\/www.deltamicroscopies.com\/en\/#organization","name":"Delta Microscopies","url":"https:\/\/www.deltamicroscopies.com\/en\/","logo":{"@type":"ImageObject","inLanguage":"en-US","@id":"https:\/\/www.deltamicroscopies.com\/en\/#\/schema\/logo\/image\/","url":"https:\/\/efb7cwj5g4q.exactdn.com\/wp-content\/uploads\/2019\/09\/DELTAM_LOGO_RVB-1-1.png?strip=all&lossy=1&ssl=1","contentUrl":"https:\/\/efb7cwj5g4q.exactdn.com\/wp-content\/uploads\/2019\/09\/DELTAM_LOGO_RVB-1-1.png?strip=all&lossy=1&ssl=1","width":688,"height":177,"caption":"Delta Microscopies"},"image":{"@id":"https:\/\/www.deltamicroscopies.com\/en\/#\/schema\/logo\/image\/"},"sameAs":["https:\/\/www.instagram.com\/emsdiasum\/","https:\/\/www.youtube.com\/channel\/UCkSsQQq74DhyLXNg_9RPorQ"]}]}},"_links":{"self":[{"href":"https:\/\/www.deltamicroscopies.com\/en\/wp-json\/wp\/v2\/product\/298088","targetHints":{"allow":["GET"]}}],"collection":[{"href":"https:\/\/www.deltamicroscopies.com\/en\/wp-json\/wp\/v2\/product"}],"about":[{"href":"https:\/\/www.deltamicroscopies.com\/en\/wp-json\/wp\/v2\/types\/product"}],"replies":[{"embeddable":true,"href":"https:\/\/www.deltamicroscopies.com\/en\/wp-json\/wp\/v2\/comments?post=298088"}],"wp:attachment":[{"href":"https:\/\/www.deltamicroscopies.com\/en\/wp-json\/wp\/v2\/media?parent=298088"}],"wp:term":[{"taxonomy":"product_brand","embeddable":true,"href":"https:\/\/www.deltamicroscopies.com\/en\/wp-json\/wp\/v2\/product_brand?post=298088"},{"taxonomy":"product_cat","embeddable":true,"href":"https:\/\/www.deltamicroscopies.com\/en\/wp-json\/wp\/v2\/product_cat?post=298088"},{"taxonomy":"product_tag","embeddable":true,"href":"https:\/\/www.deltamicroscopies.com\/en\/wp-json\/wp\/v2\/product_tag?post=298088"}],"curies":[{"name":"wp","href":"https:\/\/api.w.org\/{rel}","templated":true}]}}