{"id":298368,"date":"2019-04-01T13:49:30","date_gmt":"2019-04-01T12:49:30","guid":{"rendered":"https:\/\/www.deltamicroscopies.com\/produit\/glutaraldehyde-high-purity-em-grade-distillation-purified-8-aqueous-solution-copie\/"},"modified":"2023-01-26T12:04:26","modified_gmt":"2023-01-26T11:04:26","slug":"glutaraldehyde-high-purity-em-grade-distillation-purified-8-aqueous-solution-copie","status":"publish","type":"product","link":"https:\/\/www.deltamicroscopies.com\/en\/products\/glutaraldehyde-high-purity-em-grade-distillation-purified-8-aqueous-solution-copie\/","title":{"rendered":"Glutaraldehyde   &#8211;  High Purity.  EM grade Distillation Purified &#8211; 25% Aqueous Solution"},"content":{"rendered":"<p>Le Glutaraldehyde est consid\u00e9r\u00e9 pratiquement comme le fixateur universel pour la microscopie \u00e9lectronique. Purifi\u00e9 jusqu&#8217;\u00e0 la qualit\u00e9 EM par rapport \u00e0 la qualit\u00e9 commerciale par &#8220;distillation sous vide en verre&#8221;. LA PLUS GRANDE PURET\u00c9 (exempte de polym\u00e8res et autres contaminants). Chaque lot est test\u00e9 et dos\u00e9 dans notre laboratoire avant que nous exp\u00e9diions et garantissions sa puret\u00e9. Scell\u00e9 sous azote sec. R\u00e9frig\u00e9r\u00e9 avant exp\u00e9dition. Une fois purifi\u00e9, le glutarald\u00e9hyde pr\u00e9sente un risque \u00e9lev\u00e9 de polym\u00e9risation s\u2019il n\u2019est pas manipul\u00e9 correctement. Nous prenons des pr\u00e9cautions particuli\u00e8res pour assurer un glutarald\u00e9hyde pur et sans polym\u00e8re. Chaque lot de notre glutarald\u00e9hyde aqueux (dissous dans l\u2019eau) de qualit\u00e9 EM est analys\u00e9 avant exp\u00e9dition afin de vous assurer une puret\u00e9 constante et une qualit\u00e9 optimale. S&#8217;il est stock\u00e9 correctement, notre glutarald\u00e9hyde a une tr\u00e8s longue dur\u00e9e de vie. Le glutarald\u00e9hyde aqueux de qualit\u00e9 EM, stock\u00e9 dans des volumes sup\u00e9rieurs \u00e0 100 ml, avec d\u00e9cong\u00e9lations et recong\u00e9lations r\u00e9p\u00e9t\u00e9es, polym\u00e9risera dans le temps, produisant un pic d\u2019absorption de 235 nm au lieu des 280 nm de qualit\u00e9 pure. La pr\u00e9sence de glutarald\u00e9hyde polym\u00e9ris\u00e9 r\u00e9duit consid\u00e9rablement son efficacit\u00e9 en tant qu&#8217;agent de r\u00e9ticulation, emp\u00eachant une fixation correcte. Nous conditionnons notre glutarald\u00e9hyde aqueux dans des ampoules \u00e0 dose unique de 10 ml, scell\u00e9es sous azote sec et conserv\u00e9es au r\u00e9frig\u00e9rateur jusqu&#8217;\u00e0 leur exp\u00e9dition. Nous proposons notre glutarald\u00e9hyde dans une large gamme de pourcentages afin de simplifier les proc\u00e9dures de m\u00e9lange et d\u2019\u00e9viter le gaspillage. Pour cette raison, nous fournissons des ampoules de 10 ml et des quantit\u00e9s de bouteilles de 100 ml volume maximum. Stockage : 0-5\u00b0C <a href=\"https:\/\/www.deltamicroscopies.com\/wp-content\/uploads\/2019\/04\/MSDS_16200.pdf\">MSDS<\/a> Glutaraldehyde OCHCH2CH2CH2CHO F.W. 100.12 CAS #111-30-8 Specific Gravity @20\/20\u00b0C: 1.131 EM Grade Distillation Purified The Universal Fixative for Electron Microscopy. Purified to EM Grade from commercial grade by &#8220;all-glass vacuum-distillation.&#8221; THE HIGHEST PURITY, free from polymers and other contaminants. Each lot is tested and assayed in our lab before we ship and guarantee its purity. Sealed under dry nitrogen. Refrigerated prior to shipment. After glutaraldehyde has been purified to EM grade, it has a high risk of polymerizing if it is not handled properly. Electron Micro-scopy Sciences takes special precautions to assure a polymer-free, pure glutaraldehyde. Every lot of our EM grade aqueous glutaraldehyde is assayed prior to shipping assuring you consistent purity and the highest possible quality. If stored properly, our Glutaraldehyde has a very long shelf life. We package our aqueous glutaraldehyde in 10 ml, single dose ampoules, sealed under dry nitrogen, and kept refrigerated until it is shipped. We offer our glutaraldehyde in a wide range of percentages to simplify mixing procedures and avoiding waste. EM grade aqueous glutaraldehyde, stored in volumes greater than 100 ml, with repeated defrosting and recapping, will polymerize in time, producing an absorption peak of 235nm rather than the 280nm of pure EM grade. The presence of polymerized glutaraldehyde greatly reduces its efficiency as a cross-linking agent, preventing proper fixation. For this reason, we provide 10 ml ampoules and 100 ml bottle quantities for larger applications.<\/p>\n","protected":false},"excerpt":{"rendered":"<p>Le Glutaraldehyde est consid\u00e9r\u00e9 pratiquement comme le fixateur universel pour la microscopie \u00e9lectronique. Purifi\u00e9 jusqu&#8217;\u00e0 la qualit\u00e9 EM par rapport \u00e0 la qualit\u00e9 commerciale par &#8220;distillation sous vide en verre&#8221;. LA PLUS GRANDE PURET\u00c9 (exempte de polym\u00e8res et autres contaminants). Chaque lot est test\u00e9 et dos\u00e9 dans notre laboratoire avant que nous exp\u00e9diions et garantissions [&hellip;]<\/p>\n","protected":false},"featured_media":284793,"comment_status":"open","ping_status":"closed","template":"","meta":{"_et_pb_use_builder":"","_et_pb_old_content":"","_et_gb_content_width":"","inline_featured_image":false},"product_brand":[],"product_cat":[1362,1444,1354],"product_tag":[],"class_list":{"0":"post-298368","1":"product","2":"type-product","3":"status-publish","4":"has-post-thumbnail","6":"product_cat-fixateurs-en","7":"product_cat-glutaraldehyde-en","8":"product_cat-reactifs-en","10":"first","11":"instock","12":"taxable","13":"shipping-taxable","14":"purchasable","15":"product-type-variable"},"yoast_head":"<!-- This site is optimized with the Yoast SEO plugin v27.4 - https:\/\/yoast.com\/product\/yoast-seo-wordpress\/ -->\n<title>Glutaraldehyde  - High Purity. EM grade Distillation Purified - 25% Aqueous Solution - Delta Microscopies<\/title>\n<meta name=\"robots\" content=\"index, follow, max-snippet:-1, max-image-preview:large, max-video-preview:-1\" \/>\n<link rel=\"canonical\" href=\"https:\/\/www.deltamicroscopies.com\/en\/products\/glutaraldehyde-high-purity-em-grade-distillation-purified-8-aqueous-solution-copie\/\" \/>\n<meta property=\"og:locale\" content=\"en_US\" \/>\n<meta property=\"og:type\" content=\"article\" \/>\n<meta property=\"og:title\" content=\"Glutaraldehyde  - High Purity. EM grade Distillation Purified - 25% Aqueous Solution - Delta Microscopies\" \/>\n<meta property=\"og:description\" content=\"Le Glutaraldehyde est consid\u00e9r\u00e9 pratiquement comme le fixateur universel pour la microscopie \u00e9lectronique. Purifi\u00e9 jusqu&#8217;\u00e0 la qualit\u00e9 EM par rapport \u00e0 la qualit\u00e9 commerciale par &#8220;distillation sous vide en verre&#8221;. LA PLUS GRANDE PURET\u00c9 (exempte de polym\u00e8res et autres contaminants). Chaque lot est test\u00e9 et dos\u00e9 dans notre laboratoire avant que nous exp\u00e9diions et garantissions [&hellip;]\" \/>\n<meta property=\"og:url\" content=\"https:\/\/www.deltamicroscopies.com\/en\/products\/glutaraldehyde-high-purity-em-grade-distillation-purified-8-aqueous-solution-copie\/\" \/>\n<meta property=\"og:site_name\" content=\"Delta Microscopies\" \/>\n<meta property=\"article:modified_time\" content=\"2023-01-26T11:04:26+00:00\" \/>\n<meta property=\"og:image\" content=\"https:\/\/www.deltamicroscopies.com\/wp-content\/uploads\/2018\/10\/D16220.jpg\" \/>\n\t<meta property=\"og:image:width\" content=\"240\" \/>\n\t<meta property=\"og:image:height\" content=\"158\" \/>\n\t<meta property=\"og:image:type\" content=\"image\/jpeg\" \/>\n<meta name=\"twitter:label1\" content=\"Est. reading time\" \/>\n\t<meta name=\"twitter:data1\" content=\"3 minutes\" \/>\n<!-- \/ Yoast SEO plugin. -->","yoast_head_json":{"title":"Glutaraldehyde  - High Purity. EM grade Distillation Purified - 25% Aqueous Solution - Delta Microscopies","robots":{"index":"index","follow":"follow","max-snippet":"max-snippet:-1","max-image-preview":"max-image-preview:large","max-video-preview":"max-video-preview:-1"},"canonical":"https:\/\/www.deltamicroscopies.com\/en\/products\/glutaraldehyde-high-purity-em-grade-distillation-purified-8-aqueous-solution-copie\/","og_locale":"en_US","og_type":"article","og_title":"Glutaraldehyde  - High Purity. EM grade Distillation Purified - 25% Aqueous Solution - Delta Microscopies","og_description":"Le Glutaraldehyde est consid\u00e9r\u00e9 pratiquement comme le fixateur universel pour la microscopie \u00e9lectronique. Purifi\u00e9 jusqu&#8217;\u00e0 la qualit\u00e9 EM par rapport \u00e0 la qualit\u00e9 commerciale par &#8220;distillation sous vide en verre&#8221;. LA PLUS GRANDE PURET\u00c9 (exempte de polym\u00e8res et autres contaminants). Chaque lot est test\u00e9 et dos\u00e9 dans notre laboratoire avant que nous exp\u00e9diions et garantissions [&hellip;]","og_url":"https:\/\/www.deltamicroscopies.com\/en\/products\/glutaraldehyde-high-purity-em-grade-distillation-purified-8-aqueous-solution-copie\/","og_site_name":"Delta Microscopies","article_modified_time":"2023-01-26T11:04:26+00:00","og_image":[{"width":240,"height":158,"url":"https:\/\/www.deltamicroscopies.com\/wp-content\/uploads\/2018\/10\/D16220.jpg","type":"image\/jpeg"}],"twitter_misc":{"Est. reading time":"3 minutes"},"schema":{"@context":"https:\/\/schema.org","@graph":[{"@type":"WebPage","@id":"https:\/\/www.deltamicroscopies.com\/en\/products\/glutaraldehyde-high-purity-em-grade-distillation-purified-8-aqueous-solution-copie\/","url":"https:\/\/www.deltamicroscopies.com\/en\/products\/glutaraldehyde-high-purity-em-grade-distillation-purified-8-aqueous-solution-copie\/","name":"Glutaraldehyde - High Purity. EM grade Distillation Purified - 25% Aqueous Solution - Delta Microscopies","isPartOf":{"@id":"https:\/\/www.deltamicroscopies.com\/en\/#website"},"primaryImageOfPage":{"@id":"https:\/\/www.deltamicroscopies.com\/en\/products\/glutaraldehyde-high-purity-em-grade-distillation-purified-8-aqueous-solution-copie\/#primaryimage"},"image":{"@id":"https:\/\/www.deltamicroscopies.com\/en\/products\/glutaraldehyde-high-purity-em-grade-distillation-purified-8-aqueous-solution-copie\/#primaryimage"},"thumbnailUrl":"https:\/\/efb7cwj5g4q.exactdn.com\/wp-content\/uploads\/2018\/10\/D16220.jpg?strip=all","datePublished":"2019-04-01T12:49:30+00:00","dateModified":"2023-01-26T11:04:26+00:00","breadcrumb":{"@id":"https:\/\/www.deltamicroscopies.com\/en\/products\/glutaraldehyde-high-purity-em-grade-distillation-purified-8-aqueous-solution-copie\/#breadcrumb"},"inLanguage":"en-US","potentialAction":[{"@type":"ReadAction","target":["https:\/\/www.deltamicroscopies.com\/en\/products\/glutaraldehyde-high-purity-em-grade-distillation-purified-8-aqueous-solution-copie\/"]}]},{"@type":"ImageObject","inLanguage":"en-US","@id":"https:\/\/www.deltamicroscopies.com\/en\/products\/glutaraldehyde-high-purity-em-grade-distillation-purified-8-aqueous-solution-copie\/#primaryimage","url":"https:\/\/efb7cwj5g4q.exactdn.com\/wp-content\/uploads\/2018\/10\/D16220.jpg?strip=all","contentUrl":"https:\/\/efb7cwj5g4q.exactdn.com\/wp-content\/uploads\/2018\/10\/D16220.jpg?strip=all","width":240,"height":158},{"@type":"BreadcrumbList","@id":"https:\/\/www.deltamicroscopies.com\/en\/products\/glutaraldehyde-high-purity-em-grade-distillation-purified-8-aqueous-solution-copie\/#breadcrumb","itemListElement":[{"@type":"ListItem","position":1,"name":"Accueil","item":"https:\/\/www.deltamicroscopies.com\/en\/home-3\/"},{"@type":"ListItem","position":2,"name":"Our products","item":"https:\/\/www.deltamicroscopies.com\/en\/shop\/"},{"@type":"ListItem","position":3,"name":"Glutaraldehyde &#8211; High Purity. EM grade Distillation Purified &#8211; 25% Aqueous Solution"}]},{"@type":"WebSite","@id":"https:\/\/www.deltamicroscopies.com\/en\/#website","url":"https:\/\/www.deltamicroscopies.com\/en\/","name":"Delta Microscopies","description":"Des microscopistes \u00e0 votre service.","publisher":{"@id":"https:\/\/www.deltamicroscopies.com\/en\/#organization"},"potentialAction":[{"@type":"SearchAction","target":{"@type":"EntryPoint","urlTemplate":"https:\/\/www.deltamicroscopies.com\/en\/?s={search_term_string}"},"query-input":{"@type":"PropertyValueSpecification","valueRequired":true,"valueName":"search_term_string"}}],"inLanguage":"en-US"},{"@type":"Organization","@id":"https:\/\/www.deltamicroscopies.com\/en\/#organization","name":"Delta Microscopies","url":"https:\/\/www.deltamicroscopies.com\/en\/","logo":{"@type":"ImageObject","inLanguage":"en-US","@id":"https:\/\/www.deltamicroscopies.com\/en\/#\/schema\/logo\/image\/","url":"https:\/\/efb7cwj5g4q.exactdn.com\/wp-content\/uploads\/2019\/09\/DELTAM_LOGO_RVB-1-1.png?strip=all&lossy=1&ssl=1","contentUrl":"https:\/\/efb7cwj5g4q.exactdn.com\/wp-content\/uploads\/2019\/09\/DELTAM_LOGO_RVB-1-1.png?strip=all&lossy=1&ssl=1","width":688,"height":177,"caption":"Delta Microscopies"},"image":{"@id":"https:\/\/www.deltamicroscopies.com\/en\/#\/schema\/logo\/image\/"},"sameAs":["https:\/\/www.instagram.com\/emsdiasum\/","https:\/\/www.youtube.com\/channel\/UCkSsQQq74DhyLXNg_9RPorQ"]}]}},"_links":{"self":[{"href":"https:\/\/www.deltamicroscopies.com\/en\/wp-json\/wp\/v2\/product\/298368","targetHints":{"allow":["GET"]}}],"collection":[{"href":"https:\/\/www.deltamicroscopies.com\/en\/wp-json\/wp\/v2\/product"}],"about":[{"href":"https:\/\/www.deltamicroscopies.com\/en\/wp-json\/wp\/v2\/types\/product"}],"replies":[{"embeddable":true,"href":"https:\/\/www.deltamicroscopies.com\/en\/wp-json\/wp\/v2\/comments?post=298368"}],"wp:featuredmedia":[{"embeddable":true,"href":"https:\/\/www.deltamicroscopies.com\/en\/wp-json\/wp\/v2\/media\/284793"}],"wp:attachment":[{"href":"https:\/\/www.deltamicroscopies.com\/en\/wp-json\/wp\/v2\/media?parent=298368"}],"wp:term":[{"taxonomy":"product_brand","embeddable":true,"href":"https:\/\/www.deltamicroscopies.com\/en\/wp-json\/wp\/v2\/product_brand?post=298368"},{"taxonomy":"product_cat","embeddable":true,"href":"https:\/\/www.deltamicroscopies.com\/en\/wp-json\/wp\/v2\/product_cat?post=298368"},{"taxonomy":"product_tag","embeddable":true,"href":"https:\/\/www.deltamicroscopies.com\/en\/wp-json\/wp\/v2\/product_tag?post=298368"}],"curies":[{"name":"wp","href":"https:\/\/api.w.org\/{rel}","templated":true}]}}