{"id":298400,"date":"2019-04-01T08:32:22","date_gmt":"2019-04-01T07:32:22","guid":{"rendered":"https:\/\/www.deltamicroscopies.com\/produit\/uranyless\/"},"modified":"2025-02-07T12:38:34","modified_gmt":"2025-02-07T11:38:34","slug":"uranyless","status":"publish","type":"product","link":"https:\/\/www.deltamicroscopies.com\/en\/products\/uranyless\/","title":{"rendered":"Uranyless"},"content":{"rendered":"<p>[et_pb_section fb_built=&#8221;1&#8243; _builder_version=&#8221;4.16&#8243; custom_padding=&#8221;0px||||false|false&#8221; global_colors_info=&#8221;{}&#8221;][et_pb_row _builder_version=&#8221;4.16&#8243; background_size=&#8221;initial&#8221; background_position=&#8221;top_left&#8221; background_repeat=&#8221;repeat&#8221; width=&#8221;100%&#8221; custom_padding=&#8221;0px||0px||false|false&#8221; global_colors_info=&#8221;{}&#8221;][et_pb_column type=&#8221;4_4&#8243; _builder_version=&#8221;4.16&#8243; custom_padding=&#8221;|||&#8221; global_colors_info=&#8221;{}&#8221; custom_padding__hover=&#8221;|||&#8221;][et_pb_wc_breadcrumb _builder_version=&#8221;4.16&#8243; global_colors_info=&#8221;{}&#8221;][\/et_pb_wc_breadcrumb][et_pb_wc_cart_notice _builder_version=&#8221;4.16&#8243; global_colors_info=&#8221;{}&#8221;][\/et_pb_wc_cart_notice][\/et_pb_column][\/et_pb_row][et_pb_row column_structure=&#8221;1_2,1_2&#8243; _builder_version=&#8221;4.16&#8243; background_size=&#8221;initial&#8221; background_position=&#8221;top_left&#8221; background_repeat=&#8221;repeat&#8221; width=&#8221;100%&#8221; custom_padding=&#8221;0px||||false|false&#8221; global_colors_info=&#8221;{}&#8221;][et_pb_column type=&#8221;1_2&#8243; _builder_version=&#8221;4.16&#8243; custom_padding=&#8221;|||&#8221; global_colors_info=&#8221;{}&#8221; custom_padding__hover=&#8221;|||&#8221;][et_pb_wc_images _builder_version=&#8221;4.16&#8243; global_colors_info=&#8221;{}&#8221;][\/et_pb_wc_images][\/et_pb_column][et_pb_column type=&#8221;1_2&#8243; _builder_version=&#8221;4.16&#8243; custom_padding=&#8221;|||&#8221; global_colors_info=&#8221;{}&#8221; custom_padding__hover=&#8221;|||&#8221;][et_pb_wc_title _builder_version=&#8221;4.16&#8243; global_colors_info=&#8221;{}&#8221;][\/et_pb_wc_title][et_pb_wc_rating _builder_version=&#8221;4.16&#8243; global_colors_info=&#8221;{}&#8221;][\/et_pb_wc_rating][et_pb_wc_price _builder_version=&#8221;4.16&#8243; global_colors_info=&#8221;{}&#8221;][\/et_pb_wc_price][et_pb_wc_description _builder_version=&#8221;4.16&#8243; global_colors_info=&#8221;{}&#8221;][\/et_pb_wc_description][et_pb_wc_add_to_cart _builder_version=&#8221;4.16&#8243; global_colors_info=&#8221;{}&#8221;][\/et_pb_wc_add_to_cart][et_pb_wc_meta _builder_version=&#8221;4.16&#8243; global_colors_info=&#8221;{}&#8221;][\/et_pb_wc_meta][\/et_pb_column][\/et_pb_row][et_pb_row _builder_version=&#8221;4.16&#8243; background_size=&#8221;initial&#8221; background_position=&#8221;top_left&#8221; background_repeat=&#8221;repeat&#8221; width=&#8221;100%&#8221; global_colors_info=&#8221;{}&#8221;][et_pb_column type=&#8221;4_4&#8243; _builder_version=&#8221;4.16&#8243; custom_padding=&#8221;|||&#8221; global_colors_info=&#8221;{}&#8221; custom_padding__hover=&#8221;|||&#8221;][et_pb_wc_tabs _builder_version=&#8221;4.16&#8243; global_colors_info=&#8221;{}&#8221;]\t\t\t\t\t[\/et_pb_wc_tabs][et_pb_wc_upsells _builder_version=&#8221;4.16&#8243; global_colors_info=&#8221;{}&#8221; admin_label=&#8221;Vente incitative de produits Woo&#8221;][\/et_pb_wc_upsells][et_pb_wc_related_products _builder_version=&#8221;4.16&#8243; global_colors_info=&#8221;{}&#8221; admin_label=&#8221;Woo Produits connexes&#8221;][\/et_pb_wc_related_products][\/et_pb_column][\/et_pb_row][\/et_pb_section]<\/p>\n","protected":false},"excerpt":{"rendered":"<p><strong>New electron Microscopy stain<\/strong> substitute uranyl acetate its mixture lanthanides<\/p>\n<p><strong>more info<\/strong> see : www.uranyless.com (protocoles, some samples applications and MSDS)<\/p>\n<p>storage RT<\/p>\n","protected":false},"featured_media":288278,"comment_status":"open","ping_status":"closed","template":"","meta":{"_et_pb_use_builder":"on","_et_pb_old_content":"<blockquote><span class=\"goog-text-highlight\"><a href=\"http:\/\/uranyless.com\/en\/home-page-2\/\">UranyLess<\/a>\u00a0est un produit non radioactif.<\/span><\/blockquote>\r\nIl offre de tr\u00e8s bons contrastes gr\u00e2ce \u00e0 son affinit\u00e9 pour le mat\u00e9riel biologique qui le rend tr\u00e8s efficace.\r\n\r\n<span class=\"\">une minute de contact suffit pour contraster vos coupes ou vos \u00e9talements (d\u00e9p\u00f4ts) de particules en coloration n\u00e9gative.<\/span>\r\n\r\nTrois gammes d\u2019Uranyless sont disponibles:\r\n<ul>\r\n \t<li>\u00a0Uranyless\u00a0 Aqueux<\/li>\r\n \t<li>\u00a0 Uranyless 30% \u00e9thanol alcoolique<\/li>\r\n \t<li>\u00a0 Uranyless dans l'acetone\u2013 pour cryofixation, AFS application<\/li>\r\n<\/ul>\r\n<span class=\"goog-text-highlight\">Pour l\u2019utilisation d\u2019Uranyless dans\u00a0<\/span><strong><span class=\"goog-text-highlight\">des<\/span><\/strong><span class=\"goog-text-highlight\">\u00a0grilles de\u00a0<\/span><strong><span class=\"goog-text-highlight\">coloration automatiques<\/span><\/strong><span class=\"goog-text-highlight\">\u00a0comme\u00a0<\/span><strong><span class=\"goog-text-highlight\">EM Stain de Leica<\/span><\/strong><span class=\"goog-text-highlight\">\u00a0ou\u00a0<\/span><strong><span class=\"goog-text-highlight\">RMC grids stainer<\/span><\/strong><span class=\"goog-text-highlight\">\u00a0, l\u2019Uranyless est fourni dans un flacon de 200 ml.<\/span>\r\n\r\nstockage RT\r\n\r\n<span class=\"goog-text-highlight\">plus d\u2019informations<\/span><span class=\"goog-text-highlight\">\u00a0:\u00a0<a href=\"https:\/\/www.uranyless.com\/\">www.uranyless.com<\/a> (protocoles, quelques exemples d\u2019applications et fiche signal\u00e9tique)\r\n<\/span>et regardez notre\u00a0<a href=\"https:\/\/www.youtube.com\/watch?v=ox3Q6ORyTtU&amp;t=3s\">video sur la cha\u00eene youtube Microscopydirect<\/a>\u00a0.\r\n<ul>\r\n \t<li>\r\n\r\n[caption id=\"attachment_238276\" align=\"alignnone\" width=\"323\"]<a href=\"https:\/\/www.deltamicroscopies.com\/wp-content\/uploads\/2019\/04\/DSC04831-scaled.jpg\"><img class=\" wp-image-238276\" src=\"https:\/\/www.deltamicroscopies.com\/wp-content\/uploads\/2019\/04\/DSC04831-300x200.jpg\" alt=\"\" width=\"323\" height=\"215\" \/><\/a> <strong>uranyless 30 ml Airless for manual stain grids<\/strong>[\/caption]<\/li>\r\n<\/ul>\r\nFor the use Uranyless in <strong>automate stainer<\/strong> grid like <strong>EM Stain by Leica<\/strong> or <strong>RMC\u00a0 grids stainer<\/strong> , the Uranyless is supplied in a 200 ml bottle.\r\n\r\n&nbsp;\r\n\r\n&nbsp;\r\n\r\n[caption id=\"attachment_238277\" align=\"alignnone\" width=\"200\"]<a href=\"https:\/\/www.deltamicroscopies.com\/wp-content\/uploads\/2019\/04\/DSC04829-scaled.jpg\"><img class=\"size-medium wp-image-238277\" src=\"https:\/\/www.deltamicroscopies.com\/wp-content\/uploads\/2019\/04\/DSC04829-200x300.jpg\" alt=\"\" width=\"200\" height=\"300\" \/><\/a> <strong>uranyless 200 ml for Leica and RMC automate grids stainer<\/strong>[\/caption]\r\n\r\n<span style=\"color: #ff0000\"><strong>More information visite our website www.uranyless.com<\/strong><\/span>\r\n<h4><span style=\"color: #0000ff\"><strong>SAFETY DATA SHEET<\/strong><\/span><\/h4>\r\n<a href=\"https:\/\/www.deltamicroscopies.com\/wp-content\/uploads\/2019\/04\/FDS-Uranyless-30-ethanol-new.pdf\">FDS Uranyless 30% ethanol new<\/a>\r\n\r\n<a href=\"https:\/\/www.deltamicroscopies.com\/wp-content\/uploads\/2019\/04\/FDS-Uranyless-aqueous.pdf\">FDS Uranyless aqueous<\/a>\r\n\r\n<a href=\"https:\/\/www.deltamicroscopies.com\/wp-content\/uploads\/2019\/04\/FDS-Uranyless-Cryo-ACETONE.pdf\">FDS-Uranyless Cryo ACETONE<\/a>\r\n\r\n&nbsp;","_et_gb_content_width":"","inline_featured_image":false},"product_brand":[],"product_cat":[1472,1396,1354,1470],"product_tag":[1626],"class_list":{"0":"post-298400","1":"product","2":"type-product","3":"status-publish","4":"has-post-thumbnail","6":"product_cat-contrastants-me-em-stains-en","7":"product_cat-contrastants-colorants-en","8":"product_cat-reactifs-en","9":"product_cat-uranyless-en","10":"product_tag-uranyless-en","12":"first","13":"instock","14":"taxable","15":"shipping-taxable","16":"purchasable","17":"product-type-variable"},"yoast_head":"<!-- This site is optimized with the Yoast SEO plugin v27.4 - https:\/\/yoast.com\/product\/yoast-seo-wordpress\/ -->\n<title>Uranyless - Delta Microscopies<\/title>\n<meta name=\"robots\" content=\"index, follow, max-snippet:-1, max-image-preview:large, max-video-preview:-1\" \/>\n<link rel=\"canonical\" href=\"https:\/\/www.deltamicroscopies.com\/en\/products\/uranyless\/\" \/>\n<meta property=\"og:locale\" content=\"en_US\" \/>\n<meta property=\"og:type\" content=\"article\" \/>\n<meta property=\"og:title\" content=\"Uranyless - Delta Microscopies\" \/>\n<meta property=\"og:description\" content=\"New electron Microscopy stain substitute uranyl acetate its mixture lanthanides  more info see : www.uranyless.com (protocoles, some samples applications and MSDS)  storage RT\" \/>\n<meta property=\"og:url\" content=\"https:\/\/www.deltamicroscopies.com\/en\/products\/uranyless\/\" \/>\n<meta property=\"og:site_name\" content=\"Delta Microscopies\" \/>\n<meta property=\"article:modified_time\" content=\"2025-02-07T11:38:34+00:00\" \/>\n<meta property=\"og:image\" content=\"https:\/\/www.deltamicroscopies.com\/wp-content\/uploads\/2019\/04\/uranyless-200-et-30.jpg\" \/>\n\t<meta property=\"og:image:width\" content=\"757\" \/>\n\t<meta property=\"og:image:height\" content=\"961\" \/>\n\t<meta property=\"og:image:type\" content=\"image\/jpeg\" \/>\n<meta name=\"twitter:label1\" content=\"Est. reading time\" \/>\n\t<meta name=\"twitter:data1\" content=\"1 minute\" \/>\n<!-- \/ Yoast SEO plugin. -->","yoast_head_json":{"title":"Uranyless - Delta Microscopies","robots":{"index":"index","follow":"follow","max-snippet":"max-snippet:-1","max-image-preview":"max-image-preview:large","max-video-preview":"max-video-preview:-1"},"canonical":"https:\/\/www.deltamicroscopies.com\/en\/products\/uranyless\/","og_locale":"en_US","og_type":"article","og_title":"Uranyless - Delta Microscopies","og_description":"New electron Microscopy stain substitute uranyl acetate its mixture lanthanides  more info see : www.uranyless.com (protocoles, some samples applications and MSDS)  storage RT","og_url":"https:\/\/www.deltamicroscopies.com\/en\/products\/uranyless\/","og_site_name":"Delta Microscopies","article_modified_time":"2025-02-07T11:38:34+00:00","og_image":[{"width":757,"height":961,"url":"https:\/\/www.deltamicroscopies.com\/wp-content\/uploads\/2019\/04\/uranyless-200-et-30.jpg","type":"image\/jpeg"}],"twitter_misc":{"Est. reading time":"1 minute"},"schema":{"@context":"https:\/\/schema.org","@graph":[{"@type":"WebPage","@id":"https:\/\/www.deltamicroscopies.com\/en\/products\/uranyless\/","url":"https:\/\/www.deltamicroscopies.com\/en\/products\/uranyless\/","name":"Uranyless - Delta Microscopies","isPartOf":{"@id":"https:\/\/www.deltamicroscopies.com\/en\/#website"},"primaryImageOfPage":{"@id":"https:\/\/www.deltamicroscopies.com\/en\/products\/uranyless\/#primaryimage"},"image":{"@id":"https:\/\/www.deltamicroscopies.com\/en\/products\/uranyless\/#primaryimage"},"thumbnailUrl":"https:\/\/efb7cwj5g4q.exactdn.com\/wp-content\/uploads\/2019\/04\/uranyless-200-et-30.jpg?strip=all","datePublished":"2019-04-01T07:32:22+00:00","dateModified":"2025-02-07T11:38:34+00:00","breadcrumb":{"@id":"https:\/\/www.deltamicroscopies.com\/en\/products\/uranyless\/#breadcrumb"},"inLanguage":"en-US","potentialAction":[{"@type":"ReadAction","target":["https:\/\/www.deltamicroscopies.com\/en\/products\/uranyless\/"]}]},{"@type":"ImageObject","inLanguage":"en-US","@id":"https:\/\/www.deltamicroscopies.com\/en\/products\/uranyless\/#primaryimage","url":"https:\/\/efb7cwj5g4q.exactdn.com\/wp-content\/uploads\/2019\/04\/uranyless-200-et-30.jpg?strip=all","contentUrl":"https:\/\/efb7cwj5g4q.exactdn.com\/wp-content\/uploads\/2019\/04\/uranyless-200-et-30.jpg?strip=all","width":757,"height":961,"caption":"Uranyless"},{"@type":"BreadcrumbList","@id":"https:\/\/www.deltamicroscopies.com\/en\/products\/uranyless\/#breadcrumb","itemListElement":[{"@type":"ListItem","position":1,"name":"Accueil","item":"https:\/\/www.deltamicroscopies.com\/en\/home-3\/"},{"@type":"ListItem","position":2,"name":"Our products","item":"https:\/\/www.deltamicroscopies.com\/en\/shop\/"},{"@type":"ListItem","position":3,"name":"Uranyless"}]},{"@type":"WebSite","@id":"https:\/\/www.deltamicroscopies.com\/en\/#website","url":"https:\/\/www.deltamicroscopies.com\/en\/","name":"Delta Microscopies","description":"Des microscopistes \u00e0 votre service.","publisher":{"@id":"https:\/\/www.deltamicroscopies.com\/en\/#organization"},"potentialAction":[{"@type":"SearchAction","target":{"@type":"EntryPoint","urlTemplate":"https:\/\/www.deltamicroscopies.com\/en\/?s={search_term_string}"},"query-input":{"@type":"PropertyValueSpecification","valueRequired":true,"valueName":"search_term_string"}}],"inLanguage":"en-US"},{"@type":"Organization","@id":"https:\/\/www.deltamicroscopies.com\/en\/#organization","name":"Delta Microscopies","url":"https:\/\/www.deltamicroscopies.com\/en\/","logo":{"@type":"ImageObject","inLanguage":"en-US","@id":"https:\/\/www.deltamicroscopies.com\/en\/#\/schema\/logo\/image\/","url":"https:\/\/efb7cwj5g4q.exactdn.com\/wp-content\/uploads\/2019\/09\/DELTAM_LOGO_RVB-1-1.png?strip=all&lossy=1&ssl=1","contentUrl":"https:\/\/efb7cwj5g4q.exactdn.com\/wp-content\/uploads\/2019\/09\/DELTAM_LOGO_RVB-1-1.png?strip=all&lossy=1&ssl=1","width":688,"height":177,"caption":"Delta Microscopies"},"image":{"@id":"https:\/\/www.deltamicroscopies.com\/en\/#\/schema\/logo\/image\/"},"sameAs":["https:\/\/www.instagram.com\/emsdiasum\/","https:\/\/www.youtube.com\/channel\/UCkSsQQq74DhyLXNg_9RPorQ"]}]}},"_links":{"self":[{"href":"https:\/\/www.deltamicroscopies.com\/en\/wp-json\/wp\/v2\/product\/298400","targetHints":{"allow":["GET"]}}],"collection":[{"href":"https:\/\/www.deltamicroscopies.com\/en\/wp-json\/wp\/v2\/product"}],"about":[{"href":"https:\/\/www.deltamicroscopies.com\/en\/wp-json\/wp\/v2\/types\/product"}],"replies":[{"embeddable":true,"href":"https:\/\/www.deltamicroscopies.com\/en\/wp-json\/wp\/v2\/comments?post=298400"}],"wp:featuredmedia":[{"embeddable":true,"href":"https:\/\/www.deltamicroscopies.com\/en\/wp-json\/wp\/v2\/media\/288278"}],"wp:attachment":[{"href":"https:\/\/www.deltamicroscopies.com\/en\/wp-json\/wp\/v2\/media?parent=298400"}],"wp:term":[{"taxonomy":"product_brand","embeddable":true,"href":"https:\/\/www.deltamicroscopies.com\/en\/wp-json\/wp\/v2\/product_brand?post=298400"},{"taxonomy":"product_cat","embeddable":true,"href":"https:\/\/www.deltamicroscopies.com\/en\/wp-json\/wp\/v2\/product_cat?post=298400"},{"taxonomy":"product_tag","embeddable":true,"href":"https:\/\/www.deltamicroscopies.com\/en\/wp-json\/wp\/v2\/product_tag?post=298400"}],"curies":[{"name":"wp","href":"https:\/\/api.w.org\/{rel}","templated":true}]}}