{"id":298409,"date":"2019-03-29T11:51:42","date_gmt":"2019-03-29T10:51:42","guid":{"rendered":"https:\/\/www.deltamicroscopies.com\/produit\/formaldehyde-aqueous-solution-paraformaldehyde-aqueous-solution-em-grade\/"},"modified":"2025-12-17T23:23:06","modified_gmt":"2025-12-17T22:23:06","slug":"formaldehyde-aqueous-solution-paraformaldehyde-em-grade","status":"publish","type":"product","link":"https:\/\/www.deltamicroscopies.com\/en\/products\/formaldehyde-aqueous-solution-paraformaldehyde-em-grade\/","title":{"rendered":"PFA Formaldehyde Aqueous Solution (Paraformaldehyde) EM Grade"},"content":{"rendered":"<p><em>Paraformaldehyde \u2013 methanol free solution = EM Grade.<\/em><\/p>\n<p>Un fixateur p\u00e9n\u00e9trant plus efficace et rapide utilis\u00e9 en combinaison avec les fixateurs Glutarald\u00e9hyde. Ampoules de 10 ml scell\u00e9es sous gaz inerte, ou flacons de 100 ml, faciles \u00e0 casser. En plus de notre gamme compl\u00e8te de solutions de formald\u00e9hyde pr\u00e9sent\u00e9e ci-dessus, nous avons maintenant ajout\u00e9 \u00e0 la gamme une solution \u00e0 8% et une solution \u00e0 4%.<\/p>\n<table style=\"width: 39.5859%; height: 207px;\">\n<tbody>\n<tr style=\"height: 23px;\">\n<td style=\"width: 158.43px; height: 23px;\">D15710<\/td>\n<td style=\"width: 212.57px; height: 46px;\" rowspan=\"2\"><a href=\"https:\/\/www.deltamicroscopies.com\/wp-content\/uploads\/2019\/03\/MSDS_15710.pdf\">MSDS<\/a><\/td>\n<\/tr>\n<tr style=\"height: 23px;\">\n<td style=\"width: 158.43px; height: 23px;\">D15711<\/td>\n<\/tr>\n<tr style=\"height: 23px;\">\n<td style=\"width: 158.43px; height: 23px;\">D15712<\/td>\n<td style=\"width: 212.57px; height: 23px;\"><a href=\"https:\/\/www.deltamicroscopies.com\/wp-content\/uploads\/2019\/03\/MSDS_15712.pdf\">MSDS<\/a><\/td>\n<\/tr>\n<tr style=\"height: 23px;\">\n<td style=\"width: 158.43px; height: 23px;\">D15713<\/td>\n<td style=\"width: 212.57px; height: 23px;\"><a href=\"https:\/\/www.deltamicroscopies.com\/wp-content\/uploads\/2019\/03\/MSDS_15713.pdf\">MSDS<\/a><\/td>\n<\/tr>\n<tr style=\"height: 23px;\">\n<td style=\"width: 158.43px; height: 23px;\">D15714<\/td>\n<td style=\"width: 212.57px; height: 23px;\"><a href=\"https:\/\/www.deltamicroscopies.com\/wp-content\/uploads\/2019\/03\/MSDS_15714.pdf\">MSDS<\/a><\/td>\n<\/tr>\n<tr style=\"height: 23px;\">\n<td style=\"width: 158.43px; height: 23px;\">D157-4<\/td>\n<td style=\"width: 212.57px; height: 46px;\" rowspan=\"2\"><a href=\"https:\/\/www.deltamicroscopies.com\/wp-content\/uploads\/2019\/03\/MSDS_157-4.pdf\">MSDS<\/a><\/td>\n<\/tr>\n<tr style=\"height: 23px;\">\n<td style=\"width: 158.43px; height: 23px;\">D157-4-100<\/td>\n<\/tr>\n<tr style=\"height: 23px;\">\n<td style=\"width: 158.43px; height: 23px;\">D157-8<\/td>\n<td style=\"width: 212.57px; height: 46px;\" rowspan=\"2\"><a href=\"https:\/\/www.deltamicroscopies.com\/wp-content\/uploads\/2019\/03\/MSDS_157-8.pdf\">MSDS<\/a><\/td>\n<\/tr>\n<tr style=\"height: 23px;\">\n<td style=\"width: 158.43px; height: 23px;\">D157-8-100<\/td>\n<\/tr>\n<\/tbody>\n<\/table>\n<p>Storage : RT<\/p>\n","protected":false},"excerpt":{"rendered":"<p>&nbsp;<\/p>\n<p><span style=\"color: #ffffff;\">a<\/span><\/p>\n","protected":false},"featured_media":288488,"comment_status":"open","ping_status":"closed","template":"","meta":{"_et_pb_use_builder":"off","_et_pb_old_content":"","_et_gb_content_width":"","inline_featured_image":false},"product_brand":[],"product_cat":[1362,1441,1354],"product_tag":[1628,1629],"class_list":{"0":"post-298409","1":"product","2":"type-product","3":"status-publish","4":"has-post-thumbnail","6":"product_cat-fixateurs-en","7":"product_cat-paraformaldehydes-en","8":"product_cat-reactifs-en","9":"product_tag-aqueous-solution-en","10":"product_tag-pfa-em-grade-en","12":"first","13":"instock","14":"taxable","15":"shipping-taxable","16":"purchasable","17":"product-type-variable"},"yoast_head":"<!-- This site is optimized with the Yoast SEO plugin v27.4 - https:\/\/yoast.com\/product\/yoast-seo-wordpress\/ -->\n<title>PFA Formaldehyde Aqueous Solution (Paraformaldehyde) EM Grade - Delta Microscopies<\/title>\n<meta name=\"description\" content=\"Fixateur efficace et rapide utilis\u00e9 en combinaison avec les fixateurs Glutarald\u00e9hyde. Disponible en ampoules de 10 ml ou flacons de 100 ml.\" \/>\n<meta name=\"robots\" content=\"index, follow, max-snippet:-1, max-image-preview:large, max-video-preview:-1\" \/>\n<link rel=\"canonical\" href=\"https:\/\/www.deltamicroscopies.com\/en\/products\/formaldehyde-aqueous-solution-paraformaldehyde-em-grade\/\" \/>\n<meta property=\"og:locale\" content=\"en_US\" \/>\n<meta property=\"og:type\" content=\"article\" \/>\n<meta property=\"og:title\" content=\"PFA Formaldehyde Aqueous Solution (Paraformaldehyde) EM Grade - Delta Microscopies\" \/>\n<meta property=\"og:description\" content=\"Fixateur efficace et rapide utilis\u00e9 en combinaison avec les fixateurs Glutarald\u00e9hyde. Disponible en ampoules de 10 ml ou flacons de 100 ml.\" \/>\n<meta property=\"og:url\" content=\"https:\/\/www.deltamicroscopies.com\/en\/products\/formaldehyde-aqueous-solution-paraformaldehyde-em-grade\/\" \/>\n<meta property=\"og:site_name\" content=\"Delta Microscopies\" \/>\n<meta property=\"article:modified_time\" content=\"2025-12-17T22:23:06+00:00\" \/>\n<meta property=\"og:image\" content=\"https:\/\/www.deltamicroscopies.com\/wp-content\/uploads\/2019\/03\/3198ouoFtML1.jpg\" \/>\n\t<meta property=\"og:image:width\" content=\"280\" \/>\n\t<meta property=\"og:image:height\" content=\"179\" \/>\n\t<meta property=\"og:image:type\" content=\"image\/jpeg\" \/>\n<!-- \/ Yoast SEO plugin. -->","yoast_head_json":{"title":"PFA Formaldehyde Aqueous Solution (Paraformaldehyde) EM Grade - Delta Microscopies","description":"Fixateur efficace et rapide utilis\u00e9 en combinaison avec les fixateurs Glutarald\u00e9hyde. Disponible en ampoules de 10 ml ou flacons de 100 ml.","robots":{"index":"index","follow":"follow","max-snippet":"max-snippet:-1","max-image-preview":"max-image-preview:large","max-video-preview":"max-video-preview:-1"},"canonical":"https:\/\/www.deltamicroscopies.com\/en\/products\/formaldehyde-aqueous-solution-paraformaldehyde-em-grade\/","og_locale":"en_US","og_type":"article","og_title":"PFA Formaldehyde Aqueous Solution (Paraformaldehyde) EM Grade - Delta Microscopies","og_description":"Fixateur efficace et rapide utilis\u00e9 en combinaison avec les fixateurs Glutarald\u00e9hyde. Disponible en ampoules de 10 ml ou flacons de 100 ml.","og_url":"https:\/\/www.deltamicroscopies.com\/en\/products\/formaldehyde-aqueous-solution-paraformaldehyde-em-grade\/","og_site_name":"Delta Microscopies","article_modified_time":"2025-12-17T22:23:06+00:00","og_image":[{"width":280,"height":179,"url":"https:\/\/www.deltamicroscopies.com\/wp-content\/uploads\/2019\/03\/3198ouoFtML1.jpg","type":"image\/jpeg"}],"schema":{"@context":"https:\/\/schema.org","@graph":[{"@type":"WebPage","@id":"https:\/\/www.deltamicroscopies.com\/en\/products\/formaldehyde-aqueous-solution-paraformaldehyde-em-grade\/","url":"https:\/\/www.deltamicroscopies.com\/en\/products\/formaldehyde-aqueous-solution-paraformaldehyde-em-grade\/","name":"PFA Formaldehyde Aqueous Solution (Paraformaldehyde) EM Grade - Delta Microscopies","isPartOf":{"@id":"https:\/\/www.deltamicroscopies.com\/en\/#website"},"primaryImageOfPage":{"@id":"https:\/\/www.deltamicroscopies.com\/en\/products\/formaldehyde-aqueous-solution-paraformaldehyde-em-grade\/#primaryimage"},"image":{"@id":"https:\/\/www.deltamicroscopies.com\/en\/products\/formaldehyde-aqueous-solution-paraformaldehyde-em-grade\/#primaryimage"},"thumbnailUrl":"https:\/\/efb7cwj5g4q.exactdn.com\/wp-content\/uploads\/2019\/03\/3198ouoFtML1.jpg?strip=all","datePublished":"2019-03-29T10:51:42+00:00","dateModified":"2025-12-17T22:23:06+00:00","description":"Fixateur efficace et rapide utilis\u00e9 en combinaison avec les fixateurs Glutarald\u00e9hyde. Disponible en ampoules de 10 ml ou flacons de 100 ml.","breadcrumb":{"@id":"https:\/\/www.deltamicroscopies.com\/en\/products\/formaldehyde-aqueous-solution-paraformaldehyde-em-grade\/#breadcrumb"},"inLanguage":"en-US","potentialAction":[{"@type":"ReadAction","target":["https:\/\/www.deltamicroscopies.com\/en\/products\/formaldehyde-aqueous-solution-paraformaldehyde-em-grade\/"]}]},{"@type":"ImageObject","inLanguage":"en-US","@id":"https:\/\/www.deltamicroscopies.com\/en\/products\/formaldehyde-aqueous-solution-paraformaldehyde-em-grade\/#primaryimage","url":"https:\/\/efb7cwj5g4q.exactdn.com\/wp-content\/uploads\/2019\/03\/3198ouoFtML1.jpg?strip=all","contentUrl":"https:\/\/efb7cwj5g4q.exactdn.com\/wp-content\/uploads\/2019\/03\/3198ouoFtML1.jpg?strip=all","width":280,"height":179,"caption":"PFA Formaldehyde Aqueous Solution (Paraformaldehyde) EM Grade"},{"@type":"BreadcrumbList","@id":"https:\/\/www.deltamicroscopies.com\/en\/products\/formaldehyde-aqueous-solution-paraformaldehyde-em-grade\/#breadcrumb","itemListElement":[{"@type":"ListItem","position":1,"name":"Accueil","item":"https:\/\/www.deltamicroscopies.com\/en\/home-3\/"},{"@type":"ListItem","position":2,"name":"Our products","item":"https:\/\/www.deltamicroscopies.com\/en\/shop\/"},{"@type":"ListItem","position":3,"name":"PFA Formaldehyde Aqueous Solution (Paraformaldehyde) EM Grade"}]},{"@type":"WebSite","@id":"https:\/\/www.deltamicroscopies.com\/en\/#website","url":"https:\/\/www.deltamicroscopies.com\/en\/","name":"Delta Microscopies","description":"Des microscopistes \u00e0 votre service.","publisher":{"@id":"https:\/\/www.deltamicroscopies.com\/en\/#organization"},"potentialAction":[{"@type":"SearchAction","target":{"@type":"EntryPoint","urlTemplate":"https:\/\/www.deltamicroscopies.com\/en\/?s={search_term_string}"},"query-input":{"@type":"PropertyValueSpecification","valueRequired":true,"valueName":"search_term_string"}}],"inLanguage":"en-US"},{"@type":"Organization","@id":"https:\/\/www.deltamicroscopies.com\/en\/#organization","name":"Delta Microscopies","url":"https:\/\/www.deltamicroscopies.com\/en\/","logo":{"@type":"ImageObject","inLanguage":"en-US","@id":"https:\/\/www.deltamicroscopies.com\/en\/#\/schema\/logo\/image\/","url":"https:\/\/efb7cwj5g4q.exactdn.com\/wp-content\/uploads\/2019\/09\/DELTAM_LOGO_RVB-1-1.png?strip=all&lossy=1&ssl=1","contentUrl":"https:\/\/efb7cwj5g4q.exactdn.com\/wp-content\/uploads\/2019\/09\/DELTAM_LOGO_RVB-1-1.png?strip=all&lossy=1&ssl=1","width":688,"height":177,"caption":"Delta Microscopies"},"image":{"@id":"https:\/\/www.deltamicroscopies.com\/en\/#\/schema\/logo\/image\/"},"sameAs":["https:\/\/www.instagram.com\/emsdiasum\/","https:\/\/www.youtube.com\/channel\/UCkSsQQq74DhyLXNg_9RPorQ"]}]}},"_links":{"self":[{"href":"https:\/\/www.deltamicroscopies.com\/en\/wp-json\/wp\/v2\/product\/298409","targetHints":{"allow":["GET"]}}],"collection":[{"href":"https:\/\/www.deltamicroscopies.com\/en\/wp-json\/wp\/v2\/product"}],"about":[{"href":"https:\/\/www.deltamicroscopies.com\/en\/wp-json\/wp\/v2\/types\/product"}],"replies":[{"embeddable":true,"href":"https:\/\/www.deltamicroscopies.com\/en\/wp-json\/wp\/v2\/comments?post=298409"}],"wp:featuredmedia":[{"embeddable":true,"href":"https:\/\/www.deltamicroscopies.com\/en\/wp-json\/wp\/v2\/media\/288488"}],"wp:attachment":[{"href":"https:\/\/www.deltamicroscopies.com\/en\/wp-json\/wp\/v2\/media?parent=298409"}],"wp:term":[{"taxonomy":"product_brand","embeddable":true,"href":"https:\/\/www.deltamicroscopies.com\/en\/wp-json\/wp\/v2\/product_brand?post=298409"},{"taxonomy":"product_cat","embeddable":true,"href":"https:\/\/www.deltamicroscopies.com\/en\/wp-json\/wp\/v2\/product_cat?post=298409"},{"taxonomy":"product_tag","embeddable":true,"href":"https:\/\/www.deltamicroscopies.com\/en\/wp-json\/wp\/v2\/product_tag?post=298409"}],"curies":[{"name":"wp","href":"https:\/\/api.w.org\/{rel}","templated":true}]}}