{"id":298879,"date":"2019-01-22T11:02:04","date_gmt":"2019-01-22T10:02:04","guid":{"rendered":"https:\/\/www.deltamicroscopies.com\/produit\/antistatic-grid-storage-box-for-100-tem-grids\/"},"modified":"2024-07-10T01:56:16","modified_gmt":"2024-07-10T00:56:16","slug":"antistatic-grid-storage","status":"publish","type":"product","link":"https:\/\/www.deltamicroscopies.com\/en\/products\/antistatic-grid-storage\/","title":{"rendered":"Antistatic grid storage box for 100 TEM GRIDS"},"content":{"rendered":"<p>Bo\u00eete de grille TEM antistatique \u00e9conomique bien con\u00e7ue, d&#8217;une capacit\u00e9 de 100 grilles TEM standard de 3,05 mm. Id\u00e9al pour le stockage \u00e0 long terme. Le corps avec les 100 cavit\u00e9s de stockage est fabriqu\u00e9 en ABS bleu avec un couvercle coulissant en acrylique transparent. Les positions sont r\u00e9f\u00e9renc\u00e9es par des chiffres et des lettres, clairement imprim\u00e9s sur le corps. Le couvercle coulissant comporte \u00e9galement 5 positions imprim\u00e9es \u00e0 l&#8217;int\u00e9rieur pour permettre un rep\u00e9rage facile. L&#8217;espacement plus large des cavit\u00e9s \u00e9vite toute confusion lors du chargement et facilite la r\u00e9cup\u00e9ration. Les dimensions de la bo\u00eete \u00e0 grille TEM TGB-100 d&#8217;EM-Tec sont : 92 x 55 x 7mm. \u00a0 Voir notre vid\u00e9o sur notre cha\u00eene YouTube <a href=\"https:\/\/www.youtube.com\/channel\/UCkSsQQq74DhyLXNg_9RPorQ\">&#8220;Microscopy Direct&#8221;<\/a>.<\/p>\n","protected":false},"excerpt":{"rendered":"<p>Well-designed Economy antistatic\u00a0 TEM grid box with a capacity of 100 the standard 3.05mm TEM grids. Ideal for long term storage. Body with the 100 storage cavities is made of blue ABS with a clear acrylic sliding lid. Positions are referenced with numbers and letters, clearly printed on the body. The sliding lid has also 5 positions printed on the inside to enable easy location. Wider spacing of the cavities prevent confusion when loading and make retrieval easier. Dimensions of the EM-Tec TGB-100 TEM grid box are: 92 x 55 x 7mm. \u00a0 <a href=\"https:\/\/www.youtube.com\/watch?v=PxPYjryIab8\">See our video<\/a> o our channel YouTube <a href=\"https:\/\/www.youtube.com\/channel\/UCkSsQQq74DhyLXNg_9RPorQ\">&#8220;Microscopy Direct&#8221;<\/a><\/p>\n","protected":false},"featured_media":287876,"comment_status":"open","ping_status":"closed","template":"","meta":{"_et_pb_use_builder":"on","_et_pb_old_content":"","_et_gb_content_width":"","inline_featured_image":false},"product_brand":[],"product_cat":[1120,1087,1246,1243],"product_tag":[],"class_list":{"0":"post-298879","1":"product","2":"type-product","3":"status-publish","4":"has-post-thumbnail","6":"product_cat-grilles-et-accessoires-en","7":"product_cat-grids-storage-boxes-en","8":"product_cat-stockage-accessoires-en","9":"product_cat-accessoires-en","11":"first","12":"instock","13":"taxable","14":"shipping-taxable","15":"purchasable","16":"product-type-variable"},"yoast_head":"<!-- This site is optimized with the Yoast SEO plugin v27.4 - https:\/\/yoast.com\/product\/yoast-seo-wordpress\/ -->\n<title>Antistatic grid storage box for 100 TEM GRIDS - Delta Microscopies<\/title>\n<meta name=\"robots\" content=\"index, follow, max-snippet:-1, max-image-preview:large, max-video-preview:-1\" \/>\n<link rel=\"canonical\" href=\"https:\/\/www.deltamicroscopies.com\/en\/products\/antistatic-grid-storage\/\" \/>\n<meta property=\"og:locale\" content=\"en_US\" \/>\n<meta property=\"og:type\" content=\"article\" \/>\n<meta property=\"og:title\" content=\"Antistatic grid storage box for 100 TEM GRIDS - Delta Microscopies\" \/>\n<meta property=\"og:description\" content=\"Well-designed Economy antistatic\u00a0 TEM grid box with a capacity of 100 the standard 3.05mm TEM grids. Ideal for long term storage. Body with the 100 storage cavities is made of blue ABS with a clear acrylic sliding lid. Positions are referenced with numbers and letters, clearly printed on the body. The sliding lid has also 5 positions printed on the inside to enable easy location. Wider spacing of the cavities prevent confusion when loading and make retrieval easier. Dimensions of the EM-Tec TGB-100 TEM grid box are: 92 x 55 x 7mm. \u00a0 See our video o our channel YouTube &quot;Microscopy Direct&quot;\" \/>\n<meta property=\"og:url\" content=\"https:\/\/www.deltamicroscopies.com\/en\/products\/antistatic-grid-storage\/\" \/>\n<meta property=\"og:site_name\" content=\"Delta Microscopies\" \/>\n<meta property=\"article:modified_time\" content=\"2024-07-10T00:56:16+00:00\" \/>\n<meta property=\"og:image\" content=\"https:\/\/www.deltamicroscopies.com\/wp-content\/uploads\/2019\/01\/12-boites-100-grids-storage-boxes.jpg\" \/>\n\t<meta property=\"og:image:width\" content=\"745\" \/>\n\t<meta property=\"og:image:height\" content=\"703\" \/>\n\t<meta property=\"og:image:type\" content=\"image\/jpeg\" \/>\n<meta name=\"twitter:label1\" content=\"Est. reading time\" \/>\n\t<meta name=\"twitter:data1\" content=\"1 minute\" \/>\n<!-- \/ Yoast SEO plugin. -->","yoast_head_json":{"title":"Antistatic grid storage box for 100 TEM GRIDS - Delta Microscopies","robots":{"index":"index","follow":"follow","max-snippet":"max-snippet:-1","max-image-preview":"max-image-preview:large","max-video-preview":"max-video-preview:-1"},"canonical":"https:\/\/www.deltamicroscopies.com\/en\/products\/antistatic-grid-storage\/","og_locale":"en_US","og_type":"article","og_title":"Antistatic grid storage box for 100 TEM GRIDS - Delta Microscopies","og_description":"Well-designed Economy antistatic\u00a0 TEM grid box with a capacity of 100 the standard 3.05mm TEM grids. Ideal for long term storage. Body with the 100 storage cavities is made of blue ABS with a clear acrylic sliding lid. Positions are referenced with numbers and letters, clearly printed on the body. The sliding lid has also 5 positions printed on the inside to enable easy location. Wider spacing of the cavities prevent confusion when loading and make retrieval easier. Dimensions of the EM-Tec TGB-100 TEM grid box are: 92 x 55 x 7mm. \u00a0 See our video o our channel YouTube \"Microscopy Direct\"","og_url":"https:\/\/www.deltamicroscopies.com\/en\/products\/antistatic-grid-storage\/","og_site_name":"Delta Microscopies","article_modified_time":"2024-07-10T00:56:16+00:00","og_image":[{"width":745,"height":703,"url":"https:\/\/www.deltamicroscopies.com\/wp-content\/uploads\/2019\/01\/12-boites-100-grids-storage-boxes.jpg","type":"image\/jpeg"}],"twitter_misc":{"Est. reading time":"1 minute"},"schema":{"@context":"https:\/\/schema.org","@graph":[{"@type":"WebPage","@id":"https:\/\/www.deltamicroscopies.com\/en\/products\/antistatic-grid-storage\/","url":"https:\/\/www.deltamicroscopies.com\/en\/products\/antistatic-grid-storage\/","name":"Antistatic grid storage box for 100 TEM GRIDS - Delta Microscopies","isPartOf":{"@id":"https:\/\/www.deltamicroscopies.com\/en\/#website"},"primaryImageOfPage":{"@id":"https:\/\/www.deltamicroscopies.com\/en\/products\/antistatic-grid-storage\/#primaryimage"},"image":{"@id":"https:\/\/www.deltamicroscopies.com\/en\/products\/antistatic-grid-storage\/#primaryimage"},"thumbnailUrl":"https:\/\/efb7cwj5g4q.exactdn.com\/wp-content\/uploads\/2019\/01\/12-boites-100-grids-storage-boxes.jpg?strip=all","datePublished":"2019-01-22T10:02:04+00:00","dateModified":"2024-07-10T00:56:16+00:00","breadcrumb":{"@id":"https:\/\/www.deltamicroscopies.com\/en\/products\/antistatic-grid-storage\/#breadcrumb"},"inLanguage":"en-US","potentialAction":[{"@type":"ReadAction","target":["https:\/\/www.deltamicroscopies.com\/en\/products\/antistatic-grid-storage\/"]}]},{"@type":"ImageObject","inLanguage":"en-US","@id":"https:\/\/www.deltamicroscopies.com\/en\/products\/antistatic-grid-storage\/#primaryimage","url":"https:\/\/efb7cwj5g4q.exactdn.com\/wp-content\/uploads\/2019\/01\/12-boites-100-grids-storage-boxes.jpg?strip=all","contentUrl":"https:\/\/efb7cwj5g4q.exactdn.com\/wp-content\/uploads\/2019\/01\/12-boites-100-grids-storage-boxes.jpg?strip=all","width":745,"height":703,"caption":"Antistatic grid storage box for 100 TEM GRIDS"},{"@type":"BreadcrumbList","@id":"https:\/\/www.deltamicroscopies.com\/en\/products\/antistatic-grid-storage\/#breadcrumb","itemListElement":[{"@type":"ListItem","position":1,"name":"Accueil","item":"https:\/\/www.deltamicroscopies.com\/en\/home-3\/"},{"@type":"ListItem","position":2,"name":"Our products","item":"https:\/\/www.deltamicroscopies.com\/en\/shop\/"},{"@type":"ListItem","position":3,"name":"Antistatic grid storage box for 100 TEM GRIDS"}]},{"@type":"WebSite","@id":"https:\/\/www.deltamicroscopies.com\/en\/#website","url":"https:\/\/www.deltamicroscopies.com\/en\/","name":"Delta Microscopies","description":"Des microscopistes \u00e0 votre service.","publisher":{"@id":"https:\/\/www.deltamicroscopies.com\/en\/#organization"},"potentialAction":[{"@type":"SearchAction","target":{"@type":"EntryPoint","urlTemplate":"https:\/\/www.deltamicroscopies.com\/en\/?s={search_term_string}"},"query-input":{"@type":"PropertyValueSpecification","valueRequired":true,"valueName":"search_term_string"}}],"inLanguage":"en-US"},{"@type":"Organization","@id":"https:\/\/www.deltamicroscopies.com\/en\/#organization","name":"Delta Microscopies","url":"https:\/\/www.deltamicroscopies.com\/en\/","logo":{"@type":"ImageObject","inLanguage":"en-US","@id":"https:\/\/www.deltamicroscopies.com\/en\/#\/schema\/logo\/image\/","url":"https:\/\/efb7cwj5g4q.exactdn.com\/wp-content\/uploads\/2019\/09\/DELTAM_LOGO_RVB-1-1.png?strip=all&lossy=1&ssl=1","contentUrl":"https:\/\/efb7cwj5g4q.exactdn.com\/wp-content\/uploads\/2019\/09\/DELTAM_LOGO_RVB-1-1.png?strip=all&lossy=1&ssl=1","width":688,"height":177,"caption":"Delta Microscopies"},"image":{"@id":"https:\/\/www.deltamicroscopies.com\/en\/#\/schema\/logo\/image\/"},"sameAs":["https:\/\/www.instagram.com\/emsdiasum\/","https:\/\/www.youtube.com\/channel\/UCkSsQQq74DhyLXNg_9RPorQ"]}]}},"_links":{"self":[{"href":"https:\/\/www.deltamicroscopies.com\/en\/wp-json\/wp\/v2\/product\/298879","targetHints":{"allow":["GET"]}}],"collection":[{"href":"https:\/\/www.deltamicroscopies.com\/en\/wp-json\/wp\/v2\/product"}],"about":[{"href":"https:\/\/www.deltamicroscopies.com\/en\/wp-json\/wp\/v2\/types\/product"}],"replies":[{"embeddable":true,"href":"https:\/\/www.deltamicroscopies.com\/en\/wp-json\/wp\/v2\/comments?post=298879"}],"wp:featuredmedia":[{"embeddable":true,"href":"https:\/\/www.deltamicroscopies.com\/en\/wp-json\/wp\/v2\/media\/287876"}],"wp:attachment":[{"href":"https:\/\/www.deltamicroscopies.com\/en\/wp-json\/wp\/v2\/media?parent=298879"}],"wp:term":[{"taxonomy":"product_brand","embeddable":true,"href":"https:\/\/www.deltamicroscopies.com\/en\/wp-json\/wp\/v2\/product_brand?post=298879"},{"taxonomy":"product_cat","embeddable":true,"href":"https:\/\/www.deltamicroscopies.com\/en\/wp-json\/wp\/v2\/product_cat?post=298879"},{"taxonomy":"product_tag","embeddable":true,"href":"https:\/\/www.deltamicroscopies.com\/en\/wp-json\/wp\/v2\/product_tag?post=298879"}],"curies":[{"name":"wp","href":"https:\/\/api.w.org\/{rel}","templated":true}]}}