{"id":298884,"date":"2019-01-15T10:26:35","date_gmt":"2019-01-15T09:26:35","guid":{"rendered":"https:\/\/www.deltamicroscopies.com\/produit\/asbestos-analysis-index-grid-cu-ni\/"},"modified":"2019-01-15T10:26:35","modified_gmt":"2019-01-15T09:26:35","slug":"asbestos-analysis-index-grid-cu-ni","status":"publish","type":"product","link":"https:\/\/www.deltamicroscopies.com\/en\/products\/asbestos-analysis-index-grid-cu-ni\/","title":{"rendered":"Asbestos Analysis Index Grid ( Cu, Ni)"},"content":{"rendered":"<p>Asbestos Analysis Index Grids<br \/>\nOur unique index grids for all of your microscopy work. These grids are manufactured in the strictest accordance to meet AHERA requirements.<br \/>\nThe grids are available in either copper or nickel and there are 100 grids\/vial.<\/p>\n<p><a href=\"https:\/\/efb7cwj5g4q.exactdn.com\/wp-content\/uploads\/2019\/01\/DG200EMSIND.jpg?strip=all&w=2560\"><img decoding=\"async\" class=\"alignnone size-full wp-image-219739\" src=\"https:\/\/efb7cwj5g4q.exactdn.com\/wp-content\/uploads\/2019\/01\/DG200EMSIND.jpg?strip=all\" alt=\"\" width=\"300\" height=\"300\" srcset=\"https:\/\/efb7cwj5g4q.exactdn.com\/wp-content\/uploads\/2019\/01\/DG200EMSIND.jpg?strip=all 300w, https:\/\/efb7cwj5g4q.exactdn.com\/wp-content\/uploads\/2019\/01\/DG200EMSIND-150x150.jpg?strip=all 150w, https:\/\/efb7cwj5g4q.exactdn.com\/wp-content\/uploads\/2019\/01\/DG200EMSIND-100x100.jpg?strip=all 100w, https:\/\/efb7cwj5g4q.exactdn.com\/wp-content\/uploads\/2019\/01\/DG200EMSIND.jpg?strip=all&amp;w=240 240w\" sizes=\"(max-width: 300px) 100vw, 300px\" \/><\/a><\/p>\n<p>Specifications:<\/p>\n<table class=\"specifications\" style=\"width: 454px; height: 252px;\">\n<tbody>\n<tr style=\"height: 23px;\">\n<td style=\"width: 188.43px; height: 23px;\">Mesh<\/td>\n<td style=\"width: 249.57px; height: 23px;\">200 Line\/&#8221;<\/td>\n<\/tr>\n<tr style=\"height: 23px;\">\n<td style=\"width: 188.43px; height: 23px;\">Pitch<\/td>\n<td style=\"width: 249.57px; height: 23px;\">125 microns<\/td>\n<\/tr>\n<tr style=\"height: 23px;\">\n<td style=\"width: 188.43px; height: 23px;\">Bar Width<\/td>\n<td style=\"width: 249.57px; height: 23px;\">10 microns +\/- 2 microns<\/td>\n<\/tr>\n<tr style=\"height: 23px;\">\n<td style=\"width: 188.43px; height: 23px;\">Hole Width<\/td>\n<td style=\"width: 249.57px; height: 23px;\">115 microns +\/- 2 microns<\/td>\n<\/tr>\n<tr style=\"height: 47px;\">\n<td style=\"width: 188.43px; height: 47px;\">Overall Diameter<\/td>\n<td style=\"width: 249.57px; height: 47px;\">3.05mm<\/td>\n<\/tr>\n<tr style=\"height: 23px;\">\n<td style=\"width: 188.43px; height: 23px;\">Index Identification<\/td>\n<td style=\"width: 249.57px; height: 23px;\">Horizontal: A-J , Vertical: 1-10<\/td>\n<\/tr>\n<tr style=\"height: 23px;\">\n<td style=\"width: 188.43px; height: 23px;\">EMS logo in RIM<\/td>\n<td style=\"width: 249.57px; height: 23px;\"><\/td>\n<\/tr>\n<tr style=\"height: 23px;\">\n<td style=\"width: 188.43px; height: 23px;\">Asymmetrical<\/p>\n<p>Cut out in RIM<\/td>\n<td style=\"width: 249.57px; height: 23px;\">allows for precise repeat location and aids in side diffetentiation<\/td>\n<\/tr>\n<\/tbody>\n<\/table>\n<p>&nbsp;<\/p>\n<table style=\"border-style: solid; border-color: #000000; width: 616px; height: 54px;\">\n<tbody>\n<tr style=\"height: 23px;\">\n<td style=\"border-style: solid; border-color: #000000; width: 128.1px; height: 23px; text-align: center;\">DG200EMSIND-Cu<\/td>\n<td style=\"border-style: solid; border-color: #000000; width: 321.59px; height: 23px; text-align: center;\">Asbestos Analysis Index Grids, copper<\/td>\n<td style=\"border-style: solid; border-color: #000000; width: 144.31px; height: 23px; text-align: center;\">100\/vial<\/td>\n<\/tr>\n<tr style=\"height: 31px;\">\n<td style=\"border-style: solid; border-color: #000000; width: 128.1px; height: 31px; text-align: center;\">DG200EMSIND-Ni<\/td>\n<td style=\"border-style: solid; border-color: #000000; width: 321.59px; height: 31px; text-align: center;\">Asbestos Analysis Index Grids, Nickel<\/td>\n<td style=\"border-style: solid; border-color: #000000; width: 144.31px; height: 31px; text-align: center;\">100\/vial<\/td>\n<\/tr>\n<\/tbody>\n<\/table>\n<p>N&#8217;h\u00e9sitez pas \u00e0 nous contacter si vous souhaitez des informations suppl\u00e9mentaires ou un autre produit.<\/p>\n<p>&nbsp;<\/p>\n","protected":false},"excerpt":{"rendered":"<p>Asbestos Analysis Index Grids Our unique index grids for all of your microscopy work. These grids are manufactured in the strictest accordance to meet AHERA requirements. The grids are available in either copper or nickel and there are 100 grids\/vial. Specifications: Mesh 200 Line\/&#8221; Pitch 125 microns Bar Width 10 microns +\/- 2 microns Hole [&hellip;]<\/p>\n","protected":false},"featured_media":285890,"comment_status":"open","ping_status":"closed","template":"","meta":{"_et_pb_use_builder":"off","_et_pb_old_content":"","_et_gb_content_width":"","inline_featured_image":false},"product_brand":[],"product_cat":[1146,1119,1120],"product_tag":[1520],"class_list":{"0":"post-298884","1":"product","2":"type-product","3":"status-publish","4":"has-post-thumbnail","6":"product_cat-finder-index-en","7":"product_cat-grilles-en","8":"product_cat-grilles-et-accessoires-en","9":"product_tag-grid-en","11":"first","12":"instock","13":"taxable","14":"shipping-taxable","15":"purchasable","16":"product-type-variable"},"yoast_head":"<!-- This site is optimized with the Yoast SEO plugin v27.4 - https:\/\/yoast.com\/product\/yoast-seo-wordpress\/ -->\n<title>Asbestos Analysis Index Grid ( Cu, Ni) - Delta Microscopies<\/title>\n<meta name=\"robots\" content=\"index, follow, max-snippet:-1, max-image-preview:large, max-video-preview:-1\" \/>\n<link rel=\"canonical\" href=\"https:\/\/www.deltamicroscopies.com\/en\/products\/asbestos-analysis-index-grid-cu-ni\/\" \/>\n<meta property=\"og:locale\" content=\"en_US\" \/>\n<meta property=\"og:type\" content=\"article\" \/>\n<meta property=\"og:title\" content=\"Asbestos Analysis Index Grid ( Cu, Ni) - Delta Microscopies\" \/>\n<meta property=\"og:description\" content=\"Asbestos Analysis Index Grids Our unique index grids for all of your microscopy work. These grids are manufactured in the strictest accordance to meet AHERA requirements. The grids are available in either copper or nickel and there are 100 grids\/vial. Specifications: Mesh 200 Line\/&#8221; Pitch 125 microns Bar Width 10 microns +\/- 2 microns Hole [&hellip;]\" \/>\n<meta property=\"og:url\" content=\"https:\/\/www.deltamicroscopies.com\/en\/products\/asbestos-analysis-index-grid-cu-ni\/\" \/>\n<meta property=\"og:site_name\" content=\"Delta Microscopies\" \/>\n<meta property=\"og:image\" content=\"https:\/\/www.deltamicroscopies.com\/wp-content\/uploads\/2019\/01\/DG200EMSIND.jpg\" \/>\n\t<meta property=\"og:image:width\" content=\"300\" \/>\n\t<meta property=\"og:image:height\" content=\"300\" \/>\n\t<meta property=\"og:image:type\" content=\"image\/jpeg\" \/>\n<meta name=\"twitter:label1\" content=\"Est. reading time\" \/>\n\t<meta name=\"twitter:data1\" content=\"1 minute\" \/>\n<!-- \/ Yoast SEO plugin. -->","yoast_head_json":{"title":"Asbestos Analysis Index Grid ( Cu, Ni) - Delta Microscopies","robots":{"index":"index","follow":"follow","max-snippet":"max-snippet:-1","max-image-preview":"max-image-preview:large","max-video-preview":"max-video-preview:-1"},"canonical":"https:\/\/www.deltamicroscopies.com\/en\/products\/asbestos-analysis-index-grid-cu-ni\/","og_locale":"en_US","og_type":"article","og_title":"Asbestos Analysis Index Grid ( Cu, Ni) - Delta Microscopies","og_description":"Asbestos Analysis Index Grids Our unique index grids for all of your microscopy work. These grids are manufactured in the strictest accordance to meet AHERA requirements. The grids are available in either copper or nickel and there are 100 grids\/vial. Specifications: Mesh 200 Line\/&#8221; Pitch 125 microns Bar Width 10 microns +\/- 2 microns Hole [&hellip;]","og_url":"https:\/\/www.deltamicroscopies.com\/en\/products\/asbestos-analysis-index-grid-cu-ni\/","og_site_name":"Delta Microscopies","og_image":[{"width":300,"height":300,"url":"https:\/\/www.deltamicroscopies.com\/wp-content\/uploads\/2019\/01\/DG200EMSIND.jpg","type":"image\/jpeg"}],"twitter_misc":{"Est. reading time":"1 minute"},"schema":{"@context":"https:\/\/schema.org","@graph":[{"@type":"WebPage","@id":"https:\/\/www.deltamicroscopies.com\/en\/products\/asbestos-analysis-index-grid-cu-ni\/","url":"https:\/\/www.deltamicroscopies.com\/en\/products\/asbestos-analysis-index-grid-cu-ni\/","name":"Asbestos Analysis Index Grid ( Cu, Ni) - Delta Microscopies","isPartOf":{"@id":"https:\/\/www.deltamicroscopies.com\/en\/#website"},"primaryImageOfPage":{"@id":"https:\/\/www.deltamicroscopies.com\/en\/products\/asbestos-analysis-index-grid-cu-ni\/#primaryimage"},"image":{"@id":"https:\/\/www.deltamicroscopies.com\/en\/products\/asbestos-analysis-index-grid-cu-ni\/#primaryimage"},"thumbnailUrl":"https:\/\/efb7cwj5g4q.exactdn.com\/wp-content\/uploads\/2019\/01\/DG200EMSIND.jpg?strip=all","datePublished":"2019-01-15T09:26:35+00:00","breadcrumb":{"@id":"https:\/\/www.deltamicroscopies.com\/en\/products\/asbestos-analysis-index-grid-cu-ni\/#breadcrumb"},"inLanguage":"en-US","potentialAction":[{"@type":"ReadAction","target":["https:\/\/www.deltamicroscopies.com\/en\/products\/asbestos-analysis-index-grid-cu-ni\/"]}]},{"@type":"ImageObject","inLanguage":"en-US","@id":"https:\/\/www.deltamicroscopies.com\/en\/products\/asbestos-analysis-index-grid-cu-ni\/#primaryimage","url":"https:\/\/efb7cwj5g4q.exactdn.com\/wp-content\/uploads\/2019\/01\/DG200EMSIND.jpg?strip=all","contentUrl":"https:\/\/efb7cwj5g4q.exactdn.com\/wp-content\/uploads\/2019\/01\/DG200EMSIND.jpg?strip=all","width":300,"height":300},{"@type":"BreadcrumbList","@id":"https:\/\/www.deltamicroscopies.com\/en\/products\/asbestos-analysis-index-grid-cu-ni\/#breadcrumb","itemListElement":[{"@type":"ListItem","position":1,"name":"Accueil","item":"https:\/\/www.deltamicroscopies.com\/en\/home-3\/"},{"@type":"ListItem","position":2,"name":"Our products","item":"https:\/\/www.deltamicroscopies.com\/en\/shop\/"},{"@type":"ListItem","position":3,"name":"Asbestos Analysis Index Grid ( Cu, Ni)"}]},{"@type":"WebSite","@id":"https:\/\/www.deltamicroscopies.com\/en\/#website","url":"https:\/\/www.deltamicroscopies.com\/en\/","name":"Delta Microscopies","description":"Des microscopistes \u00e0 votre service.","publisher":{"@id":"https:\/\/www.deltamicroscopies.com\/en\/#organization"},"potentialAction":[{"@type":"SearchAction","target":{"@type":"EntryPoint","urlTemplate":"https:\/\/www.deltamicroscopies.com\/en\/?s={search_term_string}"},"query-input":{"@type":"PropertyValueSpecification","valueRequired":true,"valueName":"search_term_string"}}],"inLanguage":"en-US"},{"@type":"Organization","@id":"https:\/\/www.deltamicroscopies.com\/en\/#organization","name":"Delta Microscopies","url":"https:\/\/www.deltamicroscopies.com\/en\/","logo":{"@type":"ImageObject","inLanguage":"en-US","@id":"https:\/\/www.deltamicroscopies.com\/en\/#\/schema\/logo\/image\/","url":"https:\/\/efb7cwj5g4q.exactdn.com\/wp-content\/uploads\/2019\/09\/DELTAM_LOGO_RVB-1-1.png?strip=all&lossy=1&ssl=1","contentUrl":"https:\/\/efb7cwj5g4q.exactdn.com\/wp-content\/uploads\/2019\/09\/DELTAM_LOGO_RVB-1-1.png?strip=all&lossy=1&ssl=1","width":688,"height":177,"caption":"Delta Microscopies"},"image":{"@id":"https:\/\/www.deltamicroscopies.com\/en\/#\/schema\/logo\/image\/"},"sameAs":["https:\/\/www.instagram.com\/emsdiasum\/","https:\/\/www.youtube.com\/channel\/UCkSsQQq74DhyLXNg_9RPorQ"]}]}},"_links":{"self":[{"href":"https:\/\/www.deltamicroscopies.com\/en\/wp-json\/wp\/v2\/product\/298884","targetHints":{"allow":["GET"]}}],"collection":[{"href":"https:\/\/www.deltamicroscopies.com\/en\/wp-json\/wp\/v2\/product"}],"about":[{"href":"https:\/\/www.deltamicroscopies.com\/en\/wp-json\/wp\/v2\/types\/product"}],"replies":[{"embeddable":true,"href":"https:\/\/www.deltamicroscopies.com\/en\/wp-json\/wp\/v2\/comments?post=298884"}],"wp:featuredmedia":[{"embeddable":true,"href":"https:\/\/www.deltamicroscopies.com\/en\/wp-json\/wp\/v2\/media\/285890"}],"wp:attachment":[{"href":"https:\/\/www.deltamicroscopies.com\/en\/wp-json\/wp\/v2\/media?parent=298884"}],"wp:term":[{"taxonomy":"product_brand","embeddable":true,"href":"https:\/\/www.deltamicroscopies.com\/en\/wp-json\/wp\/v2\/product_brand?post=298884"},{"taxonomy":"product_cat","embeddable":true,"href":"https:\/\/www.deltamicroscopies.com\/en\/wp-json\/wp\/v2\/product_cat?post=298884"},{"taxonomy":"product_tag","embeddable":true,"href":"https:\/\/www.deltamicroscopies.com\/en\/wp-json\/wp\/v2\/product_tag?post=298884"}],"curies":[{"name":"wp","href":"https:\/\/api.w.org\/{rel}","templated":true}]}}