{"id":300751,"date":"2019-02-01T09:41:21","date_gmt":"2019-02-01T08:41:21","guid":{"rendered":"https:\/\/www.deltamicroscopies.com\/produit\/standard-tweezers-straight-style-00-carbon-each\/"},"modified":"2019-02-01T09:41:21","modified_gmt":"2019-02-01T08:41:21","slug":"standard-tweezers-straight-style-00-carbon-each","status":"publish","type":"product","link":"https:\/\/www.deltamicroscopies.com\/en\/products\/standard-tweezers-straight-style-00-carbon-each\/","title":{"rendered":"Standard Tweezers &#8211; Straight Style 00 &#8211; Carbon &#8211; each"},"content":{"rendered":"<p>A 0.25 mm<br \/>\nB 0.45 mm<br \/>\nLength 115 mm<\/p>\n<div class=\"toolTipMid\">Carbon steel is an extremely hard alloy (&gt; 59 HRC) composed of C, Mn, and Si. While Carbon ensures strong tips, it will nevertheless easily rust. This alloy is magnetic and cannot be sterilized.<\/div>\n<p>N&#8217;h\u00e9sitez pas \u00e0 nous contacter si vous souhaitez des informations suppl\u00e9mentaires ou un autre produit.<\/p>\n<p>&nbsp;<\/p>\n","protected":false},"excerpt":{"rendered":"<p>A 0.25 mm<br \/>\nB 0.45 mm<br \/>\nLength 115 mm<\/p>\n<div class=\"toolTipMid\">Carbon steel is an extremely hard alloy (&gt; 59 HRC) composed of C, Mn, and Si. While Carbon ensures strong tips, it will nevertheless easily rust. This alloy is magnetic and cannot be sterilized.<\/div>\n<p>N&#8217;h\u00e9sitez pas \u00e0 nous contacter si vous souhaitez des informations suppl\u00e9mentaires ou un autre produit.<\/p>\n<p>&nbsp;<\/p>\n","protected":false},"featured_media":0,"comment_status":"open","ping_status":"closed","template":"","meta":{"_et_pb_use_builder":"off","_et_pb_old_content":"","_et_gb_content_width":"","inline_featured_image":false},"product_brand":[],"product_cat":[1295],"product_tag":[],"class_list":{"0":"post-300751","1":"product","2":"type-product","3":"status-publish","5":"product_cat-pinces-en","7":"first","8":"instock","9":"taxable","10":"shipping-taxable","11":"purchasable","12":"product-type-simple"},"yoast_head":"<!-- This site is optimized with the Yoast SEO plugin v27.3 - https:\/\/yoast.com\/product\/yoast-seo-wordpress\/ -->\n<title>Standard Tweezers - Straight Style 00 - Carbon - each - Delta Microscopies<\/title>\n<meta name=\"robots\" content=\"index, follow, max-snippet:-1, max-image-preview:large, max-video-preview:-1\" \/>\n<link rel=\"canonical\" href=\"https:\/\/www.deltamicroscopies.com\/en\/products\/standard-tweezers-straight-style-00-carbon-each\/\" \/>\n<meta property=\"og:locale\" content=\"en_US\" \/>\n<meta property=\"og:type\" content=\"article\" \/>\n<meta property=\"og:title\" content=\"Standard Tweezers - Straight Style 00 - Carbon - each - Delta Microscopies\" \/>\n<meta property=\"og:description\" content=\"A 0.25 mm B 0.45 mm Length 115 mm Carbon steel is an extremely hard alloy (&gt; 59 HRC) composed of C, Mn, and Si. While Carbon ensures strong tips, it will nevertheless easily rust. This alloy is magnetic and cannot be sterilized. N&#039;h\u00e9sitez pas \u00e0 nous contacter si vous souhaitez des informations suppl\u00e9mentaires ou un autre produit.  &nbsp;\" \/>\n<meta property=\"og:url\" content=\"https:\/\/www.deltamicroscopies.com\/en\/products\/standard-tweezers-straight-style-00-carbon-each\/\" \/>\n<meta property=\"og:site_name\" content=\"Delta Microscopies\" \/>\n<!-- \/ Yoast SEO plugin. -->","yoast_head_json":{"title":"Standard Tweezers - Straight Style 00 - Carbon - each - Delta Microscopies","robots":{"index":"index","follow":"follow","max-snippet":"max-snippet:-1","max-image-preview":"max-image-preview:large","max-video-preview":"max-video-preview:-1"},"canonical":"https:\/\/www.deltamicroscopies.com\/en\/products\/standard-tweezers-straight-style-00-carbon-each\/","og_locale":"en_US","og_type":"article","og_title":"Standard Tweezers - Straight Style 00 - Carbon - each - Delta Microscopies","og_description":"A 0.25 mm B 0.45 mm Length 115 mm Carbon steel is an extremely hard alloy (&gt; 59 HRC) composed of C, Mn, and Si. While Carbon ensures strong tips, it will nevertheless easily rust. This alloy is magnetic and cannot be sterilized. N'h\u00e9sitez pas \u00e0 nous contacter si vous souhaitez des informations suppl\u00e9mentaires ou un autre produit.  &nbsp;","og_url":"https:\/\/www.deltamicroscopies.com\/en\/products\/standard-tweezers-straight-style-00-carbon-each\/","og_site_name":"Delta Microscopies","schema":{"@context":"https:\/\/schema.org","@graph":[{"@type":"WebPage","@id":"https:\/\/www.deltamicroscopies.com\/en\/products\/standard-tweezers-straight-style-00-carbon-each\/","url":"https:\/\/www.deltamicroscopies.com\/en\/products\/standard-tweezers-straight-style-00-carbon-each\/","name":"Standard Tweezers - Straight Style 00 - Carbon - each - Delta Microscopies","isPartOf":{"@id":"https:\/\/www.deltamicroscopies.com\/en\/#website"},"datePublished":"2019-02-01T08:41:21+00:00","breadcrumb":{"@id":"https:\/\/www.deltamicroscopies.com\/en\/products\/standard-tweezers-straight-style-00-carbon-each\/#breadcrumb"},"inLanguage":"en-US","potentialAction":[{"@type":"ReadAction","target":["https:\/\/www.deltamicroscopies.com\/en\/products\/standard-tweezers-straight-style-00-carbon-each\/"]}]},{"@type":"BreadcrumbList","@id":"https:\/\/www.deltamicroscopies.com\/en\/products\/standard-tweezers-straight-style-00-carbon-each\/#breadcrumb","itemListElement":[{"@type":"ListItem","position":1,"name":"Accueil","item":"https:\/\/www.deltamicroscopies.com\/en\/home-3\/"},{"@type":"ListItem","position":2,"name":"Our products","item":"https:\/\/www.deltamicroscopies.com\/en\/shop\/"},{"@type":"ListItem","position":3,"name":"Standard Tweezers &#8211; Straight Style 00 &#8211; Carbon &#8211; each"}]},{"@type":"WebSite","@id":"https:\/\/www.deltamicroscopies.com\/en\/#website","url":"https:\/\/www.deltamicroscopies.com\/en\/","name":"Delta Microscopies","description":"Des microscopistes \u00e0 votre service.","publisher":{"@id":"https:\/\/www.deltamicroscopies.com\/en\/#organization"},"potentialAction":[{"@type":"SearchAction","target":{"@type":"EntryPoint","urlTemplate":"https:\/\/www.deltamicroscopies.com\/en\/?s={search_term_string}"},"query-input":{"@type":"PropertyValueSpecification","valueRequired":true,"valueName":"search_term_string"}}],"inLanguage":"en-US"},{"@type":"Organization","@id":"https:\/\/www.deltamicroscopies.com\/en\/#organization","name":"Delta Microscopies","url":"https:\/\/www.deltamicroscopies.com\/en\/","logo":{"@type":"ImageObject","inLanguage":"en-US","@id":"https:\/\/www.deltamicroscopies.com\/en\/#\/schema\/logo\/image\/","url":"https:\/\/efb7cwj5g4q.exactdn.com\/wp-content\/uploads\/2019\/09\/DELTAM_LOGO_RVB-1-1.png?strip=all&lossy=1&ssl=1","contentUrl":"https:\/\/efb7cwj5g4q.exactdn.com\/wp-content\/uploads\/2019\/09\/DELTAM_LOGO_RVB-1-1.png?strip=all&lossy=1&ssl=1","width":688,"height":177,"caption":"Delta Microscopies"},"image":{"@id":"https:\/\/www.deltamicroscopies.com\/en\/#\/schema\/logo\/image\/"},"sameAs":["https:\/\/www.instagram.com\/emsdiasum\/","https:\/\/www.youtube.com\/channel\/UCkSsQQq74DhyLXNg_9RPorQ"]}]}},"_links":{"self":[{"href":"https:\/\/www.deltamicroscopies.com\/en\/wp-json\/wp\/v2\/product\/300751","targetHints":{"allow":["GET"]}}],"collection":[{"href":"https:\/\/www.deltamicroscopies.com\/en\/wp-json\/wp\/v2\/product"}],"about":[{"href":"https:\/\/www.deltamicroscopies.com\/en\/wp-json\/wp\/v2\/types\/product"}],"replies":[{"embeddable":true,"href":"https:\/\/www.deltamicroscopies.com\/en\/wp-json\/wp\/v2\/comments?post=300751"}],"wp:attachment":[{"href":"https:\/\/www.deltamicroscopies.com\/en\/wp-json\/wp\/v2\/media?parent=300751"}],"wp:term":[{"taxonomy":"product_brand","embeddable":true,"href":"https:\/\/www.deltamicroscopies.com\/en\/wp-json\/wp\/v2\/product_brand?post=300751"},{"taxonomy":"product_cat","embeddable":true,"href":"https:\/\/www.deltamicroscopies.com\/en\/wp-json\/wp\/v2\/product_cat?post=300751"},{"taxonomy":"product_tag","embeddable":true,"href":"https:\/\/www.deltamicroscopies.com\/en\/wp-json\/wp\/v2\/product_tag?post=300751"}],"curies":[{"name":"wp","href":"https:\/\/api.w.org\/{rel}","templated":true}]}}