{"id":301279,"date":"2019-01-23T11:13:30","date_gmt":"2019-01-23T10:13:30","guid":{"rendered":"https:\/\/www.deltamicroscopies.com\/produit\/pince-pneumatique-grilles-met-vacuum-pen-for-em-grids\/"},"modified":"2019-01-23T11:13:30","modified_gmt":"2019-01-23T10:13:30","slug":"pince-pneumatique-grilles-met-vacuum-pen-for-em-grids","status":"publish","type":"product","link":"https:\/\/www.deltamicroscopies.com\/en\/products\/pince-pneumatique-grilles-met-vacuum-pen-for-em-grids\/","title":{"rendered":"Pince pneumatique grilles MET &#8211; Vacuum Pen for EM grids"},"content":{"rendered":"<p><iframe title=\"Pince pneumatique grilles MET - Vacuum Pen for EM grids D12000\" width=\"1080\" height=\"810\" src=\"https:\/\/www.youtube.com\/embed\/v3b7MkCV7p8?feature=oembed\"  allow=\"accelerometer; autoplay; clipboard-write; encrypted-media; gyroscope; picture-in-picture\" allowfullscreen><\/iframe><\/p>\n<p><a href=\"https:\/\/efb7cwj5g4q.exactdn.com\/wp-content\/uploads\/2019\/01\/Image1.jpg?strip=all&w=2560\"><br \/>\n<img decoding=\"async\" class=\"size-medium wp-image-220041 aligncenter\" src=\"https:\/\/efb7cwj5g4q.exactdn.com\/wp-content\/uploads\/2019\/01\/Image1-300x259.jpg?strip=all\" alt=\"\" width=\"300\" height=\"259\" \/><\/a><\/p>\n<p>Pour aspirer, faites le vide en bouchant l&#8217;orifice du tube avec le doigt.<\/p>\n<table>\n<tbody>\n<tr>\n<td>D\u00e9signation<\/td>\n<td>Pinces pneumatiques D1200<\/td>\n<\/tr>\n<tr>\n<td>Marque<\/td>\n<td>Delta Microscopies<\/td>\n<\/tr>\n<tr>\n<td>Caract\u00e9ristiques<\/td>\n<td>\n<ul>\n<li>vitesse variable de pompage<\/li>\n<li>4 mod\u00e8les de pointes d&#8217;aspiration<\/li>\n<li>Kit d&#8217;embouts silicone adapt\u00e9 aux pointes<\/li>\n<li>2 issues de pompage<\/li>\n<li>220 volts, prise CE.<\/li>\n<\/ul>\n<\/td>\n<\/tr>\n<tr>\n<td>Applications<\/td>\n<td>\n<ul>\n<li>Electronique<\/li>\n<li>Lame et lamelles de microscopie<\/li>\n<li>Grilles de microscopie<\/li>\n<\/ul>\n<\/td>\n<\/tr>\n<\/tbody>\n<\/table>\n<p>&nbsp;<\/p>\n<p><a href=\"https:\/\/efb7cwj5g4q.exactdn.com\/wp-content\/uploads\/2019\/01\/Image3.png?strip=all&w=2560\"><img decoding=\"async\" class=\"size-medium wp-image-220043 alignnone\" src=\"https:\/\/efb7cwj5g4q.exactdn.com\/wp-content\/uploads\/2019\/01\/Image3.png?strip=all\" alt=\"\" width=\"241\" height=\"219\" srcset=\"https:\/\/efb7cwj5g4q.exactdn.com\/wp-content\/uploads\/2019\/01\/Image3.png?strip=all 241w, https:\/\/efb7cwj5g4q.exactdn.com\/wp-content\/uploads\/2019\/01\/Image3.png?strip=all&amp;w=96 96w\" sizes=\"(max-width: 241px) 100vw, 241px\" \/><\/a><a href=\"https:\/\/efb7cwj5g4q.exactdn.com\/wp-content\/uploads\/2019\/01\/Image4.png?strip=all&w=2560\"><img decoding=\"async\" class=\"size-medium wp-image-220044 alignnone\" src=\"https:\/\/efb7cwj5g4q.exactdn.com\/wp-content\/uploads\/2019\/01\/Image4.png?strip=all\" alt=\"\" width=\"189\" height=\"129\" srcset=\"https:\/\/efb7cwj5g4q.exactdn.com\/wp-content\/uploads\/2019\/01\/Image4.png?strip=all 189w, https:\/\/efb7cwj5g4q.exactdn.com\/wp-content\/uploads\/2019\/01\/Image4.png?strip=all&amp;w=75 75w\" sizes=\"(max-width: 189px) 100vw, 189px\" \/><\/a><a href=\"https:\/\/efb7cwj5g4q.exactdn.com\/wp-content\/uploads\/2019\/01\/Image2.jpg?strip=all&w=2560\"><img decoding=\"async\" class=\"size-medium wp-image-220042 aligncenter\" src=\"https:\/\/efb7cwj5g4q.exactdn.com\/wp-content\/uploads\/2019\/01\/Image2.jpg?strip=all\" alt=\"\" width=\"182\" height=\"128\" srcset=\"https:\/\/efb7cwj5g4q.exactdn.com\/wp-content\/uploads\/2019\/01\/Image2.jpg?strip=all 182w, https:\/\/efb7cwj5g4q.exactdn.com\/wp-content\/uploads\/2019\/01\/Image2.jpg?strip=all&amp;w=72 72w\" sizes=\"(max-width: 182px) 100vw, 182px\" \/><\/a><\/p>\n<p>&nbsp;<\/p>\n<p><a href=\"https:\/\/www.youtube.com\/watch?v=v3b7MkCV7p8\">Visionner la vid\u00e9o de d\u00e9monstration de la pince pneumatique<\/a><\/p>\n<p><a href=\"https:\/\/www.youtube.com\/channel\/UCkSsQQq74DhyLXNg_9RPorQ\"><img decoding=\"async\" class=\"alignnone size-medium wp-image-220045\" src=\"https:\/\/efb7cwj5g4q.exactdn.com\/wp-content\/uploads\/2019\/01\/Image5-300x36.png?strip=all\" alt=\"\" width=\"300\" height=\"36\" \/><\/a><\/p>\n","protected":false},"excerpt":{"rendered":"<p>Ces pinces sont id\u00e9ales pour la manipulation en toute s\u00e9curit\u00e9 d\u2019objets fragiles.<br \/>\nId\u00e9ales pour soulever diff\u00e9rentes pi\u00e8ces en ajustant le commutateur pour ajuster l&#8217;aspiration en fonction taille\/poids<\/p>\n","protected":false},"featured_media":286314,"comment_status":"open","ping_status":"closed","template":"","meta":{"_et_pb_use_builder":"off","_et_pb_old_content":"","_et_gb_content_width":"","inline_featured_image":false},"product_brand":[],"product_cat":[1120,1245,1243],"product_tag":[],"class_list":{"0":"post-301279","1":"product","2":"type-product","3":"status-publish","4":"has-post-thumbnail","6":"product_cat-grilles-et-accessoires-en","7":"product_cat-manipulation-en","8":"product_cat-accessoires-en","10":"first","11":"instock","12":"taxable","13":"shipping-taxable","14":"purchasable","15":"product-type-simple"},"yoast_head":"<!-- This site is optimized with the Yoast SEO plugin v27.3 - https:\/\/yoast.com\/product\/yoast-seo-wordpress\/ -->\n<title>Pince pneumatique grilles MET - Vacuum Pen for EM grids - Delta Microscopies<\/title>\n<meta name=\"robots\" content=\"index, follow, max-snippet:-1, max-image-preview:large, max-video-preview:-1\" \/>\n<link rel=\"canonical\" href=\"https:\/\/www.deltamicroscopies.com\/en\/products\/pince-pneumatique-grilles-met-vacuum-pen-for-em-grids\/\" \/>\n<meta property=\"og:locale\" content=\"en_US\" \/>\n<meta property=\"og:type\" content=\"article\" \/>\n<meta property=\"og:title\" content=\"Pince pneumatique grilles MET - Vacuum Pen for EM grids - Delta Microscopies\" \/>\n<meta property=\"og:description\" content=\"Ces pinces sont id\u00e9ales pour la manipulation en toute s\u00e9curit\u00e9 d\u2019objets fragiles. Id\u00e9ales pour soulever diff\u00e9rentes pi\u00e8ces en ajustant le commutateur pour ajuster l&#039;aspiration en fonction taille\/poids\" \/>\n<meta property=\"og:url\" content=\"https:\/\/www.deltamicroscopies.com\/en\/products\/pince-pneumatique-grilles-met-vacuum-pen-for-em-grids\/\" \/>\n<meta property=\"og:site_name\" content=\"Delta Microscopies\" \/>\n<meta property=\"og:image\" content=\"https:\/\/www.deltamicroscopies.com\/wp-content\/uploads\/2019\/01\/pince_pneumatique.jpg\" \/>\n\t<meta property=\"og:image:width\" content=\"686\" \/>\n\t<meta property=\"og:image:height\" content=\"592\" \/>\n\t<meta property=\"og:image:type\" content=\"image\/jpeg\" \/>\n<!-- \/ Yoast SEO plugin. -->","yoast_head_json":{"title":"Pince pneumatique grilles MET - Vacuum Pen for EM grids - Delta Microscopies","robots":{"index":"index","follow":"follow","max-snippet":"max-snippet:-1","max-image-preview":"max-image-preview:large","max-video-preview":"max-video-preview:-1"},"canonical":"https:\/\/www.deltamicroscopies.com\/en\/products\/pince-pneumatique-grilles-met-vacuum-pen-for-em-grids\/","og_locale":"en_US","og_type":"article","og_title":"Pince pneumatique grilles MET - Vacuum Pen for EM grids - Delta Microscopies","og_description":"Ces pinces sont id\u00e9ales pour la manipulation en toute s\u00e9curit\u00e9 d\u2019objets fragiles. Id\u00e9ales pour soulever diff\u00e9rentes pi\u00e8ces en ajustant le commutateur pour ajuster l'aspiration en fonction taille\/poids","og_url":"https:\/\/www.deltamicroscopies.com\/en\/products\/pince-pneumatique-grilles-met-vacuum-pen-for-em-grids\/","og_site_name":"Delta Microscopies","og_image":[{"width":686,"height":592,"url":"https:\/\/www.deltamicroscopies.com\/wp-content\/uploads\/2019\/01\/pince_pneumatique.jpg","type":"image\/jpeg"}],"schema":{"@context":"https:\/\/schema.org","@graph":[{"@type":"WebPage","@id":"https:\/\/www.deltamicroscopies.com\/en\/products\/pince-pneumatique-grilles-met-vacuum-pen-for-em-grids\/","url":"https:\/\/www.deltamicroscopies.com\/en\/products\/pince-pneumatique-grilles-met-vacuum-pen-for-em-grids\/","name":"Pince pneumatique grilles MET - Vacuum Pen for EM grids - Delta Microscopies","isPartOf":{"@id":"https:\/\/www.deltamicroscopies.com\/en\/#website"},"primaryImageOfPage":{"@id":"https:\/\/www.deltamicroscopies.com\/en\/products\/pince-pneumatique-grilles-met-vacuum-pen-for-em-grids\/#primaryimage"},"image":{"@id":"https:\/\/www.deltamicroscopies.com\/en\/products\/pince-pneumatique-grilles-met-vacuum-pen-for-em-grids\/#primaryimage"},"thumbnailUrl":"https:\/\/efb7cwj5g4q.exactdn.com\/wp-content\/uploads\/2019\/01\/pince_pneumatique.jpg?strip=all","datePublished":"2019-01-23T10:13:30+00:00","breadcrumb":{"@id":"https:\/\/www.deltamicroscopies.com\/en\/products\/pince-pneumatique-grilles-met-vacuum-pen-for-em-grids\/#breadcrumb"},"inLanguage":"en-US","potentialAction":[{"@type":"ReadAction","target":["https:\/\/www.deltamicroscopies.com\/en\/products\/pince-pneumatique-grilles-met-vacuum-pen-for-em-grids\/"]}]},{"@type":"ImageObject","inLanguage":"en-US","@id":"https:\/\/www.deltamicroscopies.com\/en\/products\/pince-pneumatique-grilles-met-vacuum-pen-for-em-grids\/#primaryimage","url":"https:\/\/efb7cwj5g4q.exactdn.com\/wp-content\/uploads\/2019\/01\/pince_pneumatique.jpg?strip=all","contentUrl":"https:\/\/efb7cwj5g4q.exactdn.com\/wp-content\/uploads\/2019\/01\/pince_pneumatique.jpg?strip=all","width":686,"height":592},{"@type":"BreadcrumbList","@id":"https:\/\/www.deltamicroscopies.com\/en\/products\/pince-pneumatique-grilles-met-vacuum-pen-for-em-grids\/#breadcrumb","itemListElement":[{"@type":"ListItem","position":1,"name":"Accueil","item":"https:\/\/www.deltamicroscopies.com\/en\/home-3\/"},{"@type":"ListItem","position":2,"name":"Our products","item":"https:\/\/www.deltamicroscopies.com\/en\/shop\/"},{"@type":"ListItem","position":3,"name":"Pince pneumatique grilles MET &#8211; Vacuum Pen for EM grids"}]},{"@type":"WebSite","@id":"https:\/\/www.deltamicroscopies.com\/en\/#website","url":"https:\/\/www.deltamicroscopies.com\/en\/","name":"Delta Microscopies","description":"Des microscopistes \u00e0 votre service.","publisher":{"@id":"https:\/\/www.deltamicroscopies.com\/en\/#organization"},"potentialAction":[{"@type":"SearchAction","target":{"@type":"EntryPoint","urlTemplate":"https:\/\/www.deltamicroscopies.com\/en\/?s={search_term_string}"},"query-input":{"@type":"PropertyValueSpecification","valueRequired":true,"valueName":"search_term_string"}}],"inLanguage":"en-US"},{"@type":"Organization","@id":"https:\/\/www.deltamicroscopies.com\/en\/#organization","name":"Delta Microscopies","url":"https:\/\/www.deltamicroscopies.com\/en\/","logo":{"@type":"ImageObject","inLanguage":"en-US","@id":"https:\/\/www.deltamicroscopies.com\/en\/#\/schema\/logo\/image\/","url":"https:\/\/efb7cwj5g4q.exactdn.com\/wp-content\/uploads\/2019\/09\/DELTAM_LOGO_RVB-1-1.png?strip=all&lossy=1&ssl=1","contentUrl":"https:\/\/efb7cwj5g4q.exactdn.com\/wp-content\/uploads\/2019\/09\/DELTAM_LOGO_RVB-1-1.png?strip=all&lossy=1&ssl=1","width":688,"height":177,"caption":"Delta Microscopies"},"image":{"@id":"https:\/\/www.deltamicroscopies.com\/en\/#\/schema\/logo\/image\/"},"sameAs":["https:\/\/www.instagram.com\/emsdiasum\/","https:\/\/www.youtube.com\/channel\/UCkSsQQq74DhyLXNg_9RPorQ"]}]}},"_links":{"self":[{"href":"https:\/\/www.deltamicroscopies.com\/en\/wp-json\/wp\/v2\/product\/301279","targetHints":{"allow":["GET"]}}],"collection":[{"href":"https:\/\/www.deltamicroscopies.com\/en\/wp-json\/wp\/v2\/product"}],"about":[{"href":"https:\/\/www.deltamicroscopies.com\/en\/wp-json\/wp\/v2\/types\/product"}],"replies":[{"embeddable":true,"href":"https:\/\/www.deltamicroscopies.com\/en\/wp-json\/wp\/v2\/comments?post=301279"}],"wp:featuredmedia":[{"embeddable":true,"href":"https:\/\/www.deltamicroscopies.com\/en\/wp-json\/wp\/v2\/media\/286314"}],"wp:attachment":[{"href":"https:\/\/www.deltamicroscopies.com\/en\/wp-json\/wp\/v2\/media?parent=301279"}],"wp:term":[{"taxonomy":"product_brand","embeddable":true,"href":"https:\/\/www.deltamicroscopies.com\/en\/wp-json\/wp\/v2\/product_brand?post=301279"},{"taxonomy":"product_cat","embeddable":true,"href":"https:\/\/www.deltamicroscopies.com\/en\/wp-json\/wp\/v2\/product_cat?post=301279"},{"taxonomy":"product_tag","embeddable":true,"href":"https:\/\/www.deltamicroscopies.com\/en\/wp-json\/wp\/v2\/product_tag?post=301279"}],"curies":[{"name":"wp","href":"https:\/\/api.w.org\/{rel}","templated":true}]}}