{"id":301673,"date":"2019-01-15T15:59:48","date_gmt":"2019-01-15T14:59:48","guid":{"rendered":"https:\/\/www.deltamicroscopies.com\/produit\/grids-grilles-400-mesh-cuniau-finder-embra-grids\/"},"modified":"2019-01-15T15:59:48","modified_gmt":"2019-01-15T14:59:48","slug":"grids-grilles-400-mesh-cuniau-finder-embra-grids","status":"publish","type":"product","link":"https:\/\/www.deltamicroscopies.com\/en\/products\/grids-grilles-400-mesh-cuniau-finder-embra-grids\/","title":{"rendered":"Grids \/ grilles 400 mesh ( Cu,Ni,Au)- Finder -EMBRA Grids"},"content":{"rendered":"<p class=\"p1\">3.05 mm diameter, 16* thickness for meshed, and 50* thickness for oval hole grids.<\/p>\n<p class=\"p1\">Material: Copper (Cu), Nickel (Ni), Gold (Au), Stainless Steel (SS), Titanium (Ti), Molybdenum (Mo), Aluminum (Al)<\/p>\n<p class=\"p1\">EMBRA electroformed grids combine a high open area with a rigid construction which allows for relatively easy handling. We offer these grids in a series of hard to find materials, which are not available from other manufacturers. They are as follows: Stainless Steel (SS), Titanium (Ti), Molybdenum (Mo), and Aluminum (Al)<\/p>\n<p class=\"p1\"><b>Finder<\/b><\/p>\n<p class=\"p2\">Standard 3.05mm diameter grids which have one straight and one round cut out from the rim which assists in the orientation of the grid. They are available in Copper, Nickel, and Gold Grids<\/p>\n<p>&nbsp;<\/p>\n<p class=\"p1\"><img decoding=\"async\" src=\"https:\/\/www.emsdiasum.com\/microscopy\/products\/images\/grids\/ef100.jpg\" alt=\"Finder Embra Grids\" \/><\/p>\n<table style=\"border-style: solid; border-color: #000000; height: 235px; width: 466px;\" width=\"412\">\n<tbody>\n<tr style=\"height: 23px;\">\n<td style=\"border-style: solid; border-color: #000000; width: 104px; height: 23px;\">Type<\/td>\n<td style=\"border-style: solid; border-color: #000000; height: 23px; width: 112px;\">Cat#<\/td>\n<td style=\"border-style: solid; border-color: #000000; height: 23px; width: 115px;\">Open Area<\/td>\n<td style=\"border-style: solid; border-color: #000000; height: 23px; width: 107px;\">Packed<\/td>\n<\/tr>\n<tr style=\"height: 69px;\">\n<td style=\"border-style: solid; border-color: #000000; width: 104px; height: 33px;\" rowspan=\"2\">100 mesh<\/td>\n<td style=\"border-style: solid; border-color: #000000; height: 23px; width: 112px;\">DEF100-Cu<\/td>\n<td style=\"border-style: solid; border-color: #000000; height: 23px; width: 115px;\"><\/td>\n<td style=\"border-style: solid; border-color: #000000; height: 23px; width: 107px;\">100\/vial<\/td>\n<\/tr>\n<tr style=\"height: 74px;\">\n<td style=\"border-style: solid; border-color: #000000; width: 112px; height: 10px;\">DEF100-Ni<\/td>\n<td style=\"border-style: solid; border-color: #000000; width: 115px; height: 10px;\"><\/td>\n<td style=\"border-style: solid; border-color: #000000; width: 107px; height: 10px;\">100\/vial<\/td>\n<\/tr>\n<tr style=\"height: 46px;\">\n<td style=\"border-style: solid; border-color: #000000; width: 104px; height: 64px;\" rowspan=\"3\">200\u00a0mesh<\/td>\n<td style=\"border-style: solid; border-color: #000000; width: 112px; height: 24px;\">DEF200-Cu<\/td>\n<td style=\"border-style: solid; border-color: #000000; width: 115px; height: 24px;\"><\/td>\n<td style=\"border-style: solid; border-color: #000000; width: 107px; height: 24px;\">100\/vial<\/td>\n<\/tr>\n<tr style=\"height: 46px;\">\n<td style=\"border-style: solid; border-color: #000000; width: 112px; height: 17px;\">DEF200-Ni<\/td>\n<td style=\"border-style: solid; border-color: #000000; width: 115px; height: 17px;\"><\/td>\n<td style=\"border-style: solid; border-color: #000000; width: 107px; height: 17px;\">100\/vial<\/td>\n<\/tr>\n<tr style=\"height: 23px;\">\n<td style=\"border-style: solid; border-color: #000000; width: 112px; height: 23px;\">DEF200-Au<\/td>\n<td style=\"border-style: solid; border-color: #000000; width: 115px; height: 23px;\"><\/td>\n<td style=\"border-style: solid; border-color: #000000; width: 107px; height: 23px;\">25\/vial<\/td>\n<\/tr>\n<tr style=\"height: 23px;\">\n<td style=\"border-style: solid; border-color: #000000; width: 104px; height: 69px;\" rowspan=\"3\">300 mesh<\/td>\n<td style=\"border-style: solid; border-color: #000000; width: 112px; height: 23px;\">DEF300-Cu<\/td>\n<td style=\"border-style: solid; border-color: #000000; width: 115px; height: 23px;\"><\/td>\n<td style=\"border-style: solid; border-color: #000000; width: 107px; height: 23px;\">100\/vial<\/td>\n<\/tr>\n<tr style=\"height: 23px;\">\n<td style=\"border-style: solid; border-color: #000000; width: 112px; height: 23px;\">DEF300-Ni<\/td>\n<td style=\"border-style: solid; border-color: #000000; width: 115px; height: 23px;\"><\/td>\n<td style=\"border-style: solid; border-color: #000000; width: 107px; height: 23px;\">100\/vial<\/td>\n<\/tr>\n<tr style=\"height: 23px;\">\n<td style=\"border-style: solid; border-color: #000000; width: 112px; height: 23px;\">DEF300-Au<\/td>\n<td style=\"border-style: solid; border-color: #000000; width: 115px; height: 23px;\"><\/td>\n<td style=\"border-style: solid; border-color: #000000; width: 107px; height: 23px;\">25\/vial<\/td>\n<\/tr>\n<tr style=\"height: 23px;\">\n<td style=\"border-style: solid; border-color: #000000; width: 104px; height: 23px;\" rowspan=\"3\">400 mesh<\/td>\n<td style=\"border-style: solid; border-color: #000000; width: 112px; height: 23px;\">DEF400-Cu<\/td>\n<td style=\"border-style: solid; border-color: #000000; width: 115px; height: 23px;\"><\/td>\n<td style=\"border-style: solid; border-color: #000000; width: 107px; height: 23px;\">100\/vial<\/td>\n<\/tr>\n<tr style=\"height: 23px;\">\n<td style=\"border-style: solid; border-color: #000000; width: 112px; height: 23px;\">DEF400-Ni<\/td>\n<td style=\"border-style: solid; border-color: #000000; width: 115px; height: 23px;\"><\/td>\n<td style=\"border-style: solid; border-color: #000000; width: 107px; height: 23px;\">100\/vial<\/td>\n<\/tr>\n<tr>\n<td style=\"border-style: solid; border-color: #000000; width: 112px;\">DEF400-Au<\/td>\n<td style=\"border-style: solid; border-color: #000000; width: 115px;\"><\/td>\n<td style=\"border-style: solid; border-color: #000000; width: 107px;\">25\/vial<\/td>\n<\/tr>\n<\/tbody>\n<\/table>\n<p>N&#8217;h\u00e9sitez pas \u00e0 nous contacter si vous souhaitez des informations suppl\u00e9mentaires ou un autre produit.<\/p>\n<p>&nbsp;<\/p>\n","protected":false},"excerpt":{"rendered":"<p>3.05 mm diameter, 16* thickness for meshed, and 50* thickness for oval hole grids. Material: Copper (Cu), Nickel (Ni), Gold (Au), Stainless Steel (SS), Titanium (Ti), Molybdenum (Mo), Aluminum (Al) EMBRA electroformed grids combine a high open area with a rigid construction which allows for relatively easy handling. We offer these grids in a series [&hellip;]<\/p>\n","protected":false},"featured_media":0,"comment_status":"open","ping_status":"closed","template":"","meta":{"_et_pb_use_builder":"off","_et_pb_old_content":"","_et_gb_content_width":"","inline_featured_image":false},"product_brand":[],"product_cat":[1128,1119,1120],"product_tag":[1520],"class_list":{"0":"post-301673","1":"product","2":"type-product","3":"status-publish","5":"product_cat-embra-en","6":"product_cat-grilles-en","7":"product_cat-grilles-et-accessoires-en","8":"product_tag-grid-en","10":"first","11":"instock","12":"taxable","13":"shipping-taxable","14":"purchasable","15":"product-type-variable"},"yoast_head":"<!-- This site is optimized with the Yoast SEO plugin v27.4 - https:\/\/yoast.com\/product\/yoast-seo-wordpress\/ -->\n<title>Grids \/ grilles 400 mesh ( Cu,Ni,Au)- Finder -EMBRA Grids - Delta Microscopies<\/title>\n<meta name=\"robots\" content=\"index, follow, max-snippet:-1, max-image-preview:large, max-video-preview:-1\" \/>\n<link rel=\"canonical\" href=\"https:\/\/www.deltamicroscopies.com\/en\/products\/grids-grilles-400-mesh-cuniau-finder-embra-grids\/\" \/>\n<meta property=\"og:locale\" content=\"en_US\" \/>\n<meta property=\"og:type\" content=\"article\" \/>\n<meta property=\"og:title\" content=\"Grids \/ grilles 400 mesh ( Cu,Ni,Au)- Finder -EMBRA Grids - Delta Microscopies\" \/>\n<meta property=\"og:description\" content=\"3.05 mm diameter, 16* thickness for meshed, and 50* thickness for oval hole grids. Material: Copper (Cu), Nickel (Ni), Gold (Au), Stainless Steel (SS), Titanium (Ti), Molybdenum (Mo), Aluminum (Al) EMBRA electroformed grids combine a high open area with a rigid construction which allows for relatively easy handling. We offer these grids in a series [&hellip;]\" \/>\n<meta property=\"og:url\" content=\"https:\/\/www.deltamicroscopies.com\/en\/products\/grids-grilles-400-mesh-cuniau-finder-embra-grids\/\" \/>\n<meta property=\"og:site_name\" content=\"Delta Microscopies\" \/>\n<meta property=\"og:image\" content=\"https:\/\/www.emsdiasum.com\/microscopy\/products\/images\/grids\/ef100.jpg\" \/>\n<meta name=\"twitter:label1\" content=\"Est. reading time\" \/>\n\t<meta name=\"twitter:data1\" content=\"1 minute\" \/>\n<!-- \/ Yoast SEO plugin. -->","yoast_head_json":{"title":"Grids \/ grilles 400 mesh ( Cu,Ni,Au)- Finder -EMBRA Grids - Delta Microscopies","robots":{"index":"index","follow":"follow","max-snippet":"max-snippet:-1","max-image-preview":"max-image-preview:large","max-video-preview":"max-video-preview:-1"},"canonical":"https:\/\/www.deltamicroscopies.com\/en\/products\/grids-grilles-400-mesh-cuniau-finder-embra-grids\/","og_locale":"en_US","og_type":"article","og_title":"Grids \/ grilles 400 mesh ( Cu,Ni,Au)- Finder -EMBRA Grids - Delta Microscopies","og_description":"3.05 mm diameter, 16* thickness for meshed, and 50* thickness for oval hole grids. Material: Copper (Cu), Nickel (Ni), Gold (Au), Stainless Steel (SS), Titanium (Ti), Molybdenum (Mo), Aluminum (Al) EMBRA electroformed grids combine a high open area with a rigid construction which allows for relatively easy handling. We offer these grids in a series [&hellip;]","og_url":"https:\/\/www.deltamicroscopies.com\/en\/products\/grids-grilles-400-mesh-cuniau-finder-embra-grids\/","og_site_name":"Delta Microscopies","og_image":[{"url":"https:\/\/www.emsdiasum.com\/microscopy\/products\/images\/grids\/ef100.jpg","type":"","width":"","height":""}],"twitter_misc":{"Est. reading time":"1 minute"},"schema":{"@context":"https:\/\/schema.org","@graph":[{"@type":"WebPage","@id":"https:\/\/www.deltamicroscopies.com\/en\/products\/grids-grilles-400-mesh-cuniau-finder-embra-grids\/","url":"https:\/\/www.deltamicroscopies.com\/en\/products\/grids-grilles-400-mesh-cuniau-finder-embra-grids\/","name":"Grids \/ grilles 400 mesh ( Cu,Ni,Au)- Finder -EMBRA Grids - Delta Microscopies","isPartOf":{"@id":"https:\/\/www.deltamicroscopies.com\/en\/#website"},"primaryImageOfPage":{"@id":"https:\/\/www.deltamicroscopies.com\/en\/products\/grids-grilles-400-mesh-cuniau-finder-embra-grids\/#primaryimage"},"image":{"@id":"https:\/\/www.deltamicroscopies.com\/en\/products\/grids-grilles-400-mesh-cuniau-finder-embra-grids\/#primaryimage"},"thumbnailUrl":"https:\/\/www.emsdiasum.com\/microscopy\/products\/images\/grids\/ef100.jpg","datePublished":"2019-01-15T14:59:48+00:00","breadcrumb":{"@id":"https:\/\/www.deltamicroscopies.com\/en\/products\/grids-grilles-400-mesh-cuniau-finder-embra-grids\/#breadcrumb"},"inLanguage":"en-US","potentialAction":[{"@type":"ReadAction","target":["https:\/\/www.deltamicroscopies.com\/en\/products\/grids-grilles-400-mesh-cuniau-finder-embra-grids\/"]}]},{"@type":"ImageObject","inLanguage":"en-US","@id":"https:\/\/www.deltamicroscopies.com\/en\/products\/grids-grilles-400-mesh-cuniau-finder-embra-grids\/#primaryimage","url":"https:\/\/www.emsdiasum.com\/microscopy\/products\/images\/grids\/ef100.jpg","contentUrl":"https:\/\/www.emsdiasum.com\/microscopy\/products\/images\/grids\/ef100.jpg"},{"@type":"BreadcrumbList","@id":"https:\/\/www.deltamicroscopies.com\/en\/products\/grids-grilles-400-mesh-cuniau-finder-embra-grids\/#breadcrumb","itemListElement":[{"@type":"ListItem","position":1,"name":"Accueil","item":"https:\/\/www.deltamicroscopies.com\/en\/home-3\/"},{"@type":"ListItem","position":2,"name":"Our products","item":"https:\/\/www.deltamicroscopies.com\/en\/shop\/"},{"@type":"ListItem","position":3,"name":"Grids \/ grilles 400 mesh ( Cu,Ni,Au)- Finder -EMBRA Grids"}]},{"@type":"WebSite","@id":"https:\/\/www.deltamicroscopies.com\/en\/#website","url":"https:\/\/www.deltamicroscopies.com\/en\/","name":"Delta Microscopies","description":"Des microscopistes \u00e0 votre service.","publisher":{"@id":"https:\/\/www.deltamicroscopies.com\/en\/#organization"},"potentialAction":[{"@type":"SearchAction","target":{"@type":"EntryPoint","urlTemplate":"https:\/\/www.deltamicroscopies.com\/en\/?s={search_term_string}"},"query-input":{"@type":"PropertyValueSpecification","valueRequired":true,"valueName":"search_term_string"}}],"inLanguage":"en-US"},{"@type":"Organization","@id":"https:\/\/www.deltamicroscopies.com\/en\/#organization","name":"Delta Microscopies","url":"https:\/\/www.deltamicroscopies.com\/en\/","logo":{"@type":"ImageObject","inLanguage":"en-US","@id":"https:\/\/www.deltamicroscopies.com\/en\/#\/schema\/logo\/image\/","url":"https:\/\/efb7cwj5g4q.exactdn.com\/wp-content\/uploads\/2019\/09\/DELTAM_LOGO_RVB-1-1.png?strip=all&lossy=1&ssl=1","contentUrl":"https:\/\/efb7cwj5g4q.exactdn.com\/wp-content\/uploads\/2019\/09\/DELTAM_LOGO_RVB-1-1.png?strip=all&lossy=1&ssl=1","width":688,"height":177,"caption":"Delta Microscopies"},"image":{"@id":"https:\/\/www.deltamicroscopies.com\/en\/#\/schema\/logo\/image\/"},"sameAs":["https:\/\/www.instagram.com\/emsdiasum\/","https:\/\/www.youtube.com\/channel\/UCkSsQQq74DhyLXNg_9RPorQ"]}]}},"_links":{"self":[{"href":"https:\/\/www.deltamicroscopies.com\/en\/wp-json\/wp\/v2\/product\/301673","targetHints":{"allow":["GET"]}}],"collection":[{"href":"https:\/\/www.deltamicroscopies.com\/en\/wp-json\/wp\/v2\/product"}],"about":[{"href":"https:\/\/www.deltamicroscopies.com\/en\/wp-json\/wp\/v2\/types\/product"}],"replies":[{"embeddable":true,"href":"https:\/\/www.deltamicroscopies.com\/en\/wp-json\/wp\/v2\/comments?post=301673"}],"wp:attachment":[{"href":"https:\/\/www.deltamicroscopies.com\/en\/wp-json\/wp\/v2\/media?parent=301673"}],"wp:term":[{"taxonomy":"product_brand","embeddable":true,"href":"https:\/\/www.deltamicroscopies.com\/en\/wp-json\/wp\/v2\/product_brand?post=301673"},{"taxonomy":"product_cat","embeddable":true,"href":"https:\/\/www.deltamicroscopies.com\/en\/wp-json\/wp\/v2\/product_cat?post=301673"},{"taxonomy":"product_tag","embeddable":true,"href":"https:\/\/www.deltamicroscopies.com\/en\/wp-json\/wp\/v2\/product_tag?post=301673"}],"curies":[{"name":"wp","href":"https:\/\/api.w.org\/{rel}","templated":true}]}}