{"id":301685,"date":"2019-01-15T15:42:01","date_gmt":"2019-01-15T14:42:01","guid":{"rendered":"https:\/\/www.deltamicroscopies.com\/produit\/grids-grilles-100-mesh-sstimo-square-mesh-embra-grids\/"},"modified":"2019-01-15T15:42:01","modified_gmt":"2019-01-15T14:42:01","slug":"grids-grilles-100-mesh-sstimo-square-mesh-embra-grids","status":"publish","type":"product","link":"https:\/\/www.deltamicroscopies.com\/en\/products\/grids-grilles-100-mesh-sstimo-square-mesh-embra-grids\/","title":{"rendered":"Grids \/ grilles 100 mesh ( SS,Ti,Mo&#8230;)  &#8211; Square Mesh -EMBRA Grids"},"content":{"rendered":"<p class=\"p1\">3.05 mm diameter, 16* thickness for meshed, and 50* thickness for oval hole grids.<\/p>\n<p class=\"p1\">Material: Copper (Cu), Nickel (Ni), Gold (Au), Stainless Steel (SS), Titanium (Ti), Molybdenum (Mo), Aluminum (Al)<\/p>\n<p class=\"p1\">EMBRA electroformed grids combine a high open area with a rigid construction which allows for relatively easy handling. We offer these grids in a series of hard to find materials, which are not available from other manufacturers. They are as follows: Stainless Steel (SS), Titanium (Ti), Molybdenum (Mo), and Aluminum (Al)<\/p>\n<p class=\"p1\"><img decoding=\"async\" src=\"https:\/\/www.emsdiasum.com\/microscopy\/products\/images\/grids\/e100.jpg\" alt=\"Square Mesh Embra Grids\" \/><\/p>\n<table style=\"border-style: solid; border-color: #000000; height: 422px; width: 502px;\" width=\"412\">\n<tbody>\n<tr style=\"height: 23px;\">\n<td style=\"border-style: solid; border-color: #000000; width: 114px; height: 23px;\">Type<\/td>\n<td style=\"border-style: solid; border-color: #000000; height: 23px; width: 128px;\">Cat#<\/td>\n<td style=\"border-style: solid; border-color: #000000; height: 23px; width: 135px;\">Open Area<\/td>\n<td style=\"border-style: solid; border-color: #000000; height: 23px; width: 97px;\">Packed<\/td>\n<\/tr>\n<tr style=\"height: 69px;\">\n<td style=\"border-style: solid; border-color: #000000; width: 114px; height: 146px;\" rowspan=\"4\">100 mesh<\/td>\n<td style=\"border-style: solid; border-color: #000000; height: 39px; width: 128px;\">DE100-SS<\/td>\n<td style=\"border-style: solid; border-color: #000000; height: 39px; width: 135px;\">\n<p class=\"p1\">65%<\/p>\n<\/td>\n<td style=\"border-style: solid; border-color: #000000; height: 39px; width: 97px;\">25\/vial<\/td>\n<\/tr>\n<tr style=\"height: 74px;\">\n<td style=\"border-style: solid; border-color: #000000; width: 128px; height: 38px;\">DE100-Ti<\/td>\n<td style=\"border-style: solid; border-color: #000000; width: 135px; height: 38px;\">65%<\/td>\n<td style=\"border-style: solid; border-color: #000000; width: 97px; height: 38px;\">25\/vial<\/td>\n<\/tr>\n<tr style=\"height: 51px;\">\n<td style=\"border-style: solid; border-color: #000000; width: 128px; height: 36px;\">DE100-Mo<\/td>\n<td style=\"border-style: solid; border-color: #000000; width: 135px; height: 36px;\">65%<\/td>\n<td style=\"border-style: solid; border-color: #000000; width: 97px; height: 36px;\">25\/vial<\/td>\n<\/tr>\n<tr style=\"height: 23px;\">\n<td style=\"border-style: solid; border-color: #000000; width: 128px; height: 33px;\">DE100-Al<\/td>\n<td style=\"border-style: solid; border-color: #000000; width: 135px; height: 33px;\">65%<\/td>\n<td style=\"border-style: solid; border-color: #000000; width: 97px; height: 33px;\">25\/vial<\/td>\n<\/tr>\n<tr style=\"height: 46px;\">\n<td style=\"border-style: solid; border-color: #000000; width: 114px; height: 161px;\" rowspan=\"4\">200 mesh<\/td>\n<td style=\"border-style: solid; border-color: #000000; width: 128px; height: 46px;\">DE200-SS<\/td>\n<td style=\"border-style: solid; border-color: #000000; width: 135px; height: 46px;\">50%<\/td>\n<td style=\"border-style: solid; border-color: #000000; width: 97px; height: 46px;\">25\/vial<\/td>\n<\/tr>\n<tr style=\"height: 46px;\">\n<td style=\"border-style: solid; border-color: #000000; width: 128px; height: 46px;\">DE200-Ti<\/td>\n<td style=\"border-style: solid; border-color: #000000; width: 135px; height: 46px;\">50%<\/td>\n<td style=\"border-style: solid; border-color: #000000; width: 97px; height: 46px;\">25\/vial<\/td>\n<\/tr>\n<tr style=\"height: 23px;\">\n<td style=\"border-style: solid; border-color: #000000; width: 128px; height: 23px;\">DE200-Mo<\/td>\n<td style=\"border-style: solid; border-color: #000000; width: 135px; height: 23px;\">50%<\/td>\n<td style=\"border-style: solid; border-color: #000000; width: 97px; height: 23px;\">25\/vial<\/td>\n<\/tr>\n<tr style=\"height: 46px;\">\n<td style=\"border-style: solid; border-color: #000000; width: 128px; height: 46px;\">DE200-Al<\/td>\n<td style=\"border-style: solid; border-color: #000000; width: 135px; height: 46px;\">50%<\/td>\n<td style=\"border-style: solid; border-color: #000000; width: 97px; height: 46px;\">25\/vial<\/td>\n<\/tr>\n<tr style=\"height: 46px;\">\n<td style=\"border-style: solid; border-color: #000000; width: 114px; height: 92px;\" rowspan=\"3\">300 mesh<\/td>\n<td style=\"border-style: solid; border-color: #000000; width: 128px; height: 33px;\">DE300-Ti<\/td>\n<td style=\"border-style: solid; border-color: #000000; width: 135px; height: 33px;\">40%<\/td>\n<td style=\"border-style: solid; border-color: #000000; width: 97px; height: 33px;\">25\/vial<\/td>\n<\/tr>\n<tr style=\"height: 23px;\">\n<td style=\"border-style: solid; border-color: #000000; width: 128px; height: 23px;\">DE300-Mo<\/td>\n<td style=\"border-style: solid; border-color: #000000; width: 135px; height: 23px;\">40%<\/td>\n<td style=\"border-style: solid; border-color: #000000; width: 97px; height: 23px;\">25\/vial<\/td>\n<\/tr>\n<tr style=\"height: 46px;\">\n<td style=\"border-style: solid; border-color: #000000; width: 128px; height: 36px;\">DE300-Al<\/td>\n<td style=\"border-style: solid; border-color: #000000; width: 135px; height: 36px;\">40%<\/td>\n<td style=\"border-style: solid; border-color: #000000; width: 97px; height: 36px;\">25\/vial<\/td>\n<\/tr>\n<\/tbody>\n<\/table>\n<p>N&#8217;h\u00e9sitez pas \u00e0 nous contacter si vous souhaitez des informations suppl\u00e9mentaires ou un autre produit.<\/p>\n<p>&nbsp;<\/p>\n","protected":false},"excerpt":{"rendered":"<p>3.05 mm diameter, 16* thickness for meshed, and 50* thickness for oval hole grids. Material: Copper (Cu), Nickel (Ni), Gold (Au), Stainless Steel (SS), Titanium (Ti), Molybdenum (Mo), Aluminum (Al) EMBRA electroformed grids combine a high open area with a rigid construction which allows for relatively easy handling. We offer these grids in a series [&hellip;]<\/p>\n","protected":false},"featured_media":0,"comment_status":"open","ping_status":"closed","template":"","meta":{"_et_pb_use_builder":"off","_et_pb_old_content":"","_et_gb_content_width":"","inline_featured_image":false},"product_brand":[],"product_cat":[1128,1119,1120],"product_tag":[1520],"class_list":{"0":"post-301685","1":"product","2":"type-product","3":"status-publish","5":"product_cat-embra-en","6":"product_cat-grilles-en","7":"product_cat-grilles-et-accessoires-en","8":"product_tag-grid-en","10":"first","11":"instock","12":"taxable","13":"shipping-taxable","14":"purchasable","15":"product-type-variable"},"yoast_head":"<!-- This site is optimized with the Yoast SEO plugin v27.3 - https:\/\/yoast.com\/product\/yoast-seo-wordpress\/ -->\n<title>Grids \/ grilles 100 mesh ( SS,Ti,Mo...) - Square Mesh -EMBRA Grids - Delta Microscopies<\/title>\n<meta name=\"robots\" content=\"index, follow, max-snippet:-1, max-image-preview:large, max-video-preview:-1\" \/>\n<link rel=\"canonical\" href=\"https:\/\/www.deltamicroscopies.com\/en\/products\/grids-grilles-100-mesh-sstimo-square-mesh-embra-grids\/\" \/>\n<meta property=\"og:locale\" content=\"en_US\" \/>\n<meta property=\"og:type\" content=\"article\" \/>\n<meta property=\"og:title\" content=\"Grids \/ grilles 100 mesh ( SS,Ti,Mo...) - Square Mesh -EMBRA Grids - Delta Microscopies\" \/>\n<meta property=\"og:description\" content=\"3.05 mm diameter, 16* thickness for meshed, and 50* thickness for oval hole grids. Material: Copper (Cu), Nickel (Ni), Gold (Au), Stainless Steel (SS), Titanium (Ti), Molybdenum (Mo), Aluminum (Al) EMBRA electroformed grids combine a high open area with a rigid construction which allows for relatively easy handling. We offer these grids in a series [&hellip;]\" \/>\n<meta property=\"og:url\" content=\"https:\/\/www.deltamicroscopies.com\/en\/products\/grids-grilles-100-mesh-sstimo-square-mesh-embra-grids\/\" \/>\n<meta property=\"og:site_name\" content=\"Delta Microscopies\" \/>\n<meta property=\"og:image\" content=\"https:\/\/www.emsdiasum.com\/microscopy\/products\/images\/grids\/e100.jpg\" \/>\n<meta name=\"twitter:label1\" content=\"Est. reading time\" \/>\n\t<meta name=\"twitter:data1\" content=\"1 minute\" \/>\n<!-- \/ Yoast SEO plugin. -->","yoast_head_json":{"title":"Grids \/ grilles 100 mesh ( SS,Ti,Mo...) - Square Mesh -EMBRA Grids - Delta Microscopies","robots":{"index":"index","follow":"follow","max-snippet":"max-snippet:-1","max-image-preview":"max-image-preview:large","max-video-preview":"max-video-preview:-1"},"canonical":"https:\/\/www.deltamicroscopies.com\/en\/products\/grids-grilles-100-mesh-sstimo-square-mesh-embra-grids\/","og_locale":"en_US","og_type":"article","og_title":"Grids \/ grilles 100 mesh ( SS,Ti,Mo...) - Square Mesh -EMBRA Grids - Delta Microscopies","og_description":"3.05 mm diameter, 16* thickness for meshed, and 50* thickness for oval hole grids. Material: Copper (Cu), Nickel (Ni), Gold (Au), Stainless Steel (SS), Titanium (Ti), Molybdenum (Mo), Aluminum (Al) EMBRA electroformed grids combine a high open area with a rigid construction which allows for relatively easy handling. We offer these grids in a series [&hellip;]","og_url":"https:\/\/www.deltamicroscopies.com\/en\/products\/grids-grilles-100-mesh-sstimo-square-mesh-embra-grids\/","og_site_name":"Delta Microscopies","og_image":[{"url":"https:\/\/www.emsdiasum.com\/microscopy\/products\/images\/grids\/e100.jpg","type":"","width":"","height":""}],"twitter_misc":{"Est. reading time":"1 minute"},"schema":{"@context":"https:\/\/schema.org","@graph":[{"@type":"WebPage","@id":"https:\/\/www.deltamicroscopies.com\/en\/products\/grids-grilles-100-mesh-sstimo-square-mesh-embra-grids\/","url":"https:\/\/www.deltamicroscopies.com\/en\/products\/grids-grilles-100-mesh-sstimo-square-mesh-embra-grids\/","name":"Grids \/ grilles 100 mesh ( SS,Ti,Mo...) - Square Mesh -EMBRA Grids - Delta Microscopies","isPartOf":{"@id":"https:\/\/www.deltamicroscopies.com\/en\/#website"},"primaryImageOfPage":{"@id":"https:\/\/www.deltamicroscopies.com\/en\/products\/grids-grilles-100-mesh-sstimo-square-mesh-embra-grids\/#primaryimage"},"image":{"@id":"https:\/\/www.deltamicroscopies.com\/en\/products\/grids-grilles-100-mesh-sstimo-square-mesh-embra-grids\/#primaryimage"},"thumbnailUrl":"https:\/\/www.emsdiasum.com\/microscopy\/products\/images\/grids\/e100.jpg","datePublished":"2019-01-15T14:42:01+00:00","breadcrumb":{"@id":"https:\/\/www.deltamicroscopies.com\/en\/products\/grids-grilles-100-mesh-sstimo-square-mesh-embra-grids\/#breadcrumb"},"inLanguage":"en-US","potentialAction":[{"@type":"ReadAction","target":["https:\/\/www.deltamicroscopies.com\/en\/products\/grids-grilles-100-mesh-sstimo-square-mesh-embra-grids\/"]}]},{"@type":"ImageObject","inLanguage":"en-US","@id":"https:\/\/www.deltamicroscopies.com\/en\/products\/grids-grilles-100-mesh-sstimo-square-mesh-embra-grids\/#primaryimage","url":"https:\/\/www.emsdiasum.com\/microscopy\/products\/images\/grids\/e100.jpg","contentUrl":"https:\/\/www.emsdiasum.com\/microscopy\/products\/images\/grids\/e100.jpg"},{"@type":"BreadcrumbList","@id":"https:\/\/www.deltamicroscopies.com\/en\/products\/grids-grilles-100-mesh-sstimo-square-mesh-embra-grids\/#breadcrumb","itemListElement":[{"@type":"ListItem","position":1,"name":"Accueil","item":"https:\/\/www.deltamicroscopies.com\/en\/home-3\/"},{"@type":"ListItem","position":2,"name":"Our products","item":"https:\/\/www.deltamicroscopies.com\/en\/shop\/"},{"@type":"ListItem","position":3,"name":"Grids \/ grilles 100 mesh ( SS,Ti,Mo&#8230;) &#8211; Square Mesh -EMBRA Grids"}]},{"@type":"WebSite","@id":"https:\/\/www.deltamicroscopies.com\/en\/#website","url":"https:\/\/www.deltamicroscopies.com\/en\/","name":"Delta Microscopies","description":"Des microscopistes \u00e0 votre service.","publisher":{"@id":"https:\/\/www.deltamicroscopies.com\/en\/#organization"},"potentialAction":[{"@type":"SearchAction","target":{"@type":"EntryPoint","urlTemplate":"https:\/\/www.deltamicroscopies.com\/en\/?s={search_term_string}"},"query-input":{"@type":"PropertyValueSpecification","valueRequired":true,"valueName":"search_term_string"}}],"inLanguage":"en-US"},{"@type":"Organization","@id":"https:\/\/www.deltamicroscopies.com\/en\/#organization","name":"Delta Microscopies","url":"https:\/\/www.deltamicroscopies.com\/en\/","logo":{"@type":"ImageObject","inLanguage":"en-US","@id":"https:\/\/www.deltamicroscopies.com\/en\/#\/schema\/logo\/image\/","url":"https:\/\/efb7cwj5g4q.exactdn.com\/wp-content\/uploads\/2019\/09\/DELTAM_LOGO_RVB-1-1.png?strip=all&lossy=1&ssl=1","contentUrl":"https:\/\/efb7cwj5g4q.exactdn.com\/wp-content\/uploads\/2019\/09\/DELTAM_LOGO_RVB-1-1.png?strip=all&lossy=1&ssl=1","width":688,"height":177,"caption":"Delta Microscopies"},"image":{"@id":"https:\/\/www.deltamicroscopies.com\/en\/#\/schema\/logo\/image\/"},"sameAs":["https:\/\/www.instagram.com\/emsdiasum\/","https:\/\/www.youtube.com\/channel\/UCkSsQQq74DhyLXNg_9RPorQ"]}]}},"_links":{"self":[{"href":"https:\/\/www.deltamicroscopies.com\/en\/wp-json\/wp\/v2\/product\/301685","targetHints":{"allow":["GET"]}}],"collection":[{"href":"https:\/\/www.deltamicroscopies.com\/en\/wp-json\/wp\/v2\/product"}],"about":[{"href":"https:\/\/www.deltamicroscopies.com\/en\/wp-json\/wp\/v2\/types\/product"}],"replies":[{"embeddable":true,"href":"https:\/\/www.deltamicroscopies.com\/en\/wp-json\/wp\/v2\/comments?post=301685"}],"wp:attachment":[{"href":"https:\/\/www.deltamicroscopies.com\/en\/wp-json\/wp\/v2\/media?parent=301685"}],"wp:term":[{"taxonomy":"product_brand","embeddable":true,"href":"https:\/\/www.deltamicroscopies.com\/en\/wp-json\/wp\/v2\/product_brand?post=301685"},{"taxonomy":"product_cat","embeddable":true,"href":"https:\/\/www.deltamicroscopies.com\/en\/wp-json\/wp\/v2\/product_cat?post=301685"},{"taxonomy":"product_tag","embeddable":true,"href":"https:\/\/www.deltamicroscopies.com\/en\/wp-json\/wp\/v2\/product_tag?post=301685"}],"curies":[{"name":"wp","href":"https:\/\/api.w.org\/{rel}","templated":true}]}}