{"id":301715,"date":"2019-01-15T14:05:32","date_gmt":"2019-01-15T13:05:32","guid":{"rendered":"https:\/\/www.deltamicroscopies.com\/produit\/grids-grilles-synaptek-1x2mm-slot-ni\/"},"modified":"2019-01-15T14:05:32","modified_gmt":"2019-01-15T13:05:32","slug":"grids-grilles-synaptek-1x2mm-slot-ni","status":"publish","type":"product","link":"https:\/\/www.deltamicroscopies.com\/en\/products\/grids-grilles-synaptek-1x2mm-slot-ni\/","title":{"rendered":"Grids \/ grilles Synaptek 1x2mm slot &#8211; (NI)"},"content":{"rendered":"<p class=\"p1\">Very reliable under the electron beam- Synaptek\u00ae unflexible grids, made of a special alloy (Beryllium-Copper). Offers extreme stability for coating with support film. 4 mil thick (100\u00b5m), 3.05mm diameter, this standard 2x1mm oval slot grids are contamination free and reusable after cleaning. 0.5x2mm oval slots are also available.<\/p>\n<p class=\"p1\">NUM grids: Numbered grids are in random order. Numbers may be duplicated.<\/p>\n<p class=\"p1\">DOT grids: 2 dots are marked on one side of the grid for identification. Dots are visible to the naked eye.<\/p>\n<p class=\"p1\">NOTCH grids: A mark, stamped on one side of the grid to facilitate the handling of the grids. Notch is available with NUM or DOT grids.<\/p>\n<p class=\"p1\">GILDED grids: completely\u00a0Gold-Plated grids, suitable for immunology research, autoradiography, as well as special needs.<\/p>\n<p><img decoding=\"async\" src=\"https:\/\/www.emsdiasum.com\/microscopy\/products\/images\/abc\/dot.gif\" \/><\/p>\n<table style=\"border-style: solid; border-color: #000000; height: 399px; width: 414px;\" width=\"412\">\n<tbody>\n<tr style=\"height: 23px;\">\n<td style=\"border-style: solid; border-color: #000000; height: 23px; width: 138px;\">Cat#<\/td>\n<td style=\"border-style: solid; border-color: #000000; height: 23px; width: 149px;\">Description<\/td>\n<td style=\"border-style: solid; border-color: #000000; height: 23px; width: 105px;\">Packed<\/td>\n<\/tr>\n<tr style=\"height: 69px;\">\n<td style=\"border-style: solid; border-color: #000000; height: 49px; width: 138px;\">DS2010-DOT<\/td>\n<td style=\"border-style: solid; border-color: #000000; height: 49px; width: 149px;\">\n<p class=\"p1\">DOT 2 x 1 mm slot<\/p>\n<\/td>\n<td style=\"border-style: solid; border-color: #000000; height: 49px; width: 105px;\">100\/vial<\/td>\n<\/tr>\n<tr style=\"height: 74px;\">\n<td style=\"border-style: solid; border-color: #000000; width: 138px; height: 74px;\">DS2010-NUM<\/td>\n<td style=\"border-style: solid; border-color: #000000; width: 149px; height: 74px;\">NUM 2 x 1 mm slot<\/td>\n<td style=\"border-style: solid; border-color: #000000; width: 105px; height: 74px;\">100\/vial<\/td>\n<\/tr>\n<tr style=\"height: 51px;\">\n<td style=\"border-style: solid; border-color: #000000; width: 138px; height: 51px;\">DS2010-ND<\/td>\n<td style=\"border-style: solid; border-color: #000000; width: 149px; height: 51px;\">NOTCH-DOT 2 x 1 mm slot<\/td>\n<td style=\"border-style: solid; border-color: #000000; width: 105px; height: 51px;\">100\/vial<\/td>\n<\/tr>\n<tr>\n<td style=\"border-style: solid; border-color: #000000; width: 138px;\">DS2010-NOTCH<\/td>\n<td style=\"border-style: solid; border-color: #000000; width: 149px;\">NOTCH 2 x 1 mm slot<\/td>\n<td style=\"border-style: solid; border-color: #000000; width: 105px;\">100\/vial<\/td>\n<\/tr>\n<tr>\n<td style=\"border-style: solid; border-color: #000000; width: 138px;\">DS2010-NN<\/td>\n<td style=\"border-style: solid; border-color: #000000; width: 149px;\">NOTCH-NUM 2 x 1 mm slot<\/td>\n<td style=\"border-style: solid; border-color: #000000; width: 105px;\">100\/vial<\/td>\n<\/tr>\n<tr>\n<td style=\"border-style: solid; border-color: #000000; width: 138px;\">DSG2010-NN<\/td>\n<td style=\"border-style: solid; border-color: #000000; width: 149px;\">GILDED NOTCH-NUM 2 x 1 mm slot<\/td>\n<td style=\"border-style: solid; border-color: #000000; width: 105px;\">100\/vial<\/td>\n<\/tr>\n<tr>\n<td style=\"border-style: solid; border-color: #000000; width: 138px;\">DS2005-DOT<\/td>\n<td style=\"border-style: solid; border-color: #000000; width: 149px;\">DOT 2 x 0.5 mm slot<\/td>\n<td style=\"border-style: solid; border-color: #000000; width: 105px;\">100\/vial<\/td>\n<\/tr>\n<tr>\n<td style=\"border-style: solid; border-color: #000000; width: 138px;\">DS1808-ND<\/td>\n<td style=\"border-style: solid; border-color: #000000; width: 149px;\">NOTCH-DOT, 0.8 x 1.8 mm slot<\/td>\n<td style=\"border-style: solid; border-color: #000000; width: 105px;\">100\/vial<\/td>\n<\/tr>\n<tr>\n<td style=\"border-style: solid; border-color: #000000; width: 138px;\">DS1020-NI<\/td>\n<td style=\"border-style: solid; border-color: #000000; width: 149px;\">Ni-NOTCH-DOT, 1 x 2 mm slot, Nickel<\/td>\n<td style=\"border-style: solid; border-color: #000000; width: 105px;\">100\/vial<\/td>\n<\/tr>\n<tr>\n<td style=\"border-style: solid; border-color: #000000; width: 138px;\">DS1500-DOT<\/td>\n<td style=\"border-style: solid; border-color: #000000; width: 149px;\">DOT, 1.5 mm hole<\/td>\n<td style=\"border-style: solid; border-color: #000000; width: 105px;\">100\/vial<\/td>\n<\/tr>\n<tr>\n<td style=\"border-style: solid; border-color: #000000; width: 138px;\">DS1500NI-DOT<\/td>\n<td style=\"border-style: solid; border-color: #000000; width: 149px;\">Ni-DOT, 1.5 mm hole, Nickel<\/td>\n<td style=\"border-style: solid; border-color: #000000; width: 105px;\">100\/vial<\/td>\n<\/tr>\n<tr>\n<td style=\"border-style: solid; border-color: #000000; width: 138px;\">DS1500MO-DOT<\/td>\n<td style=\"border-style: solid; border-color: #000000; width: 149px;\">Mo-DOT, 1.5 mm hole, Molybdenum, Thickness of 75\u00b5m (3 mil)<\/td>\n<td style=\"border-style: solid; border-color: #000000; width: 105px;\">25\/vial<\/td>\n<\/tr>\n<\/tbody>\n<\/table>\n<p>N&#8217;h\u00e9sitez pas \u00e0 nous contacter si vous souhaitez des informations suppl\u00e9mentaires ou un autre produit.<\/p>\n<p>&nbsp;<\/p>\n","protected":false},"excerpt":{"rendered":"<p>Very reliable under the electron beam- Synaptek\u00ae unflexible grids, made of a special alloy (Beryllium-Copper). Offers extreme stability for coating with support film. 4 mil thick (100\u00b5m), 3.05mm diameter, this standard 2x1mm oval slot grids are contamination free and reusable after cleaning. 0.5x2mm oval slots are also available. NUM grids: Numbered grids are in random [&hellip;]<\/p>\n","protected":false},"featured_media":0,"comment_status":"open","ping_status":"closed","template":"","meta":{"_et_pb_use_builder":"off","_et_pb_old_content":"","_et_gb_content_width":"","inline_featured_image":false},"product_brand":[],"product_cat":[1119,1120,1241],"product_tag":[1520],"class_list":{"0":"post-301715","1":"product","2":"type-product","3":"status-publish","5":"product_cat-grilles-en","6":"product_cat-grilles-et-accessoires-en","7":"product_cat-synaptek-en","8":"product_tag-grid-en","10":"first","11":"instock","12":"taxable","13":"shipping-taxable","14":"purchasable","15":"product-type-simple"},"yoast_head":"<!-- This site is optimized with the Yoast SEO plugin v27.3 - https:\/\/yoast.com\/product\/yoast-seo-wordpress\/ -->\n<title>Grids \/ grilles Synaptek 1x2mm slot - (NI) - Delta Microscopies<\/title>\n<meta name=\"robots\" content=\"index, follow, max-snippet:-1, max-image-preview:large, max-video-preview:-1\" \/>\n<link rel=\"canonical\" href=\"https:\/\/www.deltamicroscopies.com\/en\/products\/grids-grilles-synaptek-1x2mm-slot-ni\/\" \/>\n<meta property=\"og:locale\" content=\"en_US\" \/>\n<meta property=\"og:type\" content=\"article\" \/>\n<meta property=\"og:title\" content=\"Grids \/ grilles Synaptek 1x2mm slot - (NI) - Delta Microscopies\" \/>\n<meta property=\"og:description\" content=\"Very reliable under the electron beam- Synaptek\u00ae unflexible grids, made of a special alloy (Beryllium-Copper). Offers extreme stability for coating with support film. 4 mil thick (100\u00b5m), 3.05mm diameter, this standard 2x1mm oval slot grids are contamination free and reusable after cleaning. 0.5x2mm oval slots are also available. NUM grids: Numbered grids are in random [&hellip;]\" \/>\n<meta property=\"og:url\" content=\"https:\/\/www.deltamicroscopies.com\/en\/products\/grids-grilles-synaptek-1x2mm-slot-ni\/\" \/>\n<meta property=\"og:site_name\" content=\"Delta Microscopies\" \/>\n<meta property=\"og:image\" content=\"https:\/\/www.emsdiasum.com\/microscopy\/products\/images\/abc\/dot.gif\" \/>\n<meta name=\"twitter:label1\" content=\"Est. reading time\" \/>\n\t<meta name=\"twitter:data1\" content=\"1 minute\" \/>\n<!-- \/ Yoast SEO plugin. -->","yoast_head_json":{"title":"Grids \/ grilles Synaptek 1x2mm slot - (NI) - Delta Microscopies","robots":{"index":"index","follow":"follow","max-snippet":"max-snippet:-1","max-image-preview":"max-image-preview:large","max-video-preview":"max-video-preview:-1"},"canonical":"https:\/\/www.deltamicroscopies.com\/en\/products\/grids-grilles-synaptek-1x2mm-slot-ni\/","og_locale":"en_US","og_type":"article","og_title":"Grids \/ grilles Synaptek 1x2mm slot - (NI) - Delta Microscopies","og_description":"Very reliable under the electron beam- Synaptek\u00ae unflexible grids, made of a special alloy (Beryllium-Copper). Offers extreme stability for coating with support film. 4 mil thick (100\u00b5m), 3.05mm diameter, this standard 2x1mm oval slot grids are contamination free and reusable after cleaning. 0.5x2mm oval slots are also available. NUM grids: Numbered grids are in random [&hellip;]","og_url":"https:\/\/www.deltamicroscopies.com\/en\/products\/grids-grilles-synaptek-1x2mm-slot-ni\/","og_site_name":"Delta Microscopies","og_image":[{"url":"https:\/\/www.emsdiasum.com\/microscopy\/products\/images\/abc\/dot.gif","type":"","width":"","height":""}],"twitter_misc":{"Est. reading time":"1 minute"},"schema":{"@context":"https:\/\/schema.org","@graph":[{"@type":"WebPage","@id":"https:\/\/www.deltamicroscopies.com\/en\/products\/grids-grilles-synaptek-1x2mm-slot-ni\/","url":"https:\/\/www.deltamicroscopies.com\/en\/products\/grids-grilles-synaptek-1x2mm-slot-ni\/","name":"Grids \/ grilles Synaptek 1x2mm slot - (NI) - Delta Microscopies","isPartOf":{"@id":"https:\/\/www.deltamicroscopies.com\/en\/#website"},"primaryImageOfPage":{"@id":"https:\/\/www.deltamicroscopies.com\/en\/products\/grids-grilles-synaptek-1x2mm-slot-ni\/#primaryimage"},"image":{"@id":"https:\/\/www.deltamicroscopies.com\/en\/products\/grids-grilles-synaptek-1x2mm-slot-ni\/#primaryimage"},"thumbnailUrl":"https:\/\/www.emsdiasum.com\/microscopy\/products\/images\/abc\/dot.gif","datePublished":"2019-01-15T13:05:32+00:00","breadcrumb":{"@id":"https:\/\/www.deltamicroscopies.com\/en\/products\/grids-grilles-synaptek-1x2mm-slot-ni\/#breadcrumb"},"inLanguage":"en-US","potentialAction":[{"@type":"ReadAction","target":["https:\/\/www.deltamicroscopies.com\/en\/products\/grids-grilles-synaptek-1x2mm-slot-ni\/"]}]},{"@type":"ImageObject","inLanguage":"en-US","@id":"https:\/\/www.deltamicroscopies.com\/en\/products\/grids-grilles-synaptek-1x2mm-slot-ni\/#primaryimage","url":"https:\/\/www.emsdiasum.com\/microscopy\/products\/images\/abc\/dot.gif","contentUrl":"https:\/\/www.emsdiasum.com\/microscopy\/products\/images\/abc\/dot.gif"},{"@type":"BreadcrumbList","@id":"https:\/\/www.deltamicroscopies.com\/en\/products\/grids-grilles-synaptek-1x2mm-slot-ni\/#breadcrumb","itemListElement":[{"@type":"ListItem","position":1,"name":"Accueil","item":"https:\/\/www.deltamicroscopies.com\/en\/home-3\/"},{"@type":"ListItem","position":2,"name":"Our products","item":"https:\/\/www.deltamicroscopies.com\/en\/shop\/"},{"@type":"ListItem","position":3,"name":"Grids \/ grilles Synaptek 1x2mm slot &#8211; (NI)"}]},{"@type":"WebSite","@id":"https:\/\/www.deltamicroscopies.com\/en\/#website","url":"https:\/\/www.deltamicroscopies.com\/en\/","name":"Delta Microscopies","description":"Des microscopistes \u00e0 votre service.","publisher":{"@id":"https:\/\/www.deltamicroscopies.com\/en\/#organization"},"potentialAction":[{"@type":"SearchAction","target":{"@type":"EntryPoint","urlTemplate":"https:\/\/www.deltamicroscopies.com\/en\/?s={search_term_string}"},"query-input":{"@type":"PropertyValueSpecification","valueRequired":true,"valueName":"search_term_string"}}],"inLanguage":"en-US"},{"@type":"Organization","@id":"https:\/\/www.deltamicroscopies.com\/en\/#organization","name":"Delta Microscopies","url":"https:\/\/www.deltamicroscopies.com\/en\/","logo":{"@type":"ImageObject","inLanguage":"en-US","@id":"https:\/\/www.deltamicroscopies.com\/en\/#\/schema\/logo\/image\/","url":"https:\/\/efb7cwj5g4q.exactdn.com\/wp-content\/uploads\/2019\/09\/DELTAM_LOGO_RVB-1-1.png?strip=all&lossy=1&ssl=1","contentUrl":"https:\/\/efb7cwj5g4q.exactdn.com\/wp-content\/uploads\/2019\/09\/DELTAM_LOGO_RVB-1-1.png?strip=all&lossy=1&ssl=1","width":688,"height":177,"caption":"Delta Microscopies"},"image":{"@id":"https:\/\/www.deltamicroscopies.com\/en\/#\/schema\/logo\/image\/"},"sameAs":["https:\/\/www.instagram.com\/emsdiasum\/","https:\/\/www.youtube.com\/channel\/UCkSsQQq74DhyLXNg_9RPorQ"]}]}},"_links":{"self":[{"href":"https:\/\/www.deltamicroscopies.com\/en\/wp-json\/wp\/v2\/product\/301715","targetHints":{"allow":["GET"]}}],"collection":[{"href":"https:\/\/www.deltamicroscopies.com\/en\/wp-json\/wp\/v2\/product"}],"about":[{"href":"https:\/\/www.deltamicroscopies.com\/en\/wp-json\/wp\/v2\/types\/product"}],"replies":[{"embeddable":true,"href":"https:\/\/www.deltamicroscopies.com\/en\/wp-json\/wp\/v2\/comments?post=301715"}],"wp:attachment":[{"href":"https:\/\/www.deltamicroscopies.com\/en\/wp-json\/wp\/v2\/media?parent=301715"}],"wp:term":[{"taxonomy":"product_brand","embeddable":true,"href":"https:\/\/www.deltamicroscopies.com\/en\/wp-json\/wp\/v2\/product_brand?post=301715"},{"taxonomy":"product_cat","embeddable":true,"href":"https:\/\/www.deltamicroscopies.com\/en\/wp-json\/wp\/v2\/product_cat?post=301715"},{"taxonomy":"product_tag","embeddable":true,"href":"https:\/\/www.deltamicroscopies.com\/en\/wp-json\/wp\/v2\/product_tag?post=301715"}],"curies":[{"name":"wp","href":"https:\/\/api.w.org\/{rel}","templated":true}]}}