{"id":301737,"date":"2019-01-15T10:47:03","date_gmt":"2019-01-15T09:47:03","guid":{"rendered":"https:\/\/www.deltamicroscopies.com\/produit\/sem-finder-grids-type-semf1-cu-ni-au\/"},"modified":"2019-01-15T10:47:03","modified_gmt":"2019-01-15T09:47:03","slug":"sem-finder-grids-type-semf1-cu-ni-au","status":"publish","type":"product","link":"https:\/\/www.deltamicroscopies.com\/en\/products\/sem-finder-grids-type-semf1-cu-ni-au\/","title":{"rendered":"SEM Finder Grids type SEMF1 ( Cu, Ni, Au&#8230;)"},"content":{"rendered":"<p>SEM Finder Grids These two new SEM grids are designed to aid in the identification and localization of SEM specimens when placed on standard SEM stubs. The SEMF2 allows for easy characterization and analysis of particles and suspensions. The SEMF3 uses an alpha-numeric index, allowing up to 25 predetermined specimens to be fixed and then located in a SEM.<\/p>\n<h4>Type SEMF1<\/h4>\n<p>Referring to the annular rim identifies north, south, east and west. The four quadrant markers are tapered towards the centre. 100 Radial sectors are identified by reference to decimal numbers in the annular rim and alphabet letters in the four quadrants. <a href=\"https:\/\/efb7cwj5g4q.exactdn.com\/wp-content\/uploads\/2019\/01\/D80101.jpg?strip=all&w=2560\"><img decoding=\"async\" class=\"alignnone size-full wp-image-219689\" src=\"https:\/\/efb7cwj5g4q.exactdn.com\/wp-content\/uploads\/2019\/01\/D80101.jpg?strip=all\" alt=\"\" width=\"300\" height=\"300\" srcset=\"https:\/\/efb7cwj5g4q.exactdn.com\/wp-content\/uploads\/2019\/01\/D80101.jpg?strip=all 300w, https:\/\/efb7cwj5g4q.exactdn.com\/wp-content\/uploads\/2019\/01\/D80101-150x150.jpg?strip=all 150w, https:\/\/efb7cwj5g4q.exactdn.com\/wp-content\/uploads\/2019\/01\/D80101-100x100.jpg?strip=all 100w, https:\/\/efb7cwj5g4q.exactdn.com\/wp-content\/uploads\/2019\/01\/D80101.jpg?strip=all&amp;w=240 240w\" sizes=\"(max-width: 300px) 100vw, 300px\" \/><\/a> \u00a0 \u00a0<\/p>\n<table class=\"specifications\" style=\"width: 319px;\">\n<tbody>\n<tr>\n<td style=\"width: 141.38px;\"><span style=\"display: inline !important; float: none; background-color: transparent; color: #666666; cursor: text; font-family: 'Open Sans',Arial,sans-serif; font-size: 14px; font-style: normal; font-variant: normal; font-weight: 500; letter-spacing: normal; orphans: 2; text-align: left; text-decoration: none; text-indent: 0px; text-transform: none; -webkit-text-stroke-width: 0px; white-space: normal; word-spacing: 0px;\">Overall Diameter<\/span><\/td>\n<td style=\"width: 161.62px;\">10 mm<\/td>\n<\/tr>\n<tr>\n<td style=\"width: 141.38px;\">Overall Thickness<\/td>\n<td style=\"width: 161.62px;\">~ 50\u00a0\u00b5m<\/td>\n<\/tr>\n<tr>\n<td style=\"width: 141.38px;\">Material<\/td>\n<td style=\"width: 161.62px;\">Copper, Nickel or Gold<\/td>\n<\/tr>\n<\/tbody>\n<\/table>\n<p>&nbsp;<\/p>\n<table style=\"border-style: solid; border-color: #000000; width: 616px; height: 79px;\">\n<tbody>\n<tr style=\"height: 23px;\">\n<td style=\"border-style: solid; border-color: #000000; width: 132px; height: 23px; text-align: center;\">D80101-Cu<\/td>\n<td style=\"border-style: solid; border-color: #000000; width: 334px; height: 23px; text-align: center;\"><span style=\"display: inline !important; float: none; background-color: transparent; color: #666666; cursor: text; font-family: 'Open Sans',Arial,sans-serif; font-size: 14px; font-style: normal; font-variant: normal; font-weight: 500; letter-spacing: normal; orphans: 2; text-align: left; text-decoration: none; text-indent: 0px; text-transform: none; -webkit-text-stroke-width: 0px; white-space: normal; word-spacing: 0px;\">SEMF1,Copper<\/span><\/td>\n<td style=\"border-style: solid; border-color: #000000; width: 150px; height: 23px; text-align: center;\">10\/vial<\/td>\n<\/tr>\n<tr>\n<td style=\"border-style: solid; border-color: #000000; width: 132px; text-align: center;\">D80101-Ni<\/td>\n<td style=\"border-style: solid; border-color: #000000; width: 334px; text-align: center;\">SEMF1, Nickel<\/td>\n<td style=\"border-style: solid; border-color: #000000; width: 150px; text-align: center;\">10\/vial<\/td>\n<\/tr>\n<tr>\n<td style=\"border-style: solid; border-color: #000000; width: 132px; text-align: center;\">D80101-Au<\/td>\n<td style=\"border-style: solid; border-color: #000000; width: 334px; text-align: center;\">SEMF1, Gold<\/td>\n<td style=\"border-style: solid; border-color: #000000; width: 150px; text-align: center;\">5\/vial<\/td>\n<\/tr>\n<\/tbody>\n<\/table>\n<p>N&#8217;h\u00e9sitez pas \u00e0 nous contacter si vous souhaitez des informations suppl\u00e9mentaires ou un autre produit. \u00a0<\/p>\n","protected":false},"excerpt":{"rendered":"<p>SEM Finder Grids These two new SEM grids are designed to aid in the identification and localization of SEM specimens when placed on standard SEM stubs. The SEMF2 allows for easy characterization and analysis of particles and suspensions. The SEMF3 uses an alpha-numeric index, allowing up to 25 predetermined specimens to be fixed and then [&hellip;]<\/p>\n","protected":false},"featured_media":285865,"comment_status":"open","ping_status":"closed","template":"","meta":{"_et_pb_use_builder":"off","_et_pb_old_content":"","_et_gb_content_width":"","inline_featured_image":false},"product_brand":[],"product_cat":[1145,1119,1120,1156],"product_tag":[1520],"class_list":{"0":"post-301737","1":"product","2":"type-product","3":"status-publish","4":"has-post-thumbnail","6":"product_cat-gilder-en","7":"product_cat-grilles-en","8":"product_cat-grilles-et-accessoires-en","9":"product_cat-sem-finder-en","10":"product_tag-grid-en","12":"first","13":"instock","14":"taxable","15":"shipping-taxable","16":"purchasable","17":"product-type-variable"},"yoast_head":"<!-- This site is optimized with the Yoast SEO plugin v27.4 - https:\/\/yoast.com\/product\/yoast-seo-wordpress\/ -->\n<title>SEM Finder Grids type SEMF1 ( Cu, Ni, Au...) - Delta Microscopies<\/title>\n<meta name=\"robots\" content=\"index, follow, max-snippet:-1, max-image-preview:large, max-video-preview:-1\" \/>\n<link rel=\"canonical\" href=\"https:\/\/www.deltamicroscopies.com\/en\/products\/sem-finder-grids-type-semf1-cu-ni-au\/\" \/>\n<meta property=\"og:locale\" content=\"en_US\" \/>\n<meta property=\"og:type\" content=\"article\" \/>\n<meta property=\"og:title\" content=\"SEM Finder Grids type SEMF1 ( Cu, Ni, Au...) - Delta Microscopies\" \/>\n<meta property=\"og:description\" content=\"SEM Finder Grids These two new SEM grids are designed to aid in the identification and localization of SEM specimens when placed on standard SEM stubs. The SEMF2 allows for easy characterization and analysis of particles and suspensions. The SEMF3 uses an alpha-numeric index, allowing up to 25 predetermined specimens to be fixed and then [&hellip;]\" \/>\n<meta property=\"og:url\" content=\"https:\/\/www.deltamicroscopies.com\/en\/products\/sem-finder-grids-type-semf1-cu-ni-au\/\" \/>\n<meta property=\"og:site_name\" content=\"Delta Microscopies\" \/>\n<meta property=\"og:image\" content=\"https:\/\/www.deltamicroscopies.com\/wp-content\/uploads\/2019\/01\/D80101.jpg\" \/>\n\t<meta property=\"og:image:width\" content=\"300\" \/>\n\t<meta property=\"og:image:height\" content=\"300\" \/>\n\t<meta property=\"og:image:type\" content=\"image\/jpeg\" \/>\n<meta name=\"twitter:label1\" content=\"Est. reading time\" \/>\n\t<meta name=\"twitter:data1\" content=\"1 minute\" \/>\n<!-- \/ Yoast SEO plugin. -->","yoast_head_json":{"title":"SEM Finder Grids type SEMF1 ( Cu, Ni, Au...) - Delta Microscopies","robots":{"index":"index","follow":"follow","max-snippet":"max-snippet:-1","max-image-preview":"max-image-preview:large","max-video-preview":"max-video-preview:-1"},"canonical":"https:\/\/www.deltamicroscopies.com\/en\/products\/sem-finder-grids-type-semf1-cu-ni-au\/","og_locale":"en_US","og_type":"article","og_title":"SEM Finder Grids type SEMF1 ( Cu, Ni, Au...) - Delta Microscopies","og_description":"SEM Finder Grids These two new SEM grids are designed to aid in the identification and localization of SEM specimens when placed on standard SEM stubs. The SEMF2 allows for easy characterization and analysis of particles and suspensions. The SEMF3 uses an alpha-numeric index, allowing up to 25 predetermined specimens to be fixed and then [&hellip;]","og_url":"https:\/\/www.deltamicroscopies.com\/en\/products\/sem-finder-grids-type-semf1-cu-ni-au\/","og_site_name":"Delta Microscopies","og_image":[{"width":300,"height":300,"url":"https:\/\/www.deltamicroscopies.com\/wp-content\/uploads\/2019\/01\/D80101.jpg","type":"image\/jpeg"}],"twitter_misc":{"Est. reading time":"1 minute"},"schema":{"@context":"https:\/\/schema.org","@graph":[{"@type":"WebPage","@id":"https:\/\/www.deltamicroscopies.com\/en\/products\/sem-finder-grids-type-semf1-cu-ni-au\/","url":"https:\/\/www.deltamicroscopies.com\/en\/products\/sem-finder-grids-type-semf1-cu-ni-au\/","name":"SEM Finder Grids type SEMF1 ( Cu, Ni, Au...) - Delta Microscopies","isPartOf":{"@id":"https:\/\/www.deltamicroscopies.com\/en\/#website"},"primaryImageOfPage":{"@id":"https:\/\/www.deltamicroscopies.com\/en\/products\/sem-finder-grids-type-semf1-cu-ni-au\/#primaryimage"},"image":{"@id":"https:\/\/www.deltamicroscopies.com\/en\/products\/sem-finder-grids-type-semf1-cu-ni-au\/#primaryimage"},"thumbnailUrl":"https:\/\/efb7cwj5g4q.exactdn.com\/wp-content\/uploads\/2019\/01\/D80101.jpg?strip=all","datePublished":"2019-01-15T09:47:03+00:00","breadcrumb":{"@id":"https:\/\/www.deltamicroscopies.com\/en\/products\/sem-finder-grids-type-semf1-cu-ni-au\/#breadcrumb"},"inLanguage":"en-US","potentialAction":[{"@type":"ReadAction","target":["https:\/\/www.deltamicroscopies.com\/en\/products\/sem-finder-grids-type-semf1-cu-ni-au\/"]}]},{"@type":"ImageObject","inLanguage":"en-US","@id":"https:\/\/www.deltamicroscopies.com\/en\/products\/sem-finder-grids-type-semf1-cu-ni-au\/#primaryimage","url":"https:\/\/efb7cwj5g4q.exactdn.com\/wp-content\/uploads\/2019\/01\/D80101.jpg?strip=all","contentUrl":"https:\/\/efb7cwj5g4q.exactdn.com\/wp-content\/uploads\/2019\/01\/D80101.jpg?strip=all","width":300,"height":300},{"@type":"BreadcrumbList","@id":"https:\/\/www.deltamicroscopies.com\/en\/products\/sem-finder-grids-type-semf1-cu-ni-au\/#breadcrumb","itemListElement":[{"@type":"ListItem","position":1,"name":"Accueil","item":"https:\/\/www.deltamicroscopies.com\/en\/home-3\/"},{"@type":"ListItem","position":2,"name":"Our products","item":"https:\/\/www.deltamicroscopies.com\/en\/shop\/"},{"@type":"ListItem","position":3,"name":"SEM Finder Grids type SEMF1 ( Cu, Ni, Au&#8230;)"}]},{"@type":"WebSite","@id":"https:\/\/www.deltamicroscopies.com\/en\/#website","url":"https:\/\/www.deltamicroscopies.com\/en\/","name":"Delta Microscopies","description":"Des microscopistes \u00e0 votre service.","publisher":{"@id":"https:\/\/www.deltamicroscopies.com\/en\/#organization"},"potentialAction":[{"@type":"SearchAction","target":{"@type":"EntryPoint","urlTemplate":"https:\/\/www.deltamicroscopies.com\/en\/?s={search_term_string}"},"query-input":{"@type":"PropertyValueSpecification","valueRequired":true,"valueName":"search_term_string"}}],"inLanguage":"en-US"},{"@type":"Organization","@id":"https:\/\/www.deltamicroscopies.com\/en\/#organization","name":"Delta Microscopies","url":"https:\/\/www.deltamicroscopies.com\/en\/","logo":{"@type":"ImageObject","inLanguage":"en-US","@id":"https:\/\/www.deltamicroscopies.com\/en\/#\/schema\/logo\/image\/","url":"https:\/\/efb7cwj5g4q.exactdn.com\/wp-content\/uploads\/2019\/09\/DELTAM_LOGO_RVB-1-1.png?strip=all&lossy=1&ssl=1","contentUrl":"https:\/\/efb7cwj5g4q.exactdn.com\/wp-content\/uploads\/2019\/09\/DELTAM_LOGO_RVB-1-1.png?strip=all&lossy=1&ssl=1","width":688,"height":177,"caption":"Delta Microscopies"},"image":{"@id":"https:\/\/www.deltamicroscopies.com\/en\/#\/schema\/logo\/image\/"},"sameAs":["https:\/\/www.instagram.com\/emsdiasum\/","https:\/\/www.youtube.com\/channel\/UCkSsQQq74DhyLXNg_9RPorQ"]}]}},"_links":{"self":[{"href":"https:\/\/www.deltamicroscopies.com\/en\/wp-json\/wp\/v2\/product\/301737","targetHints":{"allow":["GET"]}}],"collection":[{"href":"https:\/\/www.deltamicroscopies.com\/en\/wp-json\/wp\/v2\/product"}],"about":[{"href":"https:\/\/www.deltamicroscopies.com\/en\/wp-json\/wp\/v2\/types\/product"}],"replies":[{"embeddable":true,"href":"https:\/\/www.deltamicroscopies.com\/en\/wp-json\/wp\/v2\/comments?post=301737"}],"wp:featuredmedia":[{"embeddable":true,"href":"https:\/\/www.deltamicroscopies.com\/en\/wp-json\/wp\/v2\/media\/285865"}],"wp:attachment":[{"href":"https:\/\/www.deltamicroscopies.com\/en\/wp-json\/wp\/v2\/media?parent=301737"}],"wp:term":[{"taxonomy":"product_brand","embeddable":true,"href":"https:\/\/www.deltamicroscopies.com\/en\/wp-json\/wp\/v2\/product_brand?post=301737"},{"taxonomy":"product_cat","embeddable":true,"href":"https:\/\/www.deltamicroscopies.com\/en\/wp-json\/wp\/v2\/product_cat?post=301737"},{"taxonomy":"product_tag","embeddable":true,"href":"https:\/\/www.deltamicroscopies.com\/en\/wp-json\/wp\/v2\/product_tag?post=301737"}],"curies":[{"name":"wp","href":"https:\/\/api.w.org\/{rel}","templated":true}]}}