{"id":301753,"date":"2019-01-15T10:08:13","date_gmt":"2019-01-15T09:08:13","guid":{"rendered":"https:\/\/www.deltamicroscopies.com\/produit\/grids-grilles-300-mesh-cu-ni-square-mesh-athene\/"},"modified":"2019-01-15T10:08:13","modified_gmt":"2019-01-15T09:08:13","slug":"grids-grilles-300-mesh-cu-ni-square-mesh-athene","status":"publish","type":"product","link":"https:\/\/www.deltamicroscopies.com\/en\/products\/grids-grilles-300-mesh-cu-ni-square-mesh-athene\/","title":{"rendered":"Grids \/ grilles 300 Mesh ( Cu, Ni ) &#8211; square Mesh &#8211; Athene"},"content":{"rendered":"<p class=\"p1\">EMS is pleased to now offer the Athene range of grids, renowned for decades for the highest quality standards, exceptionally refined grid bars, and good handling characteristics.<\/p>\n<p><img decoding=\"async\" class=\"imageright alignright\" src=\"https:\/\/www.emsdiasum.com\/microscopy\/products\/images\/grids\/pitch.gif\" alt=\"3.05mm diameter, 0.7 mil thickness Copper (Cu), Nickel (Ni), Gold (Au), Copper\/Palladium (Cu\/Pd=CP) \" \/><\/p>\n<p>&nbsp;<\/p>\n<p class=\"p1\"><b>Square Mesh<\/b><\/p>\n<p class=\"p2\">3.05 mm diameter<br \/>\nMaterial: Copper (Cu), Nickel (Ni), Gold (Au)<\/p>\n<p><img decoding=\"async\" src=\"https:\/\/www.emsdiasum.com\/microscopy\/products\/images\/abc\/a50-a.gif\" alt=\"Square Mesh Athene Grids\" \/><\/p>\n<p>&nbsp;<\/p>\n<table style=\"border-style: solid; border-color: #000000; height: 263px;\">\n<tbody>\n<tr style=\"height: 23px;\">\n<td style=\"border-style: solid; border-color: #000000; height: 23px; width: 35px;\">Mesh<\/td>\n<td style=\"border-style: solid; border-color: #000000; height: 23px; width: 93px;\">Cat#<\/td>\n<td style=\"border-style: solid; border-color: #000000; height: 23px; width: 49px;\">Packed<\/td>\n<td style=\"border-style: solid; border-color: #000000; height: 23px; width: 65px;\">Pitch (\u00b5m)<\/td>\n<td style=\"border-style: solid; border-color: #000000; height: 23px; width: 62px;\">Hole (\u00b5m)<\/td>\n<td style=\"border-style: solid; border-color: #000000; height: 23px; width: 55px;\">Bar (\u00b5m)<\/td>\n<\/tr>\n<tr style=\"height: 10px;\">\n<td style=\"border-style: solid; border-color: #000000; height: 10px; width: 35px;\">50<\/td>\n<td style=\"border-style: solid; border-color: #000000; height: 10px; width: 93px;\">DA50-Cu<\/td>\n<td style=\"border-style: solid; border-color: #000000; height: 10px; width: 49px;\">100\/vial<\/td>\n<td style=\"border-style: solid; border-color: #000000; height: 10px; width: 65px;\"><\/td>\n<td style=\"border-style: solid; border-color: #000000; height: 10px; width: 62px;\">450<\/td>\n<td style=\"border-style: solid; border-color: #000000; height: 10px; width: 55px;\"><\/td>\n<\/tr>\n<tr style=\"height: 69px;\">\n<td style=\"border-style: solid; border-color: #000000; height: 69px; width: 35px;\">150<\/td>\n<td style=\"border-style: solid; border-color: #000000; height: 69px; width: 93px;\">DA150-Cu<\/td>\n<td style=\"border-style: solid; border-color: #000000; height: 69px; width: 49px;\">100\/vial<\/td>\n<td style=\"border-style: solid; border-color: #000000; height: 69px; width: 65px;\"><\/td>\n<td style=\"border-style: solid; border-color: #000000; height: 69px; width: 62px;\">150<\/td>\n<td style=\"border-style: solid; border-color: #000000; height: 69px; width: 55px;\"><\/td>\n<\/tr>\n<tr style=\"height: 23px;\">\n<td style=\"border-style: solid; border-color: #000000; height: 46px; width: 35px;\" rowspan=\"2\">200<\/td>\n<td style=\"border-style: solid; border-color: #000000; height: 23px; width: 93px;\">DA200-Cu<\/td>\n<td style=\"border-style: solid; border-color: #000000; height: 23px; width: 49px;\">100\/vial<\/td>\n<td style=\"border-style: solid; border-color: #000000; height: 23px; width: 65px;\"><\/td>\n<td style=\"border-style: solid; border-color: #000000; height: 23px; width: 62px;\">100<\/td>\n<td style=\"border-style: solid; border-color: #000000; height: 23px; width: 55px;\">27<\/td>\n<\/tr>\n<tr style=\"height: 23px;\">\n<td style=\"border-style: solid; border-color: #000000; height: 23px; width: 93px;\">DA200-Ni<\/td>\n<td style=\"border-style: solid; border-color: #000000; height: 23px; width: 49px;\">100\/vial<\/td>\n<td style=\"border-style: solid; border-color: #000000; height: 23px; width: 65px;\"><\/td>\n<td style=\"border-style: solid; border-color: #000000; height: 23px; width: 62px;\">100<\/td>\n<td style=\"border-style: solid; border-color: #000000; height: 23px; width: 55px;\">27<\/td>\n<\/tr>\n<tr style=\"height: 23px;\">\n<td style=\"border-style: solid; border-color: #000000; height: 46px; width: 35px;\" rowspan=\"2\">300<\/td>\n<td style=\"border-style: solid; border-color: #000000; height: 23px; width: 93px;\">DA300-Cu<\/td>\n<td style=\"border-style: solid; border-color: #000000; height: 23px; width: 49px;\">100\/vial<\/td>\n<td style=\"border-style: solid; border-color: #000000; height: 23px; width: 65px;\"><\/td>\n<td style=\"border-style: solid; border-color: #000000; height: 23px; width: 62px;\">70<\/td>\n<td style=\"border-style: solid; border-color: #000000; height: 23px; width: 55px;\"><\/td>\n<\/tr>\n<tr style=\"height: 23px;\">\n<td style=\"border-style: solid; border-color: #000000; height: 23px; width: 93px;\">DA300-Ni<\/td>\n<td style=\"border-style: solid; border-color: #000000; height: 23px; width: 49px;\">100\/vial<\/td>\n<td style=\"border-style: solid; border-color: #000000; height: 23px; width: 65px;\"><\/td>\n<td style=\"border-style: solid; border-color: #000000; height: 23px; width: 62px;\">70<\/td>\n<td style=\"border-style: solid; border-color: #000000; height: 23px; width: 55px;\"><\/td>\n<\/tr>\n<tr style=\"height: 69px;\">\n<td style=\"border-style: solid; border-color: #000000; height: 69px; width: 35px;\">400<\/td>\n<td style=\"border-style: solid; border-color: #000000; height: 69px; width: 93px;\">DA400-Cu<\/td>\n<td style=\"border-style: solid; border-color: #000000; height: 69px; width: 49px;\">100\/vial<\/td>\n<td style=\"border-style: solid; border-color: #000000; height: 69px; width: 65px;\"><\/td>\n<td style=\"border-style: solid; border-color: #000000; height: 69px; width: 62px;\">45<\/td>\n<td style=\"border-style: solid; border-color: #000000; height: 69px; width: 55px;\"><\/td>\n<\/tr>\n<\/tbody>\n<\/table>\n<p>N&#8217;h\u00e9sitez pas \u00e0 nous contacter si vous souhaitez des informations suppl\u00e9mentaires ou un autre produit.<\/p>\n<p>&nbsp;<\/p>\n","protected":false},"excerpt":{"rendered":"<p>EMS is pleased to now offer the Athene range of grids, renowned for decades for the highest quality standards, exceptionally refined grid bars, and good handling characteristics. &nbsp; Square Mesh 3.05 mm diameter Material: Copper (Cu), Nickel (Ni), Gold (Au) &nbsp; Mesh Cat# Packed Pitch (\u00b5m) Hole (\u00b5m) Bar (\u00b5m) 50 DA50-Cu 100\/vial 450 150 [&hellip;]<\/p>\n","protected":false},"featured_media":0,"comment_status":"open","ping_status":"closed","template":"","meta":{"_et_pb_use_builder":"off","_et_pb_old_content":"","_et_gb_content_width":"","inline_featured_image":false},"product_brand":[],"product_cat":[1119,1120,1153],"product_tag":[1520],"class_list":{"0":"post-301753","1":"product","2":"type-product","3":"status-publish","5":"product_cat-grilles-en","6":"product_cat-grilles-et-accessoires-en","7":"product_cat-maxtaform-athene-en","8":"product_tag-grid-en","10":"first","11":"instock","12":"taxable","13":"shipping-taxable","14":"purchasable","15":"product-type-variable"},"yoast_head":"<!-- This site is optimized with the Yoast SEO plugin v27.3 - https:\/\/yoast.com\/product\/yoast-seo-wordpress\/ -->\n<title>Grids \/ grilles 300 Mesh ( Cu, Ni ) - square Mesh - Athene - Delta Microscopies<\/title>\n<meta name=\"robots\" content=\"index, follow, max-snippet:-1, max-image-preview:large, max-video-preview:-1\" \/>\n<link rel=\"canonical\" href=\"https:\/\/www.deltamicroscopies.com\/en\/products\/grids-grilles-300-mesh-cu-ni-square-mesh-athene\/\" \/>\n<meta property=\"og:locale\" content=\"en_US\" \/>\n<meta property=\"og:type\" content=\"article\" \/>\n<meta property=\"og:title\" content=\"Grids \/ grilles 300 Mesh ( Cu, Ni ) - square Mesh - Athene - Delta Microscopies\" \/>\n<meta property=\"og:description\" content=\"EMS is pleased to now offer the Athene range of grids, renowned for decades for the highest quality standards, exceptionally refined grid bars, and good handling characteristics. &nbsp; Square Mesh 3.05 mm diameter Material: Copper (Cu), Nickel (Ni), Gold (Au) &nbsp; Mesh Cat# Packed Pitch (\u00b5m) Hole (\u00b5m) Bar (\u00b5m) 50 DA50-Cu 100\/vial 450 150 [&hellip;]\" \/>\n<meta property=\"og:url\" content=\"https:\/\/www.deltamicroscopies.com\/en\/products\/grids-grilles-300-mesh-cu-ni-square-mesh-athene\/\" \/>\n<meta property=\"og:site_name\" content=\"Delta Microscopies\" \/>\n<meta property=\"og:image\" content=\"https:\/\/www.emsdiasum.com\/microscopy\/products\/images\/grids\/pitch.gif\" \/>\n<!-- \/ Yoast SEO plugin. -->","yoast_head_json":{"title":"Grids \/ grilles 300 Mesh ( Cu, Ni ) - square Mesh - Athene - Delta Microscopies","robots":{"index":"index","follow":"follow","max-snippet":"max-snippet:-1","max-image-preview":"max-image-preview:large","max-video-preview":"max-video-preview:-1"},"canonical":"https:\/\/www.deltamicroscopies.com\/en\/products\/grids-grilles-300-mesh-cu-ni-square-mesh-athene\/","og_locale":"en_US","og_type":"article","og_title":"Grids \/ grilles 300 Mesh ( Cu, Ni ) - square Mesh - Athene - Delta Microscopies","og_description":"EMS is pleased to now offer the Athene range of grids, renowned for decades for the highest quality standards, exceptionally refined grid bars, and good handling characteristics. &nbsp; Square Mesh 3.05 mm diameter Material: Copper (Cu), Nickel (Ni), Gold (Au) &nbsp; Mesh Cat# Packed Pitch (\u00b5m) Hole (\u00b5m) Bar (\u00b5m) 50 DA50-Cu 100\/vial 450 150 [&hellip;]","og_url":"https:\/\/www.deltamicroscopies.com\/en\/products\/grids-grilles-300-mesh-cu-ni-square-mesh-athene\/","og_site_name":"Delta Microscopies","og_image":[{"url":"https:\/\/www.emsdiasum.com\/microscopy\/products\/images\/grids\/pitch.gif","type":"","width":"","height":""}],"schema":{"@context":"https:\/\/schema.org","@graph":[{"@type":"WebPage","@id":"https:\/\/www.deltamicroscopies.com\/en\/products\/grids-grilles-300-mesh-cu-ni-square-mesh-athene\/","url":"https:\/\/www.deltamicroscopies.com\/en\/products\/grids-grilles-300-mesh-cu-ni-square-mesh-athene\/","name":"Grids \/ grilles 300 Mesh ( Cu, Ni ) - square Mesh - Athene - Delta Microscopies","isPartOf":{"@id":"https:\/\/www.deltamicroscopies.com\/en\/#website"},"primaryImageOfPage":{"@id":"https:\/\/www.deltamicroscopies.com\/en\/products\/grids-grilles-300-mesh-cu-ni-square-mesh-athene\/#primaryimage"},"image":{"@id":"https:\/\/www.deltamicroscopies.com\/en\/products\/grids-grilles-300-mesh-cu-ni-square-mesh-athene\/#primaryimage"},"thumbnailUrl":"https:\/\/www.emsdiasum.com\/microscopy\/products\/images\/grids\/pitch.gif","datePublished":"2019-01-15T09:08:13+00:00","breadcrumb":{"@id":"https:\/\/www.deltamicroscopies.com\/en\/products\/grids-grilles-300-mesh-cu-ni-square-mesh-athene\/#breadcrumb"},"inLanguage":"en-US","potentialAction":[{"@type":"ReadAction","target":["https:\/\/www.deltamicroscopies.com\/en\/products\/grids-grilles-300-mesh-cu-ni-square-mesh-athene\/"]}]},{"@type":"ImageObject","inLanguage":"en-US","@id":"https:\/\/www.deltamicroscopies.com\/en\/products\/grids-grilles-300-mesh-cu-ni-square-mesh-athene\/#primaryimage","url":"https:\/\/www.emsdiasum.com\/microscopy\/products\/images\/grids\/pitch.gif","contentUrl":"https:\/\/www.emsdiasum.com\/microscopy\/products\/images\/grids\/pitch.gif"},{"@type":"BreadcrumbList","@id":"https:\/\/www.deltamicroscopies.com\/en\/products\/grids-grilles-300-mesh-cu-ni-square-mesh-athene\/#breadcrumb","itemListElement":[{"@type":"ListItem","position":1,"name":"Accueil","item":"https:\/\/www.deltamicroscopies.com\/en\/home-3\/"},{"@type":"ListItem","position":2,"name":"Our products","item":"https:\/\/www.deltamicroscopies.com\/en\/shop\/"},{"@type":"ListItem","position":3,"name":"Grids \/ grilles 300 Mesh ( Cu, Ni ) &#8211; square Mesh &#8211; Athene"}]},{"@type":"WebSite","@id":"https:\/\/www.deltamicroscopies.com\/en\/#website","url":"https:\/\/www.deltamicroscopies.com\/en\/","name":"Delta Microscopies","description":"Des microscopistes \u00e0 votre service.","publisher":{"@id":"https:\/\/www.deltamicroscopies.com\/en\/#organization"},"potentialAction":[{"@type":"SearchAction","target":{"@type":"EntryPoint","urlTemplate":"https:\/\/www.deltamicroscopies.com\/en\/?s={search_term_string}"},"query-input":{"@type":"PropertyValueSpecification","valueRequired":true,"valueName":"search_term_string"}}],"inLanguage":"en-US"},{"@type":"Organization","@id":"https:\/\/www.deltamicroscopies.com\/en\/#organization","name":"Delta Microscopies","url":"https:\/\/www.deltamicroscopies.com\/en\/","logo":{"@type":"ImageObject","inLanguage":"en-US","@id":"https:\/\/www.deltamicroscopies.com\/en\/#\/schema\/logo\/image\/","url":"https:\/\/efb7cwj5g4q.exactdn.com\/wp-content\/uploads\/2019\/09\/DELTAM_LOGO_RVB-1-1.png?strip=all&lossy=1&ssl=1","contentUrl":"https:\/\/efb7cwj5g4q.exactdn.com\/wp-content\/uploads\/2019\/09\/DELTAM_LOGO_RVB-1-1.png?strip=all&lossy=1&ssl=1","width":688,"height":177,"caption":"Delta Microscopies"},"image":{"@id":"https:\/\/www.deltamicroscopies.com\/en\/#\/schema\/logo\/image\/"},"sameAs":["https:\/\/www.instagram.com\/emsdiasum\/","https:\/\/www.youtube.com\/channel\/UCkSsQQq74DhyLXNg_9RPorQ"]}]}},"_links":{"self":[{"href":"https:\/\/www.deltamicroscopies.com\/en\/wp-json\/wp\/v2\/product\/301753","targetHints":{"allow":["GET"]}}],"collection":[{"href":"https:\/\/www.deltamicroscopies.com\/en\/wp-json\/wp\/v2\/product"}],"about":[{"href":"https:\/\/www.deltamicroscopies.com\/en\/wp-json\/wp\/v2\/types\/product"}],"replies":[{"embeddable":true,"href":"https:\/\/www.deltamicroscopies.com\/en\/wp-json\/wp\/v2\/comments?post=301753"}],"wp:attachment":[{"href":"https:\/\/www.deltamicroscopies.com\/en\/wp-json\/wp\/v2\/media?parent=301753"}],"wp:term":[{"taxonomy":"product_brand","embeddable":true,"href":"https:\/\/www.deltamicroscopies.com\/en\/wp-json\/wp\/v2\/product_brand?post=301753"},{"taxonomy":"product_cat","embeddable":true,"href":"https:\/\/www.deltamicroscopies.com\/en\/wp-json\/wp\/v2\/product_cat?post=301753"},{"taxonomy":"product_tag","embeddable":true,"href":"https:\/\/www.deltamicroscopies.com\/en\/wp-json\/wp\/v2\/product_tag?post=301753"}],"curies":[{"name":"wp","href":"https:\/\/api.w.org\/{rel}","templated":true}]}}