{"id":301792,"date":"2019-01-14T15:05:44","date_gmt":"2019-01-14T14:05:44","guid":{"rendered":"https:\/\/www.deltamicroscopies.com\/produit\/grids-grilles-400-square-mesh-cr-ni-au-maxtaform\/"},"modified":"2019-01-14T15:05:44","modified_gmt":"2019-01-14T14:05:44","slug":"grids-grilles-400-square-mesh-cr-ni-au-maxtaform","status":"publish","type":"product","link":"https:\/\/www.deltamicroscopies.com\/en\/products\/grids-grilles-400-square-mesh-cr-ni-au-maxtaform\/","title":{"rendered":"Grids \/ grilles 400 Square Mesh ( CR, Ni, Au)  &#8211; Maxtaform"},"content":{"rendered":"<p>High Grade Maxtaform grids with clean and smooth edges, firm support, and a large open area. Our copper grids are available with one surface coated with inert Rhodium. This coating will eliminate tarnishing, give side identification, and reduce the bar thickness. <img decoding=\"async\" class=\"imageright alignright\" src=\"https:\/\/www.emsdiasum.com\/microscopy\/products\/images\/grids\/pitch.gif\" alt=\"3.05mm diameter, 0.7 mil thickness Copper (Cu), Nickel (Ni), Gold (Au), Copper\/Palladium (Cu\/Pd=CP) \" \/><\/p>\n<p>Square Mesh<br \/>\n3 mm diameter, 0.75 mil thickness<br \/>\nMaterial: Copper\/Rhodium (Cu\/Rh = CR), Nickel (Ni), Gold (Au)<\/p>\n<p>&nbsp;<\/p>\n<table style=\"border-style: solid; border-color: #000000; width: 431px; height: 598px;\">\n<tbody>\n<tr style=\"height: 23px;\">\n<td style=\"border-style: solid; border-color: #000000; width: 36.29px; height: 23px;\">Mesh<\/td>\n<td style=\"border-style: solid; border-color: #000000; width: 74.57px; height: 23px;\">Cat#<\/td>\n<td style=\"border-style: solid; border-color: #000000; width: 54.42px; height: 23px;\">Packed<\/td>\n<td style=\"border-style: solid; border-color: #000000; width: 76.58px; height: 23px;\">Pitch (\u00b5m)<\/td>\n<td style=\"border-style: solid; border-color: #000000; width: 64.5px; height: 23px;\">Hole (\u00b5m)<\/td>\n<td style=\"border-style: solid; border-color: #000000; width: 84.64px; height: 23px;\">Bar (\u00b5m)<\/td>\n<\/tr>\n<tr style=\"height: 23px;\">\n<td style=\"border-style: solid; border-color: #000000; width: 36.29px; height: 46px;\" rowspan=\"2\">100<\/td>\n<td style=\"border-style: solid; border-color: #000000; width: 74.57px; height: 23px;\">DM100-CR<\/td>\n<td style=\"border-style: solid; border-color: #000000; width: 54.42px; height: 23px;\">100\/vial<\/td>\n<td style=\"border-style: solid; border-color: #000000; width: 76.58px; height: 23px;\">254<\/td>\n<td style=\"border-style: solid; border-color: #000000; width: 64.5px; height: 23px;\">213<\/td>\n<td style=\"border-style: solid; border-color: #000000; width: 84.64px; height: 23px;\">41<\/td>\n<\/tr>\n<tr style=\"height: 23px;\">\n<td style=\"border-style: solid; border-color: #000000; width: 74.57px; height: 23px;\">DH100-Ni<\/td>\n<td style=\"border-style: solid; border-color: #000000; width: 54.42px; height: 23px;\">100\/vial<\/td>\n<td style=\"border-style: solid; border-color: #000000; width: 76.58px; height: 23px;\">254<\/td>\n<td style=\"border-style: solid; border-color: #000000; width: 64.5px; height: 23px;\">213<\/td>\n<td style=\"border-style: solid; border-color: #000000; width: 84.64px; height: 23px;\">41<\/td>\n<\/tr>\n<tr style=\"height: 23px;\">\n<td style=\"border-style: solid; border-color: #000000; width: 36.29px; height: 69px;\" rowspan=\"3\">150<\/td>\n<td style=\"border-style: solid; border-color: #000000; width: 74.57px; height: 23px;\">DM150-CR<\/td>\n<td style=\"border-style: solid; border-color: #000000; width: 54.42px; height: 23px;\">100\/vial<\/td>\n<td style=\"border-style: solid; border-color: #000000; width: 76.58px; height: 23px;\">165<\/td>\n<td style=\"border-style: solid; border-color: #000000; width: 64.5px; height: 23px;\">131<\/td>\n<td style=\"border-style: solid; border-color: #000000; width: 84.64px; height: 23px;\">34<\/td>\n<\/tr>\n<tr style=\"height: 23px;\">\n<td style=\"border-style: solid; border-color: #000000; width: 74.57px; height: 23px;\">DM150-Ni<\/td>\n<td style=\"border-style: solid; border-color: #000000; width: 54.42px; height: 23px;\">100\/vial<\/td>\n<td style=\"border-style: solid; border-color: #000000; width: 76.58px; height: 23px;\">165<\/td>\n<td style=\"border-style: solid; border-color: #000000; width: 64.5px; height: 23px;\">131<\/td>\n<td style=\"border-style: solid; border-color: #000000; width: 84.64px; height: 23px;\">34<\/td>\n<\/tr>\n<tr style=\"height: 23px;\">\n<td style=\"border-style: solid; border-color: #000000; width: 74.57px; height: 23px;\">DM150-Au<\/td>\n<td style=\"border-style: solid; border-color: #000000; width: 54.42px; height: 23px;\">100\/vial<\/td>\n<td style=\"border-style: solid; border-color: #000000; width: 76.58px; height: 23px;\">165<\/td>\n<td style=\"border-style: solid; border-color: #000000; width: 64.5px; height: 23px;\">131<\/td>\n<td style=\"border-style: solid; border-color: #000000; width: 84.64px; height: 23px;\">34<\/td>\n<\/tr>\n<tr style=\"height: 23px;\">\n<td style=\"border-style: solid; border-color: #000000; width: 36.29px; height: 69px;\" rowspan=\"3\">200<\/td>\n<td style=\"border-style: solid; border-color: #000000; width: 74.57px; height: 23px;\">DM200-CR<\/td>\n<td style=\"border-style: solid; border-color: #000000; width: 54.42px; height: 23px;\">100\/vial<\/td>\n<td style=\"border-style: solid; border-color: #000000; width: 76.58px; height: 23px;\">127<\/td>\n<td style=\"border-style: solid; border-color: #000000; width: 64.5px; height: 23px;\">103<\/td>\n<td style=\"border-style: solid; border-color: #000000; width: 84.64px; height: 23px;\">24<\/td>\n<\/tr>\n<tr style=\"height: 23px;\">\n<td style=\"border-style: solid; border-color: #000000; width: 74.57px; height: 23px;\">DM200-Ni<\/td>\n<td style=\"border-style: solid; border-color: #000000; width: 54.42px; height: 23px;\">100\/vial<\/td>\n<td style=\"border-style: solid; border-color: #000000; width: 76.58px; height: 23px;\">127<\/td>\n<td style=\"border-style: solid; border-color: #000000; width: 64.5px; height: 23px;\">103<\/td>\n<td style=\"border-style: solid; border-color: #000000; width: 84.64px; height: 23px;\">24<\/td>\n<\/tr>\n<tr style=\"height: 23px;\">\n<td style=\"border-style: solid; border-color: #000000; width: 74.57px; height: 23px;\">DM200-Au<\/td>\n<td style=\"border-style: solid; border-color: #000000; width: 54.42px; height: 23px;\">100\/vial<\/td>\n<td style=\"border-style: solid; border-color: #000000; width: 76.58px; height: 23px;\">127<\/td>\n<td style=\"border-style: solid; border-color: #000000; width: 64.5px; height: 23px;\">103<\/td>\n<td style=\"border-style: solid; border-color: #000000; width: 84.64px; height: 23px;\">24<\/td>\n<\/tr>\n<tr style=\"height: 23px;\">\n<td style=\"border-style: solid; border-color: #000000; width: 36.29px; height: 69px;\" rowspan=\"3\">300<\/td>\n<td style=\"border-style: solid; border-color: #000000; width: 74.57px; height: 23px;\">DM300-CR<\/td>\n<td style=\"border-style: solid; border-color: #000000; width: 54.42px; height: 23px;\">100\/vial<\/td>\n<td style=\"border-style: solid; border-color: #000000; width: 76.58px; height: 23px;\">84<\/td>\n<td style=\"border-style: solid; border-color: #000000; width: 64.5px; height: 23px;\">61<\/td>\n<td style=\"border-style: solid; border-color: #000000; width: 84.64px; height: 23px;\">23<\/td>\n<\/tr>\n<tr style=\"height: 23px;\">\n<td style=\"border-style: solid; border-color: #000000; width: 74.57px; height: 23px;\">DM300-Ni<\/td>\n<td style=\"border-style: solid; border-color: #000000; width: 54.42px; height: 23px;\">100\/vial<\/td>\n<td style=\"border-style: solid; border-color: #000000; width: 76.58px; height: 23px;\">84<\/td>\n<td style=\"border-style: solid; border-color: #000000; width: 64.5px; height: 23px;\">61<\/td>\n<td style=\"border-style: solid; border-color: #000000; width: 84.64px; height: 23px;\">23<\/td>\n<\/tr>\n<tr style=\"height: 23px;\">\n<td style=\"border-style: solid; border-color: #000000; width: 74.57px; height: 23px;\">DM300-Au<\/td>\n<td style=\"border-style: solid; border-color: #000000; width: 54.42px; height: 23px;\">100\/vial<\/td>\n<td style=\"border-style: solid; border-color: #000000; width: 76.58px; height: 23px;\">84<\/td>\n<td style=\"border-style: solid; border-color: #000000; width: 64.5px; height: 23px;\">61<\/td>\n<td style=\"border-style: solid; border-color: #000000; width: 84.64px; height: 23px;\">23<\/td>\n<\/tr>\n<tr style=\"height: 23px;\">\n<td style=\"border-style: solid; border-color: #000000; width: 36.29px; height: 69px;\" rowspan=\"3\">400<\/td>\n<td style=\"border-style: solid; border-color: #000000; width: 74.57px; height: 23px;\">DM400-CR<\/td>\n<td style=\"border-style: solid; border-color: #000000; width: 54.42px; height: 23px;\">100\/vial<\/td>\n<td style=\"border-style: solid; border-color: #000000; width: 76.58px; height: 23px;\">63<\/td>\n<td style=\"border-style: solid; border-color: #000000; width: 64.5px; height: 23px;\">43<\/td>\n<td style=\"border-style: solid; border-color: #000000; width: 84.64px; height: 23px;\">20<\/td>\n<\/tr>\n<tr style=\"height: 23px;\">\n<td style=\"border-style: solid; border-color: #000000; width: 74.57px; height: 23px;\">DM400-Ni<\/td>\n<td style=\"border-style: solid; border-color: #000000; width: 54.42px; height: 23px;\">100\/vial<\/td>\n<td style=\"border-style: solid; border-color: #000000; width: 76.58px; height: 23px;\">63<\/td>\n<td style=\"border-style: solid; border-color: #000000; width: 64.5px; height: 23px;\">43<\/td>\n<td style=\"border-style: solid; border-color: #000000; width: 84.64px; height: 23px;\">20<\/td>\n<\/tr>\n<tr style=\"height: 23px;\">\n<td style=\"border-style: solid; border-color: #000000; width: 74.57px; height: 23px;\">DM400-Au<\/td>\n<td style=\"border-style: solid; border-color: #000000; width: 54.42px; height: 23px;\">50\/vial<\/td>\n<td style=\"border-style: solid; border-color: #000000; width: 76.58px; height: 23px;\">63<\/td>\n<td style=\"border-style: solid; border-color: #000000; width: 64.5px; height: 23px;\">43<\/td>\n<td style=\"border-style: solid; border-color: #000000; width: 84.64px; height: 23px;\">20<\/td>\n<\/tr>\n<\/tbody>\n<\/table>\n<p>N&#8217;h\u00e9sitez pas \u00e0 nous contacter si vous souhaitez des informations suppl\u00e9mentaires ou un autre produit.<\/p>\n<p>&nbsp;<\/p>\n","protected":false},"excerpt":{"rendered":"<p><span style=\"display: inline !important; float: none; background-color: transparent; color: #666666; cursor: text; font-family: 'Open Sans',Arial,sans-serif; font-size: 14px; font-style: normal; font-variant: normal; font-weight: 500; letter-spacing: normal; orphans: 2; text-align: left; text-decoration: none; text-indent: 0px; text-transform: none; -webkit-text-stroke-width: 0px; white-space: normal; word-spacing: 0px;\">3.05mm diameter, see chart for thickness<\/span><br \/>\n<span style=\"display: inline !important; float: none; background-color: transparent; color: #666666; cursor: text; font-family: 'Open Sans',Arial,sans-serif; font-size: 14px; font-style: normal; font-variant: normal; font-weight: 500; letter-spacing: normal; orphans: 2; text-align: left; text-decoration: none; text-indent: 0px; text-transform: none; -webkit-text-stroke-width: 0px; white-space: normal; word-spacing: 0px;\">Material: Copper (Cu), Copper-Rhodium (Cu-Rh), Nickel (Ni), Gold (Au), Molybdenum (Mo)<\/span><\/p>\n","protected":false},"featured_media":285852,"comment_status":"open","ping_status":"closed","template":"","meta":{"_et_pb_use_builder":"off","_et_pb_old_content":"","_et_gb_content_width":"","inline_featured_image":false},"product_brand":[],"product_cat":[1119,1120,1153],"product_tag":[1520],"class_list":{"0":"post-301792","1":"product","2":"type-product","3":"status-publish","4":"has-post-thumbnail","6":"product_cat-grilles-en","7":"product_cat-grilles-et-accessoires-en","8":"product_cat-maxtaform-athene-en","9":"product_tag-grid-en","11":"first","12":"instock","13":"taxable","14":"shipping-taxable","15":"purchasable","16":"product-type-variable"},"yoast_head":"<!-- This site is optimized with the Yoast SEO plugin v27.3 - https:\/\/yoast.com\/product\/yoast-seo-wordpress\/ -->\n<title>Grids \/ grilles 400 Square Mesh ( CR, Ni, Au) - Maxtaform - Delta Microscopies<\/title>\n<meta name=\"robots\" content=\"index, follow, max-snippet:-1, max-image-preview:large, max-video-preview:-1\" \/>\n<link rel=\"canonical\" href=\"https:\/\/www.deltamicroscopies.com\/en\/products\/grids-grilles-400-square-mesh-cr-ni-au-maxtaform\/\" \/>\n<meta property=\"og:locale\" content=\"en_US\" \/>\n<meta property=\"og:type\" content=\"article\" \/>\n<meta property=\"og:title\" content=\"Grids \/ grilles 400 Square Mesh ( CR, Ni, Au) - Maxtaform - Delta Microscopies\" \/>\n<meta property=\"og:description\" content=\"3.05mm diameter, see chart for thickness Material: Copper (Cu), Copper-Rhodium (Cu-Rh), Nickel (Ni), Gold (Au), Molybdenum (Mo)\" \/>\n<meta property=\"og:url\" content=\"https:\/\/www.deltamicroscopies.com\/en\/products\/grids-grilles-400-square-mesh-cr-ni-au-maxtaform\/\" \/>\n<meta property=\"og:site_name\" content=\"Delta Microscopies\" \/>\n<meta property=\"og:image\" content=\"https:\/\/efb7cwj5g4q.exactdn.com\/wp-content\/uploads\/2019\/01\/DM400.jpg?strip=all&lossy=1&ssl=1\" \/>\n\t<meta property=\"og:image:width\" content=\"300\" \/>\n\t<meta property=\"og:image:height\" content=\"300\" \/>\n\t<meta property=\"og:image:type\" content=\"image\/jpeg\" \/>\n<meta name=\"twitter:label1\" content=\"Est. reading time\" \/>\n\t<meta name=\"twitter:data1\" content=\"1 minute\" \/>\n<!-- \/ Yoast SEO plugin. -->","yoast_head_json":{"title":"Grids \/ grilles 400 Square Mesh ( CR, Ni, Au) - Maxtaform - Delta Microscopies","robots":{"index":"index","follow":"follow","max-snippet":"max-snippet:-1","max-image-preview":"max-image-preview:large","max-video-preview":"max-video-preview:-1"},"canonical":"https:\/\/www.deltamicroscopies.com\/en\/products\/grids-grilles-400-square-mesh-cr-ni-au-maxtaform\/","og_locale":"en_US","og_type":"article","og_title":"Grids \/ grilles 400 Square Mesh ( CR, Ni, Au) - Maxtaform - Delta Microscopies","og_description":"3.05mm diameter, see chart for thickness Material: Copper (Cu), Copper-Rhodium (Cu-Rh), Nickel (Ni), Gold (Au), Molybdenum (Mo)","og_url":"https:\/\/www.deltamicroscopies.com\/en\/products\/grids-grilles-400-square-mesh-cr-ni-au-maxtaform\/","og_site_name":"Delta Microscopies","og_image":[{"width":300,"height":300,"url":"https:\/\/efb7cwj5g4q.exactdn.com\/wp-content\/uploads\/2019\/01\/DM400.jpg?strip=all&lossy=1&ssl=1","type":"image\/jpeg"}],"twitter_misc":{"Est. reading time":"1 minute"},"schema":{"@context":"https:\/\/schema.org","@graph":[{"@type":"WebPage","@id":"https:\/\/www.deltamicroscopies.com\/en\/products\/grids-grilles-400-square-mesh-cr-ni-au-maxtaform\/","url":"https:\/\/www.deltamicroscopies.com\/en\/products\/grids-grilles-400-square-mesh-cr-ni-au-maxtaform\/","name":"Grids \/ grilles 400 Square Mesh ( CR, Ni, Au) - Maxtaform - Delta Microscopies","isPartOf":{"@id":"https:\/\/www.deltamicroscopies.com\/en\/#website"},"primaryImageOfPage":{"@id":"https:\/\/www.deltamicroscopies.com\/en\/products\/grids-grilles-400-square-mesh-cr-ni-au-maxtaform\/#primaryimage"},"image":{"@id":"https:\/\/www.deltamicroscopies.com\/en\/products\/grids-grilles-400-square-mesh-cr-ni-au-maxtaform\/#primaryimage"},"thumbnailUrl":"https:\/\/efb7cwj5g4q.exactdn.com\/wp-content\/uploads\/2019\/01\/DM400.jpg?strip=all","datePublished":"2019-01-14T14:05:44+00:00","breadcrumb":{"@id":"https:\/\/www.deltamicroscopies.com\/en\/products\/grids-grilles-400-square-mesh-cr-ni-au-maxtaform\/#breadcrumb"},"inLanguage":"en-US","potentialAction":[{"@type":"ReadAction","target":["https:\/\/www.deltamicroscopies.com\/en\/products\/grids-grilles-400-square-mesh-cr-ni-au-maxtaform\/"]}]},{"@type":"ImageObject","inLanguage":"en-US","@id":"https:\/\/www.deltamicroscopies.com\/en\/products\/grids-grilles-400-square-mesh-cr-ni-au-maxtaform\/#primaryimage","url":"https:\/\/efb7cwj5g4q.exactdn.com\/wp-content\/uploads\/2019\/01\/DM400.jpg?strip=all","contentUrl":"https:\/\/efb7cwj5g4q.exactdn.com\/wp-content\/uploads\/2019\/01\/DM400.jpg?strip=all","width":300,"height":300},{"@type":"BreadcrumbList","@id":"https:\/\/www.deltamicroscopies.com\/en\/products\/grids-grilles-400-square-mesh-cr-ni-au-maxtaform\/#breadcrumb","itemListElement":[{"@type":"ListItem","position":1,"name":"Accueil","item":"https:\/\/www.deltamicroscopies.com\/en\/home-3\/"},{"@type":"ListItem","position":2,"name":"Our products","item":"https:\/\/www.deltamicroscopies.com\/en\/shop\/"},{"@type":"ListItem","position":3,"name":"Grids \/ grilles 400 Square Mesh ( CR, Ni, Au) &#8211; Maxtaform"}]},{"@type":"WebSite","@id":"https:\/\/www.deltamicroscopies.com\/en\/#website","url":"https:\/\/www.deltamicroscopies.com\/en\/","name":"Delta Microscopies","description":"Des microscopistes \u00e0 votre service.","publisher":{"@id":"https:\/\/www.deltamicroscopies.com\/en\/#organization"},"potentialAction":[{"@type":"SearchAction","target":{"@type":"EntryPoint","urlTemplate":"https:\/\/www.deltamicroscopies.com\/en\/?s={search_term_string}"},"query-input":{"@type":"PropertyValueSpecification","valueRequired":true,"valueName":"search_term_string"}}],"inLanguage":"en-US"},{"@type":"Organization","@id":"https:\/\/www.deltamicroscopies.com\/en\/#organization","name":"Delta Microscopies","url":"https:\/\/www.deltamicroscopies.com\/en\/","logo":{"@type":"ImageObject","inLanguage":"en-US","@id":"https:\/\/www.deltamicroscopies.com\/en\/#\/schema\/logo\/image\/","url":"https:\/\/efb7cwj5g4q.exactdn.com\/wp-content\/uploads\/2019\/09\/DELTAM_LOGO_RVB-1-1.png?strip=all&lossy=1&ssl=1","contentUrl":"https:\/\/efb7cwj5g4q.exactdn.com\/wp-content\/uploads\/2019\/09\/DELTAM_LOGO_RVB-1-1.png?strip=all&lossy=1&ssl=1","width":688,"height":177,"caption":"Delta Microscopies"},"image":{"@id":"https:\/\/www.deltamicroscopies.com\/en\/#\/schema\/logo\/image\/"},"sameAs":["https:\/\/www.instagram.com\/emsdiasum\/","https:\/\/www.youtube.com\/channel\/UCkSsQQq74DhyLXNg_9RPorQ"]}]}},"_links":{"self":[{"href":"https:\/\/www.deltamicroscopies.com\/en\/wp-json\/wp\/v2\/product\/301792","targetHints":{"allow":["GET"]}}],"collection":[{"href":"https:\/\/www.deltamicroscopies.com\/en\/wp-json\/wp\/v2\/product"}],"about":[{"href":"https:\/\/www.deltamicroscopies.com\/en\/wp-json\/wp\/v2\/types\/product"}],"replies":[{"embeddable":true,"href":"https:\/\/www.deltamicroscopies.com\/en\/wp-json\/wp\/v2\/comments?post=301792"}],"wp:featuredmedia":[{"embeddable":true,"href":"https:\/\/www.deltamicroscopies.com\/en\/wp-json\/wp\/v2\/media\/285852"}],"wp:attachment":[{"href":"https:\/\/www.deltamicroscopies.com\/en\/wp-json\/wp\/v2\/media?parent=301792"}],"wp:term":[{"taxonomy":"product_brand","embeddable":true,"href":"https:\/\/www.deltamicroscopies.com\/en\/wp-json\/wp\/v2\/product_brand?post=301792"},{"taxonomy":"product_cat","embeddable":true,"href":"https:\/\/www.deltamicroscopies.com\/en\/wp-json\/wp\/v2\/product_cat?post=301792"},{"taxonomy":"product_tag","embeddable":true,"href":"https:\/\/www.deltamicroscopies.com\/en\/wp-json\/wp\/v2\/product_tag?post=301792"}],"curies":[{"name":"wp","href":"https:\/\/api.w.org\/{rel}","templated":true}]}}