{"id":301823,"date":"2019-01-14T11:36:05","date_gmt":"2019-01-14T10:36:05","guid":{"rendered":"https:\/\/www.deltamicroscopies.com\/produit\/thin-bar-grids-grilles-600-mesh-cu-ni-revolutionary-specimen-support-grids-hexagonal-mesh-gilder\/"},"modified":"2022-03-07T14:16:37","modified_gmt":"2022-03-07T13:16:37","slug":"thin-bar-grids-grilles-600-mesh-cu-ni-revolutionary-specimen-support-grids-hexagonal-mesh-gilder","status":"publish","type":"product","link":"https:\/\/www.deltamicroscopies.com\/en\/products\/thin-bar-grids-grilles-600-mesh-cu-ni-revolutionary-specimen-support-grids-hexagonal-mesh-gilder\/","title":{"rendered":"Thin Bar Grids \/ grilles 600 Mesh ( Cu, Ni) &#8211; Revolutionary Specimen Support Grids -Hexagonal Mesh &#8211; Gilder"},"content":{"rendered":"<p>A reliable support specimen grid source. Features: well-defined grid bars, maximum open area, and a matte\/shiny <img decoding=\"async\" class=\"imageright alignright\" src=\"https:\/\/www.emsdiasum.com\/microscopy\/products\/images\/grids\/pitch.gif\" alt=\"3.05mm diameter, 0.7 mil thickness Copper (Cu), Nickel (Ni), Gold (Au), Copper\/Palladium (Cu\/Pd=CP) \" \/>side. Each grid is individually inspected. Newly introduced are copper grids with palladium plating. This plating offers better grid strength and avoids tarnishing. Also new are Copper-Rhodium (Cu-Rh) grids in mesh sizes 200 and 300.<\/p>\n<p>&nbsp;<\/p>\n<p>New Revolutionary Specimen Support Grids<br \/>\nIn addition to our square and hexagonal mesh Gilder Thin Bar Grids, we are now able to produce a very fine mesh that values up to 2,000 lines\/inch. There is an increasing need in TEM for support thin films, routinely carbon, as thin as 1.5 &#8211; 2.0nm. The pitch (the distance from the center of one bar to the center of the next bar) dimension in all grids remains constant, which allows them to be used as a lower magnification calibration aid.<br \/>\nType T601H(hexagonal) and T601(square) represent our efforts to reduce the grid bar width (only 5 microns) enabling more of the specimen to be viewed. All new types, apart from one side being shiny, the other matte, have a large asymmetrical mark in the rim which gives the identification of which side the specimen is on. Grids are 3.05mm overall diameter; 2.05mm mesh area diameter.<\/p>\n<p>3.05 diameter, 0.8 mil thickness<br \/>\nMaterial: Copper(Cu), Nickel(Ni), Gold(Au)<\/p>\n<p><a href=\"https:\/\/efb7cwj5g4q.exactdn.com\/wp-content\/uploads\/2019\/01\/DT601H.jpg?strip=all&w=2560\"><img decoding=\"async\" class=\"alignnone size-full wp-image-219682\" src=\"https:\/\/efb7cwj5g4q.exactdn.com\/wp-content\/uploads\/2019\/01\/DT601H.jpg?strip=all\" alt=\"\" width=\"300\" height=\"300\" srcset=\"https:\/\/efb7cwj5g4q.exactdn.com\/wp-content\/uploads\/2019\/01\/DT601H.jpg?strip=all 300w, https:\/\/efb7cwj5g4q.exactdn.com\/wp-content\/uploads\/2019\/01\/DT601H-150x150.jpg?strip=all 150w, https:\/\/efb7cwj5g4q.exactdn.com\/wp-content\/uploads\/2019\/01\/DT601H-100x100.jpg?strip=all 100w, https:\/\/efb7cwj5g4q.exactdn.com\/wp-content\/uploads\/2019\/01\/DT601H.jpg?strip=all&amp;w=240 240w\" sizes=\"(max-width: 300px) 100vw, 300px\" \/><\/a><\/p>\n<table style=\"border-style: solid; border-color: #000000; width: 381px; height: 281px;\">\n<tbody>\n<tr style=\"height: 23px;\">\n<td style=\"border-style: solid; border-color: #000000; width: 89px; height: 23px;\">Type<\/td>\n<td style=\"border-style: solid; border-color: #000000; width: 77.45px; height: 23px;\">Cat#<\/td>\n<td style=\"border-style: solid; border-color: #000000; width: 57.42px; height: 23px;\">Packed<\/td>\n<td style=\"border-style: solid; border-color: #000000; width: 39.12px; height: 23px;\">Pitch (\u00b5m)<\/td>\n<td style=\"border-style: solid; border-color: #000000; width: 36.48px; height: 23px;\">Hole (\u00b5m)<\/td>\n<td style=\"border-style: solid; border-color: #000000; width: 41.53px; height: 23px;\">Bar (\u00b5m)<\/td>\n<\/tr>\n<tr style=\"height: 32px;\">\n<td style=\"border-style: solid; border-color: #000000; width: 89px; height: 60px;\" rowspan=\"2\">600 mesh<\/p>\n<p>Square<\/td>\n<td style=\"border-style: solid; border-color: #000000; width: 77.45px; height: 32px;\">DT601-Cu<\/td>\n<td style=\"border-style: solid; border-color: #000000; width: 57.42px; height: 32px;\">100\/vial<\/td>\n<td style=\"border-style: solid; border-color: #000000; width: 39.12px; height: 32px;\">42<\/td>\n<td style=\"border-style: solid; border-color: #000000; width: 36.48px; height: 32px;\">37<\/td>\n<td style=\"border-style: solid; border-color: #000000; width: 41.53px; height: 32px;\">5<\/td>\n<\/tr>\n<tr style=\"height: 28px;\">\n<td style=\"border-style: solid; border-color: #000000; width: 77.45px; height: 28px;\">DT601-Ni<\/td>\n<td style=\"border-style: solid; border-color: #000000; width: 57.42px; height: 28px;\">100\/vial<\/td>\n<td style=\"border-style: solid; border-color: #000000; width: 39.12px; height: 28px;\">42<\/td>\n<td style=\"border-style: solid; border-color: #000000; width: 36.48px; height: 28px;\">37<\/td>\n<td style=\"border-style: solid; border-color: #000000; width: 41.53px; height: 28px;\">5<\/td>\n<\/tr>\n<tr style=\"height: 34px;\">\n<td style=\"border-style: solid; border-color: #000000; width: 89px; height: 64px;\" rowspan=\"2\">600 mesh<\/p>\n<p>Hexagonal<\/td>\n<td style=\"border-style: solid; border-color: #000000; width: 77.45px; height: 34px;\">DT601H-Cu<\/td>\n<td style=\"border-style: solid; border-color: #000000; width: 57.42px; height: 34px;\">100\/vial<\/td>\n<td style=\"border-style: solid; border-color: #000000; width: 39.12px; height: 34px;\">42<\/td>\n<td style=\"border-style: solid; border-color: #000000; width: 36.48px; height: 34px;\">37<\/td>\n<td style=\"border-style: solid; border-color: #000000; width: 41.53px; height: 34px;\">5<\/td>\n<\/tr>\n<tr style=\"height: 30px;\">\n<td style=\"border-style: solid; border-color: #000000; width: 77.45px; height: 30px;\">DT601H-Ni<\/td>\n<td style=\"border-style: solid; border-color: #000000; width: 57.42px; height: 30px;\">100\/vial<\/td>\n<td style=\"border-style: solid; border-color: #000000; width: 39.12px; height: 30px;\">42<\/td>\n<td style=\"border-style: solid; border-color: #000000; width: 36.48px; height: 30px;\">37<\/td>\n<td style=\"border-style: solid; border-color: #000000; width: 41.53px; height: 30px;\">5<\/td>\n<\/tr>\n<tr style=\"height: 28px;\">\n<td style=\"border-style: solid; border-color: #000000; width: 89px; height: 62px;\" rowspan=\"2\">1500 mesh<\/p>\n<p>Square<\/td>\n<td style=\"border-style: solid; border-color: #000000; width: 77.45px; height: 28px;\">DT1500-Cu<\/td>\n<td style=\"border-style: solid; border-color: #000000; width: 57.42px; height: 28px;\">15\/vial<\/td>\n<td style=\"border-style: solid; border-color: #000000; width: 39.12px; height: 28px;\">16.5<\/td>\n<td style=\"border-style: solid; border-color: #000000; width: 36.48px; height: 28px;\">11.5<\/td>\n<td style=\"border-style: solid; border-color: #000000; width: 41.53px; height: 28px;\">5<\/td>\n<\/tr>\n<tr style=\"height: 34px;\">\n<td style=\"border-style: solid; border-color: #000000; width: 77.45px; height: 34px;\">DT1500-Ni<\/td>\n<td style=\"border-style: solid; border-color: #000000; width: 57.42px; height: 34px;\">15\/vial<\/td>\n<td style=\"border-style: solid; border-color: #000000; width: 39.12px; height: 34px;\">16.5<\/td>\n<td style=\"border-style: solid; border-color: #000000; width: 36.48px; height: 34px;\">11.5<\/td>\n<td style=\"border-style: solid; border-color: #000000; width: 41.53px; height: 34px;\">5<\/td>\n<\/tr>\n<tr style=\"height: 35px;\">\n<td style=\"border-style: solid; border-color: #000000; width: 89px; height: 72px;\" rowspan=\"2\">2000 mesh<\/p>\n<p>Square<\/td>\n<td style=\"border-style: solid; border-color: #000000; width: 77.45px; height: 35px;\">DT2000-Cu<\/td>\n<td style=\"border-style: solid; border-color: #000000; width: 57.42px; height: 35px;\">10\/vial<\/td>\n<td style=\"border-style: solid; border-color: #000000; width: 39.12px; height: 35px;\">12.5<\/td>\n<td style=\"border-style: solid; border-color: #000000; width: 36.48px; height: 35px;\">7.5<\/td>\n<td style=\"border-style: solid; border-color: #000000; width: 41.53px; height: 35px;\">5<\/td>\n<\/tr>\n<tr style=\"height: 37px;\">\n<td style=\"border-style: solid; border-color: #000000; width: 77.45px; height: 37px;\">DT2000-NI<\/td>\n<td style=\"border-style: solid; border-color: #000000; width: 57.42px; height: 37px;\">10\/vial<\/td>\n<td style=\"border-style: solid; border-color: #000000; width: 39.12px; height: 37px;\">15.5<\/td>\n<td style=\"border-style: solid; border-color: #000000; width: 36.48px; height: 37px;\">7.5<\/td>\n<td style=\"border-style: solid; border-color: #000000; width: 41.53px; height: 37px;\">5<\/td>\n<\/tr>\n<\/tbody>\n<\/table>\n<p>N&#8217;h\u00e9sitez pas \u00e0 nous contacter si vous souhaitez des informations suppl\u00e9mentaires ou un autre produit.<\/p>\n<p>&nbsp;<\/p>\n","protected":false},"excerpt":{"rendered":"<p><span style=\"display: inline !important; float: none; background-color: transparent; color: #666666; cursor: text; font-family: 'Open Sans',Arial,sans-serif; font-size: 14px; font-style: normal; font-variant: normal; font-weight: 500; letter-spacing: normal; orphans: 2; text-align: left; text-decoration: none; text-indent: 0px; text-transform: none; -webkit-text-stroke-width: 0px; white-space: normal; word-spacing: 0px;\">3.05mm diameter, see chart for thickness<\/span><br \/>\n<span style=\"display: inline !important; float: none; background-color: transparent; color: #666666; cursor: text; font-family: 'Open Sans',Arial,sans-serif; font-size: 14px; font-style: normal; font-variant: normal; font-weight: 500; letter-spacing: normal; orphans: 2; text-align: left; text-decoration: none; text-indent: 0px; text-transform: none; -webkit-text-stroke-width: 0px; white-space: normal; word-spacing: 0px;\">Material: Copper (Cu), Copper-Rhodium (Cu-Rh), Nickel (Ni), Gold (Au), Molybdenum (Mo)<\/span><\/p>\n","protected":false},"featured_media":285860,"comment_status":"open","ping_status":"closed","template":"","meta":{"_et_pb_use_builder":"off","_et_pb_old_content":"","_et_gb_content_width":"","inline_featured_image":false},"product_brand":[],"product_cat":[1141,1145,1119,1120],"product_tag":[1520],"class_list":{"0":"post-301823","1":"product","2":"type-product","3":"status-publish","4":"has-post-thumbnail","6":"product_cat-fine-hex-ap-en","7":"product_cat-gilder-en","8":"product_cat-grilles-en","9":"product_cat-grilles-et-accessoires-en","10":"product_tag-grid-en","12":"first","13":"instock","14":"taxable","15":"shipping-taxable","16":"purchasable","17":"product-type-variable"},"yoast_head":"<!-- This site is optimized with the Yoast SEO plugin v27.3 - https:\/\/yoast.com\/product\/yoast-seo-wordpress\/ -->\n<title>Thin Bar Grids \/ grilles 600 Mesh ( Cu, Ni) - Revolutionary Specimen Support Grids -Hexagonal Mesh - Gilder - Delta Microscopies<\/title>\n<meta name=\"robots\" content=\"index, follow, max-snippet:-1, max-image-preview:large, max-video-preview:-1\" \/>\n<link rel=\"canonical\" href=\"https:\/\/www.deltamicroscopies.com\/en\/products\/thin-bar-grids-grilles-600-mesh-cu-ni-revolutionary-specimen-support-grids-hexagonal-mesh-gilder\/\" \/>\n<meta property=\"og:locale\" content=\"en_US\" \/>\n<meta property=\"og:type\" content=\"article\" \/>\n<meta property=\"og:title\" content=\"Thin Bar Grids \/ grilles 600 Mesh ( Cu, Ni) - Revolutionary Specimen Support Grids -Hexagonal Mesh - Gilder - Delta Microscopies\" \/>\n<meta property=\"og:description\" content=\"3.05mm diameter, see chart for thickness Material: Copper (Cu), Copper-Rhodium (Cu-Rh), Nickel (Ni), Gold (Au), Molybdenum (Mo)\" \/>\n<meta property=\"og:url\" content=\"https:\/\/www.deltamicroscopies.com\/en\/products\/thin-bar-grids-grilles-600-mesh-cu-ni-revolutionary-specimen-support-grids-hexagonal-mesh-gilder\/\" \/>\n<meta property=\"og:site_name\" content=\"Delta Microscopies\" \/>\n<meta property=\"article:modified_time\" content=\"2022-03-07T13:16:37+00:00\" \/>\n<meta property=\"og:image\" content=\"https:\/\/www.deltamicroscopies.com\/wp-content\/uploads\/2019\/01\/DT601H.jpg\" \/>\n\t<meta property=\"og:image:width\" content=\"300\" \/>\n\t<meta property=\"og:image:height\" content=\"300\" \/>\n\t<meta property=\"og:image:type\" content=\"image\/jpeg\" \/>\n<meta name=\"twitter:label1\" content=\"Est. reading time\" \/>\n\t<meta name=\"twitter:data1\" content=\"1 minute\" \/>\n<!-- \/ Yoast SEO plugin. -->","yoast_head_json":{"title":"Thin Bar Grids \/ grilles 600 Mesh ( Cu, Ni) - Revolutionary Specimen Support Grids -Hexagonal Mesh - Gilder - Delta Microscopies","robots":{"index":"index","follow":"follow","max-snippet":"max-snippet:-1","max-image-preview":"max-image-preview:large","max-video-preview":"max-video-preview:-1"},"canonical":"https:\/\/www.deltamicroscopies.com\/en\/products\/thin-bar-grids-grilles-600-mesh-cu-ni-revolutionary-specimen-support-grids-hexagonal-mesh-gilder\/","og_locale":"en_US","og_type":"article","og_title":"Thin Bar Grids \/ grilles 600 Mesh ( Cu, Ni) - Revolutionary Specimen Support Grids -Hexagonal Mesh - Gilder - Delta Microscopies","og_description":"3.05mm diameter, see chart for thickness Material: Copper (Cu), Copper-Rhodium (Cu-Rh), Nickel (Ni), Gold (Au), Molybdenum (Mo)","og_url":"https:\/\/www.deltamicroscopies.com\/en\/products\/thin-bar-grids-grilles-600-mesh-cu-ni-revolutionary-specimen-support-grids-hexagonal-mesh-gilder\/","og_site_name":"Delta Microscopies","article_modified_time":"2022-03-07T13:16:37+00:00","og_image":[{"width":300,"height":300,"url":"https:\/\/www.deltamicroscopies.com\/wp-content\/uploads\/2019\/01\/DT601H.jpg","type":"image\/jpeg"}],"twitter_misc":{"Est. reading time":"1 minute"},"schema":{"@context":"https:\/\/schema.org","@graph":[{"@type":"WebPage","@id":"https:\/\/www.deltamicroscopies.com\/en\/products\/thin-bar-grids-grilles-600-mesh-cu-ni-revolutionary-specimen-support-grids-hexagonal-mesh-gilder\/","url":"https:\/\/www.deltamicroscopies.com\/en\/products\/thin-bar-grids-grilles-600-mesh-cu-ni-revolutionary-specimen-support-grids-hexagonal-mesh-gilder\/","name":"Thin Bar Grids \/ grilles 600 Mesh ( Cu, Ni) - Revolutionary Specimen Support Grids -Hexagonal Mesh - Gilder - Delta Microscopies","isPartOf":{"@id":"https:\/\/www.deltamicroscopies.com\/en\/#website"},"primaryImageOfPage":{"@id":"https:\/\/www.deltamicroscopies.com\/en\/products\/thin-bar-grids-grilles-600-mesh-cu-ni-revolutionary-specimen-support-grids-hexagonal-mesh-gilder\/#primaryimage"},"image":{"@id":"https:\/\/www.deltamicroscopies.com\/en\/products\/thin-bar-grids-grilles-600-mesh-cu-ni-revolutionary-specimen-support-grids-hexagonal-mesh-gilder\/#primaryimage"},"thumbnailUrl":"https:\/\/efb7cwj5g4q.exactdn.com\/wp-content\/uploads\/2019\/01\/DT601H.jpg?strip=all","datePublished":"2019-01-14T10:36:05+00:00","dateModified":"2022-03-07T13:16:37+00:00","breadcrumb":{"@id":"https:\/\/www.deltamicroscopies.com\/en\/products\/thin-bar-grids-grilles-600-mesh-cu-ni-revolutionary-specimen-support-grids-hexagonal-mesh-gilder\/#breadcrumb"},"inLanguage":"en-US","potentialAction":[{"@type":"ReadAction","target":["https:\/\/www.deltamicroscopies.com\/en\/products\/thin-bar-grids-grilles-600-mesh-cu-ni-revolutionary-specimen-support-grids-hexagonal-mesh-gilder\/"]}]},{"@type":"ImageObject","inLanguage":"en-US","@id":"https:\/\/www.deltamicroscopies.com\/en\/products\/thin-bar-grids-grilles-600-mesh-cu-ni-revolutionary-specimen-support-grids-hexagonal-mesh-gilder\/#primaryimage","url":"https:\/\/efb7cwj5g4q.exactdn.com\/wp-content\/uploads\/2019\/01\/DT601H.jpg?strip=all","contentUrl":"https:\/\/efb7cwj5g4q.exactdn.com\/wp-content\/uploads\/2019\/01\/DT601H.jpg?strip=all","width":300,"height":300},{"@type":"BreadcrumbList","@id":"https:\/\/www.deltamicroscopies.com\/en\/products\/thin-bar-grids-grilles-600-mesh-cu-ni-revolutionary-specimen-support-grids-hexagonal-mesh-gilder\/#breadcrumb","itemListElement":[{"@type":"ListItem","position":1,"name":"Accueil","item":"https:\/\/www.deltamicroscopies.com\/en\/home-3\/"},{"@type":"ListItem","position":2,"name":"Our products","item":"https:\/\/www.deltamicroscopies.com\/en\/shop\/"},{"@type":"ListItem","position":3,"name":"Thin Bar Grids \/ grilles 600 Mesh ( Cu, Ni) &#8211; Revolutionary Specimen Support Grids -Hexagonal Mesh &#8211; Gilder"}]},{"@type":"WebSite","@id":"https:\/\/www.deltamicroscopies.com\/en\/#website","url":"https:\/\/www.deltamicroscopies.com\/en\/","name":"Delta Microscopies","description":"Des microscopistes \u00e0 votre service.","publisher":{"@id":"https:\/\/www.deltamicroscopies.com\/en\/#organization"},"potentialAction":[{"@type":"SearchAction","target":{"@type":"EntryPoint","urlTemplate":"https:\/\/www.deltamicroscopies.com\/en\/?s={search_term_string}"},"query-input":{"@type":"PropertyValueSpecification","valueRequired":true,"valueName":"search_term_string"}}],"inLanguage":"en-US"},{"@type":"Organization","@id":"https:\/\/www.deltamicroscopies.com\/en\/#organization","name":"Delta Microscopies","url":"https:\/\/www.deltamicroscopies.com\/en\/","logo":{"@type":"ImageObject","inLanguage":"en-US","@id":"https:\/\/www.deltamicroscopies.com\/en\/#\/schema\/logo\/image\/","url":"https:\/\/efb7cwj5g4q.exactdn.com\/wp-content\/uploads\/2019\/09\/DELTAM_LOGO_RVB-1-1.png?strip=all&lossy=1&ssl=1","contentUrl":"https:\/\/efb7cwj5g4q.exactdn.com\/wp-content\/uploads\/2019\/09\/DELTAM_LOGO_RVB-1-1.png?strip=all&lossy=1&ssl=1","width":688,"height":177,"caption":"Delta Microscopies"},"image":{"@id":"https:\/\/www.deltamicroscopies.com\/en\/#\/schema\/logo\/image\/"},"sameAs":["https:\/\/www.instagram.com\/emsdiasum\/","https:\/\/www.youtube.com\/channel\/UCkSsQQq74DhyLXNg_9RPorQ"]}]}},"_links":{"self":[{"href":"https:\/\/www.deltamicroscopies.com\/en\/wp-json\/wp\/v2\/product\/301823","targetHints":{"allow":["GET"]}}],"collection":[{"href":"https:\/\/www.deltamicroscopies.com\/en\/wp-json\/wp\/v2\/product"}],"about":[{"href":"https:\/\/www.deltamicroscopies.com\/en\/wp-json\/wp\/v2\/types\/product"}],"replies":[{"embeddable":true,"href":"https:\/\/www.deltamicroscopies.com\/en\/wp-json\/wp\/v2\/comments?post=301823"}],"wp:featuredmedia":[{"embeddable":true,"href":"https:\/\/www.deltamicroscopies.com\/en\/wp-json\/wp\/v2\/media\/285860"}],"wp:attachment":[{"href":"https:\/\/www.deltamicroscopies.com\/en\/wp-json\/wp\/v2\/media?parent=301823"}],"wp:term":[{"taxonomy":"product_brand","embeddable":true,"href":"https:\/\/www.deltamicroscopies.com\/en\/wp-json\/wp\/v2\/product_brand?post=301823"},{"taxonomy":"product_cat","embeddable":true,"href":"https:\/\/www.deltamicroscopies.com\/en\/wp-json\/wp\/v2\/product_cat?post=301823"},{"taxonomy":"product_tag","embeddable":true,"href":"https:\/\/www.deltamicroscopies.com\/en\/wp-json\/wp\/v2\/product_tag?post=301823"}],"curies":[{"name":"wp","href":"https:\/\/api.w.org\/{rel}","templated":true}]}}