{"id":301921,"date":"2019-01-11T11:20:34","date_gmt":"2019-01-11T10:20:34","guid":{"rendered":"https:\/\/www.deltamicroscopies.com\/produit\/grids-grilles-cu-ni-single-slot-1x02mm-oval-hole-gilder\/"},"modified":"2019-01-11T11:20:34","modified_gmt":"2019-01-11T10:20:34","slug":"grids-grilles-cu-ni-single-slot-1x02mm-oval-hole-gilder","status":"publish","type":"product","link":"https:\/\/www.deltamicroscopies.com\/en\/products\/grids-grilles-cu-ni-single-slot-1x02mm-oval-hole-gilder\/","title":{"rendered":"Grids \/ grilles  ( Cu, Ni..)  Single Slot 1&#215;0,2mm- Oval Hole &#8211; Gilder"},"content":{"rendered":"<p>Single Slot Grids (Oval Hole)<br \/>\n50\u00b5m thickness (single oval slot grids and slot grid with support bars)<br \/>\nMaterial: Copper (Cu), Nickel (Ni), Copper\/Paladium (CP), Gold (Au), Molybdnum (Mo)<\/p>\n<p><img decoding=\"async\" class=\"imageright\" src=\"https:\/\/www.emsdiasum.com\/microscopy\/products\/images\/grids\/gs2x0.gif\" alt=\"Rectangular Slotted Mesh \" \/><\/p>\n<p>&nbsp;<\/p>\n<table style=\"height: 349px; width: 336px; border-style: solid; border-color: #000000;\">\n<tbody>\n<tr style=\"height: 23px;\">\n<td style=\"border-style: solid; border-color: #000000; width: 79px; height: 23px;\">Type<\/td>\n<td style=\"border-style: solid; border-color: #000000; width: 99px; height: 23px;\">Cat#<\/td>\n<td style=\"border-style: solid; border-color: #000000; width: 80px; height: 23px;\">Packed<\/td>\n<td style=\"border-style: solid; border-color: #000000; width: 78px; height: 23px;\">Hole (\u00b5m)<\/td>\n<\/tr>\n<tr style=\"height: 23px;\">\n<td style=\"border-style: solid; border-color: #000000; width: 79px; height: 45px;\" rowspan=\"3\">DGS2x0.5<\/td>\n<td style=\"border-style: solid; border-color: #000000; width: 99px; height: 23px;\">DG205-Cu<\/td>\n<td style=\"border-style: solid; border-color: #000000; width: 80px; height: 23px;\">100\/vial<\/td>\n<td style=\"border-style: solid; border-color: #000000; width: 78px; height: 23px;\">2000&#215;500<\/td>\n<\/tr>\n<tr>\n<td style=\"border-style: solid; border-color: #000000; width: 99px;\">DG205-Ni<\/td>\n<td style=\"border-style: solid; border-color: #000000; width: 80px;\">100\/vial<\/td>\n<td style=\"border-style: solid; border-color: #000000; width: 78px;\">2000&#215;500<\/td>\n<\/tr>\n<tr>\n<td style=\"border-style: solid; border-color: #000000; width: 99px;\">DG205-Au<\/td>\n<td style=\"border-style: solid; border-color: #000000; width: 80px;\">50\/vial<\/td>\n<td style=\"border-style: solid; border-color: #000000; width: 78px;\">2000&#215;500<\/td>\n<\/tr>\n<tr style=\"height: 23px;\">\n<td style=\"border-style: solid; border-color: #000000; width: 79px; height: 23px;\" rowspan=\"5\">DGS2x1<\/td>\n<td style=\"border-style: solid; border-color: #000000; width: 99px; height: 23px;\">DG2010-Cu<\/td>\n<td style=\"border-style: solid; border-color: #000000; width: 80px; height: 23px;\">100\/vial<\/td>\n<td style=\"border-style: solid; border-color: #000000; width: 78px; height: 23px;\">2000&#215;1000<\/td>\n<\/tr>\n<tr>\n<td style=\"border-style: solid; border-color: #000000; width: 99px;\">DG2010-Ni<\/td>\n<td style=\"border-style: solid; border-color: #000000; width: 80px;\">100\/vial<\/td>\n<td style=\"border-style: solid; border-color: #000000; width: 78px;\">2000&#215;1000<\/td>\n<\/tr>\n<tr>\n<td style=\"border-style: solid; border-color: #000000; width: 99px;\">DG2010-CP<\/td>\n<td style=\"border-style: solid; border-color: #000000; width: 80px;\">100\/vial<\/td>\n<td style=\"border-style: solid; border-color: #000000; width: 78px;\">2000&#215;1000<\/td>\n<\/tr>\n<tr>\n<td style=\"border-style: solid; border-color: #000000; width: 99px;\">DG2010-Mo<\/td>\n<td style=\"border-style: solid; border-color: #000000; width: 80px;\">25\/vial<\/td>\n<td style=\"border-style: solid; border-color: #000000; width: 78px;\">2000&#215;1000<\/td>\n<\/tr>\n<tr>\n<td style=\"border-style: solid; border-color: #000000; width: 99px;\">DG2010-Au<\/td>\n<td style=\"border-style: solid; border-color: #000000; width: 80px;\">50\/vial<\/td>\n<td style=\"border-style: solid; border-color: #000000; width: 78px;\">2000&#215;1000<\/td>\n<\/tr>\n<tr style=\"height: 23px;\">\n<td style=\"border-style: solid; border-color: #000000; width: 79px; height: 23px;\" rowspan=\"4\">DGS2\/3&#215;1<\/td>\n<td style=\"border-style: solid; border-color: #000000; width: 99px; height: 23px;\">DG60610-Cu<\/td>\n<td style=\"border-style: solid; border-color: #000000; width: 80px; height: 23px;\">100\/vial<\/td>\n<td style=\"border-style: solid; border-color: #000000; width: 78px; height: 23px;\">606&#215;1000<\/td>\n<\/tr>\n<tr>\n<td style=\"border-style: solid; border-color: #000000; width: 99px;\">DG60610-Ni<\/td>\n<td style=\"border-style: solid; border-color: #000000; width: 80px;\">100\/vial<\/td>\n<td style=\"border-style: solid; border-color: #000000; width: 78px;\">606&#215;1000<\/td>\n<\/tr>\n<tr>\n<td style=\"border-style: solid; border-color: #000000; width: 99px;\">DG60610-Au<\/td>\n<td style=\"border-style: solid; border-color: #000000; width: 80px;\">50\/vial<\/td>\n<td style=\"border-style: solid; border-color: #000000; width: 78px;\">606&#215;1000<\/td>\n<\/tr>\n<tr>\n<td style=\"border-style: solid; border-color: #000000; width: 99px;\">DG60610-Mo<\/td>\n<td style=\"border-style: solid; border-color: #000000; width: 80px;\">25\/vial<\/td>\n<td style=\"border-style: solid; border-color: #000000; width: 78px;\">606&#215;1000<\/td>\n<\/tr>\n<tr style=\"height: 23px;\">\n<td style=\"border-style: solid; border-color: #000000; width: 79px; height: 46px;\" rowspan=\"3\">DG102<\/td>\n<td style=\"border-style: solid; border-color: #000000; width: 99px; height: 23px;\">DG102-Cu<\/td>\n<td style=\"border-style: solid; border-color: #000000; width: 80px; height: 23px;\">100\/vial<\/td>\n<td style=\"border-style: solid; border-color: #000000; width: 78px; height: 23px;\">1000&#215;200<\/td>\n<\/tr>\n<tr>\n<td style=\"border-style: solid; border-color: #000000; width: 99px;\">DG102-Ni<\/td>\n<td style=\"border-style: solid; border-color: #000000; width: 80px;\">100\/vial<\/td>\n<td style=\"border-style: solid; border-color: #000000; width: 78px;\">1000&#215;200<\/td>\n<\/tr>\n<tr>\n<td style=\"border-style: solid; border-color: #000000; width: 99px;\">DG102-Au<\/td>\n<td style=\"border-style: solid; border-color: #000000; width: 80px;\">50\/vial<\/td>\n<td style=\"border-style: solid; border-color: #000000; width: 78px;\">1000&#215;200<\/td>\n<\/tr>\n<tr style=\"height: 23px;\">\n<td style=\"border-style: solid; border-color: #000000; width: 79px; height: 46px;\" rowspan=\"3\">DG153<\/td>\n<td style=\"border-style: solid; border-color: #000000; width: 99px; height: 23px;\">DG153-Cu<\/td>\n<td style=\"border-style: solid; border-color: #000000; width: 80px; height: 23px;\">100\/vial<\/td>\n<td style=\"border-style: solid; border-color: #000000; width: 78px; height: 23px;\">1500&#215;300<\/td>\n<\/tr>\n<tr>\n<td style=\"border-style: solid; border-color: #000000; width: 99px;\">DG153-Ni<\/td>\n<td style=\"border-style: solid; border-color: #000000; width: 80px;\">100\/vial<\/td>\n<td style=\"border-style: solid; border-color: #000000; width: 78px;\">1500&#215;300<\/td>\n<\/tr>\n<tr>\n<td style=\"border-style: solid; border-color: #000000; width: 99px;\">DG153-Au<\/td>\n<td style=\"border-style: solid; border-color: #000000; width: 80px;\">50\/vial<\/td>\n<td style=\"border-style: solid; border-color: #000000; width: 78px;\">1500&#215;300<\/td>\n<\/tr>\n<tr>\n<td style=\"border-style: solid; border-color: #000000; width: 79px;\" rowspan=\"3\">DG207<\/td>\n<td style=\"border-style: solid; border-color: #000000; width: 99px;\">DG207-Cu<\/td>\n<td style=\"border-style: solid; border-color: #000000; width: 80px;\">100\/vial<\/td>\n<td style=\"border-style: solid; border-color: #000000; width: 78px;\">2000&#215;750<\/td>\n<\/tr>\n<tr>\n<td style=\"border-style: solid; border-color: #000000; width: 99px;\">DG207-Ni<\/td>\n<td style=\"border-style: solid; border-color: #000000; width: 80px;\">100\/vial<\/td>\n<td style=\"border-style: solid; border-color: #000000; width: 78px;\">2000&#215;750<\/td>\n<\/tr>\n<tr>\n<td style=\"border-style: solid; border-color: #000000; width: 99px;\">DG207-Au<\/td>\n<td style=\"border-style: solid; border-color: #000000; width: 80px;\">50\/vial<\/td>\n<td style=\"border-style: solid; border-color: #000000; width: 78px;\">2000&#215;750<\/td>\n<\/tr>\n<tr>\n<td style=\"border-style: solid; border-color: #000000; width: 79px;\" rowspan=\"3\">DG215<\/td>\n<td style=\"border-style: solid; border-color: #000000; width: 99px;\">DG215-Cu<\/td>\n<td style=\"border-style: solid; border-color: #000000; width: 80px;\">100\/vial<\/td>\n<td style=\"border-style: solid; border-color: #000000; width: 78px;\">2000&#215;150<\/td>\n<\/tr>\n<tr>\n<td style=\"border-style: solid; border-color: #000000; width: 99px;\">DG215-Ni<\/td>\n<td style=\"border-style: solid; border-color: #000000; width: 80px;\">100\/vial<\/td>\n<td style=\"border-style: solid; border-color: #000000; width: 78px;\">2000&#215;150<\/td>\n<\/tr>\n<tr>\n<td style=\"border-style: solid; border-color: #000000; width: 99px;\">DG215-Au<\/td>\n<td style=\"border-style: solid; border-color: #000000; width: 80px;\">50\/vial<\/td>\n<td style=\"border-style: solid; border-color: #000000; width: 78px;\">2000&#215;150<\/td>\n<\/tr>\n<\/tbody>\n<\/table>\n<p>&nbsp;<\/p>\n<p>N&#8217;h\u00e9sitez pas \u00e0 nous contacter si vous souhaitez des informations suppl\u00e9mentaires ou un autre produit.<\/p>\n<p>&nbsp;<\/p>\n","protected":false},"excerpt":{"rendered":"<p><span style=\"display: inline !important; float: none; background-color: transparent; color: #666666; cursor: text; font-family: 'Open Sans',Arial,sans-serif; font-size: 14px; font-style: normal; font-variant: normal; font-weight: 500; letter-spacing: normal; orphans: 2; text-align: left; text-decoration: none; text-indent: 0px; text-transform: none; -webkit-text-stroke-width: 0px; white-space: normal; word-spacing: 0px;\">3.05mm diameter, see chart for thickness<\/span><br \/>\n<span style=\"display: inline !important; float: none; background-color: transparent; color: #666666; cursor: text; font-family: 'Open Sans',Arial,sans-serif; font-size: 14px; font-style: normal; font-variant: normal; font-weight: 500; letter-spacing: normal; orphans: 2; text-align: left; text-decoration: none; text-indent: 0px; text-transform: none; -webkit-text-stroke-width: 0px; white-space: normal; word-spacing: 0px;\">Material: Copper (Cu), Copper-Rhodium (Cu-Rh), Nickel (Ni), Gold (Au), Molybdenum (Mo)<\/span><\/p>\n","protected":false},"featured_media":285808,"comment_status":"open","ping_status":"closed","template":"","meta":{"_et_pb_use_builder":"off","_et_pb_old_content":"","_et_gb_content_width":"","inline_featured_image":false},"product_brand":[],"product_cat":[1145,1119,1120,1155],"product_tag":[1520],"class_list":{"0":"post-301921","1":"product","2":"type-product","3":"status-publish","4":"has-post-thumbnail","6":"product_cat-gilder-en","7":"product_cat-grilles-en","8":"product_cat-grilles-et-accessoires-en","9":"product_cat-slot-en-2","10":"product_tag-grid-en","11":"pa_marque-gilder-en","12":"pa_matiere-au-en","13":"pa_matiere-cu-en","14":"pa_matiere-ni-en","15":"pa_mesh-forme-slots","17":"first","18":"instock","19":"taxable","20":"shipping-taxable","21":"purchasable","22":"product-type-variable"},"yoast_head":"<!-- This site is optimized with the Yoast SEO plugin v27.4 - https:\/\/yoast.com\/product\/yoast-seo-wordpress\/ -->\n<title>Grids \/ grilles ( Cu, Ni..) Single Slot 1x0,2mm- Oval Hole - Gilder - Delta Microscopies<\/title>\n<meta name=\"robots\" content=\"index, follow, max-snippet:-1, max-image-preview:large, max-video-preview:-1\" \/>\n<link rel=\"canonical\" href=\"https:\/\/www.deltamicroscopies.com\/en\/products\/grids-grilles-cu-ni-single-slot-1x02mm-oval-hole-gilder\/\" \/>\n<meta property=\"og:locale\" content=\"en_US\" \/>\n<meta property=\"og:type\" content=\"article\" \/>\n<meta property=\"og:title\" content=\"Grids \/ grilles ( Cu, Ni..) Single Slot 1x0,2mm- Oval Hole - Gilder - Delta Microscopies\" \/>\n<meta property=\"og:description\" content=\"3.05mm diameter, see chart for thickness Material: Copper (Cu), Copper-Rhodium (Cu-Rh), Nickel (Ni), Gold (Au), Molybdenum (Mo)\" \/>\n<meta property=\"og:url\" content=\"https:\/\/www.deltamicroscopies.com\/en\/products\/grids-grilles-cu-ni-single-slot-1x02mm-oval-hole-gilder\/\" \/>\n<meta property=\"og:site_name\" content=\"Delta Microscopies\" \/>\n<meta property=\"og:image\" content=\"https:\/\/www.deltamicroscopies.com\/wp-content\/uploads\/2019\/01\/DG102.gif\" \/>\n\t<meta property=\"og:image:width\" content=\"300\" \/>\n\t<meta property=\"og:image:height\" content=\"300\" \/>\n\t<meta property=\"og:image:type\" content=\"image\/gif\" \/>\n<meta name=\"twitter:label1\" content=\"Est. reading time\" \/>\n\t<meta name=\"twitter:data1\" content=\"1 minute\" \/>\n<!-- \/ Yoast SEO plugin. -->","yoast_head_json":{"title":"Grids \/ grilles ( Cu, Ni..) Single Slot 1x0,2mm- Oval Hole - Gilder - Delta Microscopies","robots":{"index":"index","follow":"follow","max-snippet":"max-snippet:-1","max-image-preview":"max-image-preview:large","max-video-preview":"max-video-preview:-1"},"canonical":"https:\/\/www.deltamicroscopies.com\/en\/products\/grids-grilles-cu-ni-single-slot-1x02mm-oval-hole-gilder\/","og_locale":"en_US","og_type":"article","og_title":"Grids \/ grilles ( Cu, Ni..) Single Slot 1x0,2mm- Oval Hole - Gilder - Delta Microscopies","og_description":"3.05mm diameter, see chart for thickness Material: Copper (Cu), Copper-Rhodium (Cu-Rh), Nickel (Ni), Gold (Au), Molybdenum (Mo)","og_url":"https:\/\/www.deltamicroscopies.com\/en\/products\/grids-grilles-cu-ni-single-slot-1x02mm-oval-hole-gilder\/","og_site_name":"Delta Microscopies","og_image":[{"width":300,"height":300,"url":"https:\/\/www.deltamicroscopies.com\/wp-content\/uploads\/2019\/01\/DG102.gif","type":"image\/gif"}],"twitter_misc":{"Est. reading time":"1 minute"},"schema":{"@context":"https:\/\/schema.org","@graph":[{"@type":"WebPage","@id":"https:\/\/www.deltamicroscopies.com\/en\/products\/grids-grilles-cu-ni-single-slot-1x02mm-oval-hole-gilder\/","url":"https:\/\/www.deltamicroscopies.com\/en\/products\/grids-grilles-cu-ni-single-slot-1x02mm-oval-hole-gilder\/","name":"Grids \/ grilles ( Cu, Ni..) Single Slot 1x0,2mm- Oval Hole - Gilder - Delta Microscopies","isPartOf":{"@id":"https:\/\/www.deltamicroscopies.com\/en\/#website"},"primaryImageOfPage":{"@id":"https:\/\/www.deltamicroscopies.com\/en\/products\/grids-grilles-cu-ni-single-slot-1x02mm-oval-hole-gilder\/#primaryimage"},"image":{"@id":"https:\/\/www.deltamicroscopies.com\/en\/products\/grids-grilles-cu-ni-single-slot-1x02mm-oval-hole-gilder\/#primaryimage"},"thumbnailUrl":"https:\/\/efb7cwj5g4q.exactdn.com\/wp-content\/uploads\/2019\/01\/DG102.gif?strip=all","datePublished":"2019-01-11T10:20:34+00:00","breadcrumb":{"@id":"https:\/\/www.deltamicroscopies.com\/en\/products\/grids-grilles-cu-ni-single-slot-1x02mm-oval-hole-gilder\/#breadcrumb"},"inLanguage":"en-US","potentialAction":[{"@type":"ReadAction","target":["https:\/\/www.deltamicroscopies.com\/en\/products\/grids-grilles-cu-ni-single-slot-1x02mm-oval-hole-gilder\/"]}]},{"@type":"ImageObject","inLanguage":"en-US","@id":"https:\/\/www.deltamicroscopies.com\/en\/products\/grids-grilles-cu-ni-single-slot-1x02mm-oval-hole-gilder\/#primaryimage","url":"https:\/\/efb7cwj5g4q.exactdn.com\/wp-content\/uploads\/2019\/01\/DG102.gif?strip=all","contentUrl":"https:\/\/efb7cwj5g4q.exactdn.com\/wp-content\/uploads\/2019\/01\/DG102.gif?strip=all","width":300,"height":300},{"@type":"BreadcrumbList","@id":"https:\/\/www.deltamicroscopies.com\/en\/products\/grids-grilles-cu-ni-single-slot-1x02mm-oval-hole-gilder\/#breadcrumb","itemListElement":[{"@type":"ListItem","position":1,"name":"Accueil","item":"https:\/\/www.deltamicroscopies.com\/en\/home-3\/"},{"@type":"ListItem","position":2,"name":"Our products","item":"https:\/\/www.deltamicroscopies.com\/en\/shop\/"},{"@type":"ListItem","position":3,"name":"Grids \/ grilles ( Cu, Ni..) Single Slot 1&#215;0,2mm- Oval Hole &#8211; Gilder"}]},{"@type":"WebSite","@id":"https:\/\/www.deltamicroscopies.com\/en\/#website","url":"https:\/\/www.deltamicroscopies.com\/en\/","name":"Delta Microscopies","description":"Des microscopistes \u00e0 votre service.","publisher":{"@id":"https:\/\/www.deltamicroscopies.com\/en\/#organization"},"potentialAction":[{"@type":"SearchAction","target":{"@type":"EntryPoint","urlTemplate":"https:\/\/www.deltamicroscopies.com\/en\/?s={search_term_string}"},"query-input":{"@type":"PropertyValueSpecification","valueRequired":true,"valueName":"search_term_string"}}],"inLanguage":"en-US"},{"@type":"Organization","@id":"https:\/\/www.deltamicroscopies.com\/en\/#organization","name":"Delta Microscopies","url":"https:\/\/www.deltamicroscopies.com\/en\/","logo":{"@type":"ImageObject","inLanguage":"en-US","@id":"https:\/\/www.deltamicroscopies.com\/en\/#\/schema\/logo\/image\/","url":"https:\/\/efb7cwj5g4q.exactdn.com\/wp-content\/uploads\/2019\/09\/DELTAM_LOGO_RVB-1-1.png?strip=all&lossy=1&ssl=1","contentUrl":"https:\/\/efb7cwj5g4q.exactdn.com\/wp-content\/uploads\/2019\/09\/DELTAM_LOGO_RVB-1-1.png?strip=all&lossy=1&ssl=1","width":688,"height":177,"caption":"Delta Microscopies"},"image":{"@id":"https:\/\/www.deltamicroscopies.com\/en\/#\/schema\/logo\/image\/"},"sameAs":["https:\/\/www.instagram.com\/emsdiasum\/","https:\/\/www.youtube.com\/channel\/UCkSsQQq74DhyLXNg_9RPorQ"]}]}},"_links":{"self":[{"href":"https:\/\/www.deltamicroscopies.com\/en\/wp-json\/wp\/v2\/product\/301921","targetHints":{"allow":["GET"]}}],"collection":[{"href":"https:\/\/www.deltamicroscopies.com\/en\/wp-json\/wp\/v2\/product"}],"about":[{"href":"https:\/\/www.deltamicroscopies.com\/en\/wp-json\/wp\/v2\/types\/product"}],"replies":[{"embeddable":true,"href":"https:\/\/www.deltamicroscopies.com\/en\/wp-json\/wp\/v2\/comments?post=301921"}],"wp:featuredmedia":[{"embeddable":true,"href":"https:\/\/www.deltamicroscopies.com\/en\/wp-json\/wp\/v2\/media\/285808"}],"wp:attachment":[{"href":"https:\/\/www.deltamicroscopies.com\/en\/wp-json\/wp\/v2\/media?parent=301921"}],"wp:term":[{"taxonomy":"product_brand","embeddable":true,"href":"https:\/\/www.deltamicroscopies.com\/en\/wp-json\/wp\/v2\/product_brand?post=301921"},{"taxonomy":"product_cat","embeddable":true,"href":"https:\/\/www.deltamicroscopies.com\/en\/wp-json\/wp\/v2\/product_cat?post=301921"},{"taxonomy":"product_tag","embeddable":true,"href":"https:\/\/www.deltamicroscopies.com\/en\/wp-json\/wp\/v2\/product_tag?post=301921"}],"curies":[{"name":"wp","href":"https:\/\/api.w.org\/{rel}","templated":true}]}}