{"id":302915,"date":"2018-12-18T14:32:31","date_gmt":"2018-12-18T13:32:31","guid":{"rendered":"https:\/\/www.deltamicroscopies.com\/produit\/silicon-test-specimen-for-incident-lm\/"},"modified":"2018-12-18T14:32:31","modified_gmt":"2018-12-18T13:32:31","slug":"silicon-test-specimen-for-incident-lm","status":"publish","type":"product","link":"https:\/\/www.deltamicroscopies.com\/en\/products\/silicon-test-specimen-for-incident-lm\/","title":{"rendered":"Silicon Test Specimen for Incident LM"},"content":{"rendered":"<p>This Test Specimen is made of a 5mmx5mm square of single crystal silicon. It is photo-etched and the squares repeat every 10\u00b5m. The dividing lines are 1.9\u00b5m wide.<\/p>\n<p>Cet \u00e9chantillon de test est constitu\u00e9 d&#8217;un carr\u00e9 de silicium monocristallin de 5 mm x 5 mm. Il est photograv\u00e9 et les carr\u00e9s se r\u00e9p\u00e8tent tous les 10\u00b5m. Les lignes de division ont une largeur de 1,9 \u00b5m.<\/p>\n<p>A broader etching line is written every 500\u00b5m, which is useful in light microscopy. This is an excellent test specimen for comparing magnification and assessing any distortion in the image field. It is ideally useful in the context of automated counting systems to check for unsuspected distortions.<br \/>\nWhere critical measurements must be made the sample can be mounted directly onto the calibration specimen so that an internal calibration is obtained on the micro-graph.<\/p>\n<p><a href=\"https:\/\/www.deltamicroscopies.com\/wp-content\/uploads\/2018\/12\/TDS_Silicone-Test-Specimen.pdf\">Technical Data Sheet : Silicone Test Specimen<\/a><\/p>\n<p><a href=\"https:\/\/www.deltamicroscopies.com\/wp-content\/uploads\/2018\/12\/Example-Certificate-Of-Calibration.pdf\">Example Certificate Of Calibration<\/a><\/p>\n","protected":false},"excerpt":{"rendered":"<h4><strong>each<\/strong><\/h4>\n<p>Available for SEM and LM<\/p>\n","protected":false},"featured_media":285416,"comment_status":"open","ping_status":"closed","template":"","meta":{"_et_pb_use_builder":"","_et_pb_old_content":"","_et_gb_content_width":"","inline_featured_image":false},"product_brand":[],"product_cat":[1383,1096],"product_tag":[1700],"class_list":{"0":"post-302915","1":"product","2":"type-product","3":"status-publish","4":"has-post-thumbnail","6":"product_cat-low-magnification-calibration-standards-and-color-calibration-slides-sem-lm-en","7":"product_cat-standards","8":"product_tag-silicon-en","10":"first","11":"instock","12":"taxable","13":"shipping-taxable","14":"purchasable","15":"product-type-simple"},"yoast_head":"<!-- This site is optimized with the Yoast SEO plugin v27.3 - https:\/\/yoast.com\/product\/yoast-seo-wordpress\/ -->\n<title>Silicon Test Specimen for Incident LM - Delta Microscopies<\/title>\n<meta name=\"robots\" content=\"index, follow, max-snippet:-1, max-image-preview:large, max-video-preview:-1\" \/>\n<link rel=\"canonical\" href=\"https:\/\/www.deltamicroscopies.com\/en\/products\/silicon-test-specimen-for-incident-lm\/\" \/>\n<meta property=\"og:locale\" content=\"en_US\" \/>\n<meta property=\"og:type\" content=\"article\" \/>\n<meta property=\"og:title\" content=\"Silicon Test Specimen for Incident LM - Delta Microscopies\" \/>\n<meta property=\"og:description\" content=\"each Available for SEM and LM\" \/>\n<meta property=\"og:url\" content=\"https:\/\/www.deltamicroscopies.com\/en\/products\/silicon-test-specimen-for-incident-lm\/\" \/>\n<meta property=\"og:site_name\" content=\"Delta Microscopies\" \/>\n<meta property=\"og:image\" content=\"https:\/\/www.deltamicroscopies.com\/wp-content\/uploads\/2018\/12\/standards-D79502.png\" \/>\n\t<meta property=\"og:image:width\" content=\"288\" \/>\n\t<meta property=\"og:image:height\" content=\"179\" \/>\n\t<meta property=\"og:image:type\" content=\"image\/png\" \/>\n<meta name=\"twitter:label1\" content=\"Est. reading time\" \/>\n\t<meta name=\"twitter:data1\" content=\"1 minute\" \/>\n<!-- \/ Yoast SEO plugin. -->","yoast_head_json":{"title":"Silicon Test Specimen for Incident LM - Delta Microscopies","robots":{"index":"index","follow":"follow","max-snippet":"max-snippet:-1","max-image-preview":"max-image-preview:large","max-video-preview":"max-video-preview:-1"},"canonical":"https:\/\/www.deltamicroscopies.com\/en\/products\/silicon-test-specimen-for-incident-lm\/","og_locale":"en_US","og_type":"article","og_title":"Silicon Test Specimen for Incident LM - Delta Microscopies","og_description":"each Available for SEM and LM","og_url":"https:\/\/www.deltamicroscopies.com\/en\/products\/silicon-test-specimen-for-incident-lm\/","og_site_name":"Delta Microscopies","og_image":[{"width":288,"height":179,"url":"https:\/\/www.deltamicroscopies.com\/wp-content\/uploads\/2018\/12\/standards-D79502.png","type":"image\/png"}],"twitter_misc":{"Est. reading time":"1 minute"},"schema":{"@context":"https:\/\/schema.org","@graph":[{"@type":"WebPage","@id":"https:\/\/www.deltamicroscopies.com\/en\/products\/silicon-test-specimen-for-incident-lm\/","url":"https:\/\/www.deltamicroscopies.com\/en\/products\/silicon-test-specimen-for-incident-lm\/","name":"Silicon Test Specimen for Incident LM - Delta Microscopies","isPartOf":{"@id":"https:\/\/www.deltamicroscopies.com\/en\/#website"},"primaryImageOfPage":{"@id":"https:\/\/www.deltamicroscopies.com\/en\/products\/silicon-test-specimen-for-incident-lm\/#primaryimage"},"image":{"@id":"https:\/\/www.deltamicroscopies.com\/en\/products\/silicon-test-specimen-for-incident-lm\/#primaryimage"},"thumbnailUrl":"https:\/\/efb7cwj5g4q.exactdn.com\/wp-content\/uploads\/2018\/12\/standards-D79502.png?strip=all","datePublished":"2018-12-18T13:32:31+00:00","breadcrumb":{"@id":"https:\/\/www.deltamicroscopies.com\/en\/products\/silicon-test-specimen-for-incident-lm\/#breadcrumb"},"inLanguage":"en-US","potentialAction":[{"@type":"ReadAction","target":["https:\/\/www.deltamicroscopies.com\/en\/products\/silicon-test-specimen-for-incident-lm\/"]}]},{"@type":"ImageObject","inLanguage":"en-US","@id":"https:\/\/www.deltamicroscopies.com\/en\/products\/silicon-test-specimen-for-incident-lm\/#primaryimage","url":"https:\/\/efb7cwj5g4q.exactdn.com\/wp-content\/uploads\/2018\/12\/standards-D79502.png?strip=all","contentUrl":"https:\/\/efb7cwj5g4q.exactdn.com\/wp-content\/uploads\/2018\/12\/standards-D79502.png?strip=all","width":288,"height":179},{"@type":"BreadcrumbList","@id":"https:\/\/www.deltamicroscopies.com\/en\/products\/silicon-test-specimen-for-incident-lm\/#breadcrumb","itemListElement":[{"@type":"ListItem","position":1,"name":"Accueil","item":"https:\/\/www.deltamicroscopies.com\/en\/home-3\/"},{"@type":"ListItem","position":2,"name":"Our products","item":"https:\/\/www.deltamicroscopies.com\/en\/shop\/"},{"@type":"ListItem","position":3,"name":"Silicon Test Specimen for Incident LM"}]},{"@type":"WebSite","@id":"https:\/\/www.deltamicroscopies.com\/en\/#website","url":"https:\/\/www.deltamicroscopies.com\/en\/","name":"Delta Microscopies","description":"Des microscopistes \u00e0 votre service.","publisher":{"@id":"https:\/\/www.deltamicroscopies.com\/en\/#organization"},"potentialAction":[{"@type":"SearchAction","target":{"@type":"EntryPoint","urlTemplate":"https:\/\/www.deltamicroscopies.com\/en\/?s={search_term_string}"},"query-input":{"@type":"PropertyValueSpecification","valueRequired":true,"valueName":"search_term_string"}}],"inLanguage":"en-US"},{"@type":"Organization","@id":"https:\/\/www.deltamicroscopies.com\/en\/#organization","name":"Delta Microscopies","url":"https:\/\/www.deltamicroscopies.com\/en\/","logo":{"@type":"ImageObject","inLanguage":"en-US","@id":"https:\/\/www.deltamicroscopies.com\/en\/#\/schema\/logo\/image\/","url":"https:\/\/efb7cwj5g4q.exactdn.com\/wp-content\/uploads\/2019\/09\/DELTAM_LOGO_RVB-1-1.png?strip=all&lossy=1&ssl=1","contentUrl":"https:\/\/efb7cwj5g4q.exactdn.com\/wp-content\/uploads\/2019\/09\/DELTAM_LOGO_RVB-1-1.png?strip=all&lossy=1&ssl=1","width":688,"height":177,"caption":"Delta Microscopies"},"image":{"@id":"https:\/\/www.deltamicroscopies.com\/en\/#\/schema\/logo\/image\/"},"sameAs":["https:\/\/www.instagram.com\/emsdiasum\/","https:\/\/www.youtube.com\/channel\/UCkSsQQq74DhyLXNg_9RPorQ"]}]}},"_links":{"self":[{"href":"https:\/\/www.deltamicroscopies.com\/en\/wp-json\/wp\/v2\/product\/302915","targetHints":{"allow":["GET"]}}],"collection":[{"href":"https:\/\/www.deltamicroscopies.com\/en\/wp-json\/wp\/v2\/product"}],"about":[{"href":"https:\/\/www.deltamicroscopies.com\/en\/wp-json\/wp\/v2\/types\/product"}],"replies":[{"embeddable":true,"href":"https:\/\/www.deltamicroscopies.com\/en\/wp-json\/wp\/v2\/comments?post=302915"}],"wp:featuredmedia":[{"embeddable":true,"href":"https:\/\/www.deltamicroscopies.com\/en\/wp-json\/wp\/v2\/media\/285416"}],"wp:attachment":[{"href":"https:\/\/www.deltamicroscopies.com\/en\/wp-json\/wp\/v2\/media?parent=302915"}],"wp:term":[{"taxonomy":"product_brand","embeddable":true,"href":"https:\/\/www.deltamicroscopies.com\/en\/wp-json\/wp\/v2\/product_brand?post=302915"},{"taxonomy":"product_cat","embeddable":true,"href":"https:\/\/www.deltamicroscopies.com\/en\/wp-json\/wp\/v2\/product_cat?post=302915"},{"taxonomy":"product_tag","embeddable":true,"href":"https:\/\/www.deltamicroscopies.com\/en\/wp-json\/wp\/v2\/product_tag?post=302915"}],"curies":[{"name":"wp","href":"https:\/\/api.w.org\/{rel}","templated":true}]}}