{"id":302973,"date":"2018-12-06T14:51:09","date_gmt":"2018-12-06T13:51:09","guid":{"rendered":"https:\/\/www.deltamicroscopies.com\/produit\/em-tec-high-purity-carbon-sem-pin-stub-o12-7mm-top-x-8mm-l-standard-pin\/"},"modified":"2022-03-15T16:21:55","modified_gmt":"2022-03-15T15:21:55","slug":"em-tec-high-purity-carbon-sem-pin-stub-o12-7mm-top-x-8mm-l-standard-pin","status":"publish","type":"product","link":"https:\/\/www.deltamicroscopies.com\/en\/products\/em-tec-high-purity-carbon-sem-pin-stub-o12-7mm-top-x-8mm-l-standard-pin\/","title":{"rendered":"EM-Tec high purity carbon SEM pin stub \u00d812.7mm top x 8mm L, standard pin"},"content":{"rendered":"<p>The standard SEM stubs used in an SEM are mostly made from aluminum and sometimes brass. This is fine for many applications if the sample is large and can be mounted directly of the stub. However, for small samples, powders, particles in solutions and fibers the material of the stub can interfere with backscattered electron imaging or X-ray micro-analysis. To avoid such interference, it is better to mount the sample on an EM-Tec high purity carbon (graphite) specimen stub. The high purity graphitised carbon, which is used for the EM-tec carbon SEM stubs, contains less than 2ppm impurities with 1ppm or less for each single element. The impurities can be B, Mg, Al, Si, Ca or Fe. The available carbon SEM specimen mounts are:<br \/>\n&#8211; \u00d812.7mm standard pin stub<br \/>\n&#8211; \u00d815mm Hitachi mount with M4 threaded hole<br \/>\n&#8211; \u00d825mm Hitachi mount with M4 threaded hole<\/p>\n","protected":false},"excerpt":{"rendered":"<p>The standard SEM stubs used in an SEM are mostly made from aluminum and sometimes brass. This is fine for many applications if the sample is large and can be mounted directly of the stub. However, for small samples, powders, particles in solutions and fibers the material of the stub can interfere with backscattered electron imaging or X-ray micro-analysis. To avoid such interference, it is better to mount the sample on an EM-Tec high purity carbon (graphite) specimen stub. The high purity graphitised carbon, which is used for the EM-tec carbon SEM stubs, contains less than 2ppm impurities with 1ppm or less for each single element. The impurities can be B, Mg, Al, Si, Ca or Fe. The available carbon SEM specimen mounts are:<br \/>\n&#8211; \u00d812.7mm standard pin stub<br \/>\n&#8211; \u00d815mm Hitachi mount with M4 threaded hole<br \/>\n&#8211; \u00d825mm Hitachi mount with M4 threaded hole<\/p>\n","protected":false},"featured_media":285494,"comment_status":"open","ping_status":"closed","template":"","meta":{"_et_pb_use_builder":"","_et_pb_old_content":"","_et_gb_content_width":"","inline_featured_image":false},"product_brand":[1914],"product_cat":[1296,1297,1365],"product_tag":[],"class_list":{"0":"post-302973","1":"product","2":"type-product","3":"status-publish","4":"has-post-thumbnail","6":"product_brand-hitachi","7":"product_cat-supports-et-adaptateurs-en","8":"product_cat-tubes-cylindres-plots-supports-et-adaptateurs-en","9":"product_cat-meb-sem-en","11":"first","12":"instock","13":"taxable","14":"shipping-taxable","15":"purchasable","16":"product-type-variable"},"yoast_head":"<!-- This site is optimized with the Yoast SEO plugin v27.4 - https:\/\/yoast.com\/product\/yoast-seo-wordpress\/ -->\n<title>EM-Tec high purity carbon SEM pin stub \u00d812.7mm top x 8mm L, standard pin - Delta Microscopies<\/title>\n<meta name=\"robots\" content=\"index, follow, max-snippet:-1, max-image-preview:large, max-video-preview:-1\" \/>\n<link rel=\"canonical\" href=\"https:\/\/www.deltamicroscopies.com\/en\/products\/em-tec-high-purity-carbon-sem-pin-stub-o12-7mm-top-x-8mm-l-standard-pin\/\" \/>\n<meta property=\"og:locale\" content=\"en_US\" \/>\n<meta property=\"og:type\" content=\"article\" \/>\n<meta property=\"og:title\" content=\"EM-Tec high purity carbon SEM pin stub \u00d812.7mm top x 8mm L, standard pin - Delta Microscopies\" \/>\n<meta property=\"og:description\" content=\"The standard SEM stubs used in an SEM are mostly made from aluminum and sometimes brass. This is fine for many applications if the sample is large and can be mounted directly of the stub. However, for small samples, powders, particles in solutions and fibers the material of the stub can interfere with backscattered electron imaging or X-ray micro-analysis. To avoid such interference, it is better to mount the sample on an EM-Tec high purity carbon (graphite) specimen stub. The high purity graphitised carbon, which is used for the EM-tec carbon SEM stubs, contains less than 2ppm impurities with 1ppm or less for each single element. The impurities can be B, Mg, Al, Si, Ca or Fe. The available carbon SEM specimen mounts are: - \u00d812.7mm standard pin stub - \u00d815mm Hitachi mount with M4 threaded hole - \u00d825mm Hitachi mount with M4 threaded hole\" \/>\n<meta property=\"og:url\" content=\"https:\/\/www.deltamicroscopies.com\/en\/products\/em-tec-high-purity-carbon-sem-pin-stub-o12-7mm-top-x-8mm-l-standard-pin\/\" \/>\n<meta property=\"og:site_name\" content=\"Delta Microscopies\" \/>\n<meta property=\"article:modified_time\" content=\"2022-03-15T15:21:55+00:00\" \/>\n<meta property=\"og:image\" content=\"https:\/\/www.deltamicroscopies.com\/wp-content\/uploads\/2018\/12\/D10-CC2012-EM-Tec_high_purity_carbon_SEM_pin_stub_diam12mm_top.jpg\" \/>\n\t<meta property=\"og:image:width\" content=\"300\" \/>\n\t<meta property=\"og:image:height\" content=\"300\" \/>\n\t<meta property=\"og:image:type\" content=\"image\/jpeg\" \/>\n<meta name=\"twitter:label1\" content=\"Est. reading time\" \/>\n\t<meta name=\"twitter:data1\" content=\"1 minute\" \/>\n<!-- \/ Yoast SEO plugin. -->","yoast_head_json":{"title":"EM-Tec high purity carbon SEM pin stub \u00d812.7mm top x 8mm L, standard pin - Delta Microscopies","robots":{"index":"index","follow":"follow","max-snippet":"max-snippet:-1","max-image-preview":"max-image-preview:large","max-video-preview":"max-video-preview:-1"},"canonical":"https:\/\/www.deltamicroscopies.com\/en\/products\/em-tec-high-purity-carbon-sem-pin-stub-o12-7mm-top-x-8mm-l-standard-pin\/","og_locale":"en_US","og_type":"article","og_title":"EM-Tec high purity carbon SEM pin stub \u00d812.7mm top x 8mm L, standard pin - Delta Microscopies","og_description":"The standard SEM stubs used in an SEM are mostly made from aluminum and sometimes brass. This is fine for many applications if the sample is large and can be mounted directly of the stub. However, for small samples, powders, particles in solutions and fibers the material of the stub can interfere with backscattered electron imaging or X-ray micro-analysis. To avoid such interference, it is better to mount the sample on an EM-Tec high purity carbon (graphite) specimen stub. The high purity graphitised carbon, which is used for the EM-tec carbon SEM stubs, contains less than 2ppm impurities with 1ppm or less for each single element. The impurities can be B, Mg, Al, Si, Ca or Fe. The available carbon SEM specimen mounts are: - \u00d812.7mm standard pin stub - \u00d815mm Hitachi mount with M4 threaded hole - \u00d825mm Hitachi mount with M4 threaded hole","og_url":"https:\/\/www.deltamicroscopies.com\/en\/products\/em-tec-high-purity-carbon-sem-pin-stub-o12-7mm-top-x-8mm-l-standard-pin\/","og_site_name":"Delta Microscopies","article_modified_time":"2022-03-15T15:21:55+00:00","og_image":[{"width":300,"height":300,"url":"https:\/\/www.deltamicroscopies.com\/wp-content\/uploads\/2018\/12\/D10-CC2012-EM-Tec_high_purity_carbon_SEM_pin_stub_diam12mm_top.jpg","type":"image\/jpeg"}],"twitter_misc":{"Est. reading time":"1 minute"},"schema":{"@context":"https:\/\/schema.org","@graph":[{"@type":"WebPage","@id":"https:\/\/www.deltamicroscopies.com\/en\/products\/em-tec-high-purity-carbon-sem-pin-stub-o12-7mm-top-x-8mm-l-standard-pin\/","url":"https:\/\/www.deltamicroscopies.com\/en\/products\/em-tec-high-purity-carbon-sem-pin-stub-o12-7mm-top-x-8mm-l-standard-pin\/","name":"EM-Tec high purity carbon SEM pin stub \u00d812.7mm top x 8mm L, standard pin - Delta Microscopies","isPartOf":{"@id":"https:\/\/www.deltamicroscopies.com\/en\/#website"},"primaryImageOfPage":{"@id":"https:\/\/www.deltamicroscopies.com\/en\/products\/em-tec-high-purity-carbon-sem-pin-stub-o12-7mm-top-x-8mm-l-standard-pin\/#primaryimage"},"image":{"@id":"https:\/\/www.deltamicroscopies.com\/en\/products\/em-tec-high-purity-carbon-sem-pin-stub-o12-7mm-top-x-8mm-l-standard-pin\/#primaryimage"},"thumbnailUrl":"https:\/\/efb7cwj5g4q.exactdn.com\/wp-content\/uploads\/2018\/12\/D10-CC2012-EM-Tec_high_purity_carbon_SEM_pin_stub_diam12mm_top.jpg?strip=all","datePublished":"2018-12-06T13:51:09+00:00","dateModified":"2022-03-15T15:21:55+00:00","breadcrumb":{"@id":"https:\/\/www.deltamicroscopies.com\/en\/products\/em-tec-high-purity-carbon-sem-pin-stub-o12-7mm-top-x-8mm-l-standard-pin\/#breadcrumb"},"inLanguage":"en-US","potentialAction":[{"@type":"ReadAction","target":["https:\/\/www.deltamicroscopies.com\/en\/products\/em-tec-high-purity-carbon-sem-pin-stub-o12-7mm-top-x-8mm-l-standard-pin\/"]}]},{"@type":"ImageObject","inLanguage":"en-US","@id":"https:\/\/www.deltamicroscopies.com\/en\/products\/em-tec-high-purity-carbon-sem-pin-stub-o12-7mm-top-x-8mm-l-standard-pin\/#primaryimage","url":"https:\/\/efb7cwj5g4q.exactdn.com\/wp-content\/uploads\/2018\/12\/D10-CC2012-EM-Tec_high_purity_carbon_SEM_pin_stub_diam12mm_top.jpg?strip=all","contentUrl":"https:\/\/efb7cwj5g4q.exactdn.com\/wp-content\/uploads\/2018\/12\/D10-CC2012-EM-Tec_high_purity_carbon_SEM_pin_stub_diam12mm_top.jpg?strip=all","width":300,"height":300},{"@type":"BreadcrumbList","@id":"https:\/\/www.deltamicroscopies.com\/en\/products\/em-tec-high-purity-carbon-sem-pin-stub-o12-7mm-top-x-8mm-l-standard-pin\/#breadcrumb","itemListElement":[{"@type":"ListItem","position":1,"name":"Accueil","item":"https:\/\/www.deltamicroscopies.com\/en\/home-3\/"},{"@type":"ListItem","position":2,"name":"Our products","item":"https:\/\/www.deltamicroscopies.com\/en\/shop\/"},{"@type":"ListItem","position":3,"name":"EM-Tec high purity carbon SEM pin stub \u00d812.7mm top x 8mm L, standard pin"}]},{"@type":"WebSite","@id":"https:\/\/www.deltamicroscopies.com\/en\/#website","url":"https:\/\/www.deltamicroscopies.com\/en\/","name":"Delta Microscopies","description":"Des microscopistes \u00e0 votre service.","publisher":{"@id":"https:\/\/www.deltamicroscopies.com\/en\/#organization"},"potentialAction":[{"@type":"SearchAction","target":{"@type":"EntryPoint","urlTemplate":"https:\/\/www.deltamicroscopies.com\/en\/?s={search_term_string}"},"query-input":{"@type":"PropertyValueSpecification","valueRequired":true,"valueName":"search_term_string"}}],"inLanguage":"en-US"},{"@type":"Organization","@id":"https:\/\/www.deltamicroscopies.com\/en\/#organization","name":"Delta Microscopies","url":"https:\/\/www.deltamicroscopies.com\/en\/","logo":{"@type":"ImageObject","inLanguage":"en-US","@id":"https:\/\/www.deltamicroscopies.com\/en\/#\/schema\/logo\/image\/","url":"https:\/\/efb7cwj5g4q.exactdn.com\/wp-content\/uploads\/2019\/09\/DELTAM_LOGO_RVB-1-1.png?strip=all&lossy=1&ssl=1","contentUrl":"https:\/\/efb7cwj5g4q.exactdn.com\/wp-content\/uploads\/2019\/09\/DELTAM_LOGO_RVB-1-1.png?strip=all&lossy=1&ssl=1","width":688,"height":177,"caption":"Delta Microscopies"},"image":{"@id":"https:\/\/www.deltamicroscopies.com\/en\/#\/schema\/logo\/image\/"},"sameAs":["https:\/\/www.instagram.com\/emsdiasum\/","https:\/\/www.youtube.com\/channel\/UCkSsQQq74DhyLXNg_9RPorQ"]}]}},"_links":{"self":[{"href":"https:\/\/www.deltamicroscopies.com\/en\/wp-json\/wp\/v2\/product\/302973","targetHints":{"allow":["GET"]}}],"collection":[{"href":"https:\/\/www.deltamicroscopies.com\/en\/wp-json\/wp\/v2\/product"}],"about":[{"href":"https:\/\/www.deltamicroscopies.com\/en\/wp-json\/wp\/v2\/types\/product"}],"replies":[{"embeddable":true,"href":"https:\/\/www.deltamicroscopies.com\/en\/wp-json\/wp\/v2\/comments?post=302973"}],"wp:featuredmedia":[{"embeddable":true,"href":"https:\/\/www.deltamicroscopies.com\/en\/wp-json\/wp\/v2\/media\/285494"}],"wp:attachment":[{"href":"https:\/\/www.deltamicroscopies.com\/en\/wp-json\/wp\/v2\/media?parent=302973"}],"wp:term":[{"taxonomy":"product_brand","embeddable":true,"href":"https:\/\/www.deltamicroscopies.com\/en\/wp-json\/wp\/v2\/product_brand?post=302973"},{"taxonomy":"product_cat","embeddable":true,"href":"https:\/\/www.deltamicroscopies.com\/en\/wp-json\/wp\/v2\/product_cat?post=302973"},{"taxonomy":"product_tag","embeddable":true,"href":"https:\/\/www.deltamicroscopies.com\/en\/wp-json\/wp\/v2\/product_tag?post=302973"}],"curies":[{"name":"wp","href":"https:\/\/api.w.org\/{rel}","templated":true}]}}