{"id":303028,"date":"2018-12-05T09:41:50","date_gmt":"2018-12-05T08:41:50","guid":{"rendered":"https:\/\/www.deltamicroscopies.com\/produit\/em-tec-hs10-m4-cylinder-stub-round-clamp-up-to-o10mm-o15x10mm-m4\/"},"modified":"2022-03-15T16:27:49","modified_gmt":"2022-03-15T15:27:49","slug":"em-tec-hs10-m4-cylinder-stub-round-clamp-up-to-o10mm-o15x10mm-m4","status":"publish","type":"product","link":"https:\/\/www.deltamicroscopies.com\/en\/products\/em-tec-hs10-m4-cylinder-stub-round-clamp-up-to-o10mm-o15x10mm-m4\/","title":{"rendered":"EM-Tec HS10 M4 cylinder stub round clamp up to \u00d810mm, \u00d815x10mm, M4"},"content":{"rendered":"<p>The compact EM-Tec cylinder stub based for Hitachi SEMs are based on either the \u00d815mm or the \u00d825mm Hitachi M4 sample stubs. They can be used directly on the Hitachi SEM stage adapters and the EM-Tec SEM stage adapters with M4 thread. They are perfect for the Hitachi TM1000, TM3000, TM3030 table top SEMs, but will be very useful on all other Hitachi SEMs as well.<\/p>\n","protected":false},"excerpt":{"rendered":"<h4><strong>each<\/strong><\/h4>\n","protected":false},"featured_media":285482,"comment_status":"open","ping_status":"closed","template":"","meta":{"_et_pb_use_builder":"","_et_pb_old_content":"","_et_gb_content_width":"","inline_featured_image":false},"product_brand":[1914],"product_cat":[1376,1440,1296,1297,1365],"product_tag":[],"class_list":{"0":"post-303028","1":"product","2":"type-product","3":"status-publish","4":"has-post-thumbnail","6":"product_brand-hitachi","7":"product_cat-accessoires-par-marque-de-microscope-en","8":"product_cat-hitachi-tm-microscope-de-table-en","9":"product_cat-supports-et-adaptateurs-en","10":"product_cat-tubes-cylindres-plots-supports-et-adaptateurs-en","11":"product_cat-meb-sem-en","13":"first","14":"instock","15":"taxable","16":"shipping-taxable","17":"purchasable","18":"product-type-simple"},"yoast_head":"<!-- This site is optimized with the Yoast SEO plugin v27.4 - https:\/\/yoast.com\/product\/yoast-seo-wordpress\/ -->\n<title>EM-Tec HS10 M4 cylinder stub round clamp up to \u00d810mm, \u00d815x10mm, M4 - Delta Microscopies<\/title>\n<meta name=\"robots\" content=\"index, follow, max-snippet:-1, max-image-preview:large, max-video-preview:-1\" \/>\n<link rel=\"canonical\" href=\"https:\/\/www.deltamicroscopies.com\/en\/products\/em-tec-hs10-m4-cylinder-stub-round-clamp-up-to-o10mm-o15x10mm-m4\/\" \/>\n<meta property=\"og:locale\" content=\"en_US\" \/>\n<meta property=\"og:type\" content=\"article\" \/>\n<meta property=\"og:title\" content=\"EM-Tec HS10 M4 cylinder stub round clamp up to \u00d810mm, \u00d815x10mm, M4 - Delta Microscopies\" \/>\n<meta property=\"og:description\" content=\"each\" \/>\n<meta property=\"og:url\" content=\"https:\/\/www.deltamicroscopies.com\/en\/products\/em-tec-hs10-m4-cylinder-stub-round-clamp-up-to-o10mm-o15x10mm-m4\/\" \/>\n<meta property=\"og:site_name\" content=\"Delta Microscopies\" \/>\n<meta property=\"article:modified_time\" content=\"2022-03-15T15:27:49+00:00\" \/>\n<meta property=\"og:image\" content=\"https:\/\/www.deltamicroscopies.com\/wp-content\/uploads\/2018\/12\/D12-000307-EM-Tec_HS10_Hitachi_M4_adapter_for_9mm_JEOL_stubs15x10mm_M4.jpg\" \/>\n\t<meta property=\"og:image:width\" content=\"300\" \/>\n\t<meta property=\"og:image:height\" content=\"300\" \/>\n\t<meta property=\"og:image:type\" content=\"image\/jpeg\" \/>\n<!-- \/ Yoast SEO plugin. -->","yoast_head_json":{"title":"EM-Tec HS10 M4 cylinder stub round clamp up to \u00d810mm, \u00d815x10mm, M4 - Delta Microscopies","robots":{"index":"index","follow":"follow","max-snippet":"max-snippet:-1","max-image-preview":"max-image-preview:large","max-video-preview":"max-video-preview:-1"},"canonical":"https:\/\/www.deltamicroscopies.com\/en\/products\/em-tec-hs10-m4-cylinder-stub-round-clamp-up-to-o10mm-o15x10mm-m4\/","og_locale":"en_US","og_type":"article","og_title":"EM-Tec HS10 M4 cylinder stub round clamp up to \u00d810mm, \u00d815x10mm, M4 - Delta Microscopies","og_description":"each","og_url":"https:\/\/www.deltamicroscopies.com\/en\/products\/em-tec-hs10-m4-cylinder-stub-round-clamp-up-to-o10mm-o15x10mm-m4\/","og_site_name":"Delta Microscopies","article_modified_time":"2022-03-15T15:27:49+00:00","og_image":[{"width":300,"height":300,"url":"https:\/\/www.deltamicroscopies.com\/wp-content\/uploads\/2018\/12\/D12-000307-EM-Tec_HS10_Hitachi_M4_adapter_for_9mm_JEOL_stubs15x10mm_M4.jpg","type":"image\/jpeg"}],"schema":{"@context":"https:\/\/schema.org","@graph":[{"@type":"WebPage","@id":"https:\/\/www.deltamicroscopies.com\/en\/products\/em-tec-hs10-m4-cylinder-stub-round-clamp-up-to-o10mm-o15x10mm-m4\/","url":"https:\/\/www.deltamicroscopies.com\/en\/products\/em-tec-hs10-m4-cylinder-stub-round-clamp-up-to-o10mm-o15x10mm-m4\/","name":"EM-Tec HS10 M4 cylinder stub round clamp up to \u00d810mm, \u00d815x10mm, M4 - Delta Microscopies","isPartOf":{"@id":"https:\/\/www.deltamicroscopies.com\/en\/#website"},"primaryImageOfPage":{"@id":"https:\/\/www.deltamicroscopies.com\/en\/products\/em-tec-hs10-m4-cylinder-stub-round-clamp-up-to-o10mm-o15x10mm-m4\/#primaryimage"},"image":{"@id":"https:\/\/www.deltamicroscopies.com\/en\/products\/em-tec-hs10-m4-cylinder-stub-round-clamp-up-to-o10mm-o15x10mm-m4\/#primaryimage"},"thumbnailUrl":"https:\/\/efb7cwj5g4q.exactdn.com\/wp-content\/uploads\/2018\/12\/D12-000307-EM-Tec_HS10_Hitachi_M4_adapter_for_9mm_JEOL_stubs15x10mm_M4.jpg?strip=all","datePublished":"2018-12-05T08:41:50+00:00","dateModified":"2022-03-15T15:27:49+00:00","breadcrumb":{"@id":"https:\/\/www.deltamicroscopies.com\/en\/products\/em-tec-hs10-m4-cylinder-stub-round-clamp-up-to-o10mm-o15x10mm-m4\/#breadcrumb"},"inLanguage":"en-US","potentialAction":[{"@type":"ReadAction","target":["https:\/\/www.deltamicroscopies.com\/en\/products\/em-tec-hs10-m4-cylinder-stub-round-clamp-up-to-o10mm-o15x10mm-m4\/"]}]},{"@type":"ImageObject","inLanguage":"en-US","@id":"https:\/\/www.deltamicroscopies.com\/en\/products\/em-tec-hs10-m4-cylinder-stub-round-clamp-up-to-o10mm-o15x10mm-m4\/#primaryimage","url":"https:\/\/efb7cwj5g4q.exactdn.com\/wp-content\/uploads\/2018\/12\/D12-000307-EM-Tec_HS10_Hitachi_M4_adapter_for_9mm_JEOL_stubs15x10mm_M4.jpg?strip=all","contentUrl":"https:\/\/efb7cwj5g4q.exactdn.com\/wp-content\/uploads\/2018\/12\/D12-000307-EM-Tec_HS10_Hitachi_M4_adapter_for_9mm_JEOL_stubs15x10mm_M4.jpg?strip=all","width":300,"height":300},{"@type":"BreadcrumbList","@id":"https:\/\/www.deltamicroscopies.com\/en\/products\/em-tec-hs10-m4-cylinder-stub-round-clamp-up-to-o10mm-o15x10mm-m4\/#breadcrumb","itemListElement":[{"@type":"ListItem","position":1,"name":"Accueil","item":"https:\/\/www.deltamicroscopies.com\/en\/home-3\/"},{"@type":"ListItem","position":2,"name":"Our products","item":"https:\/\/www.deltamicroscopies.com\/en\/shop\/"},{"@type":"ListItem","position":3,"name":"EM-Tec HS10 M4 cylinder stub round clamp up to \u00d810mm, \u00d815x10mm, M4"}]},{"@type":"WebSite","@id":"https:\/\/www.deltamicroscopies.com\/en\/#website","url":"https:\/\/www.deltamicroscopies.com\/en\/","name":"Delta Microscopies","description":"Des microscopistes \u00e0 votre service.","publisher":{"@id":"https:\/\/www.deltamicroscopies.com\/en\/#organization"},"potentialAction":[{"@type":"SearchAction","target":{"@type":"EntryPoint","urlTemplate":"https:\/\/www.deltamicroscopies.com\/en\/?s={search_term_string}"},"query-input":{"@type":"PropertyValueSpecification","valueRequired":true,"valueName":"search_term_string"}}],"inLanguage":"en-US"},{"@type":"Organization","@id":"https:\/\/www.deltamicroscopies.com\/en\/#organization","name":"Delta Microscopies","url":"https:\/\/www.deltamicroscopies.com\/en\/","logo":{"@type":"ImageObject","inLanguage":"en-US","@id":"https:\/\/www.deltamicroscopies.com\/en\/#\/schema\/logo\/image\/","url":"https:\/\/efb7cwj5g4q.exactdn.com\/wp-content\/uploads\/2019\/09\/DELTAM_LOGO_RVB-1-1.png?strip=all&lossy=1&ssl=1","contentUrl":"https:\/\/efb7cwj5g4q.exactdn.com\/wp-content\/uploads\/2019\/09\/DELTAM_LOGO_RVB-1-1.png?strip=all&lossy=1&ssl=1","width":688,"height":177,"caption":"Delta Microscopies"},"image":{"@id":"https:\/\/www.deltamicroscopies.com\/en\/#\/schema\/logo\/image\/"},"sameAs":["https:\/\/www.instagram.com\/emsdiasum\/","https:\/\/www.youtube.com\/channel\/UCkSsQQq74DhyLXNg_9RPorQ"]}]}},"_links":{"self":[{"href":"https:\/\/www.deltamicroscopies.com\/en\/wp-json\/wp\/v2\/product\/303028","targetHints":{"allow":["GET"]}}],"collection":[{"href":"https:\/\/www.deltamicroscopies.com\/en\/wp-json\/wp\/v2\/product"}],"about":[{"href":"https:\/\/www.deltamicroscopies.com\/en\/wp-json\/wp\/v2\/types\/product"}],"replies":[{"embeddable":true,"href":"https:\/\/www.deltamicroscopies.com\/en\/wp-json\/wp\/v2\/comments?post=303028"}],"wp:featuredmedia":[{"embeddable":true,"href":"https:\/\/www.deltamicroscopies.com\/en\/wp-json\/wp\/v2\/media\/285482"}],"wp:attachment":[{"href":"https:\/\/www.deltamicroscopies.com\/en\/wp-json\/wp\/v2\/media?parent=303028"}],"wp:term":[{"taxonomy":"product_brand","embeddable":true,"href":"https:\/\/www.deltamicroscopies.com\/en\/wp-json\/wp\/v2\/product_brand?post=303028"},{"taxonomy":"product_cat","embeddable":true,"href":"https:\/\/www.deltamicroscopies.com\/en\/wp-json\/wp\/v2\/product_cat?post=303028"},{"taxonomy":"product_tag","embeddable":true,"href":"https:\/\/www.deltamicroscopies.com\/en\/wp-json\/wp\/v2\/product_tag?post=303028"}],"curies":[{"name":"wp","href":"https:\/\/api.w.org\/{rel}","templated":true}]}}