{"id":303113,"date":"2018-12-04T11:05:57","date_gmt":"2018-12-04T10:05:57","guid":{"rendered":"https:\/\/www.deltamicroscopies.com\/produit\/standards-de-calibration-a-faible-grossissement-meb-et-microscopie-optique\/"},"modified":"2018-12-04T11:05:57","modified_gmt":"2018-12-04T10:05:57","slug":"standards-de-calibration-a-faible-grossissement-meb-et-microscopie-optique","status":"publish","type":"product","link":"https:\/\/www.deltamicroscopies.com\/en\/products\/standards-de-calibration-a-faible-grossissement-meb-et-microscopie-optique\/","title":{"rendered":"Standards de calibration \u00e0 faible grossissement MEB et Microscopie optique"},"content":{"rendered":"<h4><strong>Low Magnification Calibration Standards and Color Calibration Slides<\/strong><\/h4>\n<h5><em><strong>Available for SEM and LM<\/strong><\/em><\/h5>\n<p>&nbsp;<\/p>\n<h6><strong><em>Sp\u00e9cimen de test de silicium<\/em><\/strong><br \/>\nCet \u00e9chantillon de test est constitu\u00e9 d&#8217;un carr\u00e9 de silicium monocristallin de <strong>5 mm x 5 mm<\/strong>. Il est photo grav\u00e9 et les carr\u00e9s se r\u00e9p\u00e8tent tous les 10\u00b5m. <strong>Les lignes de division ont une largeur de 1,9 \u00b5m.<\/strong><\/h6>\n<p>Une ligne de gravure plus large est apparente tous les<strong> 500 \u00b5m<\/strong>, ce qui est<strong> utile en microscopie optique<\/strong>. Il s&#8217;agit d&#8217;un excellent sp\u00e9cimen de test<br \/>\npour comparer le grossissement et \u00e9valuer les distorsions dans le champ de l&#8217;image.<br \/>\nIl est id\u00e9alement utile, dans le contexte des <strong>syst\u00e8mes de comptage automatis\u00e9<\/strong>, de rechercher des <strong>distorsions<\/strong> inattendues. Lorsque des mesures critiques doivent \u00eatre effectu\u00e9es, l&#8217;\u00e9chantillon peut \u00eatre mont\u00e9 directement sur le sp\u00e9cimen d&#8217;\u00e9talonnage, de mani\u00e8re \u00e0 obtenir un \u00e9talonnage interne sur le micro-graphique.<\/p>\n","protected":false},"excerpt":{"rendered":"<p>Low Magnification Calibration Standards and Color Calibration Slides Available for SEM and LM &nbsp; Sp\u00e9cimen de test de silicium Cet \u00e9chantillon de test est constitu\u00e9 d&#8217;un carr\u00e9 de silicium monocristallin de 5 mm x 5 mm. Il est photo grav\u00e9 et les carr\u00e9s se r\u00e9p\u00e8tent tous les 10\u00b5m. Les lignes de division ont une largeur [&hellip;]<\/p>\n","protected":false},"featured_media":285416,"comment_status":"open","ping_status":"closed","template":"","meta":{"_et_pb_use_builder":"","_et_pb_old_content":"","_et_gb_content_width":"","inline_featured_image":false},"product_brand":[],"product_cat":[1383,1096],"product_tag":[],"class_list":{"0":"post-303113","1":"product","2":"type-product","3":"status-publish","4":"has-post-thumbnail","6":"product_cat-low-magnification-calibration-standards-and-color-calibration-slides-sem-lm-en","7":"product_cat-standards","9":"first","10":"outofstock","11":"taxable","12":"shipping-taxable","13":"purchasable","14":"product-type-variable"},"yoast_head":"<!-- This site is optimized with the Yoast SEO plugin v27.4 - https:\/\/yoast.com\/product\/yoast-seo-wordpress\/ -->\n<title>Standards de calibration \u00e0 faible grossissement MEB et Microscopie optique - Delta Microscopies<\/title>\n<meta name=\"robots\" content=\"index, follow, max-snippet:-1, max-image-preview:large, max-video-preview:-1\" \/>\n<link rel=\"canonical\" href=\"https:\/\/www.deltamicroscopies.com\/en\/products\/standards-de-calibration-a-faible-grossissement-meb-et-microscopie-optique\/\" \/>\n<meta property=\"og:locale\" content=\"en_US\" \/>\n<meta property=\"og:type\" content=\"article\" \/>\n<meta property=\"og:title\" content=\"Standards de calibration \u00e0 faible grossissement MEB et Microscopie optique - Delta Microscopies\" \/>\n<meta property=\"og:description\" content=\"Low Magnification Calibration Standards and Color Calibration Slides Available for SEM and LM &nbsp; Sp\u00e9cimen de test de silicium Cet \u00e9chantillon de test est constitu\u00e9 d&#8217;un carr\u00e9 de silicium monocristallin de 5 mm x 5 mm. Il est photo grav\u00e9 et les carr\u00e9s se r\u00e9p\u00e8tent tous les 10\u00b5m. Les lignes de division ont une largeur [&hellip;]\" \/>\n<meta property=\"og:url\" content=\"https:\/\/www.deltamicroscopies.com\/en\/products\/standards-de-calibration-a-faible-grossissement-meb-et-microscopie-optique\/\" \/>\n<meta property=\"og:site_name\" content=\"Delta Microscopies\" \/>\n<meta property=\"og:image\" content=\"https:\/\/www.deltamicroscopies.com\/wp-content\/uploads\/2018\/12\/standards-D79502.png\" \/>\n\t<meta property=\"og:image:width\" content=\"288\" \/>\n\t<meta property=\"og:image:height\" content=\"179\" \/>\n\t<meta property=\"og:image:type\" content=\"image\/png\" \/>\n<meta name=\"twitter:label1\" content=\"Est. reading time\" \/>\n\t<meta name=\"twitter:data1\" content=\"1 minute\" \/>\n<!-- \/ Yoast SEO plugin. -->","yoast_head_json":{"title":"Standards de calibration \u00e0 faible grossissement MEB et Microscopie optique - Delta Microscopies","robots":{"index":"index","follow":"follow","max-snippet":"max-snippet:-1","max-image-preview":"max-image-preview:large","max-video-preview":"max-video-preview:-1"},"canonical":"https:\/\/www.deltamicroscopies.com\/en\/products\/standards-de-calibration-a-faible-grossissement-meb-et-microscopie-optique\/","og_locale":"en_US","og_type":"article","og_title":"Standards de calibration \u00e0 faible grossissement MEB et Microscopie optique - Delta Microscopies","og_description":"Low Magnification Calibration Standards and Color Calibration Slides Available for SEM and LM &nbsp; Sp\u00e9cimen de test de silicium Cet \u00e9chantillon de test est constitu\u00e9 d&#8217;un carr\u00e9 de silicium monocristallin de 5 mm x 5 mm. Il est photo grav\u00e9 et les carr\u00e9s se r\u00e9p\u00e8tent tous les 10\u00b5m. Les lignes de division ont une largeur [&hellip;]","og_url":"https:\/\/www.deltamicroscopies.com\/en\/products\/standards-de-calibration-a-faible-grossissement-meb-et-microscopie-optique\/","og_site_name":"Delta Microscopies","og_image":[{"width":288,"height":179,"url":"https:\/\/www.deltamicroscopies.com\/wp-content\/uploads\/2018\/12\/standards-D79502.png","type":"image\/png"}],"twitter_misc":{"Est. reading time":"1 minute"},"schema":{"@context":"https:\/\/schema.org","@graph":[{"@type":"WebPage","@id":"https:\/\/www.deltamicroscopies.com\/en\/products\/standards-de-calibration-a-faible-grossissement-meb-et-microscopie-optique\/","url":"https:\/\/www.deltamicroscopies.com\/en\/products\/standards-de-calibration-a-faible-grossissement-meb-et-microscopie-optique\/","name":"Standards de calibration \u00e0 faible grossissement MEB et Microscopie optique - Delta Microscopies","isPartOf":{"@id":"https:\/\/www.deltamicroscopies.com\/en\/#website"},"primaryImageOfPage":{"@id":"https:\/\/www.deltamicroscopies.com\/en\/products\/standards-de-calibration-a-faible-grossissement-meb-et-microscopie-optique\/#primaryimage"},"image":{"@id":"https:\/\/www.deltamicroscopies.com\/en\/products\/standards-de-calibration-a-faible-grossissement-meb-et-microscopie-optique\/#primaryimage"},"thumbnailUrl":"https:\/\/efb7cwj5g4q.exactdn.com\/wp-content\/uploads\/2018\/12\/standards-D79502.png?strip=all","datePublished":"2018-12-04T10:05:57+00:00","breadcrumb":{"@id":"https:\/\/www.deltamicroscopies.com\/en\/products\/standards-de-calibration-a-faible-grossissement-meb-et-microscopie-optique\/#breadcrumb"},"inLanguage":"en-US","potentialAction":[{"@type":"ReadAction","target":["https:\/\/www.deltamicroscopies.com\/en\/products\/standards-de-calibration-a-faible-grossissement-meb-et-microscopie-optique\/"]}]},{"@type":"ImageObject","inLanguage":"en-US","@id":"https:\/\/www.deltamicroscopies.com\/en\/products\/standards-de-calibration-a-faible-grossissement-meb-et-microscopie-optique\/#primaryimage","url":"https:\/\/efb7cwj5g4q.exactdn.com\/wp-content\/uploads\/2018\/12\/standards-D79502.png?strip=all","contentUrl":"https:\/\/efb7cwj5g4q.exactdn.com\/wp-content\/uploads\/2018\/12\/standards-D79502.png?strip=all","width":288,"height":179},{"@type":"BreadcrumbList","@id":"https:\/\/www.deltamicroscopies.com\/en\/products\/standards-de-calibration-a-faible-grossissement-meb-et-microscopie-optique\/#breadcrumb","itemListElement":[{"@type":"ListItem","position":1,"name":"Accueil","item":"https:\/\/www.deltamicroscopies.com\/en\/home-3\/"},{"@type":"ListItem","position":2,"name":"Our products","item":"https:\/\/www.deltamicroscopies.com\/en\/shop\/"},{"@type":"ListItem","position":3,"name":"Standards de calibration \u00e0 faible grossissement MEB et Microscopie optique"}]},{"@type":"WebSite","@id":"https:\/\/www.deltamicroscopies.com\/en\/#website","url":"https:\/\/www.deltamicroscopies.com\/en\/","name":"Delta Microscopies","description":"Des microscopistes \u00e0 votre service.","publisher":{"@id":"https:\/\/www.deltamicroscopies.com\/en\/#organization"},"potentialAction":[{"@type":"SearchAction","target":{"@type":"EntryPoint","urlTemplate":"https:\/\/www.deltamicroscopies.com\/en\/?s={search_term_string}"},"query-input":{"@type":"PropertyValueSpecification","valueRequired":true,"valueName":"search_term_string"}}],"inLanguage":"en-US"},{"@type":"Organization","@id":"https:\/\/www.deltamicroscopies.com\/en\/#organization","name":"Delta Microscopies","url":"https:\/\/www.deltamicroscopies.com\/en\/","logo":{"@type":"ImageObject","inLanguage":"en-US","@id":"https:\/\/www.deltamicroscopies.com\/en\/#\/schema\/logo\/image\/","url":"https:\/\/efb7cwj5g4q.exactdn.com\/wp-content\/uploads\/2019\/09\/DELTAM_LOGO_RVB-1-1.png?strip=all&lossy=1&ssl=1","contentUrl":"https:\/\/efb7cwj5g4q.exactdn.com\/wp-content\/uploads\/2019\/09\/DELTAM_LOGO_RVB-1-1.png?strip=all&lossy=1&ssl=1","width":688,"height":177,"caption":"Delta Microscopies"},"image":{"@id":"https:\/\/www.deltamicroscopies.com\/en\/#\/schema\/logo\/image\/"},"sameAs":["https:\/\/www.instagram.com\/emsdiasum\/","https:\/\/www.youtube.com\/channel\/UCkSsQQq74DhyLXNg_9RPorQ"]}]}},"_links":{"self":[{"href":"https:\/\/www.deltamicroscopies.com\/en\/wp-json\/wp\/v2\/product\/303113","targetHints":{"allow":["GET"]}}],"collection":[{"href":"https:\/\/www.deltamicroscopies.com\/en\/wp-json\/wp\/v2\/product"}],"about":[{"href":"https:\/\/www.deltamicroscopies.com\/en\/wp-json\/wp\/v2\/types\/product"}],"replies":[{"embeddable":true,"href":"https:\/\/www.deltamicroscopies.com\/en\/wp-json\/wp\/v2\/comments?post=303113"}],"wp:featuredmedia":[{"embeddable":true,"href":"https:\/\/www.deltamicroscopies.com\/en\/wp-json\/wp\/v2\/media\/285416"}],"wp:attachment":[{"href":"https:\/\/www.deltamicroscopies.com\/en\/wp-json\/wp\/v2\/media?parent=303113"}],"wp:term":[{"taxonomy":"product_brand","embeddable":true,"href":"https:\/\/www.deltamicroscopies.com\/en\/wp-json\/wp\/v2\/product_brand?post=303113"},{"taxonomy":"product_cat","embeddable":true,"href":"https:\/\/www.deltamicroscopies.com\/en\/wp-json\/wp\/v2\/product_cat?post=303113"},{"taxonomy":"product_tag","embeddable":true,"href":"https:\/\/www.deltamicroscopies.com\/en\/wp-json\/wp\/v2\/product_tag?post=303113"}],"curies":[{"name":"wp","href":"https:\/\/api.w.org\/{rel}","templated":true}]}}