{"id":303224,"date":"2018-11-28T11:23:15","date_gmt":"2018-11-28T10:23:15","guid":{"rendered":"https:\/\/www.deltamicroscopies.com\/produit\/em-tec-cs9-4-c-square-multi-pin-stub-holder-for-9x-o12-7mm-or-4-x-o25-4mm-pin-stubs-o14mm-jeol-stub\/"},"modified":"2022-03-16T11:21:13","modified_gmt":"2022-03-16T10:21:13","slug":"em-tec-cs9-4-c-square-multi-pin-stub-holder-for-9x-o12-7mm-or-4-x-o25-4mm-pin-stubs-o14mm-jeol-stub","status":"publish","type":"product","link":"https:\/\/www.deltamicroscopies.com\/en\/products\/em-tec-cs9-4-c-square-multi-pin-stub-holder-for-9x-o12-7mm-or-4-x-o25-4mm-pin-stubs-o14mm-jeol-stub\/","title":{"rendered":"EM-Tec CS9\/4 C-Square multi pin stub holder for 9x \u00d812.7mm or 4 x \u00d825.4mm pin stubs, \u00d814mm JEOL stub"},"content":{"rendered":"<p>The EM-Tec C-Square multi pin stub holders are primarily designed to hold multiple \u00d812.7mm and\/or \u00d825.4mm pin stubs with the standard 3.2mm pin diameter. Larger or smaller pin stubs can also be used on the EM-Tec C-Square multi pin stub holders. They offer optimum X-Y coverage of the SEM stage and allow for easy alignment with the square sides and additionally engraved lines in X-Y directions. To facilitate quick and easy loading and exchange of the pin stubs, proprietary conductive gripping O-rings hold the pin stubs in place and provide a conductive path at the same time. The EM-Tec C-Square multi pin stub holders are available in 7 different sizes:<br \/>\n&#8211; EM-Tec CS9\/4 C-Square multi pin stub holder for 9x \u00d812.7mm or 4 x \u00d825.4mm pin stubs<br \/>\n&#8211; EM-Tec CS16\/4 C-Square multi pin stub holder for 16x \u00d812.7mm or 4 x \u00d825.4mm pin stubs<br \/>\n&#8211; EM-Tec CS18\/6 C-Square multi pin stub holder for 18x \u00d812.7mm or 6 x \u00d825.4mm pin stubs<br \/>\n&#8211; EM-Tec CS25\/4 C-Square multi pin stub holder for 25x \u00d812.7mm or 4 x or 9 x \u00d825.4mm pin stubs<br \/>\n&#8211; EM-Tec CS36\/9 C-Square multi pin stub holder for 36x \u00d812.7mm or 9 x \u00d825.4mm pin stubs<br \/>\n&#8211; EM-Tec CS49\/9 C-Square multi pin stub holder for 49x \u00d812.7mm or 9 x \u00d825.4mm pin stubs<br \/>\n&#8211; EM-Tec CS64\/16 C-Square multi pin stub holder for 64 x \u00d812.7mm or 16 x \u00d825.4mm pin stubs<\/p>\n<p>Feature and benefits of the EM-Tec C-Square multi pin stub holders:<br \/>\n&#8211; Conductive pin gripping O-rings for quick and easy exchange of stubs<br \/>\n&#8211; Compatible with standard pin stubs and short Zeiss pin stubs with 3.2mm pin diameter<br \/>\n&#8211; Square holders optimised for X-Y travel directions<br \/>\n&#8211; Reference point in the upper right corner<br \/>\n&#8211; Easy programmable locations<br \/>\n&#8211; Alphanumeric location ID<br \/>\n&#8211; Engraved orientation lines to facilitate X-Y alignment<br \/>\n&#8211; Fully compatible with all EM-Tec SEM stage adapters<\/p>\n<p>&#8211; Ideal for automated SEM\/EDX particle analysis and GSR analysis<br \/>\n&#8211; Suitable for correlative &amp; corroborative microscopy applications<\/p>\n<p>The EM-Tec C-Square multi pin stub SEM holders are available with:<br \/>\n&#8211; standard pin to fit on SEM which use the standard pin; FEI, Philips, Tescan, Phenom, Pemtron, Aspex, RJLee, AmRay,\u00a0 Cambridge Instruments, Leica, CamScan, ETEC and Novascan SEMs.<br \/>\n&#8211; M4 threaded hole compatible with Hitachi SEMs, FESEMs and table top SEMs and with the EM-Tec versatile SEM stage adapters<br \/>\n&#8211; \u00d814mm JEOL stub compatible with JEOL and EM-Tec stage adapters with a \u00d814mm connection<\/p>\n","protected":false},"excerpt":{"rendered":"<p>The EM-Tec C-Square multi pin stub holders are primarily designed to hold multiple \u00d812.7mm and\/or \u00d825.4mm pin stubs with the standard 3.2mm pin diameter. Larger or smaller pin stubs can also be used on the EM-Tec C-Square multi pin stub holders. They offer optimum X-Y coverage of the SEM stage and allow for easy alignment [&hellip;]<\/p>\n","protected":false},"featured_media":285303,"comment_status":"open","ping_status":"closed","template":"","meta":{"_et_pb_use_builder":"","_et_pb_old_content":"","_et_gb_content_width":"","inline_featured_image":false},"product_brand":[1914,1915],"product_cat":[1376,1296,1297,1439,1365],"product_tag":[],"class_list":{"0":"post-303224","1":"product","2":"type-product","3":"status-publish","4":"has-post-thumbnail","6":"product_brand-hitachi","7":"product_brand-jeol","8":"product_cat-accessoires-par-marque-de-microscope-en","9":"product_cat-supports-et-adaptateurs-en","10":"product_cat-tubes-cylindres-plots-supports-et-adaptateurs-en","11":"product_cat-jeol-et-neoscope-en","12":"product_cat-meb-sem-en","14":"first","15":"instock","16":"taxable","17":"shipping-taxable","18":"purchasable","19":"product-type-simple"},"yoast_head":"<!-- This site is optimized with the Yoast SEO plugin v27.4 - https:\/\/yoast.com\/product\/yoast-seo-wordpress\/ -->\n<title>EM-Tec CS9\/4 C-Square multi pin stub holder for 9x \u00d812.7mm or 4 x \u00d825.4mm pin stubs, \u00d814mm JEOL stub - Delta Microscopies<\/title>\n<meta name=\"robots\" content=\"index, follow, max-snippet:-1, max-image-preview:large, max-video-preview:-1\" \/>\n<link rel=\"canonical\" href=\"https:\/\/www.deltamicroscopies.com\/en\/products\/em-tec-cs9-4-c-square-multi-pin-stub-holder-for-9x-o12-7mm-or-4-x-o25-4mm-pin-stubs-o14mm-jeol-stub\/\" \/>\n<meta property=\"og:locale\" content=\"en_US\" \/>\n<meta property=\"og:type\" content=\"article\" \/>\n<meta property=\"og:title\" content=\"EM-Tec CS9\/4 C-Square multi pin stub holder for 9x \u00d812.7mm or 4 x \u00d825.4mm pin stubs, \u00d814mm JEOL stub - Delta Microscopies\" \/>\n<meta property=\"og:description\" content=\"The EM-Tec C-Square multi pin stub holders are primarily designed to hold multiple \u00d812.7mm and\/or \u00d825.4mm pin stubs with the standard 3.2mm pin diameter. Larger or smaller pin stubs can also be used on the EM-Tec C-Square multi pin stub holders. They offer optimum X-Y coverage of the SEM stage and allow for easy alignment [&hellip;]\" \/>\n<meta property=\"og:url\" content=\"https:\/\/www.deltamicroscopies.com\/en\/products\/em-tec-cs9-4-c-square-multi-pin-stub-holder-for-9x-o12-7mm-or-4-x-o25-4mm-pin-stubs-o14mm-jeol-stub\/\" \/>\n<meta property=\"og:site_name\" content=\"Delta Microscopies\" \/>\n<meta property=\"article:modified_time\" content=\"2022-03-16T10:21:13+00:00\" \/>\n<meta property=\"og:image\" content=\"https:\/\/www.deltamicroscopies.com\/wp-content\/uploads\/2018\/11\/D12-006332-EM-Tec_CS9__4_C-Square_multi_pin_stub_holder_for_9xdiam12mm_or_4xdiam25mm_pin_stubs_JEOL.jpg\" \/>\n\t<meta property=\"og:image:width\" content=\"300\" \/>\n\t<meta property=\"og:image:height\" content=\"300\" \/>\n\t<meta property=\"og:image:type\" content=\"image\/jpeg\" \/>\n<meta name=\"twitter:label1\" content=\"Est. reading time\" \/>\n\t<meta name=\"twitter:data1\" content=\"2 minutes\" \/>\n<!-- \/ Yoast SEO plugin. -->","yoast_head_json":{"title":"EM-Tec CS9\/4 C-Square multi pin stub holder for 9x \u00d812.7mm or 4 x \u00d825.4mm pin stubs, \u00d814mm JEOL stub - Delta Microscopies","robots":{"index":"index","follow":"follow","max-snippet":"max-snippet:-1","max-image-preview":"max-image-preview:large","max-video-preview":"max-video-preview:-1"},"canonical":"https:\/\/www.deltamicroscopies.com\/en\/products\/em-tec-cs9-4-c-square-multi-pin-stub-holder-for-9x-o12-7mm-or-4-x-o25-4mm-pin-stubs-o14mm-jeol-stub\/","og_locale":"en_US","og_type":"article","og_title":"EM-Tec CS9\/4 C-Square multi pin stub holder for 9x \u00d812.7mm or 4 x \u00d825.4mm pin stubs, \u00d814mm JEOL stub - Delta Microscopies","og_description":"The EM-Tec C-Square multi pin stub holders are primarily designed to hold multiple \u00d812.7mm and\/or \u00d825.4mm pin stubs with the standard 3.2mm pin diameter. Larger or smaller pin stubs can also be used on the EM-Tec C-Square multi pin stub holders. They offer optimum X-Y coverage of the SEM stage and allow for easy alignment [&hellip;]","og_url":"https:\/\/www.deltamicroscopies.com\/en\/products\/em-tec-cs9-4-c-square-multi-pin-stub-holder-for-9x-o12-7mm-or-4-x-o25-4mm-pin-stubs-o14mm-jeol-stub\/","og_site_name":"Delta Microscopies","article_modified_time":"2022-03-16T10:21:13+00:00","og_image":[{"width":300,"height":300,"url":"https:\/\/www.deltamicroscopies.com\/wp-content\/uploads\/2018\/11\/D12-006332-EM-Tec_CS9__4_C-Square_multi_pin_stub_holder_for_9xdiam12mm_or_4xdiam25mm_pin_stubs_JEOL.jpg","type":"image\/jpeg"}],"twitter_misc":{"Est. reading time":"2 minutes"},"schema":{"@context":"https:\/\/schema.org","@graph":[{"@type":"WebPage","@id":"https:\/\/www.deltamicroscopies.com\/en\/products\/em-tec-cs9-4-c-square-multi-pin-stub-holder-for-9x-o12-7mm-or-4-x-o25-4mm-pin-stubs-o14mm-jeol-stub\/","url":"https:\/\/www.deltamicroscopies.com\/en\/products\/em-tec-cs9-4-c-square-multi-pin-stub-holder-for-9x-o12-7mm-or-4-x-o25-4mm-pin-stubs-o14mm-jeol-stub\/","name":"EM-Tec CS9\/4 C-Square multi pin stub holder for 9x \u00d812.7mm or 4 x \u00d825.4mm pin stubs, \u00d814mm JEOL stub - Delta Microscopies","isPartOf":{"@id":"https:\/\/www.deltamicroscopies.com\/en\/#website"},"primaryImageOfPage":{"@id":"https:\/\/www.deltamicroscopies.com\/en\/products\/em-tec-cs9-4-c-square-multi-pin-stub-holder-for-9x-o12-7mm-or-4-x-o25-4mm-pin-stubs-o14mm-jeol-stub\/#primaryimage"},"image":{"@id":"https:\/\/www.deltamicroscopies.com\/en\/products\/em-tec-cs9-4-c-square-multi-pin-stub-holder-for-9x-o12-7mm-or-4-x-o25-4mm-pin-stubs-o14mm-jeol-stub\/#primaryimage"},"thumbnailUrl":"https:\/\/efb7cwj5g4q.exactdn.com\/wp-content\/uploads\/2018\/11\/D12-006332-EM-Tec_CS9__4_C-Square_multi_pin_stub_holder_for_9xdiam12mm_or_4xdiam25mm_pin_stubs_JEOL.jpg?strip=all","datePublished":"2018-11-28T10:23:15+00:00","dateModified":"2022-03-16T10:21:13+00:00","breadcrumb":{"@id":"https:\/\/www.deltamicroscopies.com\/en\/products\/em-tec-cs9-4-c-square-multi-pin-stub-holder-for-9x-o12-7mm-or-4-x-o25-4mm-pin-stubs-o14mm-jeol-stub\/#breadcrumb"},"inLanguage":"en-US","potentialAction":[{"@type":"ReadAction","target":["https:\/\/www.deltamicroscopies.com\/en\/products\/em-tec-cs9-4-c-square-multi-pin-stub-holder-for-9x-o12-7mm-or-4-x-o25-4mm-pin-stubs-o14mm-jeol-stub\/"]}]},{"@type":"ImageObject","inLanguage":"en-US","@id":"https:\/\/www.deltamicroscopies.com\/en\/products\/em-tec-cs9-4-c-square-multi-pin-stub-holder-for-9x-o12-7mm-or-4-x-o25-4mm-pin-stubs-o14mm-jeol-stub\/#primaryimage","url":"https:\/\/efb7cwj5g4q.exactdn.com\/wp-content\/uploads\/2018\/11\/D12-006332-EM-Tec_CS9__4_C-Square_multi_pin_stub_holder_for_9xdiam12mm_or_4xdiam25mm_pin_stubs_JEOL.jpg?strip=all","contentUrl":"https:\/\/efb7cwj5g4q.exactdn.com\/wp-content\/uploads\/2018\/11\/D12-006332-EM-Tec_CS9__4_C-Square_multi_pin_stub_holder_for_9xdiam12mm_or_4xdiam25mm_pin_stubs_JEOL.jpg?strip=all","width":300,"height":300},{"@type":"BreadcrumbList","@id":"https:\/\/www.deltamicroscopies.com\/en\/products\/em-tec-cs9-4-c-square-multi-pin-stub-holder-for-9x-o12-7mm-or-4-x-o25-4mm-pin-stubs-o14mm-jeol-stub\/#breadcrumb","itemListElement":[{"@type":"ListItem","position":1,"name":"Accueil","item":"https:\/\/www.deltamicroscopies.com\/en\/home-3\/"},{"@type":"ListItem","position":2,"name":"Our products","item":"https:\/\/www.deltamicroscopies.com\/en\/shop\/"},{"@type":"ListItem","position":3,"name":"EM-Tec CS9\/4 C-Square multi pin stub holder for 9x \u00d812.7mm or 4 x \u00d825.4mm pin stubs, \u00d814mm JEOL stub"}]},{"@type":"WebSite","@id":"https:\/\/www.deltamicroscopies.com\/en\/#website","url":"https:\/\/www.deltamicroscopies.com\/en\/","name":"Delta Microscopies","description":"Des microscopistes \u00e0 votre service.","publisher":{"@id":"https:\/\/www.deltamicroscopies.com\/en\/#organization"},"potentialAction":[{"@type":"SearchAction","target":{"@type":"EntryPoint","urlTemplate":"https:\/\/www.deltamicroscopies.com\/en\/?s={search_term_string}"},"query-input":{"@type":"PropertyValueSpecification","valueRequired":true,"valueName":"search_term_string"}}],"inLanguage":"en-US"},{"@type":"Organization","@id":"https:\/\/www.deltamicroscopies.com\/en\/#organization","name":"Delta Microscopies","url":"https:\/\/www.deltamicroscopies.com\/en\/","logo":{"@type":"ImageObject","inLanguage":"en-US","@id":"https:\/\/www.deltamicroscopies.com\/en\/#\/schema\/logo\/image\/","url":"https:\/\/efb7cwj5g4q.exactdn.com\/wp-content\/uploads\/2019\/09\/DELTAM_LOGO_RVB-1-1.png?strip=all&lossy=1&ssl=1","contentUrl":"https:\/\/efb7cwj5g4q.exactdn.com\/wp-content\/uploads\/2019\/09\/DELTAM_LOGO_RVB-1-1.png?strip=all&lossy=1&ssl=1","width":688,"height":177,"caption":"Delta Microscopies"},"image":{"@id":"https:\/\/www.deltamicroscopies.com\/en\/#\/schema\/logo\/image\/"},"sameAs":["https:\/\/www.instagram.com\/emsdiasum\/","https:\/\/www.youtube.com\/channel\/UCkSsQQq74DhyLXNg_9RPorQ"]}]}},"_links":{"self":[{"href":"https:\/\/www.deltamicroscopies.com\/en\/wp-json\/wp\/v2\/product\/303224","targetHints":{"allow":["GET"]}}],"collection":[{"href":"https:\/\/www.deltamicroscopies.com\/en\/wp-json\/wp\/v2\/product"}],"about":[{"href":"https:\/\/www.deltamicroscopies.com\/en\/wp-json\/wp\/v2\/types\/product"}],"replies":[{"embeddable":true,"href":"https:\/\/www.deltamicroscopies.com\/en\/wp-json\/wp\/v2\/comments?post=303224"}],"wp:featuredmedia":[{"embeddable":true,"href":"https:\/\/www.deltamicroscopies.com\/en\/wp-json\/wp\/v2\/media\/285303"}],"wp:attachment":[{"href":"https:\/\/www.deltamicroscopies.com\/en\/wp-json\/wp\/v2\/media?parent=303224"}],"wp:term":[{"taxonomy":"product_brand","embeddable":true,"href":"https:\/\/www.deltamicroscopies.com\/en\/wp-json\/wp\/v2\/product_brand?post=303224"},{"taxonomy":"product_cat","embeddable":true,"href":"https:\/\/www.deltamicroscopies.com\/en\/wp-json\/wp\/v2\/product_cat?post=303224"},{"taxonomy":"product_tag","embeddable":true,"href":"https:\/\/www.deltamicroscopies.com\/en\/wp-json\/wp\/v2\/product_tag?post=303224"}],"curies":[{"name":"wp","href":"https:\/\/api.w.org\/{rel}","templated":true}]}}