{"id":303248,"date":"2018-11-28T09:27:16","date_gmt":"2018-11-28T08:27:16","guid":{"rendered":"https:\/\/www.deltamicroscopies.com\/produit\/em-tec-r51-bulk-sample-holder-for-up-to-o51mm-aluminium-o14mm-jeol-stub\/"},"modified":"2022-03-16T11:23:23","modified_gmt":"2022-03-16T10:23:23","slug":"em-tec-r51-bulk-sample-holder-for-up-to-o51mm-aluminium-o14mm-jeol-stub","status":"publish","type":"product","link":"https:\/\/www.deltamicroscopies.com\/en\/products\/em-tec-r51-bulk-sample-holder-for-up-to-o51mm-aluminium-o14mm-jeol-stub\/","title":{"rendered":"EM-Tec R51 bulk sample holder for up to \u00d851mm, aluminium, \u00d814mm JEOL stub"},"content":{"rendered":"<p>EM-Tec R51 with \u00d814mm JEOL stub. Round type bulk sample holder with three brackets for round and awkwardly shaped samples up to \u00d851mm. Equally useful as metallographic mounts holder for 50mm \/ 2\u201d mounts. Made from vacuum grade aluminium. Provided with 9 set screws.<\/p>\n","protected":false},"excerpt":{"rendered":"<h4><strong>each<\/strong><\/h4>\n","protected":false},"featured_media":285641,"comment_status":"open","ping_status":"closed","template":"","meta":{"_et_pb_use_builder":"","_et_pb_old_content":"","_et_gb_content_width":"","inline_featured_image":false},"product_brand":[1915],"product_cat":[1376,1296,1297,1439,1365],"product_tag":[1507],"class_list":{"0":"post-303248","1":"product","2":"type-product","3":"status-publish","4":"has-post-thumbnail","6":"product_brand-jeol","7":"product_cat-accessoires-par-marque-de-microscope-en","8":"product_cat-supports-et-adaptateurs-en","9":"product_cat-tubes-cylindres-plots-supports-et-adaptateurs-en","10":"product_cat-jeol-et-neoscope-en","11":"product_cat-meb-sem-en","12":"product_tag-jeol-en","14":"first","15":"instock","16":"taxable","17":"shipping-taxable","18":"purchasable","19":"product-type-simple"},"yoast_head":"<!-- This site is optimized with the Yoast SEO plugin v27.4 - https:\/\/yoast.com\/product\/yoast-seo-wordpress\/ -->\n<title>EM-Tec R51 bulk sample holder for up to \u00d851mm, aluminium, \u00d814mm JEOL stub - Delta Microscopies<\/title>\n<meta name=\"robots\" content=\"index, follow, max-snippet:-1, max-image-preview:large, max-video-preview:-1\" \/>\n<link rel=\"canonical\" href=\"https:\/\/www.deltamicroscopies.com\/en\/products\/em-tec-r51-bulk-sample-holder-for-up-to-o51mm-aluminium-o14mm-jeol-stub\/\" \/>\n<meta property=\"og:locale\" content=\"en_US\" \/>\n<meta property=\"og:type\" content=\"article\" \/>\n<meta property=\"og:title\" content=\"EM-Tec R51 bulk sample holder for up to \u00d851mm, aluminium, \u00d814mm JEOL stub - Delta Microscopies\" \/>\n<meta property=\"og:description\" content=\"each\" \/>\n<meta property=\"og:url\" content=\"https:\/\/www.deltamicroscopies.com\/en\/products\/em-tec-r51-bulk-sample-holder-for-up-to-o51mm-aluminium-o14mm-jeol-stub\/\" \/>\n<meta property=\"og:site_name\" content=\"Delta Microscopies\" \/>\n<meta property=\"article:modified_time\" content=\"2022-03-16T10:23:23+00:00\" \/>\n<meta property=\"og:image\" content=\"https:\/\/www.deltamicroscopies.com\/wp-content\/uploads\/2018\/11\/D12-000653-EM-Tec_R51_bulk_sample_holder_for_up_to-51mm_aluminium-JEOL.jpg\" \/>\n\t<meta property=\"og:image:width\" content=\"300\" \/>\n\t<meta property=\"og:image:height\" content=\"300\" \/>\n\t<meta property=\"og:image:type\" content=\"image\/jpeg\" \/>\n<!-- \/ Yoast SEO plugin. -->","yoast_head_json":{"title":"EM-Tec R51 bulk sample holder for up to \u00d851mm, aluminium, \u00d814mm JEOL stub - Delta Microscopies","robots":{"index":"index","follow":"follow","max-snippet":"max-snippet:-1","max-image-preview":"max-image-preview:large","max-video-preview":"max-video-preview:-1"},"canonical":"https:\/\/www.deltamicroscopies.com\/en\/products\/em-tec-r51-bulk-sample-holder-for-up-to-o51mm-aluminium-o14mm-jeol-stub\/","og_locale":"en_US","og_type":"article","og_title":"EM-Tec R51 bulk sample holder for up to \u00d851mm, aluminium, \u00d814mm JEOL stub - Delta Microscopies","og_description":"each","og_url":"https:\/\/www.deltamicroscopies.com\/en\/products\/em-tec-r51-bulk-sample-holder-for-up-to-o51mm-aluminium-o14mm-jeol-stub\/","og_site_name":"Delta Microscopies","article_modified_time":"2022-03-16T10:23:23+00:00","og_image":[{"width":300,"height":300,"url":"https:\/\/www.deltamicroscopies.com\/wp-content\/uploads\/2018\/11\/D12-000653-EM-Tec_R51_bulk_sample_holder_for_up_to-51mm_aluminium-JEOL.jpg","type":"image\/jpeg"}],"schema":{"@context":"https:\/\/schema.org","@graph":[{"@type":"WebPage","@id":"https:\/\/www.deltamicroscopies.com\/en\/products\/em-tec-r51-bulk-sample-holder-for-up-to-o51mm-aluminium-o14mm-jeol-stub\/","url":"https:\/\/www.deltamicroscopies.com\/en\/products\/em-tec-r51-bulk-sample-holder-for-up-to-o51mm-aluminium-o14mm-jeol-stub\/","name":"EM-Tec R51 bulk sample holder for up to \u00d851mm, aluminium, \u00d814mm JEOL stub - Delta Microscopies","isPartOf":{"@id":"https:\/\/www.deltamicroscopies.com\/en\/#website"},"primaryImageOfPage":{"@id":"https:\/\/www.deltamicroscopies.com\/en\/products\/em-tec-r51-bulk-sample-holder-for-up-to-o51mm-aluminium-o14mm-jeol-stub\/#primaryimage"},"image":{"@id":"https:\/\/www.deltamicroscopies.com\/en\/products\/em-tec-r51-bulk-sample-holder-for-up-to-o51mm-aluminium-o14mm-jeol-stub\/#primaryimage"},"thumbnailUrl":"https:\/\/efb7cwj5g4q.exactdn.com\/wp-content\/uploads\/2018\/11\/D12-000653-EM-Tec_R51_bulk_sample_holder_for_up_to-51mm_aluminium-JEOL.jpg?strip=all","datePublished":"2018-11-28T08:27:16+00:00","dateModified":"2022-03-16T10:23:23+00:00","breadcrumb":{"@id":"https:\/\/www.deltamicroscopies.com\/en\/products\/em-tec-r51-bulk-sample-holder-for-up-to-o51mm-aluminium-o14mm-jeol-stub\/#breadcrumb"},"inLanguage":"en-US","potentialAction":[{"@type":"ReadAction","target":["https:\/\/www.deltamicroscopies.com\/en\/products\/em-tec-r51-bulk-sample-holder-for-up-to-o51mm-aluminium-o14mm-jeol-stub\/"]}]},{"@type":"ImageObject","inLanguage":"en-US","@id":"https:\/\/www.deltamicroscopies.com\/en\/products\/em-tec-r51-bulk-sample-holder-for-up-to-o51mm-aluminium-o14mm-jeol-stub\/#primaryimage","url":"https:\/\/efb7cwj5g4q.exactdn.com\/wp-content\/uploads\/2018\/11\/D12-000653-EM-Tec_R51_bulk_sample_holder_for_up_to-51mm_aluminium-JEOL.jpg?strip=all","contentUrl":"https:\/\/efb7cwj5g4q.exactdn.com\/wp-content\/uploads\/2018\/11\/D12-000653-EM-Tec_R51_bulk_sample_holder_for_up_to-51mm_aluminium-JEOL.jpg?strip=all","width":300,"height":300},{"@type":"BreadcrumbList","@id":"https:\/\/www.deltamicroscopies.com\/en\/products\/em-tec-r51-bulk-sample-holder-for-up-to-o51mm-aluminium-o14mm-jeol-stub\/#breadcrumb","itemListElement":[{"@type":"ListItem","position":1,"name":"Accueil","item":"https:\/\/www.deltamicroscopies.com\/en\/home-3\/"},{"@type":"ListItem","position":2,"name":"Our products","item":"https:\/\/www.deltamicroscopies.com\/en\/shop\/"},{"@type":"ListItem","position":3,"name":"EM-Tec R51 bulk sample holder for up to \u00d851mm, aluminium, \u00d814mm JEOL stub"}]},{"@type":"WebSite","@id":"https:\/\/www.deltamicroscopies.com\/en\/#website","url":"https:\/\/www.deltamicroscopies.com\/en\/","name":"Delta Microscopies","description":"Des microscopistes \u00e0 votre service.","publisher":{"@id":"https:\/\/www.deltamicroscopies.com\/en\/#organization"},"potentialAction":[{"@type":"SearchAction","target":{"@type":"EntryPoint","urlTemplate":"https:\/\/www.deltamicroscopies.com\/en\/?s={search_term_string}"},"query-input":{"@type":"PropertyValueSpecification","valueRequired":true,"valueName":"search_term_string"}}],"inLanguage":"en-US"},{"@type":"Organization","@id":"https:\/\/www.deltamicroscopies.com\/en\/#organization","name":"Delta Microscopies","url":"https:\/\/www.deltamicroscopies.com\/en\/","logo":{"@type":"ImageObject","inLanguage":"en-US","@id":"https:\/\/www.deltamicroscopies.com\/en\/#\/schema\/logo\/image\/","url":"https:\/\/efb7cwj5g4q.exactdn.com\/wp-content\/uploads\/2019\/09\/DELTAM_LOGO_RVB-1-1.png?strip=all&lossy=1&ssl=1","contentUrl":"https:\/\/efb7cwj5g4q.exactdn.com\/wp-content\/uploads\/2019\/09\/DELTAM_LOGO_RVB-1-1.png?strip=all&lossy=1&ssl=1","width":688,"height":177,"caption":"Delta Microscopies"},"image":{"@id":"https:\/\/www.deltamicroscopies.com\/en\/#\/schema\/logo\/image\/"},"sameAs":["https:\/\/www.instagram.com\/emsdiasum\/","https:\/\/www.youtube.com\/channel\/UCkSsQQq74DhyLXNg_9RPorQ"]}]}},"_links":{"self":[{"href":"https:\/\/www.deltamicroscopies.com\/en\/wp-json\/wp\/v2\/product\/303248","targetHints":{"allow":["GET"]}}],"collection":[{"href":"https:\/\/www.deltamicroscopies.com\/en\/wp-json\/wp\/v2\/product"}],"about":[{"href":"https:\/\/www.deltamicroscopies.com\/en\/wp-json\/wp\/v2\/types\/product"}],"replies":[{"embeddable":true,"href":"https:\/\/www.deltamicroscopies.com\/en\/wp-json\/wp\/v2\/comments?post=303248"}],"wp:featuredmedia":[{"embeddable":true,"href":"https:\/\/www.deltamicroscopies.com\/en\/wp-json\/wp\/v2\/media\/285641"}],"wp:attachment":[{"href":"https:\/\/www.deltamicroscopies.com\/en\/wp-json\/wp\/v2\/media?parent=303248"}],"wp:term":[{"taxonomy":"product_brand","embeddable":true,"href":"https:\/\/www.deltamicroscopies.com\/en\/wp-json\/wp\/v2\/product_brand?post=303248"},{"taxonomy":"product_cat","embeddable":true,"href":"https:\/\/www.deltamicroscopies.com\/en\/wp-json\/wp\/v2\/product_cat?post=303248"},{"taxonomy":"product_tag","embeddable":true,"href":"https:\/\/www.deltamicroscopies.com\/en\/wp-json\/wp\/v2\/product_tag?post=303248"}],"curies":[{"name":"wp","href":"https:\/\/api.w.org\/{rel}","templated":true}]}}