{"id":303300,"date":"2018-11-23T09:45:12","date_gmt":"2018-11-23T08:45:12","guid":{"rendered":"https:\/\/www.deltamicroscopies.com\/produit\/em-tec-j4-multi-stub-holder-for-4-x-o9-5mm-jeol-stubs-o31-5x10mm-m4\/"},"modified":"2023-02-04T00:04:30","modified_gmt":"2023-02-03T23:04:30","slug":"em-tec-j4-multi-stub-holder-for-4-x-o9-5mm-jeol-stubs-o31-5x10mm-m4","status":"publish","type":"product","link":"https:\/\/www.deltamicroscopies.com\/en\/products\/em-tec-j4-multi-stub-holder-for-4-x-o9-5mm-jeol-stubs-o31-5x10mm-m4\/","title":{"rendered":"EM-Tec J4 multi stub holder for 4 x \u00d89.5mm JEOL stubs, \u00d831.5x10mm, M4"},"content":{"rendered":"<p>The EM-Tec multiple stub holders offer an efficient and cost-effective way to load multiple sample stubs with specimens in the SEM. Using multiple stub holders saves time, allows multi sample processing or allows for quickly comparing samples against each other. Three types are offered:<br \/>\n&#8211; EM-Tec J4 multiple stub holders for 4 of the \u00d89.5mm JEOL SEM stubs<br \/>\n&#8211; EM-Tec J3 multiple stub holders for 3 of the \u00d812.2mm JEOL SEM stubs<br \/>\n&#8211; EM-Tec J7 multiple stub holder for 7 of the \u00d812.2mm JEOL SEM stubs<\/p>\n<p>The EM-Tec J4 and J3 are based on a \u00d832x10mm JEOL sample stub and accommodate either 4 of the \u00d89.5mm or 3 of the \u00d812.2mm diameter JEOL cylinder stubs. The EM-Tec J7 is a larger disc of \u00d850x15mm. Available formats are:<br \/>\n&#8211; JEOL \u00d832x10mm cylinder stub compatible format for JEOL SEMs<br \/>\n&#8211; Pin for SEMs using pin stubs<br \/>\n&#8211; M4 threaded hole for Hitachi SEMs or the versatile EM-Tec SEM stage adapters<\/p>\n","protected":false},"excerpt":{"rendered":"<h4><strong>each<\/strong><\/h4>\n","protected":false},"featured_media":285189,"comment_status":"open","ping_status":"closed","template":"","meta":{"_et_pb_use_builder":"","_et_pb_old_content":"","_et_gb_content_width":"","inline_featured_image":false},"product_brand":[1914,1915],"product_cat":[1365,1433],"product_tag":[1507],"class_list":{"0":"post-303300","1":"product","2":"type-product","3":"status-publish","4":"has-post-thumbnail","6":"product_brand-hitachi","7":"product_brand-jeol","8":"product_cat-meb-sem-en","9":"product_cat-accessoires-divers-en","10":"product_tag-jeol-en","12":"first","13":"instock","14":"taxable","15":"shipping-taxable","16":"purchasable","17":"product-type-simple"},"yoast_head":"<!-- This site is optimized with the Yoast SEO plugin v27.4 - https:\/\/yoast.com\/product\/yoast-seo-wordpress\/ -->\n<title>EM-Tec J4 multi stub holder for 4 x \u00d89.5mm JEOL stubs, \u00d831.5x10mm, M4 - Delta Microscopies<\/title>\n<meta name=\"robots\" content=\"index, follow, max-snippet:-1, max-image-preview:large, max-video-preview:-1\" \/>\n<link rel=\"canonical\" href=\"https:\/\/www.deltamicroscopies.com\/en\/products\/em-tec-j4-multi-stub-holder-for-4-x-o9-5mm-jeol-stubs-o31-5x10mm-m4\/\" \/>\n<meta property=\"og:locale\" content=\"en_US\" \/>\n<meta property=\"og:type\" content=\"article\" \/>\n<meta property=\"og:title\" content=\"EM-Tec J4 multi stub holder for 4 x \u00d89.5mm JEOL stubs, \u00d831.5x10mm, M4 - Delta Microscopies\" \/>\n<meta property=\"og:description\" content=\"each\" \/>\n<meta property=\"og:url\" content=\"https:\/\/www.deltamicroscopies.com\/en\/products\/em-tec-j4-multi-stub-holder-for-4-x-o9-5mm-jeol-stubs-o31-5x10mm-m4\/\" \/>\n<meta property=\"og:site_name\" content=\"Delta Microscopies\" \/>\n<meta property=\"article:modified_time\" content=\"2023-02-03T23:04:30+00:00\" \/>\n<meta property=\"og:image\" content=\"https:\/\/www.deltamicroscopies.com\/wp-content\/uploads\/2018\/11\/D12-000312-EM-Tec_multi_stub_holder_for_4_x9mm_JEOL_stubs-31x10mmM4.jpg\" \/>\n\t<meta property=\"og:image:width\" content=\"300\" \/>\n\t<meta property=\"og:image:height\" content=\"300\" \/>\n\t<meta property=\"og:image:type\" content=\"image\/jpeg\" \/>\n<meta name=\"twitter:label1\" content=\"Est. reading time\" \/>\n\t<meta name=\"twitter:data1\" content=\"1 minute\" \/>\n<!-- \/ Yoast SEO plugin. -->","yoast_head_json":{"title":"EM-Tec J4 multi stub holder for 4 x \u00d89.5mm JEOL stubs, \u00d831.5x10mm, M4 - Delta Microscopies","robots":{"index":"index","follow":"follow","max-snippet":"max-snippet:-1","max-image-preview":"max-image-preview:large","max-video-preview":"max-video-preview:-1"},"canonical":"https:\/\/www.deltamicroscopies.com\/en\/products\/em-tec-j4-multi-stub-holder-for-4-x-o9-5mm-jeol-stubs-o31-5x10mm-m4\/","og_locale":"en_US","og_type":"article","og_title":"EM-Tec J4 multi stub holder for 4 x \u00d89.5mm JEOL stubs, \u00d831.5x10mm, M4 - Delta Microscopies","og_description":"each","og_url":"https:\/\/www.deltamicroscopies.com\/en\/products\/em-tec-j4-multi-stub-holder-for-4-x-o9-5mm-jeol-stubs-o31-5x10mm-m4\/","og_site_name":"Delta Microscopies","article_modified_time":"2023-02-03T23:04:30+00:00","og_image":[{"width":300,"height":300,"url":"https:\/\/www.deltamicroscopies.com\/wp-content\/uploads\/2018\/11\/D12-000312-EM-Tec_multi_stub_holder_for_4_x9mm_JEOL_stubs-31x10mmM4.jpg","type":"image\/jpeg"}],"twitter_misc":{"Est. reading time":"1 minute"},"schema":{"@context":"https:\/\/schema.org","@graph":[{"@type":"WebPage","@id":"https:\/\/www.deltamicroscopies.com\/en\/products\/em-tec-j4-multi-stub-holder-for-4-x-o9-5mm-jeol-stubs-o31-5x10mm-m4\/","url":"https:\/\/www.deltamicroscopies.com\/en\/products\/em-tec-j4-multi-stub-holder-for-4-x-o9-5mm-jeol-stubs-o31-5x10mm-m4\/","name":"EM-Tec J4 multi stub holder for 4 x \u00d89.5mm JEOL stubs, \u00d831.5x10mm, M4 - Delta Microscopies","isPartOf":{"@id":"https:\/\/www.deltamicroscopies.com\/en\/#website"},"primaryImageOfPage":{"@id":"https:\/\/www.deltamicroscopies.com\/en\/products\/em-tec-j4-multi-stub-holder-for-4-x-o9-5mm-jeol-stubs-o31-5x10mm-m4\/#primaryimage"},"image":{"@id":"https:\/\/www.deltamicroscopies.com\/en\/products\/em-tec-j4-multi-stub-holder-for-4-x-o9-5mm-jeol-stubs-o31-5x10mm-m4\/#primaryimage"},"thumbnailUrl":"https:\/\/efb7cwj5g4q.exactdn.com\/wp-content\/uploads\/2018\/11\/D12-000312-EM-Tec_multi_stub_holder_for_4_x9mm_JEOL_stubs-31x10mmM4.jpg?strip=all","datePublished":"2018-11-23T08:45:12+00:00","dateModified":"2023-02-03T23:04:30+00:00","breadcrumb":{"@id":"https:\/\/www.deltamicroscopies.com\/en\/products\/em-tec-j4-multi-stub-holder-for-4-x-o9-5mm-jeol-stubs-o31-5x10mm-m4\/#breadcrumb"},"inLanguage":"en-US","potentialAction":[{"@type":"ReadAction","target":["https:\/\/www.deltamicroscopies.com\/en\/products\/em-tec-j4-multi-stub-holder-for-4-x-o9-5mm-jeol-stubs-o31-5x10mm-m4\/"]}]},{"@type":"ImageObject","inLanguage":"en-US","@id":"https:\/\/www.deltamicroscopies.com\/en\/products\/em-tec-j4-multi-stub-holder-for-4-x-o9-5mm-jeol-stubs-o31-5x10mm-m4\/#primaryimage","url":"https:\/\/efb7cwj5g4q.exactdn.com\/wp-content\/uploads\/2018\/11\/D12-000312-EM-Tec_multi_stub_holder_for_4_x9mm_JEOL_stubs-31x10mmM4.jpg?strip=all","contentUrl":"https:\/\/efb7cwj5g4q.exactdn.com\/wp-content\/uploads\/2018\/11\/D12-000312-EM-Tec_multi_stub_holder_for_4_x9mm_JEOL_stubs-31x10mmM4.jpg?strip=all","width":300,"height":300},{"@type":"BreadcrumbList","@id":"https:\/\/www.deltamicroscopies.com\/en\/products\/em-tec-j4-multi-stub-holder-for-4-x-o9-5mm-jeol-stubs-o31-5x10mm-m4\/#breadcrumb","itemListElement":[{"@type":"ListItem","position":1,"name":"Accueil","item":"https:\/\/www.deltamicroscopies.com\/en\/home-3\/"},{"@type":"ListItem","position":2,"name":"Our products","item":"https:\/\/www.deltamicroscopies.com\/en\/shop\/"},{"@type":"ListItem","position":3,"name":"EM-Tec J4 multi stub holder for 4 x \u00d89.5mm JEOL stubs, \u00d831.5x10mm, M4"}]},{"@type":"WebSite","@id":"https:\/\/www.deltamicroscopies.com\/en\/#website","url":"https:\/\/www.deltamicroscopies.com\/en\/","name":"Delta Microscopies","description":"Des microscopistes \u00e0 votre service.","publisher":{"@id":"https:\/\/www.deltamicroscopies.com\/en\/#organization"},"potentialAction":[{"@type":"SearchAction","target":{"@type":"EntryPoint","urlTemplate":"https:\/\/www.deltamicroscopies.com\/en\/?s={search_term_string}"},"query-input":{"@type":"PropertyValueSpecification","valueRequired":true,"valueName":"search_term_string"}}],"inLanguage":"en-US"},{"@type":"Organization","@id":"https:\/\/www.deltamicroscopies.com\/en\/#organization","name":"Delta Microscopies","url":"https:\/\/www.deltamicroscopies.com\/en\/","logo":{"@type":"ImageObject","inLanguage":"en-US","@id":"https:\/\/www.deltamicroscopies.com\/en\/#\/schema\/logo\/image\/","url":"https:\/\/efb7cwj5g4q.exactdn.com\/wp-content\/uploads\/2019\/09\/DELTAM_LOGO_RVB-1-1.png?strip=all&lossy=1&ssl=1","contentUrl":"https:\/\/efb7cwj5g4q.exactdn.com\/wp-content\/uploads\/2019\/09\/DELTAM_LOGO_RVB-1-1.png?strip=all&lossy=1&ssl=1","width":688,"height":177,"caption":"Delta Microscopies"},"image":{"@id":"https:\/\/www.deltamicroscopies.com\/en\/#\/schema\/logo\/image\/"},"sameAs":["https:\/\/www.instagram.com\/emsdiasum\/","https:\/\/www.youtube.com\/channel\/UCkSsQQq74DhyLXNg_9RPorQ"]}]}},"_links":{"self":[{"href":"https:\/\/www.deltamicroscopies.com\/en\/wp-json\/wp\/v2\/product\/303300","targetHints":{"allow":["GET"]}}],"collection":[{"href":"https:\/\/www.deltamicroscopies.com\/en\/wp-json\/wp\/v2\/product"}],"about":[{"href":"https:\/\/www.deltamicroscopies.com\/en\/wp-json\/wp\/v2\/types\/product"}],"replies":[{"embeddable":true,"href":"https:\/\/www.deltamicroscopies.com\/en\/wp-json\/wp\/v2\/comments?post=303300"}],"wp:featuredmedia":[{"embeddable":true,"href":"https:\/\/www.deltamicroscopies.com\/en\/wp-json\/wp\/v2\/media\/285189"}],"wp:attachment":[{"href":"https:\/\/www.deltamicroscopies.com\/en\/wp-json\/wp\/v2\/media?parent=303300"}],"wp:term":[{"taxonomy":"product_brand","embeddable":true,"href":"https:\/\/www.deltamicroscopies.com\/en\/wp-json\/wp\/v2\/product_brand?post=303300"},{"taxonomy":"product_cat","embeddable":true,"href":"https:\/\/www.deltamicroscopies.com\/en\/wp-json\/wp\/v2\/product_cat?post=303300"},{"taxonomy":"product_tag","embeddable":true,"href":"https:\/\/www.deltamicroscopies.com\/en\/wp-json\/wp\/v2\/product_tag?post=303300"}],"curies":[{"name":"wp","href":"https:\/\/api.w.org\/{rel}","templated":true}]}}