{"id":303356,"date":"2018-11-22T11:29:23","date_gmt":"2018-11-22T10:29:23","guid":{"rendered":"https:\/\/www.deltamicroscopies.com\/produit\/phenom-pha32-adapter-ring-to-hold-25mm-1-inch-diameter-mounts-in-the-phenom-metallurgical-holder\/"},"modified":"2018-11-22T11:29:23","modified_gmt":"2018-11-22T10:29:23","slug":"phenom-pha32-adapter-ring-to-hold-25mm-1-inch-diameter-mounts-in-the-phenom-metallurgical-holder","status":"publish","type":"product","link":"https:\/\/www.deltamicroscopies.com\/en\/products\/phenom-pha32-adapter-ring-to-hold-25mm-1-inch-diameter-mounts-in-the-phenom-metallurgical-holder\/","title":{"rendered":"Phenom PHA32 adapter ring to hold 25mm\/1 inch diameter mounts in the Phenom metallurgical holder"},"content":{"rendered":"<p>Phenom PHA32 adapter ring which enables the examination of \u00d825mm or 1\u201d metallographic or petrographic mounts in the Phenom metallurgical holder. Outside diameter \u00d832mm, inside diameter \u00d826mm with a 0.5mm thin ridge and an opening of \u00d822mm. Fully compatible with the Phenom metallurgical sample holder.<\/p>\n","protected":false},"excerpt":{"rendered":"<h4><strong>each<\/strong><\/h4>\n","protected":false},"featured_media":285191,"comment_status":"open","ping_status":"closed","template":"","meta":{"_et_pb_use_builder":"","_et_pb_old_content":"","_et_gb_content_width":"","inline_featured_image":false},"product_brand":[],"product_cat":[1376,1296,1365],"product_tag":[1726],"class_list":{"0":"post-303356","1":"product","2":"type-product","3":"status-publish","4":"has-post-thumbnail","6":"product_cat-accessoires-par-marque-de-microscope-en","7":"product_cat-supports-et-adaptateurs-en","8":"product_cat-meb-sem-en","9":"product_tag-phenom-en","11":"first","12":"instock","13":"taxable","14":"shipping-taxable","15":"purchasable","16":"product-type-simple"},"yoast_head":"<!-- This site is optimized with the Yoast SEO plugin v27.4 - https:\/\/yoast.com\/product\/yoast-seo-wordpress\/ -->\n<title>Phenom PHA32 adapter ring to hold 25mm\/1 inch diameter mounts in the Phenom metallurgical holder - Delta Microscopies<\/title>\n<meta name=\"robots\" content=\"index, follow, max-snippet:-1, max-image-preview:large, max-video-preview:-1\" \/>\n<link rel=\"canonical\" href=\"https:\/\/www.deltamicroscopies.com\/en\/products\/phenom-pha32-adapter-ring-to-hold-25mm-1-inch-diameter-mounts-in-the-phenom-metallurgical-holder\/\" \/>\n<meta property=\"og:locale\" content=\"en_US\" \/>\n<meta property=\"og:type\" content=\"article\" \/>\n<meta property=\"og:title\" content=\"Phenom PHA32 adapter ring to hold 25mm\/1 inch diameter mounts in the Phenom metallurgical holder - Delta Microscopies\" \/>\n<meta property=\"og:description\" content=\"each\" \/>\n<meta property=\"og:url\" content=\"https:\/\/www.deltamicroscopies.com\/en\/products\/phenom-pha32-adapter-ring-to-hold-25mm-1-inch-diameter-mounts-in-the-phenom-metallurgical-holder\/\" \/>\n<meta property=\"og:site_name\" content=\"Delta Microscopies\" \/>\n<meta property=\"og:image\" content=\"https:\/\/www.deltamicroscopies.com\/wp-content\/uploads\/2018\/11\/D11-000632-EM-Tec_PHA32_adapter_ring-25mm-1mounts-Phenom-metallurgical-holder.jpg\" \/>\n\t<meta property=\"og:image:width\" content=\"300\" \/>\n\t<meta property=\"og:image:height\" content=\"300\" \/>\n\t<meta property=\"og:image:type\" content=\"image\/jpeg\" \/>\n<!-- \/ Yoast SEO plugin. -->","yoast_head_json":{"title":"Phenom PHA32 adapter ring to hold 25mm\/1 inch diameter mounts in the Phenom metallurgical holder - Delta Microscopies","robots":{"index":"index","follow":"follow","max-snippet":"max-snippet:-1","max-image-preview":"max-image-preview:large","max-video-preview":"max-video-preview:-1"},"canonical":"https:\/\/www.deltamicroscopies.com\/en\/products\/phenom-pha32-adapter-ring-to-hold-25mm-1-inch-diameter-mounts-in-the-phenom-metallurgical-holder\/","og_locale":"en_US","og_type":"article","og_title":"Phenom PHA32 adapter ring to hold 25mm\/1 inch diameter mounts in the Phenom metallurgical holder - Delta Microscopies","og_description":"each","og_url":"https:\/\/www.deltamicroscopies.com\/en\/products\/phenom-pha32-adapter-ring-to-hold-25mm-1-inch-diameter-mounts-in-the-phenom-metallurgical-holder\/","og_site_name":"Delta Microscopies","og_image":[{"width":300,"height":300,"url":"https:\/\/www.deltamicroscopies.com\/wp-content\/uploads\/2018\/11\/D11-000632-EM-Tec_PHA32_adapter_ring-25mm-1mounts-Phenom-metallurgical-holder.jpg","type":"image\/jpeg"}],"schema":{"@context":"https:\/\/schema.org","@graph":[{"@type":"WebPage","@id":"https:\/\/www.deltamicroscopies.com\/en\/products\/phenom-pha32-adapter-ring-to-hold-25mm-1-inch-diameter-mounts-in-the-phenom-metallurgical-holder\/","url":"https:\/\/www.deltamicroscopies.com\/en\/products\/phenom-pha32-adapter-ring-to-hold-25mm-1-inch-diameter-mounts-in-the-phenom-metallurgical-holder\/","name":"Phenom PHA32 adapter ring to hold 25mm\/1 inch diameter mounts in the Phenom metallurgical holder - Delta Microscopies","isPartOf":{"@id":"https:\/\/www.deltamicroscopies.com\/en\/#website"},"primaryImageOfPage":{"@id":"https:\/\/www.deltamicroscopies.com\/en\/products\/phenom-pha32-adapter-ring-to-hold-25mm-1-inch-diameter-mounts-in-the-phenom-metallurgical-holder\/#primaryimage"},"image":{"@id":"https:\/\/www.deltamicroscopies.com\/en\/products\/phenom-pha32-adapter-ring-to-hold-25mm-1-inch-diameter-mounts-in-the-phenom-metallurgical-holder\/#primaryimage"},"thumbnailUrl":"https:\/\/efb7cwj5g4q.exactdn.com\/wp-content\/uploads\/2018\/11\/D11-000632-EM-Tec_PHA32_adapter_ring-25mm-1mounts-Phenom-metallurgical-holder.jpg?strip=all","datePublished":"2018-11-22T10:29:23+00:00","breadcrumb":{"@id":"https:\/\/www.deltamicroscopies.com\/en\/products\/phenom-pha32-adapter-ring-to-hold-25mm-1-inch-diameter-mounts-in-the-phenom-metallurgical-holder\/#breadcrumb"},"inLanguage":"en-US","potentialAction":[{"@type":"ReadAction","target":["https:\/\/www.deltamicroscopies.com\/en\/products\/phenom-pha32-adapter-ring-to-hold-25mm-1-inch-diameter-mounts-in-the-phenom-metallurgical-holder\/"]}]},{"@type":"ImageObject","inLanguage":"en-US","@id":"https:\/\/www.deltamicroscopies.com\/en\/products\/phenom-pha32-adapter-ring-to-hold-25mm-1-inch-diameter-mounts-in-the-phenom-metallurgical-holder\/#primaryimage","url":"https:\/\/efb7cwj5g4q.exactdn.com\/wp-content\/uploads\/2018\/11\/D11-000632-EM-Tec_PHA32_adapter_ring-25mm-1mounts-Phenom-metallurgical-holder.jpg?strip=all","contentUrl":"https:\/\/efb7cwj5g4q.exactdn.com\/wp-content\/uploads\/2018\/11\/D11-000632-EM-Tec_PHA32_adapter_ring-25mm-1mounts-Phenom-metallurgical-holder.jpg?strip=all","width":300,"height":300},{"@type":"BreadcrumbList","@id":"https:\/\/www.deltamicroscopies.com\/en\/products\/phenom-pha32-adapter-ring-to-hold-25mm-1-inch-diameter-mounts-in-the-phenom-metallurgical-holder\/#breadcrumb","itemListElement":[{"@type":"ListItem","position":1,"name":"Accueil","item":"https:\/\/www.deltamicroscopies.com\/en\/home-3\/"},{"@type":"ListItem","position":2,"name":"Our products","item":"https:\/\/www.deltamicroscopies.com\/en\/shop\/"},{"@type":"ListItem","position":3,"name":"Phenom PHA32 adapter ring to hold 25mm\/1 inch diameter mounts in the Phenom metallurgical holder"}]},{"@type":"WebSite","@id":"https:\/\/www.deltamicroscopies.com\/en\/#website","url":"https:\/\/www.deltamicroscopies.com\/en\/","name":"Delta Microscopies","description":"Des microscopistes \u00e0 votre service.","publisher":{"@id":"https:\/\/www.deltamicroscopies.com\/en\/#organization"},"potentialAction":[{"@type":"SearchAction","target":{"@type":"EntryPoint","urlTemplate":"https:\/\/www.deltamicroscopies.com\/en\/?s={search_term_string}"},"query-input":{"@type":"PropertyValueSpecification","valueRequired":true,"valueName":"search_term_string"}}],"inLanguage":"en-US"},{"@type":"Organization","@id":"https:\/\/www.deltamicroscopies.com\/en\/#organization","name":"Delta Microscopies","url":"https:\/\/www.deltamicroscopies.com\/en\/","logo":{"@type":"ImageObject","inLanguage":"en-US","@id":"https:\/\/www.deltamicroscopies.com\/en\/#\/schema\/logo\/image\/","url":"https:\/\/efb7cwj5g4q.exactdn.com\/wp-content\/uploads\/2019\/09\/DELTAM_LOGO_RVB-1-1.png?strip=all&lossy=1&ssl=1","contentUrl":"https:\/\/efb7cwj5g4q.exactdn.com\/wp-content\/uploads\/2019\/09\/DELTAM_LOGO_RVB-1-1.png?strip=all&lossy=1&ssl=1","width":688,"height":177,"caption":"Delta Microscopies"},"image":{"@id":"https:\/\/www.deltamicroscopies.com\/en\/#\/schema\/logo\/image\/"},"sameAs":["https:\/\/www.instagram.com\/emsdiasum\/","https:\/\/www.youtube.com\/channel\/UCkSsQQq74DhyLXNg_9RPorQ"]}]}},"_links":{"self":[{"href":"https:\/\/www.deltamicroscopies.com\/en\/wp-json\/wp\/v2\/product\/303356","targetHints":{"allow":["GET"]}}],"collection":[{"href":"https:\/\/www.deltamicroscopies.com\/en\/wp-json\/wp\/v2\/product"}],"about":[{"href":"https:\/\/www.deltamicroscopies.com\/en\/wp-json\/wp\/v2\/types\/product"}],"replies":[{"embeddable":true,"href":"https:\/\/www.deltamicroscopies.com\/en\/wp-json\/wp\/v2\/comments?post=303356"}],"wp:featuredmedia":[{"embeddable":true,"href":"https:\/\/www.deltamicroscopies.com\/en\/wp-json\/wp\/v2\/media\/285191"}],"wp:attachment":[{"href":"https:\/\/www.deltamicroscopies.com\/en\/wp-json\/wp\/v2\/media?parent=303356"}],"wp:term":[{"taxonomy":"product_brand","embeddable":true,"href":"https:\/\/www.deltamicroscopies.com\/en\/wp-json\/wp\/v2\/product_brand?post=303356"},{"taxonomy":"product_cat","embeddable":true,"href":"https:\/\/www.deltamicroscopies.com\/en\/wp-json\/wp\/v2\/product_cat?post=303356"},{"taxonomy":"product_tag","embeddable":true,"href":"https:\/\/www.deltamicroscopies.com\/en\/wp-json\/wp\/v2\/product_tag?post=303356"}],"curies":[{"name":"wp","href":"https:\/\/api.w.org\/{rel}","templated":true}]}}