{"id":303357,"date":"2018-11-22T11:26:01","date_gmt":"2018-11-22T10:26:01","guid":{"rendered":"https:\/\/www.deltamicroscopies.com\/produit\/phenom-phf32-filter-holder-kit-with-support-block-and-clamping-ring-for-phenom-metallurgical-sample-holder\/"},"modified":"2018-11-22T11:26:01","modified_gmt":"2018-11-22T10:26:01","slug":"phenom-phf32-filter-holder-kit-with-support-block-and-clamping-ring-for-phenom-metallurgical-sample-holder","status":"publish","type":"product","link":"https:\/\/www.deltamicroscopies.com\/en\/products\/phenom-phf32-filter-holder-kit-with-support-block-and-clamping-ring-for-phenom-metallurgical-sample-holder\/","title":{"rendered":"Phenom PHF32 filter holder kit with support block and clamping ring for Phenom metallurgical sample holder"},"content":{"rendered":"<p>Phenom PHF32 filter holder kit to examine paper or plastic filters with the Phenom Pure, Pro and ProX table top SEMs. Fully compatible with the Phenom metallurgical sample holder and the Phenom charge reduction metallurgical sample holder. The Phenom PHF32 consists of a flat \u00d832&#215;0.5mm aluminium washer with an opening size of \u00d822mm and a \u00d832x10mm aluminium stub. The filter is to be placed between the washer and the stub and then loaded into the Phenom metallurgical holder for examination.<\/p>\n","protected":false},"excerpt":{"rendered":"<p>Phenom PHF32 filter holder kit to examine paper or plastic filters with the Phenom Pure, Pro and ProX table top SEMs. Fully compatible with the Phenom metallurgical sample holder and the Phenom charge reduction metallurgical sample holder. The Phenom PHF32 consists of a flat \u00d832&#215;0.5mm aluminium washer with an opening size of \u00d822mm and a \u00d832x10mm aluminium stub. The filter is to be placed between the washer and the stub and then loaded into the Phenom metallurgical holder for examination.<\/p>\n","protected":false},"featured_media":285183,"comment_status":"open","ping_status":"closed","template":"","meta":{"_et_pb_use_builder":"","_et_pb_old_content":"","_et_gb_content_width":"","inline_featured_image":false},"product_brand":[],"product_cat":[1376,1296,1297,1437,1365],"product_tag":[1306,1726],"class_list":{"0":"post-303357","1":"product","2":"type-product","3":"status-publish","4":"has-post-thumbnail","6":"product_cat-accessoires-par-marque-de-microscope-en","7":"product_cat-supports-et-adaptateurs-en","8":"product_cat-tubes-cylindres-plots-supports-et-adaptateurs-en","9":"product_cat-philips-et-phenom-en","10":"product_cat-meb-sem-en","11":"product_tag-holder-en","12":"product_tag-phenom-en","14":"first","15":"instock","16":"taxable","17":"shipping-taxable","18":"purchasable","19":"product-type-simple"},"yoast_head":"<!-- This site is optimized with the Yoast SEO plugin v27.4 - https:\/\/yoast.com\/product\/yoast-seo-wordpress\/ -->\n<title>Phenom PHF32 filter holder kit with support block and clamping ring for Phenom metallurgical sample holder - Delta Microscopies<\/title>\n<meta name=\"robots\" content=\"index, follow, max-snippet:-1, max-image-preview:large, max-video-preview:-1\" \/>\n<link rel=\"canonical\" href=\"https:\/\/www.deltamicroscopies.com\/en\/products\/phenom-phf32-filter-holder-kit-with-support-block-and-clamping-ring-for-phenom-metallurgical-sample-holder\/\" \/>\n<meta property=\"og:locale\" content=\"en_US\" \/>\n<meta property=\"og:type\" content=\"article\" \/>\n<meta property=\"og:title\" content=\"Phenom PHF32 filter holder kit with support block and clamping ring for Phenom metallurgical sample holder - Delta Microscopies\" \/>\n<meta property=\"og:description\" content=\"Phenom PHF32 filter holder kit to examine paper or plastic filters with the Phenom Pure, Pro and ProX table top SEMs. Fully compatible with the Phenom metallurgical sample holder and the Phenom charge reduction metallurgical sample holder. The Phenom PHF32 consists of a flat \u00d832x0.5mm aluminium washer with an opening size of \u00d822mm and a \u00d832x10mm aluminium stub. The filter is to be placed between the washer and the stub and then loaded into the Phenom metallurgical holder for examination.\" \/>\n<meta property=\"og:url\" content=\"https:\/\/www.deltamicroscopies.com\/en\/products\/phenom-phf32-filter-holder-kit-with-support-block-and-clamping-ring-for-phenom-metallurgical-sample-holder\/\" \/>\n<meta property=\"og:site_name\" content=\"Delta Microscopies\" \/>\n<meta property=\"og:image\" content=\"https:\/\/www.deltamicroscopies.com\/wp-content\/uploads\/2018\/11\/D12-003222-EM-Tec_PHF32_filter_holder_kit_for_Phenom_metallurgical_sample_holder.jpg\" \/>\n\t<meta property=\"og:image:width\" content=\"300\" \/>\n\t<meta property=\"og:image:height\" content=\"300\" \/>\n\t<meta property=\"og:image:type\" content=\"image\/jpeg\" \/>\n<!-- \/ Yoast SEO plugin. -->","yoast_head_json":{"title":"Phenom PHF32 filter holder kit with support block and clamping ring for Phenom metallurgical sample holder - Delta Microscopies","robots":{"index":"index","follow":"follow","max-snippet":"max-snippet:-1","max-image-preview":"max-image-preview:large","max-video-preview":"max-video-preview:-1"},"canonical":"https:\/\/www.deltamicroscopies.com\/en\/products\/phenom-phf32-filter-holder-kit-with-support-block-and-clamping-ring-for-phenom-metallurgical-sample-holder\/","og_locale":"en_US","og_type":"article","og_title":"Phenom PHF32 filter holder kit with support block and clamping ring for Phenom metallurgical sample holder - Delta Microscopies","og_description":"Phenom PHF32 filter holder kit to examine paper or plastic filters with the Phenom Pure, Pro and ProX table top SEMs. Fully compatible with the Phenom metallurgical sample holder and the Phenom charge reduction metallurgical sample holder. The Phenom PHF32 consists of a flat \u00d832x0.5mm aluminium washer with an opening size of \u00d822mm and a \u00d832x10mm aluminium stub. The filter is to be placed between the washer and the stub and then loaded into the Phenom metallurgical holder for examination.","og_url":"https:\/\/www.deltamicroscopies.com\/en\/products\/phenom-phf32-filter-holder-kit-with-support-block-and-clamping-ring-for-phenom-metallurgical-sample-holder\/","og_site_name":"Delta Microscopies","og_image":[{"width":300,"height":300,"url":"https:\/\/www.deltamicroscopies.com\/wp-content\/uploads\/2018\/11\/D12-003222-EM-Tec_PHF32_filter_holder_kit_for_Phenom_metallurgical_sample_holder.jpg","type":"image\/jpeg"}],"schema":{"@context":"https:\/\/schema.org","@graph":[{"@type":"WebPage","@id":"https:\/\/www.deltamicroscopies.com\/en\/products\/phenom-phf32-filter-holder-kit-with-support-block-and-clamping-ring-for-phenom-metallurgical-sample-holder\/","url":"https:\/\/www.deltamicroscopies.com\/en\/products\/phenom-phf32-filter-holder-kit-with-support-block-and-clamping-ring-for-phenom-metallurgical-sample-holder\/","name":"Phenom PHF32 filter holder kit with support block and clamping ring for Phenom metallurgical sample holder - Delta Microscopies","isPartOf":{"@id":"https:\/\/www.deltamicroscopies.com\/en\/#website"},"primaryImageOfPage":{"@id":"https:\/\/www.deltamicroscopies.com\/en\/products\/phenom-phf32-filter-holder-kit-with-support-block-and-clamping-ring-for-phenom-metallurgical-sample-holder\/#primaryimage"},"image":{"@id":"https:\/\/www.deltamicroscopies.com\/en\/products\/phenom-phf32-filter-holder-kit-with-support-block-and-clamping-ring-for-phenom-metallurgical-sample-holder\/#primaryimage"},"thumbnailUrl":"https:\/\/efb7cwj5g4q.exactdn.com\/wp-content\/uploads\/2018\/11\/D12-003222-EM-Tec_PHF32_filter_holder_kit_for_Phenom_metallurgical_sample_holder.jpg?strip=all","datePublished":"2018-11-22T10:26:01+00:00","breadcrumb":{"@id":"https:\/\/www.deltamicroscopies.com\/en\/products\/phenom-phf32-filter-holder-kit-with-support-block-and-clamping-ring-for-phenom-metallurgical-sample-holder\/#breadcrumb"},"inLanguage":"en-US","potentialAction":[{"@type":"ReadAction","target":["https:\/\/www.deltamicroscopies.com\/en\/products\/phenom-phf32-filter-holder-kit-with-support-block-and-clamping-ring-for-phenom-metallurgical-sample-holder\/"]}]},{"@type":"ImageObject","inLanguage":"en-US","@id":"https:\/\/www.deltamicroscopies.com\/en\/products\/phenom-phf32-filter-holder-kit-with-support-block-and-clamping-ring-for-phenom-metallurgical-sample-holder\/#primaryimage","url":"https:\/\/efb7cwj5g4q.exactdn.com\/wp-content\/uploads\/2018\/11\/D12-003222-EM-Tec_PHF32_filter_holder_kit_for_Phenom_metallurgical_sample_holder.jpg?strip=all","contentUrl":"https:\/\/efb7cwj5g4q.exactdn.com\/wp-content\/uploads\/2018\/11\/D12-003222-EM-Tec_PHF32_filter_holder_kit_for_Phenom_metallurgical_sample_holder.jpg?strip=all","width":300,"height":300},{"@type":"BreadcrumbList","@id":"https:\/\/www.deltamicroscopies.com\/en\/products\/phenom-phf32-filter-holder-kit-with-support-block-and-clamping-ring-for-phenom-metallurgical-sample-holder\/#breadcrumb","itemListElement":[{"@type":"ListItem","position":1,"name":"Accueil","item":"https:\/\/www.deltamicroscopies.com\/en\/home-3\/"},{"@type":"ListItem","position":2,"name":"Our products","item":"https:\/\/www.deltamicroscopies.com\/en\/shop\/"},{"@type":"ListItem","position":3,"name":"Phenom PHF32 filter holder kit with support block and clamping ring for Phenom metallurgical sample holder"}]},{"@type":"WebSite","@id":"https:\/\/www.deltamicroscopies.com\/en\/#website","url":"https:\/\/www.deltamicroscopies.com\/en\/","name":"Delta Microscopies","description":"Des microscopistes \u00e0 votre service.","publisher":{"@id":"https:\/\/www.deltamicroscopies.com\/en\/#organization"},"potentialAction":[{"@type":"SearchAction","target":{"@type":"EntryPoint","urlTemplate":"https:\/\/www.deltamicroscopies.com\/en\/?s={search_term_string}"},"query-input":{"@type":"PropertyValueSpecification","valueRequired":true,"valueName":"search_term_string"}}],"inLanguage":"en-US"},{"@type":"Organization","@id":"https:\/\/www.deltamicroscopies.com\/en\/#organization","name":"Delta Microscopies","url":"https:\/\/www.deltamicroscopies.com\/en\/","logo":{"@type":"ImageObject","inLanguage":"en-US","@id":"https:\/\/www.deltamicroscopies.com\/en\/#\/schema\/logo\/image\/","url":"https:\/\/efb7cwj5g4q.exactdn.com\/wp-content\/uploads\/2019\/09\/DELTAM_LOGO_RVB-1-1.png?strip=all&lossy=1&ssl=1","contentUrl":"https:\/\/efb7cwj5g4q.exactdn.com\/wp-content\/uploads\/2019\/09\/DELTAM_LOGO_RVB-1-1.png?strip=all&lossy=1&ssl=1","width":688,"height":177,"caption":"Delta Microscopies"},"image":{"@id":"https:\/\/www.deltamicroscopies.com\/en\/#\/schema\/logo\/image\/"},"sameAs":["https:\/\/www.instagram.com\/emsdiasum\/","https:\/\/www.youtube.com\/channel\/UCkSsQQq74DhyLXNg_9RPorQ"]}]}},"_links":{"self":[{"href":"https:\/\/www.deltamicroscopies.com\/en\/wp-json\/wp\/v2\/product\/303357","targetHints":{"allow":["GET"]}}],"collection":[{"href":"https:\/\/www.deltamicroscopies.com\/en\/wp-json\/wp\/v2\/product"}],"about":[{"href":"https:\/\/www.deltamicroscopies.com\/en\/wp-json\/wp\/v2\/types\/product"}],"replies":[{"embeddable":true,"href":"https:\/\/www.deltamicroscopies.com\/en\/wp-json\/wp\/v2\/comments?post=303357"}],"wp:featuredmedia":[{"embeddable":true,"href":"https:\/\/www.deltamicroscopies.com\/en\/wp-json\/wp\/v2\/media\/285183"}],"wp:attachment":[{"href":"https:\/\/www.deltamicroscopies.com\/en\/wp-json\/wp\/v2\/media?parent=303357"}],"wp:term":[{"taxonomy":"product_brand","embeddable":true,"href":"https:\/\/www.deltamicroscopies.com\/en\/wp-json\/wp\/v2\/product_brand?post=303357"},{"taxonomy":"product_cat","embeddable":true,"href":"https:\/\/www.deltamicroscopies.com\/en\/wp-json\/wp\/v2\/product_cat?post=303357"},{"taxonomy":"product_tag","embeddable":true,"href":"https:\/\/www.deltamicroscopies.com\/en\/wp-json\/wp\/v2\/product_tag?post=303357"}],"curies":[{"name":"wp","href":"https:\/\/api.w.org\/{rel}","templated":true}]}}