{"id":303519,"date":"2018-11-15T15:38:56","date_gmt":"2018-11-15T14:38:56","guid":{"rendered":"https:\/\/www.deltamicroscopies.com\/produit\/engraved-sem-pin-stub-o12-7-diameter-with-4-numbered-fields-aluminium\/"},"modified":"2018-11-15T15:38:56","modified_gmt":"2018-11-15T14:38:56","slug":"engraved-sem-pin-stub-o12-7-diameter-with-4-numbered-fields-aluminium","status":"publish","type":"product","link":"https:\/\/www.deltamicroscopies.com\/en\/products\/engraved-sem-pin-stub-o12-7-diameter-with-4-numbered-fields-aluminium\/","title":{"rendered":"Engraved SEM pin stub \u00d812.7 diameter with 4 numbered fields, aluminium"},"content":{"rendered":"<p>We offer a comprehensive choice of standard pin stubs to support virtually all applications. The standard SEM pin stubs are compatible with Thermo Fisher, FEI, Philips, Tescan, Phenom, Aspex, RJLee, AmRay, Cambridge Instruments, Leica, CamScan, Aspex, ETEC and Novascan SEMs. They are made from vacuum grade aluminium. They are machined according to the original manufacturer&#8217;s specifications and dimensions. The flat pin stubs from 12.7mm to 38mm diameter are grooved for easy and clean handling. The most used pin stubs are the \u00d812.7 mm and the \u00d825.4 mm pin stubs. Pins are all 3.2mm diameter with a length of either 8mm or 9.5mm. The \u00d812.7 mm pin stubs are also available in brass, copper and high purity carbon.<\/p>\n","protected":false},"excerpt":{"rendered":"<p>We offer a comprehensive choice of standard pin stubs to support virtually all applications. The standard SEM pin stubs are compatible with Thermo Fisher, FEI, Philips, Tescan, Phenom, Aspex, RJLee, AmRay, Cambridge Instruments, Leica, CamScan, Aspex, ETEC and Novascan SEMs. They are made from vacuum grade aluminium. They are machined according to the original manufacturer&#8217;s specifications and dimensions. The flat pin stubs from 12.7mm to 38mm diameter are grooved for easy and clean handling. The most used pin stubs are the \u00d812.7 mm and the \u00d825.4 mm pin stubs. Pins are all 3.2mm diameter with a length of either 8mm or 9.5mm. The \u00d812.7 mm pin stubs are also available in brass, copper and high purity carbon.<\/p>\n","protected":false},"featured_media":284986,"comment_status":"open","ping_status":"closed","template":"","meta":{"_et_pb_use_builder":"","_et_pb_old_content":"","_et_gb_content_width":"","inline_featured_image":false},"product_brand":[],"product_cat":[1296,1297,1365],"product_tag":[1508],"class_list":{"0":"post-303519","1":"product","2":"type-product","3":"status-publish","4":"has-post-thumbnail","6":"product_cat-supports-et-adaptateurs-en","7":"product_cat-tubes-cylindres-plots-supports-et-adaptateurs-en","8":"product_cat-meb-sem-en","9":"product_tag-pin-en","11":"first","12":"instock","13":"taxable","14":"shipping-taxable","15":"purchasable","16":"product-type-variable"},"yoast_head":"<!-- This site is optimized with the Yoast SEO plugin v27.3 - https:\/\/yoast.com\/product\/yoast-seo-wordpress\/ -->\n<title>Engraved SEM pin stub \u00d812.7 diameter with 4 numbered fields, aluminium - Delta Microscopies<\/title>\n<meta name=\"robots\" content=\"index, follow, max-snippet:-1, max-image-preview:large, max-video-preview:-1\" \/>\n<link rel=\"canonical\" href=\"https:\/\/www.deltamicroscopies.com\/en\/products\/engraved-sem-pin-stub-o12-7-diameter-with-4-numbered-fields-aluminium\/\" \/>\n<meta property=\"og:locale\" content=\"en_US\" \/>\n<meta property=\"og:type\" content=\"article\" \/>\n<meta property=\"og:title\" content=\"Engraved SEM pin stub \u00d812.7 diameter with 4 numbered fields, aluminium - Delta Microscopies\" \/>\n<meta property=\"og:description\" content=\"We offer a comprehensive choice of standard pin stubs to support virtually all applications. The standard SEM pin stubs are compatible with Thermo Fisher, FEI, Philips, Tescan, Phenom, Aspex, RJLee, AmRay, Cambridge Instruments, Leica, CamScan, Aspex, ETEC and Novascan SEMs. They are made from vacuum grade aluminium. They are machined according to the original manufacturer&#039;s specifications and dimensions. The flat pin stubs from 12.7mm to 38mm diameter are grooved for easy and clean handling. The most used pin stubs are the \u00d812.7 mm and the \u00d825.4 mm pin stubs. Pins are all 3.2mm diameter with a length of either 8mm or 9.5mm. The \u00d812.7 mm pin stubs are also available in brass, copper and high purity carbon.\" \/>\n<meta property=\"og:url\" content=\"https:\/\/www.deltamicroscopies.com\/en\/products\/engraved-sem-pin-stub-o12-7-diameter-with-4-numbered-fields-aluminium\/\" \/>\n<meta property=\"og:site_name\" content=\"Delta Microscopies\" \/>\n<meta property=\"og:image\" content=\"https:\/\/efb7cwj5g4q.exactdn.com\/wp-content\/uploads\/2018\/11\/D10-002113-Engraved_SEM_pin_stub_12mm_diameter.jpg?strip=all&lossy=1&ssl=1\" \/>\n\t<meta property=\"og:image:width\" content=\"300\" \/>\n\t<meta property=\"og:image:height\" content=\"300\" \/>\n\t<meta property=\"og:image:type\" content=\"image\/jpeg\" \/>\n<meta name=\"twitter:label1\" content=\"Est. reading time\" \/>\n\t<meta name=\"twitter:data1\" content=\"1 minute\" \/>\n<!-- \/ Yoast SEO plugin. -->","yoast_head_json":{"title":"Engraved SEM pin stub \u00d812.7 diameter with 4 numbered fields, aluminium - Delta Microscopies","robots":{"index":"index","follow":"follow","max-snippet":"max-snippet:-1","max-image-preview":"max-image-preview:large","max-video-preview":"max-video-preview:-1"},"canonical":"https:\/\/www.deltamicroscopies.com\/en\/products\/engraved-sem-pin-stub-o12-7-diameter-with-4-numbered-fields-aluminium\/","og_locale":"en_US","og_type":"article","og_title":"Engraved SEM pin stub \u00d812.7 diameter with 4 numbered fields, aluminium - Delta Microscopies","og_description":"We offer a comprehensive choice of standard pin stubs to support virtually all applications. The standard SEM pin stubs are compatible with Thermo Fisher, FEI, Philips, Tescan, Phenom, Aspex, RJLee, AmRay, Cambridge Instruments, Leica, CamScan, Aspex, ETEC and Novascan SEMs. They are made from vacuum grade aluminium. They are machined according to the original manufacturer's specifications and dimensions. The flat pin stubs from 12.7mm to 38mm diameter are grooved for easy and clean handling. The most used pin stubs are the \u00d812.7 mm and the \u00d825.4 mm pin stubs. Pins are all 3.2mm diameter with a length of either 8mm or 9.5mm. The \u00d812.7 mm pin stubs are also available in brass, copper and high purity carbon.","og_url":"https:\/\/www.deltamicroscopies.com\/en\/products\/engraved-sem-pin-stub-o12-7-diameter-with-4-numbered-fields-aluminium\/","og_site_name":"Delta Microscopies","og_image":[{"width":300,"height":300,"url":"https:\/\/efb7cwj5g4q.exactdn.com\/wp-content\/uploads\/2018\/11\/D10-002113-Engraved_SEM_pin_stub_12mm_diameter.jpg?strip=all&lossy=1&ssl=1","type":"image\/jpeg"}],"twitter_misc":{"Est. reading time":"1 minute"},"schema":{"@context":"https:\/\/schema.org","@graph":[{"@type":"WebPage","@id":"https:\/\/www.deltamicroscopies.com\/en\/products\/engraved-sem-pin-stub-o12-7-diameter-with-4-numbered-fields-aluminium\/","url":"https:\/\/www.deltamicroscopies.com\/en\/products\/engraved-sem-pin-stub-o12-7-diameter-with-4-numbered-fields-aluminium\/","name":"Engraved SEM pin stub \u00d812.7 diameter with 4 numbered fields, aluminium - Delta Microscopies","isPartOf":{"@id":"https:\/\/www.deltamicroscopies.com\/en\/#website"},"primaryImageOfPage":{"@id":"https:\/\/www.deltamicroscopies.com\/en\/products\/engraved-sem-pin-stub-o12-7-diameter-with-4-numbered-fields-aluminium\/#primaryimage"},"image":{"@id":"https:\/\/www.deltamicroscopies.com\/en\/products\/engraved-sem-pin-stub-o12-7-diameter-with-4-numbered-fields-aluminium\/#primaryimage"},"thumbnailUrl":"https:\/\/efb7cwj5g4q.exactdn.com\/wp-content\/uploads\/2018\/11\/D10-002113-Engraved_SEM_pin_stub_12mm_diameter.jpg?strip=all","datePublished":"2018-11-15T14:38:56+00:00","breadcrumb":{"@id":"https:\/\/www.deltamicroscopies.com\/en\/products\/engraved-sem-pin-stub-o12-7-diameter-with-4-numbered-fields-aluminium\/#breadcrumb"},"inLanguage":"en-US","potentialAction":[{"@type":"ReadAction","target":["https:\/\/www.deltamicroscopies.com\/en\/products\/engraved-sem-pin-stub-o12-7-diameter-with-4-numbered-fields-aluminium\/"]}]},{"@type":"ImageObject","inLanguage":"en-US","@id":"https:\/\/www.deltamicroscopies.com\/en\/products\/engraved-sem-pin-stub-o12-7-diameter-with-4-numbered-fields-aluminium\/#primaryimage","url":"https:\/\/efb7cwj5g4q.exactdn.com\/wp-content\/uploads\/2018\/11\/D10-002113-Engraved_SEM_pin_stub_12mm_diameter.jpg?strip=all","contentUrl":"https:\/\/efb7cwj5g4q.exactdn.com\/wp-content\/uploads\/2018\/11\/D10-002113-Engraved_SEM_pin_stub_12mm_diameter.jpg?strip=all","width":300,"height":300},{"@type":"BreadcrumbList","@id":"https:\/\/www.deltamicroscopies.com\/en\/products\/engraved-sem-pin-stub-o12-7-diameter-with-4-numbered-fields-aluminium\/#breadcrumb","itemListElement":[{"@type":"ListItem","position":1,"name":"Accueil","item":"https:\/\/www.deltamicroscopies.com\/en\/home-3\/"},{"@type":"ListItem","position":2,"name":"Our products","item":"https:\/\/www.deltamicroscopies.com\/en\/shop\/"},{"@type":"ListItem","position":3,"name":"Engraved SEM pin stub \u00d812.7 diameter with 4 numbered fields, aluminium"}]},{"@type":"WebSite","@id":"https:\/\/www.deltamicroscopies.com\/en\/#website","url":"https:\/\/www.deltamicroscopies.com\/en\/","name":"Delta Microscopies","description":"Des microscopistes \u00e0 votre service.","publisher":{"@id":"https:\/\/www.deltamicroscopies.com\/en\/#organization"},"potentialAction":[{"@type":"SearchAction","target":{"@type":"EntryPoint","urlTemplate":"https:\/\/www.deltamicroscopies.com\/en\/?s={search_term_string}"},"query-input":{"@type":"PropertyValueSpecification","valueRequired":true,"valueName":"search_term_string"}}],"inLanguage":"en-US"},{"@type":"Organization","@id":"https:\/\/www.deltamicroscopies.com\/en\/#organization","name":"Delta Microscopies","url":"https:\/\/www.deltamicroscopies.com\/en\/","logo":{"@type":"ImageObject","inLanguage":"en-US","@id":"https:\/\/www.deltamicroscopies.com\/en\/#\/schema\/logo\/image\/","url":"https:\/\/efb7cwj5g4q.exactdn.com\/wp-content\/uploads\/2019\/09\/DELTAM_LOGO_RVB-1-1.png?strip=all&lossy=1&ssl=1","contentUrl":"https:\/\/efb7cwj5g4q.exactdn.com\/wp-content\/uploads\/2019\/09\/DELTAM_LOGO_RVB-1-1.png?strip=all&lossy=1&ssl=1","width":688,"height":177,"caption":"Delta Microscopies"},"image":{"@id":"https:\/\/www.deltamicroscopies.com\/en\/#\/schema\/logo\/image\/"},"sameAs":["https:\/\/www.instagram.com\/emsdiasum\/","https:\/\/www.youtube.com\/channel\/UCkSsQQq74DhyLXNg_9RPorQ"]}]}},"_links":{"self":[{"href":"https:\/\/www.deltamicroscopies.com\/en\/wp-json\/wp\/v2\/product\/303519","targetHints":{"allow":["GET"]}}],"collection":[{"href":"https:\/\/www.deltamicroscopies.com\/en\/wp-json\/wp\/v2\/product"}],"about":[{"href":"https:\/\/www.deltamicroscopies.com\/en\/wp-json\/wp\/v2\/types\/product"}],"replies":[{"embeddable":true,"href":"https:\/\/www.deltamicroscopies.com\/en\/wp-json\/wp\/v2\/comments?post=303519"}],"wp:featuredmedia":[{"embeddable":true,"href":"https:\/\/www.deltamicroscopies.com\/en\/wp-json\/wp\/v2\/media\/284986"}],"wp:attachment":[{"href":"https:\/\/www.deltamicroscopies.com\/en\/wp-json\/wp\/v2\/media?parent=303519"}],"wp:term":[{"taxonomy":"product_brand","embeddable":true,"href":"https:\/\/www.deltamicroscopies.com\/en\/wp-json\/wp\/v2\/product_brand?post=303519"},{"taxonomy":"product_cat","embeddable":true,"href":"https:\/\/www.deltamicroscopies.com\/en\/wp-json\/wp\/v2\/product_cat?post=303519"},{"taxonomy":"product_tag","embeddable":true,"href":"https:\/\/www.deltamicroscopies.com\/en\/wp-json\/wp\/v2\/product_tag?post=303519"}],"curies":[{"name":"wp","href":"https:\/\/api.w.org\/{rel}","templated":true}]}}