{"id":303533,"date":"2018-11-15T14:45:32","date_gmt":"2018-11-15T13:45:32","guid":{"rendered":"https:\/\/www.deltamicroscopies.com\/produit\/gatan-3view-system-sem-pin-stubs-with-standard-o1-4mm-flat-o2mm-pin-x12-5mm-h-aluminium\/"},"modified":"2018-11-15T14:45:32","modified_gmt":"2018-11-15T13:45:32","slug":"gatan-3view-system-sem-pin-stubs-with-standard-o1-4mm-flat-o2mm-pin-x12-5mm-h-aluminium","status":"publish","type":"product","link":"https:\/\/www.deltamicroscopies.com\/en\/products\/gatan-3view-system-sem-pin-stubs-with-standard-o1-4mm-flat-o2mm-pin-x12-5mm-h-aluminium\/","title":{"rendered":"Gatan 3View system SEM pin stubs with standard \u00d81.4mm flat, \u00d82mm pin x12.5mm H, aluminium"},"content":{"rendered":"<p>The Gatan3View systems use special sample pins. These are used inside SEMs to create 3D imaging data of samples by serial slicing and BSD imaging. The sample pins are offered with two sample areas:<br \/>\n\u2013 standard \u00d81.4mm flat as sample area<br \/>\n\u2013 larger \u00d82.4mm flat as sample area.<br \/>\nThese pins are fully compatible with the Gatan 3View systems; \u00d82mm pin, \u00d83mm head with cone top and total height of 12.5mm. Manufactured from vacuum grade aluminium.<br \/>\nWhen you need a special Gatan 3view sample stub, which is not offered on our website, please contact us. We can manufacture custom sample stubs or might be able to suggest a solution with alternative sample stubs.<\/p>\n","protected":false},"excerpt":{"rendered":"<p>The Gatan3View systems use special sample pins. These are used inside SEMs to create 3D imaging data of samples by serial slicing and BSD imaging. The sample pins are offered with two sample areas:<br \/>\n\u2013 standard \u00d81.4mm flat as sample area<br \/>\n\u2013 larger \u00d82.4mm flat as sample area.<br \/>\nThese pins are fully compatible with the Gatan 3View systems; \u00d82mm pin, \u00d83mm head with cone top and total height of 12.5mm. Manufactured from vacuum grade aluminium.<br \/>\nWhen you need a special Gatan 3view sample stub, which is not offered on our website, please contact us. We can manufacture custom sample stubs or might be able to suggest a solution with alternative sample stubs.<\/p>\n","protected":false},"featured_media":284992,"comment_status":"open","ping_status":"closed","template":"","meta":{"_et_pb_use_builder":"","_et_pb_old_content":"","_et_gb_content_width":"","inline_featured_image":false},"product_brand":[],"product_cat":[1376,1296,1297,1438,1365],"product_tag":[1737,1508],"class_list":{"0":"post-303533","1":"product","2":"type-product","3":"status-publish","4":"has-post-thumbnail","6":"product_cat-accessoires-par-marque-de-microscope-en","7":"product_cat-supports-et-adaptateurs-en","8":"product_cat-tubes-cylindres-plots-supports-et-adaptateurs-en","9":"product_cat-autres-accessoires-par-marque-de-microscope-en","10":"product_cat-meb-sem-en","11":"product_tag-gatan-en","12":"product_tag-pin-en","14":"first","15":"instock","16":"taxable","17":"shipping-taxable","18":"purchasable","19":"product-type-variable"},"yoast_head":"<!-- This site is optimized with the Yoast SEO plugin v27.3 - https:\/\/yoast.com\/product\/yoast-seo-wordpress\/ -->\n<title>Gatan 3View system SEM pin stubs with standard \u00d81.4mm flat, \u00d82mm pin x12.5mm H, aluminium - Delta Microscopies<\/title>\n<meta name=\"robots\" content=\"index, follow, max-snippet:-1, max-image-preview:large, max-video-preview:-1\" \/>\n<link rel=\"canonical\" href=\"https:\/\/www.deltamicroscopies.com\/en\/products\/gatan-3view-system-sem-pin-stubs-with-standard-o1-4mm-flat-o2mm-pin-x12-5mm-h-aluminium\/\" \/>\n<meta property=\"og:locale\" content=\"en_US\" \/>\n<meta property=\"og:type\" content=\"article\" \/>\n<meta property=\"og:title\" content=\"Gatan 3View system SEM pin stubs with standard \u00d81.4mm flat, \u00d82mm pin x12.5mm H, aluminium - Delta Microscopies\" \/>\n<meta property=\"og:description\" content=\"The Gatan3View systems use special sample pins. These are used inside SEMs to create 3D imaging data of samples by serial slicing and BSD imaging. The sample pins are offered with two sample areas: \u2013 standard \u00d81.4mm flat as sample area \u2013 larger \u00d82.4mm flat as sample area. These pins are fully compatible with the Gatan 3View systems; \u00d82mm pin, \u00d83mm head with cone top and total height of 12.5mm. Manufactured from vacuum grade aluminium. When you need a special Gatan 3view sample stub, which is not offered on our website, please contact us. We can manufacture custom sample stubs or might be able to suggest a solution with alternative sample stubs.\" \/>\n<meta property=\"og:url\" content=\"https:\/\/www.deltamicroscopies.com\/en\/products\/gatan-3view-system-sem-pin-stubs-with-standard-o1-4mm-flat-o2mm-pin-x12-5mm-h-aluminium\/\" \/>\n<meta property=\"og:site_name\" content=\"Delta Microscopies\" \/>\n<meta property=\"og:image\" content=\"https:\/\/www.deltamicroscopies.com\/wp-content\/uploads\/2018\/11\/D10-006003-1-20Gatan3-Viewsystem-SEM-pin-stubs2-3x12mm-aluminium.jpg\" \/>\n\t<meta property=\"og:image:width\" content=\"300\" \/>\n\t<meta property=\"og:image:height\" content=\"300\" \/>\n\t<meta property=\"og:image:type\" content=\"image\/jpeg\" \/>\n<meta name=\"twitter:label1\" content=\"Est. reading time\" \/>\n\t<meta name=\"twitter:data1\" content=\"1 minute\" \/>\n<!-- \/ Yoast SEO plugin. -->","yoast_head_json":{"title":"Gatan 3View system SEM pin stubs with standard \u00d81.4mm flat, \u00d82mm pin x12.5mm H, aluminium - Delta Microscopies","robots":{"index":"index","follow":"follow","max-snippet":"max-snippet:-1","max-image-preview":"max-image-preview:large","max-video-preview":"max-video-preview:-1"},"canonical":"https:\/\/www.deltamicroscopies.com\/en\/products\/gatan-3view-system-sem-pin-stubs-with-standard-o1-4mm-flat-o2mm-pin-x12-5mm-h-aluminium\/","og_locale":"en_US","og_type":"article","og_title":"Gatan 3View system SEM pin stubs with standard \u00d81.4mm flat, \u00d82mm pin x12.5mm H, aluminium - Delta Microscopies","og_description":"The Gatan3View systems use special sample pins. These are used inside SEMs to create 3D imaging data of samples by serial slicing and BSD imaging. The sample pins are offered with two sample areas: \u2013 standard \u00d81.4mm flat as sample area \u2013 larger \u00d82.4mm flat as sample area. These pins are fully compatible with the Gatan 3View systems; \u00d82mm pin, \u00d83mm head with cone top and total height of 12.5mm. Manufactured from vacuum grade aluminium. When you need a special Gatan 3view sample stub, which is not offered on our website, please contact us. We can manufacture custom sample stubs or might be able to suggest a solution with alternative sample stubs.","og_url":"https:\/\/www.deltamicroscopies.com\/en\/products\/gatan-3view-system-sem-pin-stubs-with-standard-o1-4mm-flat-o2mm-pin-x12-5mm-h-aluminium\/","og_site_name":"Delta Microscopies","og_image":[{"width":300,"height":300,"url":"https:\/\/www.deltamicroscopies.com\/wp-content\/uploads\/2018\/11\/D10-006003-1-20Gatan3-Viewsystem-SEM-pin-stubs2-3x12mm-aluminium.jpg","type":"image\/jpeg"}],"twitter_misc":{"Est. reading time":"1 minute"},"schema":{"@context":"https:\/\/schema.org","@graph":[{"@type":"WebPage","@id":"https:\/\/www.deltamicroscopies.com\/en\/products\/gatan-3view-system-sem-pin-stubs-with-standard-o1-4mm-flat-o2mm-pin-x12-5mm-h-aluminium\/","url":"https:\/\/www.deltamicroscopies.com\/en\/products\/gatan-3view-system-sem-pin-stubs-with-standard-o1-4mm-flat-o2mm-pin-x12-5mm-h-aluminium\/","name":"Gatan 3View system SEM pin stubs with standard \u00d81.4mm flat, \u00d82mm pin x12.5mm H, aluminium - Delta Microscopies","isPartOf":{"@id":"https:\/\/www.deltamicroscopies.com\/en\/#website"},"primaryImageOfPage":{"@id":"https:\/\/www.deltamicroscopies.com\/en\/products\/gatan-3view-system-sem-pin-stubs-with-standard-o1-4mm-flat-o2mm-pin-x12-5mm-h-aluminium\/#primaryimage"},"image":{"@id":"https:\/\/www.deltamicroscopies.com\/en\/products\/gatan-3view-system-sem-pin-stubs-with-standard-o1-4mm-flat-o2mm-pin-x12-5mm-h-aluminium\/#primaryimage"},"thumbnailUrl":"https:\/\/efb7cwj5g4q.exactdn.com\/wp-content\/uploads\/2018\/11\/D10-006003-1-20Gatan3-Viewsystem-SEM-pin-stubs2-3x12mm-aluminium.jpg?strip=all","datePublished":"2018-11-15T13:45:32+00:00","breadcrumb":{"@id":"https:\/\/www.deltamicroscopies.com\/en\/products\/gatan-3view-system-sem-pin-stubs-with-standard-o1-4mm-flat-o2mm-pin-x12-5mm-h-aluminium\/#breadcrumb"},"inLanguage":"en-US","potentialAction":[{"@type":"ReadAction","target":["https:\/\/www.deltamicroscopies.com\/en\/products\/gatan-3view-system-sem-pin-stubs-with-standard-o1-4mm-flat-o2mm-pin-x12-5mm-h-aluminium\/"]}]},{"@type":"ImageObject","inLanguage":"en-US","@id":"https:\/\/www.deltamicroscopies.com\/en\/products\/gatan-3view-system-sem-pin-stubs-with-standard-o1-4mm-flat-o2mm-pin-x12-5mm-h-aluminium\/#primaryimage","url":"https:\/\/efb7cwj5g4q.exactdn.com\/wp-content\/uploads\/2018\/11\/D10-006003-1-20Gatan3-Viewsystem-SEM-pin-stubs2-3x12mm-aluminium.jpg?strip=all","contentUrl":"https:\/\/efb7cwj5g4q.exactdn.com\/wp-content\/uploads\/2018\/11\/D10-006003-1-20Gatan3-Viewsystem-SEM-pin-stubs2-3x12mm-aluminium.jpg?strip=all","width":300,"height":300},{"@type":"BreadcrumbList","@id":"https:\/\/www.deltamicroscopies.com\/en\/products\/gatan-3view-system-sem-pin-stubs-with-standard-o1-4mm-flat-o2mm-pin-x12-5mm-h-aluminium\/#breadcrumb","itemListElement":[{"@type":"ListItem","position":1,"name":"Accueil","item":"https:\/\/www.deltamicroscopies.com\/en\/home-3\/"},{"@type":"ListItem","position":2,"name":"Our products","item":"https:\/\/www.deltamicroscopies.com\/en\/shop\/"},{"@type":"ListItem","position":3,"name":"Gatan 3View system SEM pin stubs with standard \u00d81.4mm flat, \u00d82mm pin x12.5mm H, aluminium"}]},{"@type":"WebSite","@id":"https:\/\/www.deltamicroscopies.com\/en\/#website","url":"https:\/\/www.deltamicroscopies.com\/en\/","name":"Delta Microscopies","description":"Des microscopistes \u00e0 votre service.","publisher":{"@id":"https:\/\/www.deltamicroscopies.com\/en\/#organization"},"potentialAction":[{"@type":"SearchAction","target":{"@type":"EntryPoint","urlTemplate":"https:\/\/www.deltamicroscopies.com\/en\/?s={search_term_string}"},"query-input":{"@type":"PropertyValueSpecification","valueRequired":true,"valueName":"search_term_string"}}],"inLanguage":"en-US"},{"@type":"Organization","@id":"https:\/\/www.deltamicroscopies.com\/en\/#organization","name":"Delta Microscopies","url":"https:\/\/www.deltamicroscopies.com\/en\/","logo":{"@type":"ImageObject","inLanguage":"en-US","@id":"https:\/\/www.deltamicroscopies.com\/en\/#\/schema\/logo\/image\/","url":"https:\/\/efb7cwj5g4q.exactdn.com\/wp-content\/uploads\/2019\/09\/DELTAM_LOGO_RVB-1-1.png?strip=all&lossy=1&ssl=1","contentUrl":"https:\/\/efb7cwj5g4q.exactdn.com\/wp-content\/uploads\/2019\/09\/DELTAM_LOGO_RVB-1-1.png?strip=all&lossy=1&ssl=1","width":688,"height":177,"caption":"Delta Microscopies"},"image":{"@id":"https:\/\/www.deltamicroscopies.com\/en\/#\/schema\/logo\/image\/"},"sameAs":["https:\/\/www.instagram.com\/emsdiasum\/","https:\/\/www.youtube.com\/channel\/UCkSsQQq74DhyLXNg_9RPorQ"]}]}},"_links":{"self":[{"href":"https:\/\/www.deltamicroscopies.com\/en\/wp-json\/wp\/v2\/product\/303533","targetHints":{"allow":["GET"]}}],"collection":[{"href":"https:\/\/www.deltamicroscopies.com\/en\/wp-json\/wp\/v2\/product"}],"about":[{"href":"https:\/\/www.deltamicroscopies.com\/en\/wp-json\/wp\/v2\/types\/product"}],"replies":[{"embeddable":true,"href":"https:\/\/www.deltamicroscopies.com\/en\/wp-json\/wp\/v2\/comments?post=303533"}],"wp:featuredmedia":[{"embeddable":true,"href":"https:\/\/www.deltamicroscopies.com\/en\/wp-json\/wp\/v2\/media\/284992"}],"wp:attachment":[{"href":"https:\/\/www.deltamicroscopies.com\/en\/wp-json\/wp\/v2\/media?parent=303533"}],"wp:term":[{"taxonomy":"product_brand","embeddable":true,"href":"https:\/\/www.deltamicroscopies.com\/en\/wp-json\/wp\/v2\/product_brand?post=303533"},{"taxonomy":"product_cat","embeddable":true,"href":"https:\/\/www.deltamicroscopies.com\/en\/wp-json\/wp\/v2\/product_cat?post=303533"},{"taxonomy":"product_tag","embeddable":true,"href":"https:\/\/www.deltamicroscopies.com\/en\/wp-json\/wp\/v2\/product_tag?post=303533"}],"curies":[{"name":"wp","href":"https:\/\/api.w.org\/{rel}","templated":true}]}}