{"id":303816,"date":"2018-11-08T14:45:27","date_gmt":"2018-11-08T13:45:27","guid":{"rendered":"https:\/\/www.deltamicroscopies.com\/produit\/em-tec-ct9-high-purity-conductive-double-sided-adhesive-carbon-tabs-o9mm\/"},"modified":"2022-03-16T11:58:26","modified_gmt":"2022-03-16T10:58:26","slug":"em-tec-ct9-high-purity-conductive-double-sided-adhesive-carbon-tabs-o9mm","status":"publish","type":"product","link":"https:\/\/www.deltamicroscopies.com\/en\/products\/em-tec-ct9-high-purity-conductive-double-sided-adhesive-carbon-tabs-o9mm\/","title":{"rendered":"EM-Tec CT9 high purity conductive double sided adhesive carbon tabs, \u00d89mm"},"content":{"rendered":"<p>The high purity double sided conductive adhesive carbon tabs and tapes are especially developed for SEM \/ EDS applications. The material used for both the tabs and tapes is fully transparent for EDS with only trace amounts of Al and Si. The material is constructed using a non-woven liner coated on both sides with a conductive, carbon filled pressure sensitive acrylic adhesive. Total thickness of the material is approximately 150\u00b5m with an adhesive thickness of 45\u00b5m on both sides. The adhesive used has a high adhesion strength to metals, plastics, ceramics, wafers, rubber, wood, glass, paper, and small particles or fibers. The conductivity of the carbon tapes and tabs is lower than the conductivity of double sided copper tape or the double sided conductive Lift-N-Press tabs, but it is still fully compatible with SEM\/EDS applications.<\/p>\n<p>Features and benefits of the double sided carbon tabs and tapes are:<br \/>\n&#8211; Thin material; 150\u00b5m total with 45\u00b5m on each side of a 35\u00b5m non-woven carrier<br \/>\n&#8211; Plastic liner on both sides<br \/>\n&#8211; Use temperature range -20\u00b0C to + 60\u00b0C<br \/>\n&#8211; Low outgassing rates<br \/>\n&#8211; Fully EDS transparent high purity for EDS applications<br \/>\n&#8211; High strength thin adhesive (2&#215;45\u00b5m) combined with high tack<br \/>\n&#8211; Long shelf life and can be stored in a refrigerator<br \/>\n&#8211; Resistance 50K-200K<\/p>\n<p>The EM-Tec high purity conductive double sided adhesive carbon tabs are supplied on a clear plastic sheet with a white plastic liner tab. Available as \u00d86mm, \u00d89mm \u00d812mm and \u00d825mm carbon tabs.<br \/>\nTo use: lift the tab of the clear backing sheet, press the sticky surface to the mount, then peel away the white liner tab, leaving the adhesive exposed. Mount sample on the exposed adhesive. Alternatively, the white liner tab can be removed, the stub pressed on the exposed carbon tab and the clear plastic lifted off. The use of sharp pointed tweezers helps to lift of the tabs and liner. The carbon tabs can be easily removed with isopropanol, ethyl acetate, ethanol or acetone.<br \/>\nThe \u00d86mm carbon tabs are intended for smaller samples or when smaller tabs are required<br \/>\nThe \u00d89mm carbon tabs are compatible with \u00d89.5mm JEOL stubs<br \/>\nThe \u00d812mm carbon tabs are compatible with \u00d812.7mm pin stubs, \u00d812.2mm JEOL stubs and \u00d815mm Hitachi stubs.<br \/>\nThe \u00d825mm carbon tabs are compatible with \u00d825.4mm pin stubs, \u00d825mm JEOL stubs and \u00d825mm Hitachi stubs.<\/p>\n","protected":false},"excerpt":{"rendered":"<p>&nbsp;<\/p>\n<h4>pkg\/104<\/h4>\n","protected":false},"featured_media":284904,"comment_status":"open","ping_status":"closed","template":"","meta":{"_et_pb_use_builder":"","_et_pb_old_content":"","_et_gb_content_width":"","inline_featured_image":false},"product_brand":[1914,1915],"product_cat":[1376,1432,1431,1440,1365,1433],"product_tag":[1734,1510,1736],"class_list":{"0":"post-303816","1":"product","2":"type-product","3":"status-publish","4":"has-post-thumbnail","6":"product_brand-hitachi","7":"product_brand-jeol","8":"product_cat-accessoires-par-marque-de-microscope-en","9":"product_cat-adhesives-en","10":"product_cat-pastilles-en","11":"product_cat-hitachi-tm-microscope-de-table-en","12":"product_cat-meb-sem-en","13":"product_cat-accessoires-divers-en","14":"product_tag-carbon-en","15":"product_tag-hitachi-en","16":"product_tag-tabs-en","18":"first","19":"instock","20":"taxable","21":"shipping-taxable","22":"purchasable","23":"product-type-simple"},"yoast_head":"<!-- This site is optimized with the Yoast SEO plugin v27.4 - https:\/\/yoast.com\/product\/yoast-seo-wordpress\/ -->\n<title>EM-Tec CT9 high purity conductive double sided adhesive carbon tabs, \u00d89mm - Delta Microscopies<\/title>\n<meta name=\"robots\" content=\"index, follow, max-snippet:-1, max-image-preview:large, max-video-preview:-1\" \/>\n<link rel=\"canonical\" href=\"https:\/\/www.deltamicroscopies.com\/en\/products\/em-tec-ct9-high-purity-conductive-double-sided-adhesive-carbon-tabs-o9mm\/\" \/>\n<meta property=\"og:locale\" content=\"en_US\" \/>\n<meta property=\"og:type\" content=\"article\" \/>\n<meta property=\"og:title\" content=\"EM-Tec CT9 high purity conductive double sided adhesive carbon tabs, \u00d89mm - Delta Microscopies\" \/>\n<meta property=\"og:description\" content=\"&nbsp; pkg\/104\" \/>\n<meta property=\"og:url\" content=\"https:\/\/www.deltamicroscopies.com\/en\/products\/em-tec-ct9-high-purity-conductive-double-sided-adhesive-carbon-tabs-o9mm\/\" \/>\n<meta property=\"og:site_name\" content=\"Delta Microscopies\" \/>\n<meta property=\"article:modified_time\" content=\"2022-03-16T10:58:26+00:00\" \/>\n<meta property=\"og:image\" content=\"https:\/\/www.deltamicroscopies.com\/wp-content\/uploads\/2018\/11\/D15-000409-EM-Tec-CT9_high_purity_conductive_double_sided_adhesive_carbon_tabs.jpg\" \/>\n\t<meta property=\"og:image:width\" content=\"300\" \/>\n\t<meta property=\"og:image:height\" content=\"300\" \/>\n\t<meta property=\"og:image:type\" content=\"image\/jpeg\" \/>\n<meta name=\"twitter:label1\" content=\"Est. reading time\" \/>\n\t<meta name=\"twitter:data1\" content=\"2 minutes\" \/>\n<!-- \/ Yoast SEO plugin. -->","yoast_head_json":{"title":"EM-Tec CT9 high purity conductive double sided adhesive carbon tabs, \u00d89mm - Delta Microscopies","robots":{"index":"index","follow":"follow","max-snippet":"max-snippet:-1","max-image-preview":"max-image-preview:large","max-video-preview":"max-video-preview:-1"},"canonical":"https:\/\/www.deltamicroscopies.com\/en\/products\/em-tec-ct9-high-purity-conductive-double-sided-adhesive-carbon-tabs-o9mm\/","og_locale":"en_US","og_type":"article","og_title":"EM-Tec CT9 high purity conductive double sided adhesive carbon tabs, \u00d89mm - Delta Microscopies","og_description":"&nbsp; pkg\/104","og_url":"https:\/\/www.deltamicroscopies.com\/en\/products\/em-tec-ct9-high-purity-conductive-double-sided-adhesive-carbon-tabs-o9mm\/","og_site_name":"Delta Microscopies","article_modified_time":"2022-03-16T10:58:26+00:00","og_image":[{"width":300,"height":300,"url":"https:\/\/www.deltamicroscopies.com\/wp-content\/uploads\/2018\/11\/D15-000409-EM-Tec-CT9_high_purity_conductive_double_sided_adhesive_carbon_tabs.jpg","type":"image\/jpeg"}],"twitter_misc":{"Est. reading time":"2 minutes"},"schema":{"@context":"https:\/\/schema.org","@graph":[{"@type":"WebPage","@id":"https:\/\/www.deltamicroscopies.com\/en\/products\/em-tec-ct9-high-purity-conductive-double-sided-adhesive-carbon-tabs-o9mm\/","url":"https:\/\/www.deltamicroscopies.com\/en\/products\/em-tec-ct9-high-purity-conductive-double-sided-adhesive-carbon-tabs-o9mm\/","name":"EM-Tec CT9 high purity conductive double sided adhesive carbon tabs, \u00d89mm - Delta Microscopies","isPartOf":{"@id":"https:\/\/www.deltamicroscopies.com\/en\/#website"},"primaryImageOfPage":{"@id":"https:\/\/www.deltamicroscopies.com\/en\/products\/em-tec-ct9-high-purity-conductive-double-sided-adhesive-carbon-tabs-o9mm\/#primaryimage"},"image":{"@id":"https:\/\/www.deltamicroscopies.com\/en\/products\/em-tec-ct9-high-purity-conductive-double-sided-adhesive-carbon-tabs-o9mm\/#primaryimage"},"thumbnailUrl":"https:\/\/efb7cwj5g4q.exactdn.com\/wp-content\/uploads\/2018\/11\/D15-000409-EM-Tec-CT9_high_purity_conductive_double_sided_adhesive_carbon_tabs.jpg?strip=all","datePublished":"2018-11-08T13:45:27+00:00","dateModified":"2022-03-16T10:58:26+00:00","breadcrumb":{"@id":"https:\/\/www.deltamicroscopies.com\/en\/products\/em-tec-ct9-high-purity-conductive-double-sided-adhesive-carbon-tabs-o9mm\/#breadcrumb"},"inLanguage":"en-US","potentialAction":[{"@type":"ReadAction","target":["https:\/\/www.deltamicroscopies.com\/en\/products\/em-tec-ct9-high-purity-conductive-double-sided-adhesive-carbon-tabs-o9mm\/"]}]},{"@type":"ImageObject","inLanguage":"en-US","@id":"https:\/\/www.deltamicroscopies.com\/en\/products\/em-tec-ct9-high-purity-conductive-double-sided-adhesive-carbon-tabs-o9mm\/#primaryimage","url":"https:\/\/efb7cwj5g4q.exactdn.com\/wp-content\/uploads\/2018\/11\/D15-000409-EM-Tec-CT9_high_purity_conductive_double_sided_adhesive_carbon_tabs.jpg?strip=all","contentUrl":"https:\/\/efb7cwj5g4q.exactdn.com\/wp-content\/uploads\/2018\/11\/D15-000409-EM-Tec-CT9_high_purity_conductive_double_sided_adhesive_carbon_tabs.jpg?strip=all","width":300,"height":300},{"@type":"BreadcrumbList","@id":"https:\/\/www.deltamicroscopies.com\/en\/products\/em-tec-ct9-high-purity-conductive-double-sided-adhesive-carbon-tabs-o9mm\/#breadcrumb","itemListElement":[{"@type":"ListItem","position":1,"name":"Accueil","item":"https:\/\/www.deltamicroscopies.com\/en\/home-3\/"},{"@type":"ListItem","position":2,"name":"Our products","item":"https:\/\/www.deltamicroscopies.com\/en\/shop\/"},{"@type":"ListItem","position":3,"name":"EM-Tec CT9 high purity conductive double sided adhesive carbon tabs, \u00d89mm"}]},{"@type":"WebSite","@id":"https:\/\/www.deltamicroscopies.com\/en\/#website","url":"https:\/\/www.deltamicroscopies.com\/en\/","name":"Delta Microscopies","description":"Des microscopistes \u00e0 votre service.","publisher":{"@id":"https:\/\/www.deltamicroscopies.com\/en\/#organization"},"potentialAction":[{"@type":"SearchAction","target":{"@type":"EntryPoint","urlTemplate":"https:\/\/www.deltamicroscopies.com\/en\/?s={search_term_string}"},"query-input":{"@type":"PropertyValueSpecification","valueRequired":true,"valueName":"search_term_string"}}],"inLanguage":"en-US"},{"@type":"Organization","@id":"https:\/\/www.deltamicroscopies.com\/en\/#organization","name":"Delta Microscopies","url":"https:\/\/www.deltamicroscopies.com\/en\/","logo":{"@type":"ImageObject","inLanguage":"en-US","@id":"https:\/\/www.deltamicroscopies.com\/en\/#\/schema\/logo\/image\/","url":"https:\/\/efb7cwj5g4q.exactdn.com\/wp-content\/uploads\/2019\/09\/DELTAM_LOGO_RVB-1-1.png?strip=all&lossy=1&ssl=1","contentUrl":"https:\/\/efb7cwj5g4q.exactdn.com\/wp-content\/uploads\/2019\/09\/DELTAM_LOGO_RVB-1-1.png?strip=all&lossy=1&ssl=1","width":688,"height":177,"caption":"Delta Microscopies"},"image":{"@id":"https:\/\/www.deltamicroscopies.com\/en\/#\/schema\/logo\/image\/"},"sameAs":["https:\/\/www.instagram.com\/emsdiasum\/","https:\/\/www.youtube.com\/channel\/UCkSsQQq74DhyLXNg_9RPorQ"]}]}},"_links":{"self":[{"href":"https:\/\/www.deltamicroscopies.com\/en\/wp-json\/wp\/v2\/product\/303816","targetHints":{"allow":["GET"]}}],"collection":[{"href":"https:\/\/www.deltamicroscopies.com\/en\/wp-json\/wp\/v2\/product"}],"about":[{"href":"https:\/\/www.deltamicroscopies.com\/en\/wp-json\/wp\/v2\/types\/product"}],"replies":[{"embeddable":true,"href":"https:\/\/www.deltamicroscopies.com\/en\/wp-json\/wp\/v2\/comments?post=303816"}],"wp:featuredmedia":[{"embeddable":true,"href":"https:\/\/www.deltamicroscopies.com\/en\/wp-json\/wp\/v2\/media\/284904"}],"wp:attachment":[{"href":"https:\/\/www.deltamicroscopies.com\/en\/wp-json\/wp\/v2\/media?parent=303816"}],"wp:term":[{"taxonomy":"product_brand","embeddable":true,"href":"https:\/\/www.deltamicroscopies.com\/en\/wp-json\/wp\/v2\/product_brand?post=303816"},{"taxonomy":"product_cat","embeddable":true,"href":"https:\/\/www.deltamicroscopies.com\/en\/wp-json\/wp\/v2\/product_cat?post=303816"},{"taxonomy":"product_tag","embeddable":true,"href":"https:\/\/www.deltamicroscopies.com\/en\/wp-json\/wp\/v2\/product_tag?post=303816"}],"curies":[{"name":"wp","href":"https:\/\/api.w.org\/{rel}","templated":true}]}}