{"id":303824,"date":"2018-11-08T14:04:45","date_gmt":"2018-11-08T13:04:45","guid":{"rendered":"https:\/\/www.deltamicroscopies.com\/produit\/em-tec-fg-1-silicon-finder-grid-substrate-with-144-fields-of-1x1mm\/"},"modified":"2022-03-16T11:58:31","modified_gmt":"2022-03-16T10:58:31","slug":"em-tec-fg-1-silicon-finder-grid-substrate-with-144-fields-of-1x1mm","status":"publish","type":"product","link":"https:\/\/www.deltamicroscopies.com\/en\/products\/em-tec-fg-1-silicon-finder-grid-substrate-with-144-fields-of-1x1mm\/","title":{"rendered":"EM-Tec FG-1 Silicon Finder Grid Substrate with 144 fields of 1x1mm"},"content":{"rendered":"<p>The novel EM-Tec FG1 silicon SEM finder grid substrate consists of an a 12x12mm chrome deposited grid with a 1mm pitch on a conductive ultra-flat silicon substrate. The substrate is divided into 144 indexed fields of 1x1mm where each of the fields has a unique alphanumeric label in the lower right corner. The alphanumeric label is easy to see with a magnifier, stereo microscope and\/or SEM. The grid produced is comparable with 25 mesh and is practical for larger particles or small samples mounted on the substrate in separate fields. The EM-Tec FG1 silicon SEM finder grid substrate is ideal for correlative microscopy since the position of the sample is easily located. Size of the EM-Tec FG1 is 12x12mm on a 12.5 x 12.5mm substrate. Primarily designed for SEM applications, but equally suitable for reflected light microscopy, AFM and Auger\/SIMS.<\/p>\n<p>This unique product has a number of advantages over engraved SEM stubs and the usual copper SEM finder grids:<br \/>\n&#8211; Ultra-flat \u2013 no height differences such as with copper finder grids<br \/>\n&#8211; Pattern is easily visible with unaided eye, SEM and light microscope<br \/>\n&#8211; Each individual field indexed with an alphanumeric label<br \/>\n&#8211; Low background signal for SEM imaging \u2013 similar to Si chips<br \/>\n&#8211; Fine bright pattern over entire area \u2013 finer than engraved stubs<br \/>\n&#8211; Sample size can be easily judged with the 1x1mm pattern in the background<br \/>\n&#8211; Compatible with \u00d812.7mm pin stubs, \u00d812.2mm JEOL stubs and \u00d815mm Hitachi stubs<br \/>\n&#8211; Easy to mount on SEM and AFM stubs<br \/>\n&#8211; Compatible with SEM, FIB, AFM, LM, XPS\/ESCA, SIMS and Auger<br \/>\n&#8211; Reusable \u2013 solvent resistant and plasma cleaning compatible<br \/>\n&#8211; The EM-Tec FG1 silicon SEM finder grid substrate in packaged in a clean-room and shipped in a gel-box.<\/p>\n<p>The EM-Tec FG1 finder grid is ideal for:<br \/>\n&#8211; correlative, corroborative, collaborative and repetitive microscopy<br \/>\n&#8211; multi-sample mounting for small samples<br \/>\n&#8211; demonstration samples with quick finder grid<br \/>\n&#8211; quick size estimation with the 1mm grid<\/p>\n<p>Specifications of the pattern and the ultra-flat silicon wafer of the EM-Tec FG1 silicon finder grid:<\/p>\n<table id=\"streep\" border=\"0\" cellspacing=\"0\" cellpadding=\"0\">\n<tbody>\n<tr class=\"stripe1\">\n<td>Pattern size<\/td>\n<td>12 x12 mm divided into 144 individual 1x1mm fields<\/td>\n<\/tr>\n<tr class=\"stripe2\">\n<td>Numbering<\/td>\n<td>Each field has unique alphanumeric label in lowe right corner<\/td>\n<\/tr>\n<tr class=\"stripe1\">\n<td>Pattern\/labels<\/td>\n<td>75nm thick deposited Cr with 20\u00b5m line width, 80\u00b5m label height<\/td>\n<\/tr>\n<tr class=\"stripe2\">\n<td>Substrate size<\/td>\n<td>12.5&#215;12.5mm<\/td>\n<\/tr>\n<tr class=\"stripe1\">\n<td>Orientation<\/td>\n<td>&lt;100&gt;<\/td>\n<\/tr>\n<tr class=\"stripe2\">\n<td>Type<\/td>\n<td>P (Boron)<\/td>\n<\/tr>\n<tr class=\"stripe1\">\n<td>Resistance<\/td>\n<td>1-10 Ohm\/cm<\/td>\n<\/tr>\n<tr class=\"stripe2\">\n<td>Grade<\/td>\n<td>Prime \/ CZ Virgin<\/td>\n<\/tr>\n<tr class=\"stripe1\">\n<td>Coating<\/td>\n<td>None, native oxide only<\/td>\n<\/tr>\n<tr class=\"stripe2\">\n<td>Thickness<\/td>\n<td>675\u00b5m (+\/- 20\u00b5m)<\/td>\n<\/tr>\n<tr class=\"stripe1\">\n<td>TTV<\/td>\n<td>\u22641.5\u00b5m<\/td>\n<\/tr>\n<tr class=\"stripe2 highlight\">\n<td>Warp<\/td>\n<td>\u226430\u00b5m<\/td>\n<\/tr>\n<\/tbody>\n<\/table>\n","protected":false},"excerpt":{"rendered":"<h3><\/h3>\n<h4><strong>each<\/strong><\/h4>\n","protected":false},"featured_media":284897,"comment_status":"open","ping_status":"closed","template":"","meta":{"_et_pb_use_builder":"","_et_pb_old_content":"","_et_gb_content_width":"","inline_featured_image":false},"product_brand":[1914,1915],"product_cat":[1376,1440,1426,1365,1433],"product_tag":[1510],"class_list":{"0":"post-303824","1":"product","2":"type-product","3":"status-publish","4":"has-post-thumbnail","6":"product_brand-hitachi","7":"product_brand-jeol","8":"product_cat-accessoires-par-marque-de-microscope-en","9":"product_cat-hitachi-tm-microscope-de-table-en","10":"product_cat-divers-en","11":"product_cat-meb-sem-en","12":"product_cat-accessoires-divers-en","13":"product_tag-hitachi-en","15":"first","16":"instock","17":"taxable","18":"shipping-taxable","19":"purchasable","20":"product-type-simple"},"yoast_head":"<!-- This site is optimized with the Yoast SEO plugin v27.4 - https:\/\/yoast.com\/product\/yoast-seo-wordpress\/ -->\n<title>EM-Tec FG-1 Silicon Finder Grid Substrate with 144 fields of 1x1mm - Delta Microscopies<\/title>\n<meta name=\"robots\" content=\"index, follow, max-snippet:-1, max-image-preview:large, max-video-preview:-1\" \/>\n<link rel=\"canonical\" href=\"https:\/\/www.deltamicroscopies.com\/en\/products\/em-tec-fg-1-silicon-finder-grid-substrate-with-144-fields-of-1x1mm\/\" \/>\n<meta property=\"og:locale\" content=\"en_US\" \/>\n<meta property=\"og:type\" content=\"article\" \/>\n<meta property=\"og:title\" content=\"EM-Tec FG-1 Silicon Finder Grid Substrate with 144 fields of 1x1mm - Delta Microscopies\" \/>\n<meta property=\"og:description\" content=\"each\" \/>\n<meta property=\"og:url\" content=\"https:\/\/www.deltamicroscopies.com\/en\/products\/em-tec-fg-1-silicon-finder-grid-substrate-with-144-fields-of-1x1mm\/\" \/>\n<meta property=\"og:site_name\" content=\"Delta Microscopies\" \/>\n<meta property=\"article:modified_time\" content=\"2022-03-16T10:58:31+00:00\" \/>\n<meta property=\"og:image\" content=\"https:\/\/www.deltamicroscopies.com\/wp-content\/uploads\/2018\/11\/D10-008144_EM-Tec_FG-1_silicon_finger_grid_substrate_with_144_fields_of_1mm.jpg\" \/>\n\t<meta property=\"og:image:width\" content=\"148\" \/>\n\t<meta property=\"og:image:height\" content=\"150\" \/>\n\t<meta property=\"og:image:type\" content=\"image\/jpeg\" \/>\n<meta name=\"twitter:label1\" content=\"Est. reading time\" \/>\n\t<meta name=\"twitter:data1\" content=\"2 minutes\" \/>\n<!-- \/ Yoast SEO plugin. -->","yoast_head_json":{"title":"EM-Tec FG-1 Silicon Finder Grid Substrate with 144 fields of 1x1mm - Delta Microscopies","robots":{"index":"index","follow":"follow","max-snippet":"max-snippet:-1","max-image-preview":"max-image-preview:large","max-video-preview":"max-video-preview:-1"},"canonical":"https:\/\/www.deltamicroscopies.com\/en\/products\/em-tec-fg-1-silicon-finder-grid-substrate-with-144-fields-of-1x1mm\/","og_locale":"en_US","og_type":"article","og_title":"EM-Tec FG-1 Silicon Finder Grid Substrate with 144 fields of 1x1mm - Delta Microscopies","og_description":"each","og_url":"https:\/\/www.deltamicroscopies.com\/en\/products\/em-tec-fg-1-silicon-finder-grid-substrate-with-144-fields-of-1x1mm\/","og_site_name":"Delta Microscopies","article_modified_time":"2022-03-16T10:58:31+00:00","og_image":[{"width":148,"height":150,"url":"https:\/\/www.deltamicroscopies.com\/wp-content\/uploads\/2018\/11\/D10-008144_EM-Tec_FG-1_silicon_finger_grid_substrate_with_144_fields_of_1mm.jpg","type":"image\/jpeg"}],"twitter_misc":{"Est. reading time":"2 minutes"},"schema":{"@context":"https:\/\/schema.org","@graph":[{"@type":"WebPage","@id":"https:\/\/www.deltamicroscopies.com\/en\/products\/em-tec-fg-1-silicon-finder-grid-substrate-with-144-fields-of-1x1mm\/","url":"https:\/\/www.deltamicroscopies.com\/en\/products\/em-tec-fg-1-silicon-finder-grid-substrate-with-144-fields-of-1x1mm\/","name":"EM-Tec FG-1 Silicon Finder Grid Substrate with 144 fields of 1x1mm - Delta Microscopies","isPartOf":{"@id":"https:\/\/www.deltamicroscopies.com\/en\/#website"},"primaryImageOfPage":{"@id":"https:\/\/www.deltamicroscopies.com\/en\/products\/em-tec-fg-1-silicon-finder-grid-substrate-with-144-fields-of-1x1mm\/#primaryimage"},"image":{"@id":"https:\/\/www.deltamicroscopies.com\/en\/products\/em-tec-fg-1-silicon-finder-grid-substrate-with-144-fields-of-1x1mm\/#primaryimage"},"thumbnailUrl":"https:\/\/efb7cwj5g4q.exactdn.com\/wp-content\/uploads\/2018\/11\/D10-008144_EM-Tec_FG-1_silicon_finger_grid_substrate_with_144_fields_of_1mm.jpg?strip=all","datePublished":"2018-11-08T13:04:45+00:00","dateModified":"2022-03-16T10:58:31+00:00","breadcrumb":{"@id":"https:\/\/www.deltamicroscopies.com\/en\/products\/em-tec-fg-1-silicon-finder-grid-substrate-with-144-fields-of-1x1mm\/#breadcrumb"},"inLanguage":"en-US","potentialAction":[{"@type":"ReadAction","target":["https:\/\/www.deltamicroscopies.com\/en\/products\/em-tec-fg-1-silicon-finder-grid-substrate-with-144-fields-of-1x1mm\/"]}]},{"@type":"ImageObject","inLanguage":"en-US","@id":"https:\/\/www.deltamicroscopies.com\/en\/products\/em-tec-fg-1-silicon-finder-grid-substrate-with-144-fields-of-1x1mm\/#primaryimage","url":"https:\/\/efb7cwj5g4q.exactdn.com\/wp-content\/uploads\/2018\/11\/D10-008144_EM-Tec_FG-1_silicon_finger_grid_substrate_with_144_fields_of_1mm.jpg?strip=all","contentUrl":"https:\/\/efb7cwj5g4q.exactdn.com\/wp-content\/uploads\/2018\/11\/D10-008144_EM-Tec_FG-1_silicon_finger_grid_substrate_with_144_fields_of_1mm.jpg?strip=all","width":148,"height":150},{"@type":"BreadcrumbList","@id":"https:\/\/www.deltamicroscopies.com\/en\/products\/em-tec-fg-1-silicon-finder-grid-substrate-with-144-fields-of-1x1mm\/#breadcrumb","itemListElement":[{"@type":"ListItem","position":1,"name":"Accueil","item":"https:\/\/www.deltamicroscopies.com\/en\/home-3\/"},{"@type":"ListItem","position":2,"name":"Our products","item":"https:\/\/www.deltamicroscopies.com\/en\/shop\/"},{"@type":"ListItem","position":3,"name":"EM-Tec FG-1 Silicon Finder Grid Substrate with 144 fields of 1x1mm"}]},{"@type":"WebSite","@id":"https:\/\/www.deltamicroscopies.com\/en\/#website","url":"https:\/\/www.deltamicroscopies.com\/en\/","name":"Delta Microscopies","description":"Des microscopistes \u00e0 votre service.","publisher":{"@id":"https:\/\/www.deltamicroscopies.com\/en\/#organization"},"potentialAction":[{"@type":"SearchAction","target":{"@type":"EntryPoint","urlTemplate":"https:\/\/www.deltamicroscopies.com\/en\/?s={search_term_string}"},"query-input":{"@type":"PropertyValueSpecification","valueRequired":true,"valueName":"search_term_string"}}],"inLanguage":"en-US"},{"@type":"Organization","@id":"https:\/\/www.deltamicroscopies.com\/en\/#organization","name":"Delta Microscopies","url":"https:\/\/www.deltamicroscopies.com\/en\/","logo":{"@type":"ImageObject","inLanguage":"en-US","@id":"https:\/\/www.deltamicroscopies.com\/en\/#\/schema\/logo\/image\/","url":"https:\/\/efb7cwj5g4q.exactdn.com\/wp-content\/uploads\/2019\/09\/DELTAM_LOGO_RVB-1-1.png?strip=all&lossy=1&ssl=1","contentUrl":"https:\/\/efb7cwj5g4q.exactdn.com\/wp-content\/uploads\/2019\/09\/DELTAM_LOGO_RVB-1-1.png?strip=all&lossy=1&ssl=1","width":688,"height":177,"caption":"Delta Microscopies"},"image":{"@id":"https:\/\/www.deltamicroscopies.com\/en\/#\/schema\/logo\/image\/"},"sameAs":["https:\/\/www.instagram.com\/emsdiasum\/","https:\/\/www.youtube.com\/channel\/UCkSsQQq74DhyLXNg_9RPorQ"]}]}},"_links":{"self":[{"href":"https:\/\/www.deltamicroscopies.com\/en\/wp-json\/wp\/v2\/product\/303824","targetHints":{"allow":["GET"]}}],"collection":[{"href":"https:\/\/www.deltamicroscopies.com\/en\/wp-json\/wp\/v2\/product"}],"about":[{"href":"https:\/\/www.deltamicroscopies.com\/en\/wp-json\/wp\/v2\/types\/product"}],"replies":[{"embeddable":true,"href":"https:\/\/www.deltamicroscopies.com\/en\/wp-json\/wp\/v2\/comments?post=303824"}],"wp:featuredmedia":[{"embeddable":true,"href":"https:\/\/www.deltamicroscopies.com\/en\/wp-json\/wp\/v2\/media\/284897"}],"wp:attachment":[{"href":"https:\/\/www.deltamicroscopies.com\/en\/wp-json\/wp\/v2\/media?parent=303824"}],"wp:term":[{"taxonomy":"product_brand","embeddable":true,"href":"https:\/\/www.deltamicroscopies.com\/en\/wp-json\/wp\/v2\/product_brand?post=303824"},{"taxonomy":"product_cat","embeddable":true,"href":"https:\/\/www.deltamicroscopies.com\/en\/wp-json\/wp\/v2\/product_cat?post=303824"},{"taxonomy":"product_tag","embeddable":true,"href":"https:\/\/www.deltamicroscopies.com\/en\/wp-json\/wp\/v2\/product_tag?post=303824"}],"curies":[{"name":"wp","href":"https:\/\/api.w.org\/{rel}","templated":true}]}}