{"id":304052,"date":"2018-11-06T14:08:42","date_gmt":"2018-11-06T13:08:42","guid":{"rendered":"https:\/\/www.deltamicroscopies.com\/produit\/em-tec-hj12-hitachi-m4-adapter-for-o15mm-jeol-or-isi-stubs-o25x10mm-m4\/"},"modified":"2022-03-16T12:13:32","modified_gmt":"2022-03-16T11:13:32","slug":"em-tec-hj12-hitachi-m4-adapter-for-o15mm-jeol-or-isi-stubs-o25x10mm-m4","status":"publish","type":"product","link":"https:\/\/www.deltamicroscopies.com\/en\/products\/em-tec-hj12-hitachi-m4-adapter-for-o15mm-jeol-or-isi-stubs-o25x10mm-m4\/","title":{"rendered":"EM-Tec HJ12 Hitachi M4 adapter for \u00d815mm JEOL or ISI stubs, \u00d825x10mm, M4"},"content":{"rendered":"<p>EM-Tec HJ12 Hitachi M4 adapter for holding the \u00d815mm JEOL or ISI stubs. Set screw is used to secure the \u00d815mm JEOL or ISI stubs. Machined from vacuum grade aluminium. Overall size is \u00d825x10mm. Includes allen key.<\/p>\n<p>For Hitachi M4 adapters for using different stubs in Hitachi SEMs and Hitachi table top SEMs<\/p>\n<p>With the EM-Tec SEM stub adapters, you can use the standard pin stubs and JEOL SEM stubs on the Hitachi tabletop SEMs. Quick, no need to re-mount the sample and sample integrity is safe. Also useful for using calibration standard which can be mounted on a different stub. Recommended SEM stub adapters are:<\/p>\n<p>&nbsp;<\/p>\n","protected":false},"excerpt":{"rendered":"<h3><\/h3>\n<h4><strong>each<\/strong><\/h4>\n","protected":false},"featured_media":284834,"comment_status":"open","ping_status":"closed","template":"","meta":{"_et_pb_use_builder":"","_et_pb_old_content":"","_et_gb_content_width":"","inline_featured_image":false},"product_brand":[1914,1915],"product_cat":[1376,1435,1440,1296,1439,1365],"product_tag":[1506,1510,1749,1507],"class_list":{"0":"post-304052","1":"product","2":"type-product","3":"status-publish","4":"has-post-thumbnail","6":"product_brand-hitachi","7":"product_brand-jeol","8":"product_cat-accessoires-par-marque-de-microscope-en","9":"product_cat-adaptateurs-en","10":"product_cat-hitachi-tm-microscope-de-table-en","11":"product_cat-supports-et-adaptateurs-en","12":"product_cat-jeol-et-neoscope-en","13":"product_cat-meb-sem-en","14":"product_tag-adapter-en","15":"product_tag-hitachi-en","16":"product_tag-isi-en","17":"product_tag-jeol-en","19":"first","20":"instock","21":"taxable","22":"shipping-taxable","23":"purchasable","24":"product-type-simple"},"yoast_head":"<!-- This site is optimized with the Yoast SEO plugin v27.4 - https:\/\/yoast.com\/product\/yoast-seo-wordpress\/ -->\n<title>EM-Tec HJ12 Hitachi M4 adapter for \u00d815mm JEOL or ISI stubs, \u00d825x10mm, M4 - Delta Microscopies<\/title>\n<meta name=\"robots\" content=\"index, follow, max-snippet:-1, max-image-preview:large, max-video-preview:-1\" \/>\n<link rel=\"canonical\" href=\"https:\/\/www.deltamicroscopies.com\/en\/products\/em-tec-hj12-hitachi-m4-adapter-for-o15mm-jeol-or-isi-stubs-o25x10mm-m4\/\" \/>\n<meta property=\"og:locale\" content=\"en_US\" \/>\n<meta property=\"og:type\" content=\"article\" \/>\n<meta property=\"og:title\" content=\"EM-Tec HJ12 Hitachi M4 adapter for \u00d815mm JEOL or ISI stubs, \u00d825x10mm, M4 - Delta Microscopies\" \/>\n<meta property=\"og:description\" content=\"each\" \/>\n<meta property=\"og:url\" content=\"https:\/\/www.deltamicroscopies.com\/en\/products\/em-tec-hj12-hitachi-m4-adapter-for-o15mm-jeol-or-isi-stubs-o25x10mm-m4\/\" \/>\n<meta property=\"og:site_name\" content=\"Delta Microscopies\" \/>\n<meta property=\"article:modified_time\" content=\"2022-03-16T11:13:32+00:00\" \/>\n<meta property=\"og:image\" content=\"https:\/\/www.deltamicroscopies.com\/wp-content\/uploads\/2018\/11\/D11-000316-EM-Tec-HJ12-Hitachi_M4_adapter_for_15mm_JEOL_stubs_25x10mm_M4-small.jpg\" \/>\n\t<meta property=\"og:image:width\" content=\"300\" \/>\n\t<meta property=\"og:image:height\" content=\"300\" \/>\n\t<meta property=\"og:image:type\" content=\"image\/jpeg\" \/>\n<meta name=\"twitter:label1\" content=\"Est. reading time\" \/>\n\t<meta name=\"twitter:data1\" content=\"1 minute\" \/>\n<!-- \/ Yoast SEO plugin. -->","yoast_head_json":{"title":"EM-Tec HJ12 Hitachi M4 adapter for \u00d815mm JEOL or ISI stubs, \u00d825x10mm, M4 - Delta Microscopies","robots":{"index":"index","follow":"follow","max-snippet":"max-snippet:-1","max-image-preview":"max-image-preview:large","max-video-preview":"max-video-preview:-1"},"canonical":"https:\/\/www.deltamicroscopies.com\/en\/products\/em-tec-hj12-hitachi-m4-adapter-for-o15mm-jeol-or-isi-stubs-o25x10mm-m4\/","og_locale":"en_US","og_type":"article","og_title":"EM-Tec HJ12 Hitachi M4 adapter for \u00d815mm JEOL or ISI stubs, \u00d825x10mm, M4 - Delta Microscopies","og_description":"each","og_url":"https:\/\/www.deltamicroscopies.com\/en\/products\/em-tec-hj12-hitachi-m4-adapter-for-o15mm-jeol-or-isi-stubs-o25x10mm-m4\/","og_site_name":"Delta Microscopies","article_modified_time":"2022-03-16T11:13:32+00:00","og_image":[{"width":300,"height":300,"url":"https:\/\/www.deltamicroscopies.com\/wp-content\/uploads\/2018\/11\/D11-000316-EM-Tec-HJ12-Hitachi_M4_adapter_for_15mm_JEOL_stubs_25x10mm_M4-small.jpg","type":"image\/jpeg"}],"twitter_misc":{"Est. reading time":"1 minute"},"schema":{"@context":"https:\/\/schema.org","@graph":[{"@type":"WebPage","@id":"https:\/\/www.deltamicroscopies.com\/en\/products\/em-tec-hj12-hitachi-m4-adapter-for-o15mm-jeol-or-isi-stubs-o25x10mm-m4\/","url":"https:\/\/www.deltamicroscopies.com\/en\/products\/em-tec-hj12-hitachi-m4-adapter-for-o15mm-jeol-or-isi-stubs-o25x10mm-m4\/","name":"EM-Tec HJ12 Hitachi M4 adapter for \u00d815mm JEOL or ISI stubs, \u00d825x10mm, M4 - Delta Microscopies","isPartOf":{"@id":"https:\/\/www.deltamicroscopies.com\/en\/#website"},"primaryImageOfPage":{"@id":"https:\/\/www.deltamicroscopies.com\/en\/products\/em-tec-hj12-hitachi-m4-adapter-for-o15mm-jeol-or-isi-stubs-o25x10mm-m4\/#primaryimage"},"image":{"@id":"https:\/\/www.deltamicroscopies.com\/en\/products\/em-tec-hj12-hitachi-m4-adapter-for-o15mm-jeol-or-isi-stubs-o25x10mm-m4\/#primaryimage"},"thumbnailUrl":"https:\/\/efb7cwj5g4q.exactdn.com\/wp-content\/uploads\/2018\/11\/D11-000316-EM-Tec-HJ12-Hitachi_M4_adapter_for_15mm_JEOL_stubs_25x10mm_M4-small.jpg?strip=all","datePublished":"2018-11-06T13:08:42+00:00","dateModified":"2022-03-16T11:13:32+00:00","breadcrumb":{"@id":"https:\/\/www.deltamicroscopies.com\/en\/products\/em-tec-hj12-hitachi-m4-adapter-for-o15mm-jeol-or-isi-stubs-o25x10mm-m4\/#breadcrumb"},"inLanguage":"en-US","potentialAction":[{"@type":"ReadAction","target":["https:\/\/www.deltamicroscopies.com\/en\/products\/em-tec-hj12-hitachi-m4-adapter-for-o15mm-jeol-or-isi-stubs-o25x10mm-m4\/"]}]},{"@type":"ImageObject","inLanguage":"en-US","@id":"https:\/\/www.deltamicroscopies.com\/en\/products\/em-tec-hj12-hitachi-m4-adapter-for-o15mm-jeol-or-isi-stubs-o25x10mm-m4\/#primaryimage","url":"https:\/\/efb7cwj5g4q.exactdn.com\/wp-content\/uploads\/2018\/11\/D11-000316-EM-Tec-HJ12-Hitachi_M4_adapter_for_15mm_JEOL_stubs_25x10mm_M4-small.jpg?strip=all","contentUrl":"https:\/\/efb7cwj5g4q.exactdn.com\/wp-content\/uploads\/2018\/11\/D11-000316-EM-Tec-HJ12-Hitachi_M4_adapter_for_15mm_JEOL_stubs_25x10mm_M4-small.jpg?strip=all","width":300,"height":300},{"@type":"BreadcrumbList","@id":"https:\/\/www.deltamicroscopies.com\/en\/products\/em-tec-hj12-hitachi-m4-adapter-for-o15mm-jeol-or-isi-stubs-o25x10mm-m4\/#breadcrumb","itemListElement":[{"@type":"ListItem","position":1,"name":"Accueil","item":"https:\/\/www.deltamicroscopies.com\/en\/home-3\/"},{"@type":"ListItem","position":2,"name":"Our products","item":"https:\/\/www.deltamicroscopies.com\/en\/shop\/"},{"@type":"ListItem","position":3,"name":"EM-Tec HJ12 Hitachi M4 adapter for \u00d815mm JEOL or ISI stubs, \u00d825x10mm, M4"}]},{"@type":"WebSite","@id":"https:\/\/www.deltamicroscopies.com\/en\/#website","url":"https:\/\/www.deltamicroscopies.com\/en\/","name":"Delta Microscopies","description":"Des microscopistes \u00e0 votre service.","publisher":{"@id":"https:\/\/www.deltamicroscopies.com\/en\/#organization"},"potentialAction":[{"@type":"SearchAction","target":{"@type":"EntryPoint","urlTemplate":"https:\/\/www.deltamicroscopies.com\/en\/?s={search_term_string}"},"query-input":{"@type":"PropertyValueSpecification","valueRequired":true,"valueName":"search_term_string"}}],"inLanguage":"en-US"},{"@type":"Organization","@id":"https:\/\/www.deltamicroscopies.com\/en\/#organization","name":"Delta Microscopies","url":"https:\/\/www.deltamicroscopies.com\/en\/","logo":{"@type":"ImageObject","inLanguage":"en-US","@id":"https:\/\/www.deltamicroscopies.com\/en\/#\/schema\/logo\/image\/","url":"https:\/\/efb7cwj5g4q.exactdn.com\/wp-content\/uploads\/2019\/09\/DELTAM_LOGO_RVB-1-1.png?strip=all&lossy=1&ssl=1","contentUrl":"https:\/\/efb7cwj5g4q.exactdn.com\/wp-content\/uploads\/2019\/09\/DELTAM_LOGO_RVB-1-1.png?strip=all&lossy=1&ssl=1","width":688,"height":177,"caption":"Delta Microscopies"},"image":{"@id":"https:\/\/www.deltamicroscopies.com\/en\/#\/schema\/logo\/image\/"},"sameAs":["https:\/\/www.instagram.com\/emsdiasum\/","https:\/\/www.youtube.com\/channel\/UCkSsQQq74DhyLXNg_9RPorQ"]}]}},"_links":{"self":[{"href":"https:\/\/www.deltamicroscopies.com\/en\/wp-json\/wp\/v2\/product\/304052","targetHints":{"allow":["GET"]}}],"collection":[{"href":"https:\/\/www.deltamicroscopies.com\/en\/wp-json\/wp\/v2\/product"}],"about":[{"href":"https:\/\/www.deltamicroscopies.com\/en\/wp-json\/wp\/v2\/types\/product"}],"replies":[{"embeddable":true,"href":"https:\/\/www.deltamicroscopies.com\/en\/wp-json\/wp\/v2\/comments?post=304052"}],"wp:featuredmedia":[{"embeddable":true,"href":"https:\/\/www.deltamicroscopies.com\/en\/wp-json\/wp\/v2\/media\/284834"}],"wp:attachment":[{"href":"https:\/\/www.deltamicroscopies.com\/en\/wp-json\/wp\/v2\/media?parent=304052"}],"wp:term":[{"taxonomy":"product_brand","embeddable":true,"href":"https:\/\/www.deltamicroscopies.com\/en\/wp-json\/wp\/v2\/product_brand?post=304052"},{"taxonomy":"product_cat","embeddable":true,"href":"https:\/\/www.deltamicroscopies.com\/en\/wp-json\/wp\/v2\/product_cat?post=304052"},{"taxonomy":"product_tag","embeddable":true,"href":"https:\/\/www.deltamicroscopies.com\/en\/wp-json\/wp\/v2\/product_tag?post=304052"}],"curies":[{"name":"wp","href":"https:\/\/api.w.org\/{rel}","templated":true}]}}