{"id":305548,"date":"2022-08-12T11:27:34","date_gmt":"2022-08-12T10:27:34","guid":{"rendered":"https:\/\/www.deltamicroscopies.com\/?post_type=product&#038;p=305548"},"modified":"2022-08-12T11:32:35","modified_gmt":"2022-08-12T10:32:35","slug":"standard-tweezers-style-n5ac-titanium-each","status":"publish","type":"product","link":"https:\/\/www.deltamicroscopies.com\/en\/products\/standard-tweezers-style-n5ac-titanium-each\/","title":{"rendered":"Standard Tweezers &#8211; Style N5AC &#8211; Titanium &#8211; each"},"content":{"rendered":"<p><a href=\"https:\/\/efb7cwj5g4q.exactdn.com\/wp-content\/uploads\/2022\/08\/a-26.jpg?strip=all&w=2560\"><img decoding=\"async\" class=\"alignnone size-full wp-image-305549\" src=\"https:\/\/efb7cwj5g4q.exactdn.com\/wp-content\/uploads\/2022\/08\/a-26.jpg?strip=all\" alt=\"\" width=\"162\" height=\"112\" srcset=\"https:\/\/efb7cwj5g4q.exactdn.com\/wp-content\/uploads\/2022\/08\/a-26.jpg?strip=all 162w, https:\/\/efb7cwj5g4q.exactdn.com\/wp-content\/uploads\/2022\/08\/a-26.jpg?strip=all&amp;w=64 64w\" sizes=\"(max-width: 162px) 100vw, 162px\" \/><\/a><\/p>\n<p>A 0.02 mm B 0.07 mm Length 115 mm\u00a0 Biological Polished Titanium is an alloy composed of C, Fe, O, H, N and Ti. It is totally resistant to corrosion from nitric acid, chloride, salt water, and the like. This alloy is not as hard as Inox 08 but is 40% lighter and more flexible. Titanium I00% antimagnetic and resistant up to temperatures of around 430\u00b0C. N&#8217;h\u00e9sitez pas \u00e0 nous contacter si vous souhaitez des informations suppl\u00e9mentaires ou un autre produit.<\/p>\n","protected":false},"excerpt":{"rendered":"<p><a href=\"https:\/\/www.deltamicroscopies.com\/wp-content\/uploads\/2022\/08\/a-26.jpg\"><img decoding=\"async\" class=\"alignnone size-full wp-image-305549\" src=\"https:\/\/www.deltamicroscopies.com\/wp-content\/uploads\/2022\/08\/a-26.jpg\" alt=\"\" width=\"162\" height=\"112\" srcset=\"https:\/\/efb7cwj5g4q.exactdn.com\/wp-content\/uploads\/2022\/08\/a-26.jpg?strip=all 162w, https:\/\/efb7cwj5g4q.exactdn.com\/wp-content\/uploads\/2022\/08\/a-26.jpg?strip=all&amp;w=64 64w\" sizes=\"(max-width: 162px) 100vw, 162px\" \/><\/a><\/p>\n<p>A 0.02 mm B 0.07 mm Length 115 mm\u00a0 Biological Polished Titanium is an alloy composed of C, Fe, O, H, N and Ti. It is totally resistant to corrosion from nitric acid, chloride, salt water, and the like. This alloy is not as hard as Inox 08 but is 40% lighter and more flexible. Titanium I00% antimagnetic and resistant up to temperatures of around 430\u00b0C. N&#8217;h\u00e9sitez pas \u00e0 nous contacter si vous souhaitez des informations suppl\u00e9mentaires ou un autre produit. N&#8217;h\u00e9sitez pas \u00e0 nous contacter si vous souhaitez des informations suppl\u00e9mentaires ou un autre produit.<\/p>\n","protected":false},"featured_media":305552,"comment_status":"open","ping_status":"closed","template":"","meta":{"_et_pb_use_builder":"off","_et_pb_old_content":"","_et_gb_content_width":"","inline_featured_image":false},"product_brand":[1911],"product_cat":[1295],"product_tag":[],"class_list":{"0":"post-305548","1":"product","2":"type-product","3":"status-publish","4":"has-post-thumbnail","6":"product_brand-dumont","7":"product_cat-pinces-en","9":"first","10":"instock","11":"taxable","12":"shipping-taxable","13":"purchasable","14":"product-type-simple"},"yoast_head":"<!-- This site is optimized with the Yoast SEO plugin v27.4 - https:\/\/yoast.com\/product\/yoast-seo-wordpress\/ -->\n<title>Standard Tweezers - Style N5AC - Titanium - each - Delta Microscopies<\/title>\n<meta name=\"robots\" content=\"index, follow, max-snippet:-1, max-image-preview:large, max-video-preview:-1\" \/>\n<link rel=\"canonical\" href=\"https:\/\/www.deltamicroscopies.com\/en\/products\/standard-tweezers-style-n5ac-titanium-each\/\" \/>\n<meta property=\"og:locale\" content=\"en_US\" \/>\n<meta property=\"og:type\" content=\"article\" \/>\n<meta property=\"og:title\" content=\"Standard Tweezers - Style N5AC - Titanium - each - Delta Microscopies\" \/>\n<meta property=\"og:description\" content=\"A 0.02 mm B 0.07 mm Length 115 mm\u00a0 Biological Polished Titanium is an alloy composed of C, Fe, O, H, N and Ti. It is totally resistant to corrosion from nitric acid, chloride, salt water, and the like. This alloy is not as hard as Inox 08 but is 40% lighter and more flexible. Titanium I00% antimagnetic and resistant up to temperatures of around 430\u00b0C. N&#039;h\u00e9sitez pas \u00e0 nous contacter si vous souhaitez des informations suppl\u00e9mentaires ou un autre produit. N&#039;h\u00e9sitez pas \u00e0 nous contacter si vous souhaitez des informations suppl\u00e9mentaires ou un autre produit.\" \/>\n<meta property=\"og:url\" content=\"https:\/\/www.deltamicroscopies.com\/en\/products\/standard-tweezers-style-n5ac-titanium-each\/\" \/>\n<meta property=\"og:site_name\" content=\"Delta Microscopies\" \/>\n<meta property=\"article:modified_time\" content=\"2022-08-12T10:32:35+00:00\" \/>\n<meta property=\"og:image\" content=\"https:\/\/www.deltamicroscopies.com\/wp-content\/uploads\/2022\/08\/a-27.jpg\" \/>\n\t<meta property=\"og:image:width\" content=\"326\" \/>\n\t<meta property=\"og:image:height\" content=\"36\" \/>\n\t<meta property=\"og:image:type\" content=\"image\/jpeg\" \/>\n<meta name=\"twitter:label1\" content=\"Est. reading time\" \/>\n\t<meta name=\"twitter:data1\" content=\"1 minute\" \/>\n<!-- \/ Yoast SEO plugin. -->","yoast_head_json":{"title":"Standard Tweezers - Style N5AC - Titanium - each - Delta Microscopies","robots":{"index":"index","follow":"follow","max-snippet":"max-snippet:-1","max-image-preview":"max-image-preview:large","max-video-preview":"max-video-preview:-1"},"canonical":"https:\/\/www.deltamicroscopies.com\/en\/products\/standard-tweezers-style-n5ac-titanium-each\/","og_locale":"en_US","og_type":"article","og_title":"Standard Tweezers - Style N5AC - Titanium - each - Delta Microscopies","og_description":"A 0.02 mm B 0.07 mm Length 115 mm\u00a0 Biological Polished Titanium is an alloy composed of C, Fe, O, H, N and Ti. It is totally resistant to corrosion from nitric acid, chloride, salt water, and the like. This alloy is not as hard as Inox 08 but is 40% lighter and more flexible. Titanium I00% antimagnetic and resistant up to temperatures of around 430\u00b0C. N'h\u00e9sitez pas \u00e0 nous contacter si vous souhaitez des informations suppl\u00e9mentaires ou un autre produit. N'h\u00e9sitez pas \u00e0 nous contacter si vous souhaitez des informations suppl\u00e9mentaires ou un autre produit.","og_url":"https:\/\/www.deltamicroscopies.com\/en\/products\/standard-tweezers-style-n5ac-titanium-each\/","og_site_name":"Delta Microscopies","article_modified_time":"2022-08-12T10:32:35+00:00","og_image":[{"width":326,"height":36,"url":"https:\/\/www.deltamicroscopies.com\/wp-content\/uploads\/2022\/08\/a-27.jpg","type":"image\/jpeg"}],"twitter_misc":{"Est. reading time":"1 minute"},"schema":{"@context":"https:\/\/schema.org","@graph":[{"@type":"WebPage","@id":"https:\/\/www.deltamicroscopies.com\/en\/products\/standard-tweezers-style-n5ac-titanium-each\/","url":"https:\/\/www.deltamicroscopies.com\/en\/products\/standard-tweezers-style-n5ac-titanium-each\/","name":"Standard Tweezers - Style N5AC - Titanium - each - Delta Microscopies","isPartOf":{"@id":"https:\/\/www.deltamicroscopies.com\/en\/#website"},"primaryImageOfPage":{"@id":"https:\/\/www.deltamicroscopies.com\/en\/products\/standard-tweezers-style-n5ac-titanium-each\/#primaryimage"},"image":{"@id":"https:\/\/www.deltamicroscopies.com\/en\/products\/standard-tweezers-style-n5ac-titanium-each\/#primaryimage"},"thumbnailUrl":"https:\/\/efb7cwj5g4q.exactdn.com\/wp-content\/uploads\/2022\/08\/a-27.jpg?strip=all","datePublished":"2022-08-12T10:27:34+00:00","dateModified":"2022-08-12T10:32:35+00:00","breadcrumb":{"@id":"https:\/\/www.deltamicroscopies.com\/en\/products\/standard-tweezers-style-n5ac-titanium-each\/#breadcrumb"},"inLanguage":"en-US","potentialAction":[{"@type":"ReadAction","target":["https:\/\/www.deltamicroscopies.com\/en\/products\/standard-tweezers-style-n5ac-titanium-each\/"]}]},{"@type":"ImageObject","inLanguage":"en-US","@id":"https:\/\/www.deltamicroscopies.com\/en\/products\/standard-tweezers-style-n5ac-titanium-each\/#primaryimage","url":"https:\/\/efb7cwj5g4q.exactdn.com\/wp-content\/uploads\/2022\/08\/a-27.jpg?strip=all","contentUrl":"https:\/\/efb7cwj5g4q.exactdn.com\/wp-content\/uploads\/2022\/08\/a-27.jpg?strip=all","width":326,"height":36,"caption":"Standard Tweezers - Style N5AC - Titanium"},{"@type":"BreadcrumbList","@id":"https:\/\/www.deltamicroscopies.com\/en\/products\/standard-tweezers-style-n5ac-titanium-each\/#breadcrumb","itemListElement":[{"@type":"ListItem","position":1,"name":"Accueil","item":"https:\/\/www.deltamicroscopies.com\/en\/home-3\/"},{"@type":"ListItem","position":2,"name":"Our products","item":"https:\/\/www.deltamicroscopies.com\/en\/shop\/"},{"@type":"ListItem","position":3,"name":"Standard Tweezers &#8211; Style N5AC &#8211; Titanium &#8211; each"}]},{"@type":"WebSite","@id":"https:\/\/www.deltamicroscopies.com\/en\/#website","url":"https:\/\/www.deltamicroscopies.com\/en\/","name":"Delta Microscopies","description":"Des microscopistes \u00e0 votre service.","publisher":{"@id":"https:\/\/www.deltamicroscopies.com\/en\/#organization"},"potentialAction":[{"@type":"SearchAction","target":{"@type":"EntryPoint","urlTemplate":"https:\/\/www.deltamicroscopies.com\/en\/?s={search_term_string}"},"query-input":{"@type":"PropertyValueSpecification","valueRequired":true,"valueName":"search_term_string"}}],"inLanguage":"en-US"},{"@type":"Organization","@id":"https:\/\/www.deltamicroscopies.com\/en\/#organization","name":"Delta Microscopies","url":"https:\/\/www.deltamicroscopies.com\/en\/","logo":{"@type":"ImageObject","inLanguage":"en-US","@id":"https:\/\/www.deltamicroscopies.com\/en\/#\/schema\/logo\/image\/","url":"https:\/\/efb7cwj5g4q.exactdn.com\/wp-content\/uploads\/2019\/09\/DELTAM_LOGO_RVB-1-1.png?strip=all&lossy=1&ssl=1","contentUrl":"https:\/\/efb7cwj5g4q.exactdn.com\/wp-content\/uploads\/2019\/09\/DELTAM_LOGO_RVB-1-1.png?strip=all&lossy=1&ssl=1","width":688,"height":177,"caption":"Delta Microscopies"},"image":{"@id":"https:\/\/www.deltamicroscopies.com\/en\/#\/schema\/logo\/image\/"},"sameAs":["https:\/\/www.instagram.com\/emsdiasum\/","https:\/\/www.youtube.com\/channel\/UCkSsQQq74DhyLXNg_9RPorQ"]}]}},"_links":{"self":[{"href":"https:\/\/www.deltamicroscopies.com\/en\/wp-json\/wp\/v2\/product\/305548","targetHints":{"allow":["GET"]}}],"collection":[{"href":"https:\/\/www.deltamicroscopies.com\/en\/wp-json\/wp\/v2\/product"}],"about":[{"href":"https:\/\/www.deltamicroscopies.com\/en\/wp-json\/wp\/v2\/types\/product"}],"replies":[{"embeddable":true,"href":"https:\/\/www.deltamicroscopies.com\/en\/wp-json\/wp\/v2\/comments?post=305548"}],"wp:featuredmedia":[{"embeddable":true,"href":"https:\/\/www.deltamicroscopies.com\/en\/wp-json\/wp\/v2\/media\/305552"}],"wp:attachment":[{"href":"https:\/\/www.deltamicroscopies.com\/en\/wp-json\/wp\/v2\/media?parent=305548"}],"wp:term":[{"taxonomy":"product_brand","embeddable":true,"href":"https:\/\/www.deltamicroscopies.com\/en\/wp-json\/wp\/v2\/product_brand?post=305548"},{"taxonomy":"product_cat","embeddable":true,"href":"https:\/\/www.deltamicroscopies.com\/en\/wp-json\/wp\/v2\/product_cat?post=305548"},{"taxonomy":"product_tag","embeddable":true,"href":"https:\/\/www.deltamicroscopies.com\/en\/wp-json\/wp\/v2\/product_tag?post=305548"}],"curies":[{"name":"wp","href":"https:\/\/api.w.org\/{rel}","templated":true}]}}