{"id":306659,"date":"2023-05-04T08:34:17","date_gmt":"2023-05-04T07:34:17","guid":{"rendered":"https:\/\/www.deltamicroscopies.com\/?post_type=product&#038;p=306659"},"modified":"2023-05-04T09:36:16","modified_gmt":"2023-05-04T08:36:16","slug":"pince-style-l5-inox-8-dumont-each","status":"publish","type":"product","link":"https:\/\/www.deltamicroscopies.com\/en\/products\/pince-style-l5-inox-8-dumont-each\/","title":{"rendered":"Pince &#8211; Style L5 Inox 8- Dumont &#8211; each"},"content":{"rendered":"<p>Pointes super fines\u00a0 \u00a0 \u00a0Longueur : 110 mm<\/p>\n<p>Acier inoxydable m\u00e9dical avec une excellente r\u00e9sistance \u00e0 la corrosion et une bonne r\u00e9sistance au sel.\u00a0Magn\u00e9tique.\u00a0St\u00e9riliser en autoclave \u00e0 180\u00b0C.<\/p>\n<p>R: 0.06\u00a0 \u00a0 B: 0.10\u00a0 \u00a0 C: Poli<\/p>\n","protected":false},"excerpt":{"rendered":"<p>Mod\u00e8le L5<\/p>\n<p>Poign\u00e9es dentel\u00e9es et bague de serrage.\u00a0Inox 08 a une excellente r\u00e9sistance \u00e0 la corrosion et une bonne r\u00e9sistance au sel.\u00a0Supporte des temp\u00e9ratures de 400\u00b0C.\u00a0St\u00e9rilisation en autoclave \u00e0 180\u00b0C.<\/p>\n<p>vendu \u00e0 l&#8217;unit\u00e9<\/p>\n","protected":false},"featured_media":306661,"comment_status":"open","ping_status":"closed","template":"","meta":{"_et_pb_use_builder":"off","_et_pb_old_content":"","_et_gb_content_width":"","inline_featured_image":false},"product_brand":[1911],"product_cat":[1399,1410,1295],"product_tag":[],"class_list":{"0":"post-306659","1":"product","2":"type-product","3":"status-publish","4":"has-post-thumbnail","6":"product_brand-dumont","7":"product_cat-dumont-en","8":"product_cat-straight-en","9":"product_cat-pinces-en","11":"first","12":"instock","13":"taxable","14":"shipping-taxable","15":"purchasable","16":"product-type-simple"},"yoast_head":"<!-- This site is optimized with the Yoast SEO plugin v27.4 - https:\/\/yoast.com\/product\/yoast-seo-wordpress\/ -->\n<title>Pince - Style L5 Inox 8- Dumont - each - Delta Microscopies<\/title>\n<meta name=\"robots\" content=\"index, follow, max-snippet:-1, max-image-preview:large, max-video-preview:-1\" \/>\n<link rel=\"canonical\" href=\"https:\/\/www.deltamicroscopies.com\/en\/products\/pince-style-l5-inox-8-dumont-each\/\" \/>\n<meta property=\"og:locale\" content=\"en_US\" \/>\n<meta property=\"og:type\" content=\"article\" \/>\n<meta property=\"og:title\" content=\"Pince - Style L5 Inox 8- Dumont - each - Delta Microscopies\" \/>\n<meta property=\"og:description\" content=\"Mod\u00e8le L5  Poign\u00e9es dentel\u00e9es et bague de serrage.\u00a0Inox 08 a une excellente r\u00e9sistance \u00e0 la corrosion et une bonne r\u00e9sistance au sel.\u00a0Supporte des temp\u00e9ratures de 400\u00b0C.\u00a0St\u00e9rilisation en autoclave \u00e0 180\u00b0C.  vendu \u00e0 l&#039;unit\u00e9\" \/>\n<meta property=\"og:url\" content=\"https:\/\/www.deltamicroscopies.com\/en\/products\/pince-style-l5-inox-8-dumont-each\/\" \/>\n<meta property=\"og:site_name\" content=\"Delta Microscopies\" \/>\n<meta property=\"article:modified_time\" content=\"2023-05-04T08:36:16+00:00\" \/>\n<meta property=\"og:image\" content=\"https:\/\/www.deltamicroscopies.com\/wp-content\/uploads\/2023\/05\/0033246_dumont-style-l5-inox-8.jpeg\" \/>\n\t<meta property=\"og:image:width\" content=\"600\" \/>\n\t<meta property=\"og:image:height\" content=\"375\" \/>\n\t<meta property=\"og:image:type\" content=\"image\/jpeg\" \/>\n<meta name=\"twitter:label1\" content=\"Est. reading time\" \/>\n\t<meta name=\"twitter:data1\" content=\"1 minute\" \/>\n<!-- \/ Yoast SEO plugin. -->","yoast_head_json":{"title":"Pince - Style L5 Inox 8- Dumont - each - Delta Microscopies","robots":{"index":"index","follow":"follow","max-snippet":"max-snippet:-1","max-image-preview":"max-image-preview:large","max-video-preview":"max-video-preview:-1"},"canonical":"https:\/\/www.deltamicroscopies.com\/en\/products\/pince-style-l5-inox-8-dumont-each\/","og_locale":"en_US","og_type":"article","og_title":"Pince - Style L5 Inox 8- Dumont - each - Delta Microscopies","og_description":"Mod\u00e8le L5  Poign\u00e9es dentel\u00e9es et bague de serrage.\u00a0Inox 08 a une excellente r\u00e9sistance \u00e0 la corrosion et une bonne r\u00e9sistance au sel.\u00a0Supporte des temp\u00e9ratures de 400\u00b0C.\u00a0St\u00e9rilisation en autoclave \u00e0 180\u00b0C.  vendu \u00e0 l'unit\u00e9","og_url":"https:\/\/www.deltamicroscopies.com\/en\/products\/pince-style-l5-inox-8-dumont-each\/","og_site_name":"Delta Microscopies","article_modified_time":"2023-05-04T08:36:16+00:00","og_image":[{"width":600,"height":375,"url":"https:\/\/www.deltamicroscopies.com\/wp-content\/uploads\/2023\/05\/0033246_dumont-style-l5-inox-8.jpeg","type":"image\/jpeg"}],"twitter_misc":{"Est. reading time":"1 minute"},"schema":{"@context":"https:\/\/schema.org","@graph":[{"@type":"WebPage","@id":"https:\/\/www.deltamicroscopies.com\/en\/products\/pince-style-l5-inox-8-dumont-each\/","url":"https:\/\/www.deltamicroscopies.com\/en\/products\/pince-style-l5-inox-8-dumont-each\/","name":"Pince - Style L5 Inox 8- Dumont - each - Delta Microscopies","isPartOf":{"@id":"https:\/\/www.deltamicroscopies.com\/en\/#website"},"primaryImageOfPage":{"@id":"https:\/\/www.deltamicroscopies.com\/en\/products\/pince-style-l5-inox-8-dumont-each\/#primaryimage"},"image":{"@id":"https:\/\/www.deltamicroscopies.com\/en\/products\/pince-style-l5-inox-8-dumont-each\/#primaryimage"},"thumbnailUrl":"https:\/\/efb7cwj5g4q.exactdn.com\/wp-content\/uploads\/2023\/05\/0033246_dumont-style-l5-inox-8.jpeg?strip=all","datePublished":"2023-05-04T07:34:17+00:00","dateModified":"2023-05-04T08:36:16+00:00","breadcrumb":{"@id":"https:\/\/www.deltamicroscopies.com\/en\/products\/pince-style-l5-inox-8-dumont-each\/#breadcrumb"},"inLanguage":"en-US","potentialAction":[{"@type":"ReadAction","target":["https:\/\/www.deltamicroscopies.com\/en\/products\/pince-style-l5-inox-8-dumont-each\/"]}]},{"@type":"ImageObject","inLanguage":"en-US","@id":"https:\/\/www.deltamicroscopies.com\/en\/products\/pince-style-l5-inox-8-dumont-each\/#primaryimage","url":"https:\/\/efb7cwj5g4q.exactdn.com\/wp-content\/uploads\/2023\/05\/0033246_dumont-style-l5-inox-8.jpeg?strip=all","contentUrl":"https:\/\/efb7cwj5g4q.exactdn.com\/wp-content\/uploads\/2023\/05\/0033246_dumont-style-l5-inox-8.jpeg?strip=all","width":600,"height":375,"caption":"pince tweezer dumont style L5 Inox 8"},{"@type":"BreadcrumbList","@id":"https:\/\/www.deltamicroscopies.com\/en\/products\/pince-style-l5-inox-8-dumont-each\/#breadcrumb","itemListElement":[{"@type":"ListItem","position":1,"name":"Accueil","item":"https:\/\/www.deltamicroscopies.com\/en\/home-3\/"},{"@type":"ListItem","position":2,"name":"Our products","item":"https:\/\/www.deltamicroscopies.com\/en\/shop\/"},{"@type":"ListItem","position":3,"name":"Pince &#8211; Style L5 Inox 8- Dumont &#8211; each"}]},{"@type":"WebSite","@id":"https:\/\/www.deltamicroscopies.com\/en\/#website","url":"https:\/\/www.deltamicroscopies.com\/en\/","name":"Delta Microscopies","description":"Des microscopistes \u00e0 votre service.","publisher":{"@id":"https:\/\/www.deltamicroscopies.com\/en\/#organization"},"potentialAction":[{"@type":"SearchAction","target":{"@type":"EntryPoint","urlTemplate":"https:\/\/www.deltamicroscopies.com\/en\/?s={search_term_string}"},"query-input":{"@type":"PropertyValueSpecification","valueRequired":true,"valueName":"search_term_string"}}],"inLanguage":"en-US"},{"@type":"Organization","@id":"https:\/\/www.deltamicroscopies.com\/en\/#organization","name":"Delta Microscopies","url":"https:\/\/www.deltamicroscopies.com\/en\/","logo":{"@type":"ImageObject","inLanguage":"en-US","@id":"https:\/\/www.deltamicroscopies.com\/en\/#\/schema\/logo\/image\/","url":"https:\/\/efb7cwj5g4q.exactdn.com\/wp-content\/uploads\/2019\/09\/DELTAM_LOGO_RVB-1-1.png?strip=all&lossy=1&ssl=1","contentUrl":"https:\/\/efb7cwj5g4q.exactdn.com\/wp-content\/uploads\/2019\/09\/DELTAM_LOGO_RVB-1-1.png?strip=all&lossy=1&ssl=1","width":688,"height":177,"caption":"Delta Microscopies"},"image":{"@id":"https:\/\/www.deltamicroscopies.com\/en\/#\/schema\/logo\/image\/"},"sameAs":["https:\/\/www.instagram.com\/emsdiasum\/","https:\/\/www.youtube.com\/channel\/UCkSsQQq74DhyLXNg_9RPorQ"]}]}},"_links":{"self":[{"href":"https:\/\/www.deltamicroscopies.com\/en\/wp-json\/wp\/v2\/product\/306659","targetHints":{"allow":["GET"]}}],"collection":[{"href":"https:\/\/www.deltamicroscopies.com\/en\/wp-json\/wp\/v2\/product"}],"about":[{"href":"https:\/\/www.deltamicroscopies.com\/en\/wp-json\/wp\/v2\/types\/product"}],"replies":[{"embeddable":true,"href":"https:\/\/www.deltamicroscopies.com\/en\/wp-json\/wp\/v2\/comments?post=306659"}],"wp:featuredmedia":[{"embeddable":true,"href":"https:\/\/www.deltamicroscopies.com\/en\/wp-json\/wp\/v2\/media\/306661"}],"wp:attachment":[{"href":"https:\/\/www.deltamicroscopies.com\/en\/wp-json\/wp\/v2\/media?parent=306659"}],"wp:term":[{"taxonomy":"product_brand","embeddable":true,"href":"https:\/\/www.deltamicroscopies.com\/en\/wp-json\/wp\/v2\/product_brand?post=306659"},{"taxonomy":"product_cat","embeddable":true,"href":"https:\/\/www.deltamicroscopies.com\/en\/wp-json\/wp\/v2\/product_cat?post=306659"},{"taxonomy":"product_tag","embeddable":true,"href":"https:\/\/www.deltamicroscopies.com\/en\/wp-json\/wp\/v2\/product_tag?post=306659"}],"curies":[{"name":"wp","href":"https:\/\/api.w.org\/{rel}","templated":true}]}}