{"id":306767,"date":"2023-06-01T10:01:35","date_gmt":"2023-06-01T09:01:35","guid":{"rendered":"https:\/\/www.deltamicroscopies.com\/?post_type=product&#038;p=306767"},"modified":"2023-06-02T09:57:20","modified_gmt":"2023-06-02T08:57:20","slug":"mitegen-cryo-em-hc34-systeme-complet-de-stockage-de-grille-et-de-rondelles-dexpedition","status":"publish","type":"product","link":"https:\/\/www.deltamicroscopies.com\/en\/products\/mitegen-cryo-em-hc34-systeme-complet-de-stockage-de-grille-et-de-rondelles-dexpedition\/","title":{"rendered":"MiTeGen Cryo-EM HC34 Syst\u00e8me complet de stockage de grille et de rondelles d&#8217;exp\u00e9dition"},"content":{"rendered":"<p>Le syst\u00e8me de d\u00e9marrage complet HC34 (kit) est l&#8217;un de nos syst\u00e8mes les plus complets et comprend un dewar de stockage HC34 et un exp\u00e9diteur sec CX100 avec \u00e9tui. Sa liste de composants se compose de :<\/p>\n<ul>\n<li>60 rondelles Cryo-EM\u00a0#<a href=\"https:\/\/www.deltamicroscopies.com\/en\/products\/mitegen-cryo-em-pucks-rondelle-generation-2-0\/\"><strong>DM-CEMG2<\/strong><\/a><\/li>\n<li>6 cannes de stockage HC34\/VHC35 #<strong><a href=\"https:\/\/www.deltamicroscopies.com\/en\/products\/canne-de-rangement-sur-etagere-pour-rondelles-cryo-em-mitegen-2e-generation-compatible-hc34-et-vhc35\/\">DM-CEMSTC-2<\/a><\/strong><\/li>\n<li>1 canne de transport\u00a0#<a href=\"https:\/\/www.deltamicroscopies.com\/en\/products\/canne-de-transport-a-etageres-pour-lexpedition-de-rondelles-cryo-em-dans-le-dryshipper-cx100\/\"><strong>DM-CEMTPC-1<\/strong><\/a><\/li>\n<li>2 paires de pinces \u00e0 saisir la rondelle\u00a0#<a href=\"https:\/\/www.deltamicroscopies.com\/en\/products\/mitegen-pince-a-saisir-la-rondelle-cryo-em\/\"><strong>DM-CEMG2-PGT1<\/strong><\/a><\/li>\n<li>2 pinces \u00e0 rondelle coud\u00e9es\u00a0#<a href=\"https:\/\/www.deltamicroscopies.com\/en\/products\/mitegen-bent-cryo-tongs-pour-la-manipulation-de-la-rondelle\/\"><strong>DM-CP-111-030<\/strong><\/a><\/li>\n<li>2 Dewar et insert\u00a0#<a href=\"https:\/\/www.deltamicroscopies.com\/en\/products\/mitegen-cryo-em-puck-dewar-et-insert\/\"><strong>DM-CEM-PD-IS1<\/strong><\/a><\/li>\n<li>2 pinces Cryo-EM Grid Box\u00a0#<a href=\"https:\/\/www.deltamicroscopies.com\/en\/products\/mitegen-pince-a-epiler-cryo-em-grid-box\/\"><strong>DTW-EMTEC-553<\/strong><\/a><\/li>\n<li>2 vis Pilote pour verrouillage du couvercle<\/li>\n<li>1 lecteur de codes-barres (USB)\u00a0#<a href=\"https:\/\/www.deltamicroscopies.com\/en\/products\/lecteur-de-codes-barres-usb-mitegen\/\"><strong>DM-BCR-001<\/strong><\/a><\/li>\n<li>2 carnets de suivi de rondelles et de cannes\u00a0#<a href=\"https:\/\/www.deltamicroscopies.com\/en\/products\/cryo-em-puck-et-feuilles-de-journal-de-canne-de-stockage-mitegen\/\"><strong>DM-CEMG2-LogSheets<\/strong><\/a><\/li>\n<li>1 Dewar de stockage HC34 avec base \u00e0 rouleaux <strong>#<a href=\"https:\/\/www.deltamicroscopies.com\/en\/products\/base-a-rouleaux-pour-hc34-hc35-et-vhc35-mitegen\/\">DTW-R033-8C00<\/a><\/strong><\/li>\n<li>1 exp\u00e9diteur sec CX100 et \u00e9tui d&#8217;exp\u00e9dition rigide\u00a0#<a href=\"https:\/\/www.deltamicroscopies.com\/en\/products\/cx100-cryo-express-dry-shipper-avec-etui-dexpedition-mitegen\/\"><strong>DSKU\u00a0<\/strong><strong>TW-CXS-1<\/strong><\/a><\/li>\n<li>code-barres et gravure personnalis\u00e9s GRATUITS (exemple : ABC-001 \u00e0 ABC -010)\u00a0#<a href=\"https:\/\/www.deltamicroscopies.com\/en\/products\/option-de-code-barres-cryo-em-puck-mitegen\/\"><strong>DM-CEMG2-Barcoding<\/strong><\/a><\/li>\n<li>s\u00e9lection GRATUITE de couleurs de rondelles personnalis\u00e9es &#8211; Choisissez n&#8217;importe quelle combinaison des couleurs suivantes : rouge, bleu, violet, gris, noir, or, vert, violet, marron, orange.\u00a0#<a href=\"https:\/\/www.deltamicroscopies.com\/en\/products\/option-de-couleur-de-rondelle-cryo-em-mitegen\/\"><strong>DM-CEMG2-CustomColor<\/strong><\/a><\/li>\n<\/ul>\n<p><a href=\"https:\/\/youtu.be\/RUrTQELjS1c\">https:\/\/youtu.be\/RUrTQELjS1c<\/a><\/p>\n<p><a href=\"https:\/\/www.deltamicroscopies.com\/wp-content\/uploads\/2023\/06\/Les-composants-du-systeme-de-stockage-et-despedition-CRYO-EM-HC34-1.pdf\">Les composants du syst\u00e8me de stockage et d&#8217;exp\u00e9dition CRYO EM HC34<\/a><\/p>\n<table style=\"width: 86.78%; border-collapse: collapse;\">\n<tbody>\n<tr>\n<td style=\"width: 27.35%; text-align: center;\"><a href=\"https:\/\/efb7cwj5g4q.exactdn.com\/wp-content\/uploads\/2019\/09\/71168g_tmb.jpg?strip=all&w=2560\"><img decoding=\"async\" class=\"alignnone wp-image-231713\" src=\"https:\/\/efb7cwj5g4q.exactdn.com\/wp-content\/uploads\/2019\/09\/71168g_tmb.jpg?strip=all&resize=257%2C193\" alt=\"\" width=\"257\" height=\"193\" \/><\/a><\/td>\n<td style=\"width: 26.35%; text-align: center;\"><a href=\"https:\/\/efb7cwj5g4q.exactdn.com\/wp-content\/uploads\/2019\/09\/71168a_tmb.jpg?strip=all&w=2560\"><img decoding=\"async\" class=\"alignnone wp-image-231707\" src=\"https:\/\/efb7cwj5g4q.exactdn.com\/wp-content\/uploads\/2019\/09\/71168a_tmb.jpg?strip=all&resize=241%2C181\" alt=\"\" width=\"241\" height=\"181\" \/><\/a><\/td>\n<td style=\"width: 33.04%; text-align: center;\"><a href=\"https:\/\/efb7cwj5g4q.exactdn.com\/wp-content\/uploads\/2019\/09\/71168c_tmb.jpg?strip=all&w=2560\"><img decoding=\"async\" class=\"alignnone wp-image-231709\" src=\"https:\/\/efb7cwj5g4q.exactdn.com\/wp-content\/uploads\/2019\/09\/71168c_tmb.jpg?strip=all&resize=244%2C183\" alt=\"\" width=\"244\" height=\"183\" \/><\/a><\/td>\n<\/tr>\n<tr>\n<td style=\"width: 27.35%;\"><a href=\"https:\/\/efb7cwj5g4q.exactdn.com\/wp-content\/uploads\/2019\/09\/71168e_tmb.jpg?strip=all&w=2560\"><img decoding=\"async\" class=\"wp-image-231711 aligncenter\" src=\"https:\/\/efb7cwj5g4q.exactdn.com\/wp-content\/uploads\/2019\/09\/71168e_tmb.jpg?strip=all&resize=255%2C210\" alt=\"\" width=\"255\" height=\"210\" \/><\/a><\/td>\n<td style=\"width: 26.35%;\"><img decoding=\"async\" src=\"https:\/\/www.mitegen.com\/wp-content\/uploads\/2022\/03\/cryo-em-puck-color-guide.jpg\" alt=\"Guide des couleurs des rondelles Cryo-EM\" \/><\/td>\n<td style=\"width: 33.04%;\"><img decoding=\"async\" src=\"https:\/\/www.mitegen.com\/wp-content\/uploads\/2017\/08\/Cryo-em-pucks-lock-mitegen-300x119.jpg\" alt=\"Cryo EM Pucks verrouillent Mitegen\" \/><img decoding=\"async\" src=\"https:\/\/www.mitegen.com\/wp-content\/uploads\/2019\/03\/CEMG2-Puck-Magnets-300x225.jpg\" alt=\"Mitegen Cryo Em Pucks disposent d'aimants pour une r\u00e9tention s\u00e9curis\u00e9e.\" \/><\/td>\n<\/tr>\n<tr>\n<td style=\"width: 27.35%; text-align: center;\"><a href=\"https:\/\/efb7cwj5g4q.exactdn.com\/wp-content\/uploads\/2019\/09\/71168f_tmb.jpg?strip=all&w=2560\"><img decoding=\"async\" class=\"alignnone wp-image-231712\" src=\"https:\/\/efb7cwj5g4q.exactdn.com\/wp-content\/uploads\/2019\/09\/71168f_tmb.jpg?strip=all&resize=132%2C206\" alt=\"\" width=\"132\" height=\"206\" \/><\/a><\/td>\n<td style=\"width: 26.35%; text-align: center;\"><a href=\"https:\/\/efb7cwj5g4q.exactdn.com\/wp-content\/uploads\/2019\/09\/71168i_tmb.jpg?strip=all&w=2560\"><img decoding=\"async\" class=\"alignnone wp-image-231715\" src=\"https:\/\/efb7cwj5g4q.exactdn.com\/wp-content\/uploads\/2019\/09\/71168i_tmb.jpg?strip=all&resize=162%2C199\" alt=\"\" width=\"162\" height=\"199\" \/><\/a><\/td>\n<td style=\"width: 33.04%; text-align: center;\"><a href=\"https:\/\/efb7cwj5g4q.exactdn.com\/wp-content\/uploads\/2019\/09\/71168h_tmb.jpg?strip=all&w=2560\"><img decoding=\"async\" class=\"alignnone wp-image-231714\" src=\"https:\/\/efb7cwj5g4q.exactdn.com\/wp-content\/uploads\/2019\/09\/71168h_tmb.jpg?strip=all&resize=185%2C185\" alt=\"\" width=\"185\" height=\"185\" \/><\/a><\/td>\n<\/tr>\n<\/tbody>\n<\/table>\n","protected":false},"excerpt":{"rendered":"<p>Le syst\u00e8me de d\u00e9marrage complet HC34 (kit) est l&#8217;un de nos syst\u00e8mes les plus complets et comprend un dewar de stockage HC34 et un exp\u00e9diteur sec CX100 avec \u00e9tui. Sa liste de composants se compose de : 60 rondelles Cryo-EM\u00a0#DM-CEMG2 6 cannes de stockage HC34\/VHC35 #DM-CEMSTC-2 1 canne de transport\u00a0#DM-CEMTPC-1 2 paires de pinces \u00e0 [&hellip;]<\/p>\n","protected":false},"featured_media":306771,"comment_status":"open","ping_status":"closed","template":"","meta":{"_et_pb_use_builder":"","_et_pb_old_content":"","_et_gb_content_width":"","inline_featured_image":false},"product_brand":[1918],"product_cat":[1100,1101],"product_tag":[1962,1963],"class_list":{"0":"post-306767","1":"product","2":"type-product","3":"status-publish","4":"has-post-thumbnail","6":"product_brand-mitegen","7":"product_cat-cryo-methodes-en","8":"product_cat-cryo-storage-grids-boxes-en","9":"product_tag-mitegen-en","10":"product_tag-puck-en","12":"first","13":"instock","14":"taxable","15":"shipping-taxable","16":"purchasable","17":"product-type-simple"},"yoast_head":"<!-- This site is optimized with the Yoast SEO plugin v27.4 - https:\/\/yoast.com\/product\/yoast-seo-wordpress\/ -->\n<title>MiTeGen Cryo-EM HC34 Syst\u00e8me complet de stockage de grille et de rondelles d&#039;exp\u00e9dition - Delta Microscopies<\/title>\n<meta name=\"robots\" content=\"index, follow, max-snippet:-1, max-image-preview:large, max-video-preview:-1\" \/>\n<link rel=\"canonical\" href=\"https:\/\/www.deltamicroscopies.com\/en\/products\/mitegen-cryo-em-hc34-systeme-complet-de-stockage-de-grille-et-de-rondelles-dexpedition\/\" \/>\n<meta property=\"og:locale\" content=\"en_US\" \/>\n<meta property=\"og:type\" content=\"article\" \/>\n<meta property=\"og:title\" content=\"MiTeGen Cryo-EM HC34 Syst\u00e8me complet de stockage de grille et de rondelles d&#039;exp\u00e9dition - Delta Microscopies\" \/>\n<meta property=\"og:description\" content=\"Le syst\u00e8me de d\u00e9marrage complet HC34 (kit) est l&#8217;un de nos syst\u00e8mes les plus complets et comprend un dewar de stockage HC34 et un exp\u00e9diteur sec CX100 avec \u00e9tui. Sa liste de composants se compose de : 60 rondelles Cryo-EM\u00a0#DM-CEMG2 6 cannes de stockage HC34\/VHC35 #DM-CEMSTC-2 1 canne de transport\u00a0#DM-CEMTPC-1 2 paires de pinces \u00e0 [&hellip;]\" \/>\n<meta property=\"og:url\" content=\"https:\/\/www.deltamicroscopies.com\/en\/products\/mitegen-cryo-em-hc34-systeme-complet-de-stockage-de-grille-et-de-rondelles-dexpedition\/\" \/>\n<meta property=\"og:site_name\" content=\"Delta Microscopies\" \/>\n<meta property=\"article:modified_time\" content=\"2023-06-02T08:57:20+00:00\" \/>\n<meta property=\"og:image\" content=\"https:\/\/www.deltamicroscopies.com\/wp-content\/uploads\/2023\/06\/cryo-em-hc34-complete-grid-storage-shipping-system-600x600-1.jpg\" \/>\n\t<meta property=\"og:image:width\" content=\"600\" \/>\n\t<meta property=\"og:image:height\" content=\"600\" \/>\n\t<meta property=\"og:image:type\" content=\"image\/jpeg\" \/>\n<meta name=\"twitter:label1\" content=\"Est. reading time\" \/>\n\t<meta name=\"twitter:data1\" content=\"3 minutes\" \/>\n<!-- \/ Yoast SEO plugin. -->","yoast_head_json":{"title":"MiTeGen Cryo-EM HC34 Syst\u00e8me complet de stockage de grille et de rondelles d'exp\u00e9dition - Delta Microscopies","robots":{"index":"index","follow":"follow","max-snippet":"max-snippet:-1","max-image-preview":"max-image-preview:large","max-video-preview":"max-video-preview:-1"},"canonical":"https:\/\/www.deltamicroscopies.com\/en\/products\/mitegen-cryo-em-hc34-systeme-complet-de-stockage-de-grille-et-de-rondelles-dexpedition\/","og_locale":"en_US","og_type":"article","og_title":"MiTeGen Cryo-EM HC34 Syst\u00e8me complet de stockage de grille et de rondelles d'exp\u00e9dition - Delta Microscopies","og_description":"Le syst\u00e8me de d\u00e9marrage complet HC34 (kit) est l&#8217;un de nos syst\u00e8mes les plus complets et comprend un dewar de stockage HC34 et un exp\u00e9diteur sec CX100 avec \u00e9tui. Sa liste de composants se compose de : 60 rondelles Cryo-EM\u00a0#DM-CEMG2 6 cannes de stockage HC34\/VHC35 #DM-CEMSTC-2 1 canne de transport\u00a0#DM-CEMTPC-1 2 paires de pinces \u00e0 [&hellip;]","og_url":"https:\/\/www.deltamicroscopies.com\/en\/products\/mitegen-cryo-em-hc34-systeme-complet-de-stockage-de-grille-et-de-rondelles-dexpedition\/","og_site_name":"Delta Microscopies","article_modified_time":"2023-06-02T08:57:20+00:00","og_image":[{"width":600,"height":600,"url":"https:\/\/www.deltamicroscopies.com\/wp-content\/uploads\/2023\/06\/cryo-em-hc34-complete-grid-storage-shipping-system-600x600-1.jpg","type":"image\/jpeg"}],"twitter_misc":{"Est. reading time":"3 minutes"},"schema":{"@context":"https:\/\/schema.org","@graph":[{"@type":"WebPage","@id":"https:\/\/www.deltamicroscopies.com\/en\/products\/mitegen-cryo-em-hc34-systeme-complet-de-stockage-de-grille-et-de-rondelles-dexpedition\/","url":"https:\/\/www.deltamicroscopies.com\/en\/products\/mitegen-cryo-em-hc34-systeme-complet-de-stockage-de-grille-et-de-rondelles-dexpedition\/","name":"MiTeGen Cryo-EM HC34 Syst\u00e8me complet de stockage de grille et de rondelles d'exp\u00e9dition - Delta Microscopies","isPartOf":{"@id":"https:\/\/www.deltamicroscopies.com\/en\/#website"},"primaryImageOfPage":{"@id":"https:\/\/www.deltamicroscopies.com\/en\/products\/mitegen-cryo-em-hc34-systeme-complet-de-stockage-de-grille-et-de-rondelles-dexpedition\/#primaryimage"},"image":{"@id":"https:\/\/www.deltamicroscopies.com\/en\/products\/mitegen-cryo-em-hc34-systeme-complet-de-stockage-de-grille-et-de-rondelles-dexpedition\/#primaryimage"},"thumbnailUrl":"https:\/\/efb7cwj5g4q.exactdn.com\/wp-content\/uploads\/2023\/06\/cryo-em-hc34-complete-grid-storage-shipping-system-600x600-1.jpg?strip=all","datePublished":"2023-06-01T09:01:35+00:00","dateModified":"2023-06-02T08:57:20+00:00","breadcrumb":{"@id":"https:\/\/www.deltamicroscopies.com\/en\/products\/mitegen-cryo-em-hc34-systeme-complet-de-stockage-de-grille-et-de-rondelles-dexpedition\/#breadcrumb"},"inLanguage":"en-US","potentialAction":[{"@type":"ReadAction","target":["https:\/\/www.deltamicroscopies.com\/en\/products\/mitegen-cryo-em-hc34-systeme-complet-de-stockage-de-grille-et-de-rondelles-dexpedition\/"]}]},{"@type":"ImageObject","inLanguage":"en-US","@id":"https:\/\/www.deltamicroscopies.com\/en\/products\/mitegen-cryo-em-hc34-systeme-complet-de-stockage-de-grille-et-de-rondelles-dexpedition\/#primaryimage","url":"https:\/\/efb7cwj5g4q.exactdn.com\/wp-content\/uploads\/2023\/06\/cryo-em-hc34-complete-grid-storage-shipping-system-600x600-1.jpg?strip=all","contentUrl":"https:\/\/efb7cwj5g4q.exactdn.com\/wp-content\/uploads\/2023\/06\/cryo-em-hc34-complete-grid-storage-shipping-system-600x600-1.jpg?strip=all","width":600,"height":600},{"@type":"BreadcrumbList","@id":"https:\/\/www.deltamicroscopies.com\/en\/products\/mitegen-cryo-em-hc34-systeme-complet-de-stockage-de-grille-et-de-rondelles-dexpedition\/#breadcrumb","itemListElement":[{"@type":"ListItem","position":1,"name":"Accueil","item":"https:\/\/www.deltamicroscopies.com\/en\/home-3\/"},{"@type":"ListItem","position":2,"name":"Our products","item":"https:\/\/www.deltamicroscopies.com\/en\/shop\/"},{"@type":"ListItem","position":3,"name":"MiTeGen Cryo-EM HC34 Syst\u00e8me complet de stockage de grille et de rondelles d&#8217;exp\u00e9dition"}]},{"@type":"WebSite","@id":"https:\/\/www.deltamicroscopies.com\/en\/#website","url":"https:\/\/www.deltamicroscopies.com\/en\/","name":"Delta Microscopies","description":"Des microscopistes \u00e0 votre service.","publisher":{"@id":"https:\/\/www.deltamicroscopies.com\/en\/#organization"},"potentialAction":[{"@type":"SearchAction","target":{"@type":"EntryPoint","urlTemplate":"https:\/\/www.deltamicroscopies.com\/en\/?s={search_term_string}"},"query-input":{"@type":"PropertyValueSpecification","valueRequired":true,"valueName":"search_term_string"}}],"inLanguage":"en-US"},{"@type":"Organization","@id":"https:\/\/www.deltamicroscopies.com\/en\/#organization","name":"Delta Microscopies","url":"https:\/\/www.deltamicroscopies.com\/en\/","logo":{"@type":"ImageObject","inLanguage":"en-US","@id":"https:\/\/www.deltamicroscopies.com\/en\/#\/schema\/logo\/image\/","url":"https:\/\/efb7cwj5g4q.exactdn.com\/wp-content\/uploads\/2019\/09\/DELTAM_LOGO_RVB-1-1.png?strip=all&lossy=1&ssl=1","contentUrl":"https:\/\/efb7cwj5g4q.exactdn.com\/wp-content\/uploads\/2019\/09\/DELTAM_LOGO_RVB-1-1.png?strip=all&lossy=1&ssl=1","width":688,"height":177,"caption":"Delta Microscopies"},"image":{"@id":"https:\/\/www.deltamicroscopies.com\/en\/#\/schema\/logo\/image\/"},"sameAs":["https:\/\/www.instagram.com\/emsdiasum\/","https:\/\/www.youtube.com\/channel\/UCkSsQQq74DhyLXNg_9RPorQ"]}]}},"_links":{"self":[{"href":"https:\/\/www.deltamicroscopies.com\/en\/wp-json\/wp\/v2\/product\/306767","targetHints":{"allow":["GET"]}}],"collection":[{"href":"https:\/\/www.deltamicroscopies.com\/en\/wp-json\/wp\/v2\/product"}],"about":[{"href":"https:\/\/www.deltamicroscopies.com\/en\/wp-json\/wp\/v2\/types\/product"}],"replies":[{"embeddable":true,"href":"https:\/\/www.deltamicroscopies.com\/en\/wp-json\/wp\/v2\/comments?post=306767"}],"wp:featuredmedia":[{"embeddable":true,"href":"https:\/\/www.deltamicroscopies.com\/en\/wp-json\/wp\/v2\/media\/306771"}],"wp:attachment":[{"href":"https:\/\/www.deltamicroscopies.com\/en\/wp-json\/wp\/v2\/media?parent=306767"}],"wp:term":[{"taxonomy":"product_brand","embeddable":true,"href":"https:\/\/www.deltamicroscopies.com\/en\/wp-json\/wp\/v2\/product_brand?post=306767"},{"taxonomy":"product_cat","embeddable":true,"href":"https:\/\/www.deltamicroscopies.com\/en\/wp-json\/wp\/v2\/product_cat?post=306767"},{"taxonomy":"product_tag","embeddable":true,"href":"https:\/\/www.deltamicroscopies.com\/en\/wp-json\/wp\/v2\/product_tag?post=306767"}],"curies":[{"name":"wp","href":"https:\/\/api.w.org\/{rel}","templated":true}]}}