{"id":306804,"date":"2023-06-01T11:48:35","date_gmt":"2023-06-01T10:48:35","guid":{"rendered":"https:\/\/www.deltamicroscopies.com\/?post_type=product&#038;p=306804"},"modified":"2023-06-01T13:50:04","modified_gmt":"2023-06-01T12:50:04","slug":"mitegen-cryo-em-puck-dewar-et-insert","status":"publish","type":"product","link":"https:\/\/www.deltamicroscopies.com\/en\/products\/mitegen-cryo-em-puck-dewar-et-insert\/","title":{"rendered":"MITEGEN Cryo-EM Puck Dewar et insert"},"content":{"rendered":"<p><a href=\"https:\/\/youtu.be\/RUrTQELjS1c\">https:\/\/youtu.be\/RUrTQELjS1c<\/a><\/p>\n<p>&nbsp;<\/p>\n","protected":false},"excerpt":{"rendered":"<p>Dewar en mousse avec insert cryoEM Puck Holding pour un transfert facile de la grille.<\/p>\n<p>\u2022 Transf\u00e9rez facilement les bo\u00eetes Cryo Grid vers ou depuis les rondelles tout en \u00e9tant immerg\u00e9es dans LN2.<br \/>\n\u2022 Maintenez solidement Cryo-EM Puck en place.<br \/>\n\u2022 Localisez facilement les positions index\u00e9es des Cryo Grid Boxes.<\/p>\n","protected":false},"featured_media":306814,"comment_status":"open","ping_status":"closed","template":"","meta":{"_et_pb_use_builder":"","_et_pb_old_content":"","_et_gb_content_width":"","inline_featured_image":false},"product_brand":[1918],"product_cat":[1100,1101],"product_tag":[],"class_list":{"0":"post-306804","1":"product","2":"type-product","3":"status-publish","4":"has-post-thumbnail","6":"product_brand-mitegen","7":"product_cat-cryo-methodes-en","8":"product_cat-cryo-storage-grids-boxes-en","10":"first","11":"instock","12":"taxable","13":"shipping-taxable","14":"purchasable","15":"product-type-simple"},"yoast_head":"<!-- This site is optimized with the Yoast SEO plugin v27.4 - https:\/\/yoast.com\/product\/yoast-seo-wordpress\/ -->\n<title>MITEGEN Cryo-EM Puck Dewar et insert - Delta Microscopies<\/title>\n<meta name=\"robots\" content=\"index, follow, max-snippet:-1, max-image-preview:large, max-video-preview:-1\" \/>\n<link rel=\"canonical\" href=\"https:\/\/www.deltamicroscopies.com\/en\/products\/mitegen-cryo-em-puck-dewar-et-insert\/\" \/>\n<meta property=\"og:locale\" content=\"en_US\" \/>\n<meta property=\"og:type\" content=\"article\" \/>\n<meta property=\"og:title\" content=\"MITEGEN Cryo-EM Puck Dewar et insert - Delta Microscopies\" \/>\n<meta property=\"og:description\" content=\"Dewar en mousse avec insert cryoEM Puck Holding pour un transfert facile de la grille.  \u2022 Transf\u00e9rez facilement les bo\u00eetes Cryo Grid vers ou depuis les rondelles tout en \u00e9tant immerg\u00e9es dans LN2. \u2022 Maintenez solidement Cryo-EM Puck en place. \u2022 Localisez facilement les positions index\u00e9es des Cryo Grid Boxes.\" \/>\n<meta property=\"og:url\" content=\"https:\/\/www.deltamicroscopies.com\/en\/products\/mitegen-cryo-em-puck-dewar-et-insert\/\" \/>\n<meta property=\"og:site_name\" content=\"Delta Microscopies\" \/>\n<meta property=\"article:modified_time\" content=\"2023-06-01T12:50:04+00:00\" \/>\n<meta property=\"og:image\" content=\"https:\/\/www.deltamicroscopies.com\/wp-content\/uploads\/2023\/06\/dewar-cryoem-puck-grids-loading-600x450-1.jpg\" \/>\n\t<meta property=\"og:image:width\" content=\"600\" \/>\n\t<meta property=\"og:image:height\" content=\"450\" \/>\n\t<meta property=\"og:image:type\" content=\"image\/jpeg\" \/>\n<meta name=\"twitter:label1\" content=\"Est. reading time\" \/>\n\t<meta name=\"twitter:data1\" content=\"3 minutes\" \/>\n<!-- \/ Yoast SEO plugin. -->","yoast_head_json":{"title":"MITEGEN Cryo-EM Puck Dewar et insert - Delta Microscopies","robots":{"index":"index","follow":"follow","max-snippet":"max-snippet:-1","max-image-preview":"max-image-preview:large","max-video-preview":"max-video-preview:-1"},"canonical":"https:\/\/www.deltamicroscopies.com\/en\/products\/mitegen-cryo-em-puck-dewar-et-insert\/","og_locale":"en_US","og_type":"article","og_title":"MITEGEN Cryo-EM Puck Dewar et insert - Delta Microscopies","og_description":"Dewar en mousse avec insert cryoEM Puck Holding pour un transfert facile de la grille.  \u2022 Transf\u00e9rez facilement les bo\u00eetes Cryo Grid vers ou depuis les rondelles tout en \u00e9tant immerg\u00e9es dans LN2. \u2022 Maintenez solidement Cryo-EM Puck en place. \u2022 Localisez facilement les positions index\u00e9es des Cryo Grid Boxes.","og_url":"https:\/\/www.deltamicroscopies.com\/en\/products\/mitegen-cryo-em-puck-dewar-et-insert\/","og_site_name":"Delta Microscopies","article_modified_time":"2023-06-01T12:50:04+00:00","og_image":[{"width":600,"height":450,"url":"https:\/\/www.deltamicroscopies.com\/wp-content\/uploads\/2023\/06\/dewar-cryoem-puck-grids-loading-600x450-1.jpg","type":"image\/jpeg"}],"twitter_misc":{"Est. reading time":"3 minutes"},"schema":{"@context":"https:\/\/schema.org","@graph":[{"@type":"WebPage","@id":"https:\/\/www.deltamicroscopies.com\/en\/products\/mitegen-cryo-em-puck-dewar-et-insert\/","url":"https:\/\/www.deltamicroscopies.com\/en\/products\/mitegen-cryo-em-puck-dewar-et-insert\/","name":"MITEGEN Cryo-EM Puck Dewar et insert - Delta Microscopies","isPartOf":{"@id":"https:\/\/www.deltamicroscopies.com\/en\/#website"},"primaryImageOfPage":{"@id":"https:\/\/www.deltamicroscopies.com\/en\/products\/mitegen-cryo-em-puck-dewar-et-insert\/#primaryimage"},"image":{"@id":"https:\/\/www.deltamicroscopies.com\/en\/products\/mitegen-cryo-em-puck-dewar-et-insert\/#primaryimage"},"thumbnailUrl":"https:\/\/efb7cwj5g4q.exactdn.com\/wp-content\/uploads\/2023\/06\/dewar-cryoem-puck-grids-loading-600x450-1.jpg?strip=all","datePublished":"2023-06-01T10:48:35+00:00","dateModified":"2023-06-01T12:50:04+00:00","breadcrumb":{"@id":"https:\/\/www.deltamicroscopies.com\/en\/products\/mitegen-cryo-em-puck-dewar-et-insert\/#breadcrumb"},"inLanguage":"en-US","potentialAction":[{"@type":"ReadAction","target":["https:\/\/www.deltamicroscopies.com\/en\/products\/mitegen-cryo-em-puck-dewar-et-insert\/"]}]},{"@type":"ImageObject","inLanguage":"en-US","@id":"https:\/\/www.deltamicroscopies.com\/en\/products\/mitegen-cryo-em-puck-dewar-et-insert\/#primaryimage","url":"https:\/\/efb7cwj5g4q.exactdn.com\/wp-content\/uploads\/2023\/06\/dewar-cryoem-puck-grids-loading-600x450-1.jpg?strip=all","contentUrl":"https:\/\/efb7cwj5g4q.exactdn.com\/wp-content\/uploads\/2023\/06\/dewar-cryoem-puck-grids-loading-600x450-1.jpg?strip=all","width":600,"height":450},{"@type":"BreadcrumbList","@id":"https:\/\/www.deltamicroscopies.com\/en\/products\/mitegen-cryo-em-puck-dewar-et-insert\/#breadcrumb","itemListElement":[{"@type":"ListItem","position":1,"name":"Accueil","item":"https:\/\/www.deltamicroscopies.com\/en\/home-3\/"},{"@type":"ListItem","position":2,"name":"Our products","item":"https:\/\/www.deltamicroscopies.com\/en\/shop\/"},{"@type":"ListItem","position":3,"name":"MITEGEN Cryo-EM Puck Dewar et insert"}]},{"@type":"WebSite","@id":"https:\/\/www.deltamicroscopies.com\/en\/#website","url":"https:\/\/www.deltamicroscopies.com\/en\/","name":"Delta Microscopies","description":"Des microscopistes \u00e0 votre service.","publisher":{"@id":"https:\/\/www.deltamicroscopies.com\/en\/#organization"},"potentialAction":[{"@type":"SearchAction","target":{"@type":"EntryPoint","urlTemplate":"https:\/\/www.deltamicroscopies.com\/en\/?s={search_term_string}"},"query-input":{"@type":"PropertyValueSpecification","valueRequired":true,"valueName":"search_term_string"}}],"inLanguage":"en-US"},{"@type":"Organization","@id":"https:\/\/www.deltamicroscopies.com\/en\/#organization","name":"Delta Microscopies","url":"https:\/\/www.deltamicroscopies.com\/en\/","logo":{"@type":"ImageObject","inLanguage":"en-US","@id":"https:\/\/www.deltamicroscopies.com\/en\/#\/schema\/logo\/image\/","url":"https:\/\/efb7cwj5g4q.exactdn.com\/wp-content\/uploads\/2019\/09\/DELTAM_LOGO_RVB-1-1.png?strip=all&lossy=1&ssl=1","contentUrl":"https:\/\/efb7cwj5g4q.exactdn.com\/wp-content\/uploads\/2019\/09\/DELTAM_LOGO_RVB-1-1.png?strip=all&lossy=1&ssl=1","width":688,"height":177,"caption":"Delta Microscopies"},"image":{"@id":"https:\/\/www.deltamicroscopies.com\/en\/#\/schema\/logo\/image\/"},"sameAs":["https:\/\/www.instagram.com\/emsdiasum\/","https:\/\/www.youtube.com\/channel\/UCkSsQQq74DhyLXNg_9RPorQ"]}]}},"_links":{"self":[{"href":"https:\/\/www.deltamicroscopies.com\/en\/wp-json\/wp\/v2\/product\/306804","targetHints":{"allow":["GET"]}}],"collection":[{"href":"https:\/\/www.deltamicroscopies.com\/en\/wp-json\/wp\/v2\/product"}],"about":[{"href":"https:\/\/www.deltamicroscopies.com\/en\/wp-json\/wp\/v2\/types\/product"}],"replies":[{"embeddable":true,"href":"https:\/\/www.deltamicroscopies.com\/en\/wp-json\/wp\/v2\/comments?post=306804"}],"wp:featuredmedia":[{"embeddable":true,"href":"https:\/\/www.deltamicroscopies.com\/en\/wp-json\/wp\/v2\/media\/306814"}],"wp:attachment":[{"href":"https:\/\/www.deltamicroscopies.com\/en\/wp-json\/wp\/v2\/media?parent=306804"}],"wp:term":[{"taxonomy":"product_brand","embeddable":true,"href":"https:\/\/www.deltamicroscopies.com\/en\/wp-json\/wp\/v2\/product_brand?post=306804"},{"taxonomy":"product_cat","embeddable":true,"href":"https:\/\/www.deltamicroscopies.com\/en\/wp-json\/wp\/v2\/product_cat?post=306804"},{"taxonomy":"product_tag","embeddable":true,"href":"https:\/\/www.deltamicroscopies.com\/en\/wp-json\/wp\/v2\/product_tag?post=306804"}],"curies":[{"name":"wp","href":"https:\/\/api.w.org\/{rel}","templated":true}]}}