{"id":306830,"date":"2023-06-01T13:41:21","date_gmt":"2023-06-01T12:41:21","guid":{"rendered":"https:\/\/www.deltamicroscopies.com\/?post_type=product&#038;p=306830"},"modified":"2023-06-26T15:52:44","modified_gmt":"2023-06-26T14:52:44","slug":"mitegen-pince-a-epiler-cryo-em-grid-box","status":"publish","type":"product","link":"https:\/\/www.deltamicroscopies.com\/en\/products\/mitegen-pince-a-epiler-cryo-em-grid-box\/","title":{"rendered":"EM-Tec 553.AM pince de manipulation de bo\u00eete \u00e0 grille cryo, 145 mm, acier inoxydable antimagn\u00e9tique"},"content":{"rendered":"<p>La pince \u00e0 \u00e9piler de pr\u00e9cision EM-Tec 553.AM pour la manipulation de bo\u00eetes de grilles cryog\u00e9niques est sp\u00e9cialement con\u00e7ue pour manipuler les petites\u00a0<a href=\"https:\/\/www.microtonano.com\/EM-Tec-TEM-grid-storage-boxes.php\">bo\u00eetes de grilles cryog\u00e9niques<\/a>\u00a0utilis\u00e9es pour stocker la grille TEM sous azote liquide.\u00a0Ils peuvent \u00eatre utilis\u00e9s avec la bo\u00eete \u00e0 grille cryo EM-Tec GB4 et d&#8217;autres bo\u00eetes \u00e0 grille cryo de conception similaire avec un couvercle rotatif et une vis centrale pour maintenir le couvercle.\u00a0Avec cette pince \u00e0 \u00e9piler, vous pouvez saisir la bo\u00eete de grille cryo en maintenant la t\u00eate de la vis sur le dessus.\u00a0Con\u00e7u pour les t\u00eates de vis \u00d85mm, mais peut \u00eatre utilis\u00e9 pour les tailles de t\u00eate de vis \u00d83mm \u00e0 \u00d86mm.\u00a0La longueur de ces pincettes est de 145 mm.<br \/>\nLa pince \u00e0 \u00e9piler de haute qualit\u00e9 fabriqu\u00e9e en Suisse EM-Tec 553.AM pour la manipulation de bo\u00eetes \u00e0 grilles cryog\u00e9niques pr\u00e9sente les caract\u00e9ristiques suivantes\u00a0:<\/p>\n<ul>\n<li>bords polis pour un bon contact,<\/li>\n<li>longueur suppl\u00e9mentaire pour une manipulation s\u00fbre dans LN2<\/li>\n<li>finition mate antireflet<\/li>\n<li>poign\u00e9es dentel\u00e9es pour une meilleure adh\u00e9rence<\/li>\n<li>Acier inoxydable aust\u00e9nitique \u00e0 faible teneur en carbone cryocompatible<\/li>\n<li>optimis\u00e9 pour les t\u00eates de vis \u00d85mm (utilisable de \u00d83-6mm)<\/li>\n<\/ul>\n<p>&nbsp;<\/p>\n","protected":false},"excerpt":{"rendered":"<p>Simplifiez la manipulation de la bo\u00eete de grille cryo avec ces pincettes faciles \u00e0 utiliser.\u00a0Sp\u00e9cialement con\u00e7u pour saisir la vis centrale de la bo\u00eete, plut\u00f4t que ses c\u00f4t\u00e9s.<\/p>\n<p>vendue \u00e0 l&#8217;unit\u00e9<\/p>\n","protected":false},"featured_media":306832,"comment_status":"open","ping_status":"closed","template":"","meta":{"_et_pb_use_builder":"","_et_pb_old_content":"","_et_gb_content_width":"","inline_featured_image":false},"product_brand":[],"product_cat":[1100,1101],"product_tag":[],"class_list":{"0":"post-306830","1":"product","2":"type-product","3":"status-publish","4":"has-post-thumbnail","6":"product_cat-cryo-methodes-en","7":"product_cat-cryo-storage-grids-boxes-en","9":"first","10":"instock","11":"taxable","12":"shipping-taxable","13":"purchasable","14":"product-type-simple"},"yoast_head":"<!-- This site is optimized with the Yoast SEO plugin v27.4 - https:\/\/yoast.com\/product\/yoast-seo-wordpress\/ -->\n<title>EM-Tec 553.AM pince de manipulation de bo\u00eete \u00e0 grille cryo, 145 mm, acier inoxydable antimagn\u00e9tique - Delta Microscopies<\/title>\n<meta name=\"robots\" content=\"index, follow, max-snippet:-1, max-image-preview:large, max-video-preview:-1\" \/>\n<link rel=\"canonical\" href=\"https:\/\/www.deltamicroscopies.com\/en\/products\/mitegen-pince-a-epiler-cryo-em-grid-box\/\" \/>\n<meta property=\"og:locale\" content=\"en_US\" \/>\n<meta property=\"og:type\" content=\"article\" \/>\n<meta property=\"og:title\" content=\"EM-Tec 553.AM pince de manipulation de bo\u00eete \u00e0 grille cryo, 145 mm, acier inoxydable antimagn\u00e9tique - Delta Microscopies\" \/>\n<meta property=\"og:description\" content=\"Simplifiez la manipulation de la bo\u00eete de grille cryo avec ces pincettes faciles \u00e0 utiliser.\u00a0Sp\u00e9cialement con\u00e7u pour saisir la vis centrale de la bo\u00eete, plut\u00f4t que ses c\u00f4t\u00e9s.  vendue \u00e0 l&#039;unit\u00e9\" \/>\n<meta property=\"og:url\" content=\"https:\/\/www.deltamicroscopies.com\/en\/products\/mitegen-pince-a-epiler-cryo-em-grid-box\/\" \/>\n<meta property=\"og:site_name\" content=\"Delta Microscopies\" \/>\n<meta property=\"article:modified_time\" content=\"2023-06-26T14:52:44+00:00\" \/>\n<meta property=\"og:image\" content=\"https:\/\/www.deltamicroscopies.com\/wp-content\/uploads\/2023\/06\/GridBox-Tweezers.jpg\" \/>\n\t<meta property=\"og:image:width\" content=\"600\" \/>\n\t<meta property=\"og:image:height\" content=\"600\" \/>\n\t<meta property=\"og:image:type\" content=\"image\/jpeg\" \/>\n<meta name=\"twitter:label1\" content=\"Est. reading time\" \/>\n\t<meta name=\"twitter:data1\" content=\"1 minute\" \/>\n<!-- \/ Yoast SEO plugin. -->","yoast_head_json":{"title":"EM-Tec 553.AM pince de manipulation de bo\u00eete \u00e0 grille cryo, 145 mm, acier inoxydable antimagn\u00e9tique - Delta Microscopies","robots":{"index":"index","follow":"follow","max-snippet":"max-snippet:-1","max-image-preview":"max-image-preview:large","max-video-preview":"max-video-preview:-1"},"canonical":"https:\/\/www.deltamicroscopies.com\/en\/products\/mitegen-pince-a-epiler-cryo-em-grid-box\/","og_locale":"en_US","og_type":"article","og_title":"EM-Tec 553.AM pince de manipulation de bo\u00eete \u00e0 grille cryo, 145 mm, acier inoxydable antimagn\u00e9tique - Delta Microscopies","og_description":"Simplifiez la manipulation de la bo\u00eete de grille cryo avec ces pincettes faciles \u00e0 utiliser.\u00a0Sp\u00e9cialement con\u00e7u pour saisir la vis centrale de la bo\u00eete, plut\u00f4t que ses c\u00f4t\u00e9s.  vendue \u00e0 l'unit\u00e9","og_url":"https:\/\/www.deltamicroscopies.com\/en\/products\/mitegen-pince-a-epiler-cryo-em-grid-box\/","og_site_name":"Delta Microscopies","article_modified_time":"2023-06-26T14:52:44+00:00","og_image":[{"width":600,"height":600,"url":"https:\/\/www.deltamicroscopies.com\/wp-content\/uploads\/2023\/06\/GridBox-Tweezers.jpg","type":"image\/jpeg"}],"twitter_misc":{"Est. reading time":"1 minute"},"schema":{"@context":"https:\/\/schema.org","@graph":[{"@type":"WebPage","@id":"https:\/\/www.deltamicroscopies.com\/en\/products\/mitegen-pince-a-epiler-cryo-em-grid-box\/","url":"https:\/\/www.deltamicroscopies.com\/en\/products\/mitegen-pince-a-epiler-cryo-em-grid-box\/","name":"EM-Tec 553.AM pince de manipulation de bo\u00eete \u00e0 grille cryo, 145 mm, acier inoxydable antimagn\u00e9tique - Delta Microscopies","isPartOf":{"@id":"https:\/\/www.deltamicroscopies.com\/en\/#website"},"primaryImageOfPage":{"@id":"https:\/\/www.deltamicroscopies.com\/en\/products\/mitegen-pince-a-epiler-cryo-em-grid-box\/#primaryimage"},"image":{"@id":"https:\/\/www.deltamicroscopies.com\/en\/products\/mitegen-pince-a-epiler-cryo-em-grid-box\/#primaryimage"},"thumbnailUrl":"https:\/\/efb7cwj5g4q.exactdn.com\/wp-content\/uploads\/2023\/06\/GridBox-Tweezers.jpg?strip=all","datePublished":"2023-06-01T12:41:21+00:00","dateModified":"2023-06-26T14:52:44+00:00","breadcrumb":{"@id":"https:\/\/www.deltamicroscopies.com\/en\/products\/mitegen-pince-a-epiler-cryo-em-grid-box\/#breadcrumb"},"inLanguage":"en-US","potentialAction":[{"@type":"ReadAction","target":["https:\/\/www.deltamicroscopies.com\/en\/products\/mitegen-pince-a-epiler-cryo-em-grid-box\/"]}]},{"@type":"ImageObject","inLanguage":"en-US","@id":"https:\/\/www.deltamicroscopies.com\/en\/products\/mitegen-pince-a-epiler-cryo-em-grid-box\/#primaryimage","url":"https:\/\/efb7cwj5g4q.exactdn.com\/wp-content\/uploads\/2023\/06\/GridBox-Tweezers.jpg?strip=all","contentUrl":"https:\/\/efb7cwj5g4q.exactdn.com\/wp-content\/uploads\/2023\/06\/GridBox-Tweezers.jpg?strip=all","width":600,"height":600,"caption":"GridBox-Tweezers"},{"@type":"BreadcrumbList","@id":"https:\/\/www.deltamicroscopies.com\/en\/products\/mitegen-pince-a-epiler-cryo-em-grid-box\/#breadcrumb","itemListElement":[{"@type":"ListItem","position":1,"name":"Accueil","item":"https:\/\/www.deltamicroscopies.com\/en\/home-3\/"},{"@type":"ListItem","position":2,"name":"Our products","item":"https:\/\/www.deltamicroscopies.com\/en\/shop\/"},{"@type":"ListItem","position":3,"name":"EM-Tec 553.AM pince de manipulation de bo\u00eete \u00e0 grille cryo, 145 mm, acier inoxydable antimagn\u00e9tique"}]},{"@type":"WebSite","@id":"https:\/\/www.deltamicroscopies.com\/en\/#website","url":"https:\/\/www.deltamicroscopies.com\/en\/","name":"Delta Microscopies","description":"Des microscopistes \u00e0 votre service.","publisher":{"@id":"https:\/\/www.deltamicroscopies.com\/en\/#organization"},"potentialAction":[{"@type":"SearchAction","target":{"@type":"EntryPoint","urlTemplate":"https:\/\/www.deltamicroscopies.com\/en\/?s={search_term_string}"},"query-input":{"@type":"PropertyValueSpecification","valueRequired":true,"valueName":"search_term_string"}}],"inLanguage":"en-US"},{"@type":"Organization","@id":"https:\/\/www.deltamicroscopies.com\/en\/#organization","name":"Delta Microscopies","url":"https:\/\/www.deltamicroscopies.com\/en\/","logo":{"@type":"ImageObject","inLanguage":"en-US","@id":"https:\/\/www.deltamicroscopies.com\/en\/#\/schema\/logo\/image\/","url":"https:\/\/efb7cwj5g4q.exactdn.com\/wp-content\/uploads\/2019\/09\/DELTAM_LOGO_RVB-1-1.png?strip=all&lossy=1&ssl=1","contentUrl":"https:\/\/efb7cwj5g4q.exactdn.com\/wp-content\/uploads\/2019\/09\/DELTAM_LOGO_RVB-1-1.png?strip=all&lossy=1&ssl=1","width":688,"height":177,"caption":"Delta Microscopies"},"image":{"@id":"https:\/\/www.deltamicroscopies.com\/en\/#\/schema\/logo\/image\/"},"sameAs":["https:\/\/www.instagram.com\/emsdiasum\/","https:\/\/www.youtube.com\/channel\/UCkSsQQq74DhyLXNg_9RPorQ"]}]}},"_links":{"self":[{"href":"https:\/\/www.deltamicroscopies.com\/en\/wp-json\/wp\/v2\/product\/306830","targetHints":{"allow":["GET"]}}],"collection":[{"href":"https:\/\/www.deltamicroscopies.com\/en\/wp-json\/wp\/v2\/product"}],"about":[{"href":"https:\/\/www.deltamicroscopies.com\/en\/wp-json\/wp\/v2\/types\/product"}],"replies":[{"embeddable":true,"href":"https:\/\/www.deltamicroscopies.com\/en\/wp-json\/wp\/v2\/comments?post=306830"}],"wp:featuredmedia":[{"embeddable":true,"href":"https:\/\/www.deltamicroscopies.com\/en\/wp-json\/wp\/v2\/media\/306832"}],"wp:attachment":[{"href":"https:\/\/www.deltamicroscopies.com\/en\/wp-json\/wp\/v2\/media?parent=306830"}],"wp:term":[{"taxonomy":"product_brand","embeddable":true,"href":"https:\/\/www.deltamicroscopies.com\/en\/wp-json\/wp\/v2\/product_brand?post=306830"},{"taxonomy":"product_cat","embeddable":true,"href":"https:\/\/www.deltamicroscopies.com\/en\/wp-json\/wp\/v2\/product_cat?post=306830"},{"taxonomy":"product_tag","embeddable":true,"href":"https:\/\/www.deltamicroscopies.com\/en\/wp-json\/wp\/v2\/product_tag?post=306830"}],"curies":[{"name":"wp","href":"https:\/\/api.w.org\/{rel}","templated":true}]}}