{"id":306878,"date":"2023-06-01T14:55:15","date_gmt":"2023-06-01T13:55:15","guid":{"rendered":"https:\/\/www.deltamicroscopies.com\/?post_type=product&#038;p=306878"},"modified":"2023-06-01T14:58:35","modified_gmt":"2023-06-01T13:58:35","slug":"refrigerateur-a-azote-liquide-haute-capacite-hc35-35-litres-mitegen","status":"publish","type":"product","link":"https:\/\/www.deltamicroscopies.com\/en\/products\/refrigerateur-a-azote-liquide-haute-capacite-hc35-35-litres-mitegen\/","title":{"rendered":"R\u00e9frig\u00e9rateur \u00e0 azote liquide haute capacit\u00e9 HC35 35 litres MITEGEN"},"content":{"rendered":"<p><strong>Sp\u00e9cifications HC35<\/strong><\/p>\n<ul>\n<li><span><span>Jours de d\u00e9tention statique\u00a0: 130<\/span><\/span><\/li>\n<li><span><span>Jours de temps de travail\u00a0: 81<\/span><\/span><\/li>\n<li><span><span>Taux d&#8217;\u00e9vaporation : 0,27 litre par jour<\/span><\/span><\/li>\n<li><span><span>Capacit\u00e9 d&#8217;azote liquide : 35 litres<\/span><\/span><\/li>\n<li><span><span>Poids \u00e0 vide\u00a0: 39,0\u00a0lb.\u00a0<\/span><span>\/ 17,7 kg<\/span><\/span><\/li>\n<li><span><span>Poids complet\u00a0: 101,3\u00a0lb.\u00a0<\/span><span>\/ 46,0 kg<\/span><\/span><\/li>\n<li><span><span>Diam\u00e8tre du manche : 4,7&#8243; \/ 119 mm<\/span><\/span><\/li>\n<li><span><span>Hauteur totale : 26,8&#8243; \/ 681 mm<\/span><\/span><\/li>\n<li><span><span>Diam\u00e8tre total : 18,8&#8243; \/ 478 mm<\/span><\/span><\/li>\n<li><span><span>Nombre de bidons\u00a0: 10 inclus<\/span><\/span><\/li>\n<li><span><span>Dimensions de la cartouche : 2,64&#8243; x 11&#8243; \/ 67 x 279 mm<\/span><\/span><\/li>\n<li><span><span>Mat\u00e9riau de la cartouche\u00a0: acier inoxydable de faible \u00e9paisseur<\/span><\/span><\/li>\n<li><strong><span><span>Exemples de capacit\u00e9s\u00a0:<\/span><\/span><\/strong>\n<ul>\n<li><span><span>Nombre de flacons de 1,2\u00a0ml et 2,0\u00a0ml (5\/canne)\u00a0: 850 &#8211; Non inclus<\/span><\/span><\/li>\n<li><span><span>Nombre de flacons de 1,2\u00a0ml et 2,0\u00a0ml (6\/canne)\u00a0: 1\u00a0020 &#8211; Non inclus<\/span><\/span><\/li>\n<li><span><span>Nombre de Pailles 1\/2 cc (10\/canne) : 2 800 &#8211; Non inclus<\/span><\/span><\/li>\n<li><span><span>Nombre de pailles 1\/2 cc &#8211; Vrac (1 niveau) : N\/A<\/span><\/span><\/li>\n<li><span><span>Nombre de Pailles 1\/2 cc &#8211; Vrac (2 niveaux) : 9 800 &#8211; Non inclus<\/span><\/span><\/li>\n<li><span><span>Peut contenir 10\u00a0<\/span><\/span><a href=\"https:\/\/www.mitegen.com\/product\/shelved-storage-cane-for-mitegen-2nd-generation-cryo-em-pucks-hc35-compatible\/\"><span><span>cannes de stockage de rondelles MiTeGen<\/span><\/span><\/a><span><span>\u00a0&#8211; Vendues s\u00e9par\u00e9ment<\/span><\/span><\/li>\n<\/ul>\n<\/li>\n<li><span><span>ICBiomedical a achet\u00e9 la gamme d&#8217;\u00e9quipements cryog\u00e9niques de Worthington Industries.<\/span><\/span><\/li>\n<li><span><span>ICBiom\u00e9dical UGS : 367145<\/span><\/span><\/li>\n<li><span><span>UGS MiTeGen : TW-HC35<\/span><\/span><\/li>\n<li><span><span>Worthington Industries UGS : 367145<\/span><\/span><\/li>\n<li><span><span>R\u00e9f\u00e9rence Taylor Wharton : 35HCB-11M<\/span><\/span><\/li>\n<\/ul>\n<p><strong>Caract\u00e9ristiques HC35<\/strong><\/p>\n<ul>\n<li><span><span>Grande capacit\u00e9 de stockage<\/span><\/span><\/li>\n<li><span><span>Nouvelle construction robuste comprenant un corps en aluminium nervur\u00e9 \u00e0 haute r\u00e9sistance, une conception de tube de cou agrandie et une peinture plus durable<\/span><\/span><\/li>\n<li><span><span>Anneau d&#8217;emplacement d&#8217;index num\u00e9rot\u00e9 pratique et croisillon interne conique<\/span><\/span><\/li>\n<li><span><span>Des performances de vide sup\u00e9rieures avec une super isolation offrent des temps de maintien maximaux<\/span><\/span><\/li>\n<li><span><span>S\u00e9curit\u00e9 &#8211; une alarme de bas niveau en option est disponible avec un moniteur \u00e0 distance et un couvercle verrouillable<\/span><\/span><\/li>\n<li><span><span>Mobilit\u00e9 &#8211; base \u00e0 roulettes disponible<\/span><\/span><\/li>\n<li>\n<div><span><span>Garantie : 3 ans sous vide<\/span><\/span><\/div>\n<\/li>\n<\/ul>\n<p><a href=\"https:\/\/youtu.be\/RUrTQELjS1c\">https:\/\/youtu.be\/RUrTQELjS1c<\/a><\/p>\n<p>&nbsp;<\/p>\n","protected":false},"excerpt":{"rendered":"<p>Le cong\u00e9lateur d&#8217;azote liquide HC35 est con\u00e7u pour stocker des quantit\u00e9s d&#8217;une vari\u00e9t\u00e9 de mat\u00e9riaux \u00e0 des temp\u00e9ratures cryog\u00e9niques.\u00a0Fournit des temp\u00e9ratures de -196 \u00baC \u00e0 la surface du liquide et de -190 \u00baC au sommet de la cartouche.<\/p>\n","protected":false},"featured_media":306880,"comment_status":"open","ping_status":"closed","template":"","meta":{"_et_pb_use_builder":"","_et_pb_old_content":"","_et_gb_content_width":"","inline_featured_image":false},"product_brand":[1918],"product_cat":[1100,1101],"product_tag":[],"class_list":{"0":"post-306878","1":"product","2":"type-product","3":"status-publish","4":"has-post-thumbnail","6":"product_brand-mitegen","7":"product_cat-cryo-methodes-en","8":"product_cat-cryo-storage-grids-boxes-en","10":"first","11":"instock","12":"taxable","13":"shipping-taxable","14":"purchasable","15":"product-type-simple"},"yoast_head":"<!-- This site is optimized with the Yoast SEO plugin v27.4 - https:\/\/yoast.com\/product\/yoast-seo-wordpress\/ -->\n<title>R\u00e9frig\u00e9rateur \u00e0 azote liquide haute capacit\u00e9 HC35 35 litres MITEGEN - Delta Microscopies<\/title>\n<meta name=\"robots\" content=\"index, follow, max-snippet:-1, max-image-preview:large, max-video-preview:-1\" \/>\n<link rel=\"canonical\" href=\"https:\/\/www.deltamicroscopies.com\/en\/products\/refrigerateur-a-azote-liquide-haute-capacite-hc35-35-litres-mitegen\/\" \/>\n<meta property=\"og:locale\" content=\"en_US\" \/>\n<meta property=\"og:type\" content=\"article\" \/>\n<meta property=\"og:title\" content=\"R\u00e9frig\u00e9rateur \u00e0 azote liquide haute capacit\u00e9 HC35 35 litres MITEGEN - Delta Microscopies\" \/>\n<meta property=\"og:description\" content=\"Le cong\u00e9lateur d&#039;azote liquide HC35 est con\u00e7u pour stocker des quantit\u00e9s d&#039;une vari\u00e9t\u00e9 de mat\u00e9riaux \u00e0 des temp\u00e9ratures cryog\u00e9niques.\u00a0Fournit des temp\u00e9ratures de -196 \u00baC \u00e0 la surface du liquide et de -190 \u00baC au sommet de la cartouche.\" \/>\n<meta property=\"og:url\" content=\"https:\/\/www.deltamicroscopies.com\/en\/products\/refrigerateur-a-azote-liquide-haute-capacite-hc35-35-litres-mitegen\/\" \/>\n<meta property=\"og:site_name\" content=\"Delta Microscopies\" \/>\n<meta property=\"article:modified_time\" content=\"2023-06-01T13:58:35+00:00\" \/>\n<meta property=\"og:image\" content=\"https:\/\/www.deltamicroscopies.com\/wp-content\/uploads\/2023\/06\/hc35-highcapacity-liquid-nitrogen-refrigerator-600x600-1.jpg\" \/>\n\t<meta property=\"og:image:width\" content=\"600\" \/>\n\t<meta property=\"og:image:height\" content=\"600\" \/>\n\t<meta property=\"og:image:type\" content=\"image\/jpeg\" \/>\n<meta name=\"twitter:label1\" content=\"Est. reading time\" \/>\n\t<meta name=\"twitter:data1\" content=\"1 minute\" \/>\n<!-- \/ Yoast SEO plugin. -->","yoast_head_json":{"title":"R\u00e9frig\u00e9rateur \u00e0 azote liquide haute capacit\u00e9 HC35 35 litres MITEGEN - Delta Microscopies","robots":{"index":"index","follow":"follow","max-snippet":"max-snippet:-1","max-image-preview":"max-image-preview:large","max-video-preview":"max-video-preview:-1"},"canonical":"https:\/\/www.deltamicroscopies.com\/en\/products\/refrigerateur-a-azote-liquide-haute-capacite-hc35-35-litres-mitegen\/","og_locale":"en_US","og_type":"article","og_title":"R\u00e9frig\u00e9rateur \u00e0 azote liquide haute capacit\u00e9 HC35 35 litres MITEGEN - Delta Microscopies","og_description":"Le cong\u00e9lateur d'azote liquide HC35 est con\u00e7u pour stocker des quantit\u00e9s d'une vari\u00e9t\u00e9 de mat\u00e9riaux \u00e0 des temp\u00e9ratures cryog\u00e9niques.\u00a0Fournit des temp\u00e9ratures de -196 \u00baC \u00e0 la surface du liquide et de -190 \u00baC au sommet de la cartouche.","og_url":"https:\/\/www.deltamicroscopies.com\/en\/products\/refrigerateur-a-azote-liquide-haute-capacite-hc35-35-litres-mitegen\/","og_site_name":"Delta Microscopies","article_modified_time":"2023-06-01T13:58:35+00:00","og_image":[{"width":600,"height":600,"url":"https:\/\/www.deltamicroscopies.com\/wp-content\/uploads\/2023\/06\/hc35-highcapacity-liquid-nitrogen-refrigerator-600x600-1.jpg","type":"image\/jpeg"}],"twitter_misc":{"Est. reading time":"1 minute"},"schema":{"@context":"https:\/\/schema.org","@graph":[{"@type":"WebPage","@id":"https:\/\/www.deltamicroscopies.com\/en\/products\/refrigerateur-a-azote-liquide-haute-capacite-hc35-35-litres-mitegen\/","url":"https:\/\/www.deltamicroscopies.com\/en\/products\/refrigerateur-a-azote-liquide-haute-capacite-hc35-35-litres-mitegen\/","name":"R\u00e9frig\u00e9rateur \u00e0 azote liquide haute capacit\u00e9 HC35 35 litres MITEGEN - Delta Microscopies","isPartOf":{"@id":"https:\/\/www.deltamicroscopies.com\/en\/#website"},"primaryImageOfPage":{"@id":"https:\/\/www.deltamicroscopies.com\/en\/products\/refrigerateur-a-azote-liquide-haute-capacite-hc35-35-litres-mitegen\/#primaryimage"},"image":{"@id":"https:\/\/www.deltamicroscopies.com\/en\/products\/refrigerateur-a-azote-liquide-haute-capacite-hc35-35-litres-mitegen\/#primaryimage"},"thumbnailUrl":"https:\/\/efb7cwj5g4q.exactdn.com\/wp-content\/uploads\/2023\/06\/hc35-highcapacity-liquid-nitrogen-refrigerator-600x600-1.jpg?strip=all","datePublished":"2023-06-01T13:55:15+00:00","dateModified":"2023-06-01T13:58:35+00:00","breadcrumb":{"@id":"https:\/\/www.deltamicroscopies.com\/en\/products\/refrigerateur-a-azote-liquide-haute-capacite-hc35-35-litres-mitegen\/#breadcrumb"},"inLanguage":"en-US","potentialAction":[{"@type":"ReadAction","target":["https:\/\/www.deltamicroscopies.com\/en\/products\/refrigerateur-a-azote-liquide-haute-capacite-hc35-35-litres-mitegen\/"]}]},{"@type":"ImageObject","inLanguage":"en-US","@id":"https:\/\/www.deltamicroscopies.com\/en\/products\/refrigerateur-a-azote-liquide-haute-capacite-hc35-35-litres-mitegen\/#primaryimage","url":"https:\/\/efb7cwj5g4q.exactdn.com\/wp-content\/uploads\/2023\/06\/hc35-highcapacity-liquid-nitrogen-refrigerator-600x600-1.jpg?strip=all","contentUrl":"https:\/\/efb7cwj5g4q.exactdn.com\/wp-content\/uploads\/2023\/06\/hc35-highcapacity-liquid-nitrogen-refrigerator-600x600-1.jpg?strip=all","width":600,"height":600,"caption":"hc35"},{"@type":"BreadcrumbList","@id":"https:\/\/www.deltamicroscopies.com\/en\/products\/refrigerateur-a-azote-liquide-haute-capacite-hc35-35-litres-mitegen\/#breadcrumb","itemListElement":[{"@type":"ListItem","position":1,"name":"Accueil","item":"https:\/\/www.deltamicroscopies.com\/en\/home-3\/"},{"@type":"ListItem","position":2,"name":"Our products","item":"https:\/\/www.deltamicroscopies.com\/en\/shop\/"},{"@type":"ListItem","position":3,"name":"R\u00e9frig\u00e9rateur \u00e0 azote liquide haute capacit\u00e9 HC35 35 litres MITEGEN"}]},{"@type":"WebSite","@id":"https:\/\/www.deltamicroscopies.com\/en\/#website","url":"https:\/\/www.deltamicroscopies.com\/en\/","name":"Delta Microscopies","description":"Des microscopistes \u00e0 votre service.","publisher":{"@id":"https:\/\/www.deltamicroscopies.com\/en\/#organization"},"potentialAction":[{"@type":"SearchAction","target":{"@type":"EntryPoint","urlTemplate":"https:\/\/www.deltamicroscopies.com\/en\/?s={search_term_string}"},"query-input":{"@type":"PropertyValueSpecification","valueRequired":true,"valueName":"search_term_string"}}],"inLanguage":"en-US"},{"@type":"Organization","@id":"https:\/\/www.deltamicroscopies.com\/en\/#organization","name":"Delta Microscopies","url":"https:\/\/www.deltamicroscopies.com\/en\/","logo":{"@type":"ImageObject","inLanguage":"en-US","@id":"https:\/\/www.deltamicroscopies.com\/en\/#\/schema\/logo\/image\/","url":"https:\/\/efb7cwj5g4q.exactdn.com\/wp-content\/uploads\/2019\/09\/DELTAM_LOGO_RVB-1-1.png?strip=all&lossy=1&ssl=1","contentUrl":"https:\/\/efb7cwj5g4q.exactdn.com\/wp-content\/uploads\/2019\/09\/DELTAM_LOGO_RVB-1-1.png?strip=all&lossy=1&ssl=1","width":688,"height":177,"caption":"Delta Microscopies"},"image":{"@id":"https:\/\/www.deltamicroscopies.com\/en\/#\/schema\/logo\/image\/"},"sameAs":["https:\/\/www.instagram.com\/emsdiasum\/","https:\/\/www.youtube.com\/channel\/UCkSsQQq74DhyLXNg_9RPorQ"]}]}},"_links":{"self":[{"href":"https:\/\/www.deltamicroscopies.com\/en\/wp-json\/wp\/v2\/product\/306878","targetHints":{"allow":["GET"]}}],"collection":[{"href":"https:\/\/www.deltamicroscopies.com\/en\/wp-json\/wp\/v2\/product"}],"about":[{"href":"https:\/\/www.deltamicroscopies.com\/en\/wp-json\/wp\/v2\/types\/product"}],"replies":[{"embeddable":true,"href":"https:\/\/www.deltamicroscopies.com\/en\/wp-json\/wp\/v2\/comments?post=306878"}],"wp:featuredmedia":[{"embeddable":true,"href":"https:\/\/www.deltamicroscopies.com\/en\/wp-json\/wp\/v2\/media\/306880"}],"wp:attachment":[{"href":"https:\/\/www.deltamicroscopies.com\/en\/wp-json\/wp\/v2\/media?parent=306878"}],"wp:term":[{"taxonomy":"product_brand","embeddable":true,"href":"https:\/\/www.deltamicroscopies.com\/en\/wp-json\/wp\/v2\/product_brand?post=306878"},{"taxonomy":"product_cat","embeddable":true,"href":"https:\/\/www.deltamicroscopies.com\/en\/wp-json\/wp\/v2\/product_cat?post=306878"},{"taxonomy":"product_tag","embeddable":true,"href":"https:\/\/www.deltamicroscopies.com\/en\/wp-json\/wp\/v2\/product_tag?post=306878"}],"curies":[{"name":"wp","href":"https:\/\/api.w.org\/{rel}","templated":true}]}}