{"id":306886,"date":"2023-06-01T15:09:53","date_gmt":"2023-06-01T14:09:53","guid":{"rendered":"https:\/\/www.deltamicroscopies.com\/?post_type=product&#038;p=306886"},"modified":"2023-06-01T15:13:42","modified_gmt":"2023-06-01T14:13:42","slug":"base-a-rouleaux-pour-hc34-hc35-et-vhc35-mitegen","status":"publish","type":"product","link":"https:\/\/www.deltamicroscopies.com\/en\/products\/base-a-rouleaux-pour-hc34-hc35-et-vhc35-mitegen\/","title":{"rendered":"Base \u00e0 rouleaux pour HC34, HC35 et VHC35 MITEGEN"},"content":{"rendered":"<p><strong>Sp\u00e9cifications VHC35<\/strong><\/p>\n<ul>\n<li>Jours de d\u00e9tention statique\u00a0: 130<\/li>\n<li>Jours de temps de travail\u00a0: 81<\/li>\n<li>Taux d&#8217;\u00e9vaporation<\/li>\n<li>Capacit\u00e9 d&#8217;azote liquide : 35 litres<\/li>\n<li>Poids \u00e0 vide\u00a0: 37,9\u00a0lb.\u00a0\/ 17,2 kg<\/li>\n<li>Poids complet\u00a0: 100,2\u00a0lb.\u00a0\/ 45,5 kg<\/li>\n<li>Diam\u00e8tre du manche : 4,7&#8243; \/ 119 mm<\/li>\n<li>Hauteur totale : 26,8&#8243; \/ 681 mm<\/li>\n<li>Diam\u00e8tre total : 18,8&#8243; \/ 478 mm<\/li>\n<li>Nombre de bidons\u00a0: 6 inclus<\/li>\n<li>Mat\u00e9riau de la cartouche\u00a0: acier inoxydable de faible \u00e9paisseur<\/li>\n<li>Dimensions de la cartouche : 3,7&#8243; x 11&#8243; \/ 94 x 279 mm<\/li>\n<li><strong>Exemples de capacit\u00e9s\u00a0:<\/strong>\n<ul>\n<li>Nombre de flacons de 1,2\u00a0ml et 2,0\u00a0ml (5\/canne)\u00a0: 1\u00a0050 &#8211; Non inclus<\/li>\n<li>Nombre de flacons de 1,2\u00a0ml et 2,0\u00a0ml (6\/canne)\u00a0: 1\u00a0260 &#8211; Non inclus<\/li>\n<li>Nombre de Pailles 1\/2 cc (10\/canne) : 3 000 &#8211; Non inclus<\/li>\n<li>Nombre de pailles 1\/2 cc &#8211; Vrac (1 niveau) : N\/A<\/li>\n<li>Nombre de Pailles 1\/2 cc &#8211; Vrac (2 niveaux) : 9 900 &#8211; Non inclus<\/li>\n<li>Peut contenir 6\u00a0<a href=\"https:\/\/www.mitegen.com\/product\/shelved-storage-cane-for-mitegen-2nd-generation-cryo-em-pucks-hc34-and-vhc35-compatible\/\">cannes de stockage de rondelles MiTeGen<\/a>\u00a0&#8211; Vendues s\u00e9par\u00e9ment<\/li>\n<\/ul>\n<\/li>\n<li>ICBiomedical a achet\u00e9 la gamme d&#8217;\u00e9quipements cryog\u00e9niques de Worthington Industries.<\/li>\n<li>ICBiom\u00e9dical UGS : 367148<\/li>\n<li>UGS MiTeGen : TW-VHC35<\/li>\n<li>Worthington Industries UGS : 367148<\/li>\n<li>R\u00e9f\u00e9rence Taylor Wharton : 35VHCB-11M<\/li>\n<\/ul>\n<p><strong>Caract\u00e9ristiques VHC35<\/strong><\/p>\n<ul>\n<li>Grande capacit\u00e9 de stockage<\/li>\n<li>Nouvelle construction robuste comprenant un corps en aluminium nervur\u00e9 \u00e0 haute r\u00e9sistance, une conception de tube de cou agrandie et une peinture plus durable<\/li>\n<li>Anneau d&#8217;emplacement d&#8217;index num\u00e9rot\u00e9 pratique et croisillon interne conique<\/li>\n<li>Des performances de vide sup\u00e9rieures avec une super isolation offrent des temps de maintien maximaux<\/li>\n<li>S\u00e9curit\u00e9 &#8211; une alarme de bas niveau en option est disponible avec un moniteur \u00e0 distance et un couvercle verrouillable<\/li>\n<li>Mobilit\u00e9 &#8211; base \u00e0 roulettes disponible<\/li>\n<li>\n<div>Garantie : 3 ans sous vide<\/div>\n<\/li>\n<\/ul>\n<p><a href=\"https:\/\/youtu.be\/RUrTQELjS1c\">https:\/\/youtu.be\/RUrTQELjS1c<\/a><\/p>\n<p>&nbsp;<\/p>\n","protected":false},"excerpt":{"rendered":"<p><span>Base \u00e0 rouleaux pour les dewars et r\u00e9frig\u00e9rateurs cryog\u00e9niques\u00a0 HC34, HC35, VHC35. <\/span><span>La base \u00e0 roulettes robuste \u00e0 cinq roulettes permet de d\u00e9placer facilement et en toute s\u00e9curit\u00e9 les dewars et les r\u00e9frig\u00e9rateurs<\/span><\/p>\n","protected":false},"featured_media":306888,"comment_status":"open","ping_status":"closed","template":"","meta":{"_et_pb_use_builder":"","_et_pb_old_content":"","_et_gb_content_width":"","inline_featured_image":false},"product_brand":[1918],"product_cat":[1100,1101],"product_tag":[],"class_list":{"0":"post-306886","1":"product","2":"type-product","3":"status-publish","4":"has-post-thumbnail","6":"product_brand-mitegen","7":"product_cat-cryo-methodes-en","8":"product_cat-cryo-storage-grids-boxes-en","10":"first","11":"instock","12":"taxable","13":"shipping-taxable","14":"purchasable","15":"product-type-simple"},"yoast_head":"<!-- This site is optimized with the Yoast SEO plugin v27.4 - https:\/\/yoast.com\/product\/yoast-seo-wordpress\/ -->\n<title>Base \u00e0 rouleaux pour HC34, HC35 et VHC35 MITEGEN - Delta Microscopies<\/title>\n<meta name=\"robots\" content=\"index, follow, max-snippet:-1, max-image-preview:large, max-video-preview:-1\" \/>\n<link rel=\"canonical\" href=\"https:\/\/www.deltamicroscopies.com\/en\/products\/base-a-rouleaux-pour-hc34-hc35-et-vhc35-mitegen\/\" \/>\n<meta property=\"og:locale\" content=\"en_US\" \/>\n<meta property=\"og:type\" content=\"article\" \/>\n<meta property=\"og:title\" content=\"Base \u00e0 rouleaux pour HC34, HC35 et VHC35 MITEGEN - Delta Microscopies\" \/>\n<meta property=\"og:description\" content=\"Base \u00e0 rouleaux pour les dewars et r\u00e9frig\u00e9rateurs cryog\u00e9niques\u00a0 HC34, HC35, VHC35. La base \u00e0 roulettes robuste \u00e0 cinq roulettes permet de d\u00e9placer facilement et en toute s\u00e9curit\u00e9 les dewars et les r\u00e9frig\u00e9rateurs\" \/>\n<meta property=\"og:url\" content=\"https:\/\/www.deltamicroscopies.com\/en\/products\/base-a-rouleaux-pour-hc34-hc35-et-vhc35-mitegen\/\" \/>\n<meta property=\"og:site_name\" content=\"Delta Microscopies\" \/>\n<meta property=\"article:modified_time\" content=\"2023-06-01T14:13:42+00:00\" \/>\n<meta property=\"og:image\" content=\"https:\/\/www.deltamicroscopies.com\/wp-content\/uploads\/2023\/06\/worthington-roller-base-xt34-hc35-vhc35-hc38-wd38-vhc38-ld35-ld50-ls750.png\" \/>\n\t<meta property=\"og:image:width\" content=\"600\" \/>\n\t<meta property=\"og:image:height\" content=\"481\" \/>\n\t<meta property=\"og:image:type\" content=\"image\/png\" \/>\n<meta name=\"twitter:label1\" content=\"Est. reading time\" \/>\n\t<meta name=\"twitter:data1\" content=\"2 minutes\" \/>\n<!-- \/ Yoast SEO plugin. -->","yoast_head_json":{"title":"Base \u00e0 rouleaux pour HC34, HC35 et VHC35 MITEGEN - Delta Microscopies","robots":{"index":"index","follow":"follow","max-snippet":"max-snippet:-1","max-image-preview":"max-image-preview:large","max-video-preview":"max-video-preview:-1"},"canonical":"https:\/\/www.deltamicroscopies.com\/en\/products\/base-a-rouleaux-pour-hc34-hc35-et-vhc35-mitegen\/","og_locale":"en_US","og_type":"article","og_title":"Base \u00e0 rouleaux pour HC34, HC35 et VHC35 MITEGEN - Delta Microscopies","og_description":"Base \u00e0 rouleaux pour les dewars et r\u00e9frig\u00e9rateurs cryog\u00e9niques\u00a0 HC34, HC35, VHC35. La base \u00e0 roulettes robuste \u00e0 cinq roulettes permet de d\u00e9placer facilement et en toute s\u00e9curit\u00e9 les dewars et les r\u00e9frig\u00e9rateurs","og_url":"https:\/\/www.deltamicroscopies.com\/en\/products\/base-a-rouleaux-pour-hc34-hc35-et-vhc35-mitegen\/","og_site_name":"Delta Microscopies","article_modified_time":"2023-06-01T14:13:42+00:00","og_image":[{"width":600,"height":481,"url":"https:\/\/www.deltamicroscopies.com\/wp-content\/uploads\/2023\/06\/worthington-roller-base-xt34-hc35-vhc35-hc38-wd38-vhc38-ld35-ld50-ls750.png","type":"image\/png"}],"twitter_misc":{"Est. reading time":"2 minutes"},"schema":{"@context":"https:\/\/schema.org","@graph":[{"@type":"WebPage","@id":"https:\/\/www.deltamicroscopies.com\/en\/products\/base-a-rouleaux-pour-hc34-hc35-et-vhc35-mitegen\/","url":"https:\/\/www.deltamicroscopies.com\/en\/products\/base-a-rouleaux-pour-hc34-hc35-et-vhc35-mitegen\/","name":"Base \u00e0 rouleaux pour HC34, HC35 et VHC35 MITEGEN - Delta Microscopies","isPartOf":{"@id":"https:\/\/www.deltamicroscopies.com\/en\/#website"},"primaryImageOfPage":{"@id":"https:\/\/www.deltamicroscopies.com\/en\/products\/base-a-rouleaux-pour-hc34-hc35-et-vhc35-mitegen\/#primaryimage"},"image":{"@id":"https:\/\/www.deltamicroscopies.com\/en\/products\/base-a-rouleaux-pour-hc34-hc35-et-vhc35-mitegen\/#primaryimage"},"thumbnailUrl":"https:\/\/efb7cwj5g4q.exactdn.com\/wp-content\/uploads\/2023\/06\/worthington-roller-base-xt34-hc35-vhc35-hc38-wd38-vhc38-ld35-ld50-ls750.png?strip=all","datePublished":"2023-06-01T14:09:53+00:00","dateModified":"2023-06-01T14:13:42+00:00","breadcrumb":{"@id":"https:\/\/www.deltamicroscopies.com\/en\/products\/base-a-rouleaux-pour-hc34-hc35-et-vhc35-mitegen\/#breadcrumb"},"inLanguage":"en-US","potentialAction":[{"@type":"ReadAction","target":["https:\/\/www.deltamicroscopies.com\/en\/products\/base-a-rouleaux-pour-hc34-hc35-et-vhc35-mitegen\/"]}]},{"@type":"ImageObject","inLanguage":"en-US","@id":"https:\/\/www.deltamicroscopies.com\/en\/products\/base-a-rouleaux-pour-hc34-hc35-et-vhc35-mitegen\/#primaryimage","url":"https:\/\/efb7cwj5g4q.exactdn.com\/wp-content\/uploads\/2023\/06\/worthington-roller-base-xt34-hc35-vhc35-hc38-wd38-vhc38-ld35-ld50-ls750.png?strip=all","contentUrl":"https:\/\/efb7cwj5g4q.exactdn.com\/wp-content\/uploads\/2023\/06\/worthington-roller-base-xt34-hc35-vhc35-hc38-wd38-vhc38-ld35-ld50-ls750.png?strip=all","width":600,"height":481},{"@type":"BreadcrumbList","@id":"https:\/\/www.deltamicroscopies.com\/en\/products\/base-a-rouleaux-pour-hc34-hc35-et-vhc35-mitegen\/#breadcrumb","itemListElement":[{"@type":"ListItem","position":1,"name":"Accueil","item":"https:\/\/www.deltamicroscopies.com\/en\/home-3\/"},{"@type":"ListItem","position":2,"name":"Our products","item":"https:\/\/www.deltamicroscopies.com\/en\/shop\/"},{"@type":"ListItem","position":3,"name":"Base \u00e0 rouleaux pour HC34, HC35 et VHC35 MITEGEN"}]},{"@type":"WebSite","@id":"https:\/\/www.deltamicroscopies.com\/en\/#website","url":"https:\/\/www.deltamicroscopies.com\/en\/","name":"Delta Microscopies","description":"Des microscopistes \u00e0 votre service.","publisher":{"@id":"https:\/\/www.deltamicroscopies.com\/en\/#organization"},"potentialAction":[{"@type":"SearchAction","target":{"@type":"EntryPoint","urlTemplate":"https:\/\/www.deltamicroscopies.com\/en\/?s={search_term_string}"},"query-input":{"@type":"PropertyValueSpecification","valueRequired":true,"valueName":"search_term_string"}}],"inLanguage":"en-US"},{"@type":"Organization","@id":"https:\/\/www.deltamicroscopies.com\/en\/#organization","name":"Delta Microscopies","url":"https:\/\/www.deltamicroscopies.com\/en\/","logo":{"@type":"ImageObject","inLanguage":"en-US","@id":"https:\/\/www.deltamicroscopies.com\/en\/#\/schema\/logo\/image\/","url":"https:\/\/efb7cwj5g4q.exactdn.com\/wp-content\/uploads\/2019\/09\/DELTAM_LOGO_RVB-1-1.png?strip=all&lossy=1&ssl=1","contentUrl":"https:\/\/efb7cwj5g4q.exactdn.com\/wp-content\/uploads\/2019\/09\/DELTAM_LOGO_RVB-1-1.png?strip=all&lossy=1&ssl=1","width":688,"height":177,"caption":"Delta Microscopies"},"image":{"@id":"https:\/\/www.deltamicroscopies.com\/en\/#\/schema\/logo\/image\/"},"sameAs":["https:\/\/www.instagram.com\/emsdiasum\/","https:\/\/www.youtube.com\/channel\/UCkSsQQq74DhyLXNg_9RPorQ"]}]}},"_links":{"self":[{"href":"https:\/\/www.deltamicroscopies.com\/en\/wp-json\/wp\/v2\/product\/306886","targetHints":{"allow":["GET"]}}],"collection":[{"href":"https:\/\/www.deltamicroscopies.com\/en\/wp-json\/wp\/v2\/product"}],"about":[{"href":"https:\/\/www.deltamicroscopies.com\/en\/wp-json\/wp\/v2\/types\/product"}],"replies":[{"embeddable":true,"href":"https:\/\/www.deltamicroscopies.com\/en\/wp-json\/wp\/v2\/comments?post=306886"}],"wp:featuredmedia":[{"embeddable":true,"href":"https:\/\/www.deltamicroscopies.com\/en\/wp-json\/wp\/v2\/media\/306888"}],"wp:attachment":[{"href":"https:\/\/www.deltamicroscopies.com\/en\/wp-json\/wp\/v2\/media?parent=306886"}],"wp:term":[{"taxonomy":"product_brand","embeddable":true,"href":"https:\/\/www.deltamicroscopies.com\/en\/wp-json\/wp\/v2\/product_brand?post=306886"},{"taxonomy":"product_cat","embeddable":true,"href":"https:\/\/www.deltamicroscopies.com\/en\/wp-json\/wp\/v2\/product_cat?post=306886"},{"taxonomy":"product_tag","embeddable":true,"href":"https:\/\/www.deltamicroscopies.com\/en\/wp-json\/wp\/v2\/product_tag?post=306886"}],"curies":[{"name":"wp","href":"https:\/\/api.w.org\/{rel}","templated":true}]}}